
{"id":17461,"date":"2022-03-11T10:43:18","date_gmt":"2022-03-11T03:43:18","guid":{"rendered":"https:\/\/dalatreview.vn\/?p=17461"},"modified":"2024-05-21T02:42:48","modified_gmt":"2024-05-21T02:42:48","slug":"combo-villa-da-lat-resort-rung-la-kim","status":"publish","type":"product","link":"https:\/\/dalatreview.vn\/en\/combo-villa-da-lat-resort-rung-la-kim.html","title":{"rendered":"Combo Villa \u0110\u00e0 L\u1ea1t Resort R\u1eebng L\u00e1 Kim"},"content":{"rendered":"<p style=\"text-align: center;\"><span style=\"color: #008000;\"><strong><span style=\"font-size: 24px;\">Combo Villa \u0110\u00e0 L\u1ea1t Resort R\u1eebng L\u00e1 Kim<\/span><\/strong><\/span><\/p>\n<nav class=\"vietrick-auto-toc\">\n<div class=\"box-title\">\n<h3 class=\"toc-title\" id=\"select-menu\">Danh m\u1ee5c ch\u00ednh<\/h3>\n<div><ion-icon name=\"chevron-up-outline\"><\/ion-icon><\/div>\n<\/div>\n<ul class=\"toc-list\">\n<li><a href='https:\/\/dalatreview.vn\/en#1-vi-tri' class='heading-h2 toc-link smooth-scroll'>1. V\u1ecb tr\u00ed<\/a>\n<li><a href='https:\/\/dalatreview.vn\/en#2-decor' class='heading-h2 toc-link smooth-scroll'>2. Decor<\/a>\n<li><a href='https:\/\/dalatreview.vn\/en#3-dich-vu-tien-nghi' class='heading-h2 toc-link smooth-scroll'>3. D\u1ecbch v\u1ee5 &amp; Ti\u1ec7n nghi<\/a>\n<li><a href='https:\/\/dalatreview.vn\/en#4-gia-phong' class='heading-h2 toc-link smooth-scroll'>4.\u00a0Gi\u00e1 ph\u00f2ng<\/a>\n<li><a href='https:\/\/dalatreview.vn\/en#5-lien-he' class='heading-h2 toc-link smooth-scroll'>5. Li\u00ean h\u1ec7<\/a><\/ul>\n<\/ul>\n<\/li>\n<\/ul>\n<\/nav>\n<h2 id=\"1-vi-tri\"><span style=\"color: #008000;\"><strong><span style=\"font-size: 24px;\">1. V\u1ecb tr\u00ed<\/span><\/strong><\/span><\/h2>\n<p>Villa n\u1eb1m t\u00e1ch bi\u1ec7t ho\u00e0n to\u00e0n v\u1edbi s\u1ef1 n\u00e1o nhi\u1ec7t, \u1ed3n \u00e0o \u1edf c\u00e1c villa trung t\u00e2m, thu\u1ed9c s\u1ef1 qu\u1ea3n l\u00ed c\u1ee7a resort\u00a0R<strong>\u1eebng L\u00e1 Kim, <\/strong>n\u1eb1m l\u1ecdt th\u1ecfm trong m\u1ed9t khu\u00f4n vi\u00ean xanh m\u00e1t v\u00e0 v\u01b0\u1eddn hoa r\u1ed9ng l\u1edbn. K\u1ebf b\u00ean h\u1ed3 n\u01b0\u1edbc l\u1edbn Chi\u1ebfn Th\u1eafng t\u01b0\u01a1i m\u00e1t v\u00e0 View Nh\u00e0 L\u1ed3ng \u0110\u00e8n r\u1ef1c r\u1ee1 v\u1ec1 \u0111\u00eam.<\/p>\n<p>Villa t\u1ecda l\u1ea1c t\u1ea1i 144B \u0110\u01b0\u1eddng V\u00f2ng L\u00e2m Vi\u00ean, Ph\u01b0\u1eddng 8, TP \u0110\u00e0 L\u1ea1t. Thu\u1eadn ti\u1ec7n cho vi\u1ec7c \u0111i l\u1ea1i tham quan du l\u1ecbch t\u1edbi c\u00e1c \u0111\u1ecba \u0111i\u1ec3m n\u1ed5i ti\u1ebfng trong th\u00e0nh ph\u1ed1, c\u00e1c \u0111\u1ecba \u0111i\u1ec3m vui ch\u01a1i, \u0103n u\u1ed1ng v\u00e0 mua s\u1eafm kh\u00e1c n\u1eefa.<\/p>\n<p>V\u00ec v\u1eady d\u00f9 ngh\u1ec9 d\u01b0\u1ee1ng theo c\u1eb7p \u0111\u00f4i, gia \u0111\u00ecnh ho\u1eb7c b\u1ea1n b\u00e8 th\u00ec Villa R\u1eebng L\u00e1 Kim v\u1eabn lu\u00f4n l\u00e0 s\u1ef1 l\u1ef1a ch\u1ecdn h\u00e0ng \u0111\u1ea7u cho b\u1ea1n khi \u0111\u1eb7t ch\u00e2n \u0111\u1ebfn TP \u0110\u00e0 L\u1ea1t \u0111\u1ea5y nh\u00e9 !<\/p>\n<p><img decoding=\"async\" class=\"aligncenter wp-image-17481 size-full\" src=\"https:\/\/dalatreview.vn\/wp-content\/uploads\/2022\/03\/VUON-6.jpg\" alt=\"villa rung la kim\" width=\"2048\" height=\"1296\" \/><\/p>\n<h2 id=\"2-decor\"><span style=\"color: #008000;\"><strong><span style=\"font-size: 24px;\">2. Decor<\/span><\/strong><\/span><\/h2>\n<p>\u0110\u01b0\u1ee3c m\u1ec7nh danh \u201cResort trong ph\u1ed1\u201c v\u1edbi m\u1ee5c ti\u00eau mang l\u1ea1i s\u1ef1 tr\u1ea3i nghi\u1ec7m tuy\u1ec7t v\u1eddi nh\u1ea5t trong k\u1ef3 ngh\u1ec9 c\u1ee7a du kh\u00e1ch.\u00a0<strong>R\u1eebng L\u00e1 Kim Resort<\/strong>\u00a0g\u00e2y \u1ea5n t\u01b0\u1ee3ng m\u1ea1nh m\u1ebd v\u1edbi du kh\u00e1ch kh\u00f4ng ch\u1ec9 v\u1edbi c\u1ea3nh quan thi\u00ean nhi\u00ean th\u01a1 m\u1ed9ng, h\u1eefu t\u00ecnh m\u00e0 c\u00f2n v\u1edbi l\u1ed1i ki\u1ebfn tr\u00fac hi\u1ec7n \u0111\u1ea1i, c\u00f9ng khu\u00f4n vi\u00ean s\u00e2n v\u01b0\u1eddn r\u1ed9ng l\u1edbn \u0111\u01b0\u1ee3c ch\u0103m ch\u00fat t\u1ec9 m\u1ec9 \u0111\u01b0\u1ee3c \u0111\u01b0a v\u00e0o ho\u1ea1t \u0111\u1ed9ng ph\u1ee5c v\u1ee5 du kh\u00e1ch theo \u0111\u00fang ti\u00eau chu\u1ea9n 3 sao.<\/p>\n<p>Villa \u0111\u01b0\u1ee3c thi\u1ebft k\u1ebf hi\u1ec7n \u0111\u1ea1i v\u1edbi kh\u00f4ng gian m\u1edf nh\u1edd c\u00e1c \u00f4 c\u1eeda k\u00ednh ng\u1eafm view thi\u00ean nhi\u00ean, nh\u00e0 l\u1ed3ng \u0111\u00e8n + h\u1ed3 Chi\u1ebfn Th\u1eafng c\u1ef1c \u0111\u1eb9p. Tone m\u00e0u ch\u00ednh l\u00e0 tr\u1eafng v\u00e0 m\u00e0u g\u1ed7 c\u1ee7a n\u1ed9i th\u1ea5t\u00a0mang l\u1ea1i c\u1ea3m gi\u00e1c trong l\u00e0nh, \u1ea5m \u00e1p v\u00e0 quen thu\u1ed9c nh\u01b0 ch\u00ednh c\u0103n nh\u00e0 c\u1ee7a b\u1ea1n v\u1eady.<\/p>\n<p>M\u1ed7i ph\u00f2ng s\u1ebd \u0111\u01b0\u1ee3c trang b\u1ecb n\u1ed9i th\u1ea5t cao c\u1ea5p, \u0111\u1ea7y \u0111\u1ee7 v\u00e0 ti\u1ec7n nghi. C\u00f3 NV ph\u1ee5c v\u1ee5 v\u00e0 ch\u0103m s\u00f3c nhi\u1ec7t t\u00ecnh \u0111\u1ea3m b\u1ea3o \u0111\u00e1p \u1ee9ng \u0111\u01b0\u1ee3c m\u1ecdi nhu c\u1ea7u c\u1ee7a b\u1ea1n v\u00e0 ng\u01b0\u1eddi th\u00e2n khi \u0111\u1ebfn \u0111\u00e2y ngh\u1ec9 d\u01b0\u1ee1ng.<\/p>\n<p><img decoding=\"async\" class=\"aligncenter wp-image-17482 size-full\" src=\"https:\/\/dalatreview.vn\/wp-content\/uploads\/2022\/03\/villa-rung-la-kim.jpg\" alt=\"villa rung la kim\" width=\"1200\" height=\"900\" \/><\/p>\n<h2 id=\"3-dich-vu-tien-nghi\"><span style=\"color: #008000;\"><strong><span style=\"font-size: 24px;\">3. D\u1ecbch v\u1ee5 &amp; Ti\u1ec7n nghi<\/span><\/strong><\/span><\/h2>\n<p>Vliia R\u1eebng L\u00e1 Kim c\u00f3 3 ph\u00f2ng ng\u1ee7 : 1 gi\u01b0\u1eddng \u0111\u00f4i 2 ng\u01b0\u1eddi.<\/p>\n<p>S\u1ee9c ch\u1ee9a 6 ng\u01b0\u1eddi, \u0111\u1ea7y \u0111\u1ee7 gi\u01b0\u1eddng n\u1ec7m. ( Th\u00eam ng\u01b0\u1eddi c\u00f3 ph\u1ee5 ph\u00ed ).<\/p>\n<p>\ud83d\udc4cC\u00f3 ban c\u00f4ng ng\u1eafm view thi\u00ean nhi\u00ean r\u1ea5t \u0111\u1eb9p.<\/p>\n<p>\ud83d\udc4cVilla s\u1ea1ch s\u1ebd ti\u1ec7n nghi, hi\u1ec7n \u0111\u1ea1i. C\u00f3 tivi, d\u1ecbch v\u1ee5 internet.<\/p>\n<p>\ud83d\udc4cC\u00f3 chu\u1ea9n b\u1ecb b\u1eefa s\u00e1ng mi\u1ec5n ph\u00ed.<\/p>\n<p>\ud83d\udc4cC\u00f3 nh\u00e0 h\u00e0ng th\u1ecfa s\u1ee9c l\u1ef1a ch\u1ecdn c\u00e1c m\u00f3n \u0103n \u0111\u1ea3m b\u1ea3o v\u1ec7 sinh, an to\u00e0n v\u00e0 ch\u1ea5t l\u01b0\u1ee3ng cho c\u00e1c b\u1eefa ch\u00ednh.<\/p>\n<p><img decoding=\"async\" class=\"aligncenter wp-image-17743 size-full\" src=\"https:\/\/dalatreview.vn\/wp-content\/uploads\/2022\/03\/set-menu-mon-an-4.jpg\" alt=\"set menu mon an\" width=\"2560\" height=\"980\" \/><\/p>\n<section class=\"htdt-description clearfix bg-white br-8 pad-tb-15 mrg-b-15\">\n<div class=\"pad-lr-15 txt-justify\">\n<p>\ud83d\udc4cPh\u00f2ng t\u1eafm c\u00f3 b\u1ed3n t\u1eafm + nh\u00e0 t\u1eafm \u0111\u1ee9ng c\u00f3 n\u00f3ng l\u1ea1nh, wc v\u00e0 \u0111\u1ea7y \u0111\u1ee7 \u0111\u1ed3 d\u00f9ng c\u00e1 nh\u00e2n c\u1ea7n thi\u1ebft.<\/p>\n<p>\ud83d\udc4cS\u00e2n v\u01b0\u1eddn r\u1ed9ng l\u1edbn, nhi\u1ec1u m\u1ea3ng xanh v\u00e0 hoa \u0111\u1eb9p tha h\u1ed3 checkin s\u1ed1ng \u1ea3o.<\/p>\n<p>\ud83d\udc4cKh\u00f4ng gian ngo\u00e0i tr\u1eddi t\u1ed5 ch\u1ee9c ti\u1ec7c l\u00ean t\u1edbi 100 kh\u00e1ch.<\/p>\n<p>\ud83d\udc4cC\u00f3 v\u01b0\u1eddn rau s\u1ea1ch t\u1ea1i Villa.<\/p>\n<p>\ud83d\udc4cC\u00f3 ch\u1ed7 \u0111\u1eadu xe m\u00e1y, \u00f4 t\u00f4 an to\u00e0n, mi\u1ec5n ph\u00ed.<\/p>\n<\/div>\n<\/section>\n<p><img decoding=\"async\" class=\"aligncenter wp-image-17484 size-full\" src=\"https:\/\/dalatreview.vn\/wp-content\/uploads\/2022\/03\/villa-rung-la-kim-1.jpg\" alt=\"villa rung la kim\" width=\"1200\" height=\"900\" \/><\/p>\n<p>\u2013 Villa n\u1eb1m c\u00e1ch Thung L\u0169ng T\u00ecnh Y\u00eau, V\u01b0\u1eddn \u00c1nh S\u00e1ng, V\u01b0\u1eddn d\u00e2u Hi\u1ec7p L\u1ef1c, XQ X\u1eed Qu\u00e1n, R\u1eebng Hoa \u0110\u00e0 L\u1ea1t kho\u1ea3ng 1km. Qu\u00fd kh\u00e1ch c\u00f3 th\u1ec3 gh\u00e9 tham quan v\u00e0 ng\u1eafm c\u1ea3nh r\u1ea5t ti\u1ec7n l\u1ee3i<\/p>\n<p>\u2013 T\u1eeb Villa qu\u00fd kh\u00e1ch c\u00f3 th\u1ec3 tham kh\u1ea3o \u0111\u1ebfn c\u00e1c \u0111i\u1ec3m tham quan trong n\u1ed9i th\u00e0nh th\u00e0nh ph\u1ed1 \u0110\u00e0 L\u1ea1t t\u1eeb 5- 7km di chuy\u1ec3n b\u1eb1ng xe m\u00e1y ho\u1eb7c taxi: V\u01b0\u1eddn Hoa Th\u00e0nh Ph\u1ed1, Qu\u1ea3ng Tr\u01b0\u1eddng \u0110\u00e0 L\u1ea1t, Ga \u0110\u00e0 L\u1ea1t, Tr\u01b0\u1eddng Cao \u0110\u1eb3ng S\u01b0 Ph\u1ea1m, Nh\u00e0 Th\u1edd Con G\u00e0, Dinh 1,2,3, \u2026<\/p>\n<p>\u2013 Ngo\u00e0i ra Qu\u00fd kh\u00e1ch c\u00f3 th\u1ec3 s\u1eafp x\u1ebfp th\u1eddi gian kh\u00e1m ph\u00e1 c\u00e1c \u0111i\u1ec3m tham quan\u00a0ngo\u00e0i th\u00e0nh ph\u1ed1, di chuy\u1ec3n t\u1eeb 10-30km: Hoa Vi\u00ean \u0110i\u1ec1n Trang, Ch\u00f9a Ve Chai, \u0110\u1ed3i\u00a0ch\u00e8 C\u1ea7u \u0110\u1ea5t, C\u00e0 ph\u00ea M\u00ea Linh,V\u01b0\u1eddn Hoa C\u1ea9m T\u00fa C\u1ea7u\u2026<\/p>\n<h2 id=\"4-gia-phong\"><span style=\"color: #008000;\"><strong><span style=\"font-size: 24px;\">4.\u00a0Gi\u00e1 ph\u00f2ng<\/span><\/strong><\/span><\/h2>\n<blockquote><p><strong>\u2013 Combo 2 Ng\u00e0y 1 \u0110\u00eam: 825k\/1 kh\u00e1ch\u00a0<\/strong><\/p>\n<p><strong>\u2013 Combo 3 Ng\u00e0y 2 \u0110\u00eam: 1.580k\/1 kh\u00e1ch<\/strong><\/p>\n<p><strong>\u2013 Combo 4 Ng\u00e0y 3 \u0110\u00eam: 2.320k\/1 kh\u00e1ch<\/strong><\/p><\/blockquote>\n<ul>\n<li>NOTE:<\/li>\n<\/ul>\n<p>\u2013 Gi\u00e1 combo \u00e1p d\u1ee5ng cho t\u1eeb 6 kh\u00e1ch v\u00e0o c\u00e1c ng\u00e0y \u0111\u1ea7u tu\u1ea7n ( CN-T5).<\/p>\n<p>\u2013 \u0110\u00e3 bao g\u1ed3m b\u1eefa s\u00e1ng buffet t\u1ea1i nh\u00e0 h\u00e0ng c\u1ee7a Resort.<\/p>\n<p>\u2013 Ph\u1ee5 thu khi: c\u00f3 th\u00eam kh\u00e1ch, k\u00ea th\u00eam gi\u01b0\u1eddng, v\u00e0o cu\u1ed1i tu\u1ea7n v\u00e0 c\u00e1c ng\u00e0y l\u1ec5 v\u00e0 m\u00f9a cao \u0111i\u1ec3m.<\/p>\n<h2 id=\"5-lien-he\"><span style=\"color: #008000;\">5. Li\u00ean h\u1ec7<\/span><\/h2>\n<p>Fanpage:\u00a0<a href=\"https:\/\/www.facebook.com\/booking.dalatreview.vn\/\">Booking \u0110\u00e0 L\u1ea1t \u2013 www.dalatreview.vn<\/a><\/p>\n<p>S\u0110T\/Zalo: 0968 249 297<\/p>","protected":false},"excerpt":{"rendered":"<p class=\"p1\">Villa n\u1eb1m t\u00e1ch bi\u1ec7t ho\u00e0n to\u00e0n v\u1edbi s\u1ef1 n\u00e1o nhi\u1ec7t, \u1ed3n \u00e0o \u1edf c\u00e1c villa trung t\u00e2m, thu\u1ed9c s\u1ef1 qu\u1ea3n l\u00ed c\u1ee7a resort\u00a0R<b>\u1eebng L\u00e1 Kim, <\/b>n\u1eb1m l\u1ecdt th\u1ecfm trong m\u1ed9t khu\u00f4n vi\u00ean xanh m\u00e1t v\u00e0 v\u01b0\u1eddn hoa r\u1ed9ng l\u1edbn. K\u1ebf b\u00ean h\u1ed3 n\u01b0\u1edbc l\u1edbn Chi\u1ebfn Th\u1eafng t\u01b0\u01a1i m\u00e1t v\u00e0 View Nh\u00e0 L\u1ed3ng \u0110\u00e8n r\u1ef1c r\u1ee1 v\u1ec1 \u0111\u00eam.<\/p>\n<p class=\"p1\">Villa t\u1ecda l\u1ea1c t\u1ea1i 144B \u0110\u01b0\u1eddng V\u00f2ng L\u00e2m Vi\u00ean, Ph\u01b0\u1eddng 8, TP \u0110\u00e0 L\u1ea1t. Thu\u1eadn ti\u1ec7n cho vi\u1ec7c \u0111i l\u1ea1i tham quan du l\u1ecbch t\u1edbi c\u00e1c \u0111\u1ecba \u0111i\u1ec3m n\u1ed5i ti\u1ebfng trong th\u00e0nh ph\u1ed1, c\u00e1c \u0111\u1ecba \u0111i\u1ec3m vui ch\u01a1i, \u0103n u\u1ed1ng v\u00e0 mua s\u1eafm kh\u00e1c n\u1eefa.144b<\/p>","protected":false},"featured_media":17466,"comment_status":"open","ping_status":"closed","template":"","meta":{"_acf_changed":false,"rank_math_lock_modified_date":false},"product_cat":[29,45],"product_tag":[],"acf":[],"_links":{"self":[{"href":"https:\/\/dalatreview.vn\/en\/wp-json\/wp\/v2\/product\/17461"}],"collection":[{"href":"https:\/\/dalatreview.vn\/en\/wp-json\/wp\/v2\/product"}],"about":[{"href":"https:\/\/dalatreview.vn\/en\/wp-json\/wp\/v2\/types\/product"}],"replies":[{"embeddable":true,"href":"https:\/\/dalatreview.vn\/en\/wp-json\/wp\/v2\/comments?post=17461"}],"wp:featuredmedia":[{"embeddable":true,"href":"https:\/\/dalatreview.vn\/en\/wp-json\/wp\/v2\/media\/17466"}],"wp:attachment":[{"href":"https:\/\/dalatreview.vn\/en\/wp-json\/wp\/v2\/media?parent=17461"}],"wp:term":[{"taxonomy":"product_cat","embeddable":true,"href":"https:\/\/dalatreview.vn\/en\/wp-json\/wp\/v2\/product_cat?post=17461"},{"taxonomy":"product_tag","embeddable":true,"href":"https:\/\/dalatreview.vn\/en\/wp-json\/wp\/v2\/product_tag?post=17461"}],"curies":[{"name":"wp","href":"https:\/\/api.w.org\/{rel}","templated":true}]}}