
{"id":17354,"date":"2022-03-08T21:29:26","date_gmt":"2022-03-08T14:29:26","guid":{"rendered":"https:\/\/dalatreview.vn\/?p=17354"},"modified":"2024-05-28T04:40:49","modified_gmt":"2024-05-28T04:40:49","slug":"villa-mini-da-lat-center-maika-da-lat-1p-2p-3p","status":"publish","type":"product","link":"https:\/\/dalatreview.vn\/en\/villa-mini-da-lat-center-maika-da-lat-1p-2p-3p.html","title":{"rendered":"Villa Mini \u0110\u00e0 L\u1ea1t Center Maika \u0110\u00e0 L\u1ea1t 1p 2p 3p"},"content":{"rendered":"<p style=\"text-align: center;\"><span style=\"color: #008000;\"><strong><span style=\"font-size: 24px;\">Villa Mini \u0110\u00e0 L\u1ea1t Center Maika \u0110\u00e0 L\u1ea1t 1p 2p 3p<\/span><\/strong><\/span><\/p>\n<nav class=\"vietrick-auto-toc\">\n<div class=\"box-title\">\n<h3 class=\"toc-title\" id=\"select-menu\">Danh m\u1ee5c ch\u00ednh<\/h3>\n<div><ion-icon name=\"chevron-up-outline\"><\/ion-icon><\/div>\n<\/div>\n<ul class=\"toc-list\">\n<li><a href='https:\/\/dalatreview.vn\/en#1-vi-tri' class='heading-h2 toc-link smooth-scroll'>1. V\u1ecb tr\u00ed<\/a>\n<li><a href='https:\/\/dalatreview.vn\/en#2-decor' class='heading-h2 toc-link smooth-scroll'>2. Decor<\/a>\n<li><a href='https:\/\/dalatreview.vn\/en#3-dich-vu-tien-nghi' class='heading-h2 toc-link smooth-scroll'>3. D\u1ecbch v\u1ee5 &amp; Ti\u1ec7n nghi<\/a>\n<li><a href='https:\/\/dalatreview.vn\/en#4-gia-phong' class='heading-h2 toc-link smooth-scroll'>4.\u00a0Gi\u00e1 ph\u00f2ng<\/a>\n<li><a href='https:\/\/dalatreview.vn\/en#5-lien-he' class='heading-h2 toc-link smooth-scroll'>5. Li\u00ean h\u1ec7<\/a><\/ul>\n<\/ul>\n<\/li>\n<\/ul>\n<\/nav>\n<h2 id=\"1-vi-tri\"><span style=\"color: #008000;\"><strong><span style=\"font-size: 24px;\">1. V\u1ecb tr\u00ed<\/span><\/strong><\/span><\/h2>\n<p>Villa n\u1eb1m \u1edf v\u1ecb tr\u00ed trung t\u00e2m \u0111\u01b0\u1eddng Phan B\u1ed9i Ch\u00e2u, Ph\u01b0\u1eddng 1, TP \u0110\u00e0 L\u1ea1t. D\u1ec5 d\u00e0ng v\u00e0 thu\u1eadn ti\u1ec7n cho vi\u1ec7c \u0111i l\u1ea1i. N\u1eb1m ngay \u1edf Khu H\u00f2a B\u00ecnh c\u1ee7a TP.<\/p>\n<p>Tuy l\u00e0 th\u00e0nh ph\u1ed1 nh\u1ecf nh\u01b0ng l\u00e0 \u0111i\u1ec3m \u0111\u1ebfn du l\u1ecbch th\u00fa v\u1ecb khi\u1ebfn ai c\u0169ng mu\u1ed1n \u0111\u1eb7t ch\u00e2n \u0111\u1ebfn d\u00f9 l\u00e0 m\u1ed9t l\u1ea7n. N\u1ed5i ti\u1ebfng v\u1edbi kh\u00ed h\u1eadu, phong c\u1ea3nh h\u1eefu t\u00ecnh \u0111\u1eb7c bi\u1ec7t l\u00e0 thi\u00ean \u0111\u01b0\u1eddng \u0103n u\u1ed1ng \u0111a d\u1ea1ng kh\u00f3 c\u01b0\u1ee1ng.<\/p>\n<p>V\u1eady \u0111\u1ebfn v\u1edbi khu v\u1ef1c ph\u01b0\u1eddng trung t\u00e2m b\u1ea1n s\u1ebd \u0111\u01b0\u1ee3c tham quan nhi\u1ec1u \u0111i\u1ec3m \u0103n u\u1ed1ng, vui ch\u01a1i v\u00e0 mua s\u1eafm n\u1ed5i ti\u1ebfng trong th\u00e0nh ph\u1ed1 \u0111\u1ea5y nh\u00e9 !<\/p>\n<p><img decoding=\"async\" class=\"aligncenter wp-image-17367 size-full\" src=\"https:\/\/dalatreview.vn\/wp-content\/uploads\/2022\/03\/villa-mini-3p-center-maika-11-1.jpg\" alt=\"villa mini 3p center maika\" width=\"1600\" height=\"1063\" \/><\/p>\n<h2 style=\"text-align: left;\" id=\"2-decor\"><span style=\"color: #008000;\"><strong><span style=\"font-size: 24px;\">2. Decor<\/span><\/strong><\/span><\/h2>\n<p>Villa l\u00e0 c\u0103n h\u1ed9 cao c\u1ea5p \u0111\u1ea7y \u0111\u1ee7 ti\u1ec7n nghi v\u00e0 r\u1ea5t hi\u1ec7n \u0111\u1ea1i. \u0110\u01b0\u1ee3c thi\u1ebft k\u1ebf theo kh\u00f4ng gian m\u1edf, c\u1eeda k\u00ednh t\u1eadn h\u01b0\u1edfng l\u1ee3i th\u1ebf view cao c\u00f3 th\u1ec3 ng\u1eafm nh\u00ecn to\u00e0n th\u00e0nh ph\u1ed1 t\u1eeb ch\u00ednh trong c\u0103n ph\u00f2ng m\u00e0 kh\u00f4ng c\u1ea7n \u0111i \u0111\u00e2u xa.<\/p>\n<p>M\u1ed7i c\u0103n h\u1ed9 s\u1ebd \u0111\u01b0\u1ee3c decor kh\u00e1c nhau, kh\u00e9p k\u00edn ho\u00e0n to\u00e0n t\u1ea1o kh\u00f4ng gian ri\u00eang t\u01b0 cho m\u1ed7i ng\u01b0\u1eddi.<\/p>\n<p><img decoding=\"async\" class=\"aligncenter wp-image-17368 size-full\" src=\"https:\/\/dalatreview.vn\/wp-content\/uploads\/2022\/03\/villa-mini-3p-center-maika.jpg\" alt=\"villa mini 3p center maika\" width=\"1200\" height=\"900\" \/><\/p>\n<h2 id=\"3-dich-vu-tien-nghi\"><span style=\"color: #008000;\"><strong><span style=\"font-size: 24px;\">3. D\u1ecbch v\u1ee5 &amp; Ti\u1ec7n nghi<\/span><\/strong><\/span><\/h2>\n<div class=\"pt-2\">\n<p>G\u1ed3m c\u0103n h\u1ed9\u00a01 ph\u00f2ng &#8211; 2 ph\u00f2ng &#8211; 3 ph\u00f2ng\u00a0\u00a0sang tr\u1ecdng kh\u00e9p k\u00edn:<br \/>\n1 ph\u00f2ng 1 gi\u01b0\u1eddng 2 ng\u01b0\u1eddi + 2 ph\u00f2ng 1 gi\u01b0\u1eddng + 3 ph\u00f2ng 1 gi\u01b0\u1eddng<\/p>\n<p>S\u1ee9c ch\u1ee9a 2 kh\u00e1ch + 4 kh\u00e1ch + 6 kh\u00e1ch. C\u00f3 \u0111\u1ea7y \u0111\u1ee7 nh\u00e0 t\u1eafm n\u00f3ng l\u1ea1nh, wc, \u1ea7y \u0111\u1ee7 \u0111\u1ed3 d\u00f9ng c\u00e1 nh\u00e2n c\u1ea7n thi\u1ebft.<\/p>\n<p>&#8212;&#8212;&#8212;&#8212;&#8212;&#8212;&#8212;&#8212;&#8212;&#8212;&#8212;&#8212;&#8212;&#8212;&#8212;&#8212;&#8212;&#8212;&#8211;<\/p>\n<p>&#8211; \u0110\u1ea7y \u0111\u1ee7 ti\u1ec7n nghi nh\u01b0 \u1edf nh\u00e0. C\u00f3 tivi, t\u1ee7 l\u1ea1nh, d\u1ecbch v\u1ee5 internet,&#8230;<\/p>\n<p>&#8211; C\u00f3 ch\u1ed7 \u0111\u1eadu xe m\u00e1y, xe h\u01a1i an to\u00e0n mi\u1ec5n ph\u00ed.<\/p>\n<p>&#8211; Y\u00ean t\u0129nh, an ninh 24\/24, s\u1ea1ch s\u1ebd, tho\u00e1ng m\u00e1t, view thi\u00ean nhi\u00ean si\u00eau \u0111\u1eb9p.<\/p>\n<p>&#8211; B\u1ebfp t\u1ef1 do n\u1ea5u n\u01b0\u1edbng.<\/p>\n<p>&#8211; Ch\u00eca kho\u00e1 trao tay tha h\u1ed3 ri\u00eang t\u01b0 .<\/p>\n<\/div>\n<div class=\"clear\"><img decoding=\"async\" class=\"aligncenter wp-image-17369 size-full\" src=\"https:\/\/dalatreview.vn\/wp-content\/uploads\/2022\/03\/villa-mini-3p-center-maika-14.jpg\" alt=\"villa mini 3p center maika\" width=\"1200\" height=\"900\" \/><\/div>\n<div class=\"row\">\n<div class=\"tuongtu-title pt-3 m-3\"><\/div>\n<\/div>\n<h2 id=\"4-gia-phong\"><span style=\"color: #008000;\"><strong><span style=\"font-size: 24px;\">4.\u00a0Gi\u00e1 ph\u00f2ng<\/span><\/strong><\/span><\/h2>\n<p>Li\u00ean h\u1ec7 \u0111\u1ec3 \u0111\u01b0\u1ee3c \u0110\u00e0 L\u1ea1t Review t\u01b0 v\u1ea5n.<\/p>\n<h2 id=\"5-lien-he\"><span style=\"color: #008000;\">5. Li\u00ean h\u1ec7<\/span><\/h2>\n<p>Fanpage:\u00a0<a href=\"https:\/\/www.facebook.com\/booking.dalatreview.vn\/\">Booking \u0110\u00e0 L\u1ea1t \u2013 www.dalatreview.vn<\/a><\/p>\n<p>S\u0110T\/Zalo: 0988 249 297<\/p>","protected":false},"excerpt":{"rendered":"<p>Villa Mini \u0110\u00e0 L\u1ea1t Center Maika \u0110\u00e0 L\u1ea1t 1p 2p 3p Danh m\u1ee5c ch\u00ednh 1. V\u1ecb tr\u00ed 2. Decor 3. D\u1ecbch v\u1ee5 &amp; Ti\u1ec7n nghi 4.\u00a0Gi\u00e1 ph\u00f2ng 5. Li\u00ean h\u1ec7 1. V\u1ecb tr\u00ed Villa n\u1eb1m \u1edf v\u1ecb tr\u00ed trung t\u00e2m \u0111\u01b0\u1eddng Phan B\u1ed9i Ch\u00e2u, Ph\u01b0\u1eddng 1, TP \u0110\u00e0 L\u1ea1t. D\u1ec5 d\u00e0ng v\u00e0 thu\u1eadn ti\u1ec7n cho [&hellip;]<\/p>","protected":false},"featured_media":17355,"comment_status":"open","ping_status":"closed","template":"","meta":{"_acf_changed":false,"rank_math_lock_modified_date":false},"product_cat":[29,45],"product_tag":[],"acf":[],"_links":{"self":[{"href":"https:\/\/dalatreview.vn\/en\/wp-json\/wp\/v2\/product\/17354"}],"collection":[{"href":"https:\/\/dalatreview.vn\/en\/wp-json\/wp\/v2\/product"}],"about":[{"href":"https:\/\/dalatreview.vn\/en\/wp-json\/wp\/v2\/types\/product"}],"replies":[{"embeddable":true,"href":"https:\/\/dalatreview.vn\/en\/wp-json\/wp\/v2\/comments?post=17354"}],"wp:featuredmedia":[{"embeddable":true,"href":"https:\/\/dalatreview.vn\/en\/wp-json\/wp\/v2\/media\/17355"}],"wp:attachment":[{"href":"https:\/\/dalatreview.vn\/en\/wp-json\/wp\/v2\/media?parent=17354"}],"wp:term":[{"taxonomy":"product_cat","embeddable":true,"href":"https:\/\/dalatreview.vn\/en\/wp-json\/wp\/v2\/product_cat?post=17354"},{"taxonomy":"product_tag","embeddable":true,"href":"https:\/\/dalatreview.vn\/en\/wp-json\/wp\/v2\/product_tag?post=17354"}],"curies":[{"name":"wp","href":"https:\/\/api.w.org\/{rel}","templated":true}]}}