
{"id":17331,"date":"2022-03-08T21:04:23","date_gmt":"2022-03-08T14:04:23","guid":{"rendered":"https:\/\/dalatreview.vn\/?p=17331"},"modified":"2024-07-11T10:27:21","modified_gmt":"2024-07-11T03:27:21","slug":"villa-mini-da-lat-cao-thang-3-phong","status":"publish","type":"product","link":"https:\/\/dalatreview.vn\/en\/villa-mini-da-lat-cao-thang-3-phong.html","title":{"rendered":"Villa Mini \u0110\u00e0 L\u1ea1t Cao Th\u1eafng 3 Ph\u00f2ng"},"content":{"rendered":"<p style=\"text-align: center;\"><span style=\"color: #008000;\"><strong><span style=\"font-size: 24px;\">Villa Mini \u0110\u00e0 L\u1ea1t Cao Th\u1eafng 3 Ph\u00f2ng<\/span><\/strong><\/span><\/p>\n<nav class=\"vietrick-auto-toc\">\n<div class=\"box-title\">\n<h3 class=\"toc-title\" id=\"select-menu\">Danh m\u1ee5c ch\u00ednh<\/h3>\n<div><ion-icon name=\"chevron-up-outline\"><\/ion-icon><\/div>\n<\/div>\n<ul class=\"toc-list\">\n<li><a href='https:\/\/dalatreview.vn\/en#1-vi-tri' class='heading-h2 toc-link smooth-scroll'>1. V\u1ecb tr\u00ed<\/a>\n<li><a href='https:\/\/dalatreview.vn\/en#2-decor' class='heading-h2 toc-link smooth-scroll'>2. Decor<\/a>\n<li><a href='https:\/\/dalatreview.vn\/en#3-dich-vu-tien-nghi' class='heading-h2 toc-link smooth-scroll'>3. D\u1ecbch v\u1ee5 &amp; Ti\u1ec7n nghi<\/a>\n<li><a href='https:\/\/dalatreview.vn\/en#4-gia-phong' class='heading-h2 toc-link smooth-scroll'>4.\u00a0Gi\u00e1 ph\u00f2ng<\/a>\n<li><a href='https:\/\/dalatreview.vn\/en#5-lien-he' class='heading-h2 toc-link smooth-scroll'>5. Li\u00ean h\u1ec7<\/a><\/ul>\n<\/ul>\n<\/li>\n<\/ul>\n<\/nav>\n<h2 id=\"1-vi-tri\"><span style=\"color: #008000;\"><strong><span style=\"font-size: 24px;\">1. V\u1ecb tr\u00ed<\/span><\/strong><\/span><\/h2>\n<p>Villa n\u1eb1m \u1edf tr\u1ee5c \u0111\u01b0\u1eddng Cao Th\u1eafng, Ph\u01b0\u1eddng 7, Th\u00e0nh ph\u1ed1 \u0110\u00e0 L\u1ea1t. Giao th\u00f4ng thu\u1eadn ti\u1ec7n cho vi\u1ec7c \u0111i l\u1ea1i.<\/p>\n<p>N\u1eb1m trong v\u00f9ng T\u00e2y Nguy\u00ean c\u00f3 r\u1ea5t nhi\u1ec1u \u0111\u1ecba \u0111i\u1ec3m du l\u1ecbch h\u1ea5p d\u1eabn v\u00e0 n\u1ed5i ti\u1ebfng \u0111ang ch\u1edd b\u1ea1n kh\u00e1m ph\u00e1 v\u1edbi khung c\u1ea3nh thi\u00ean nhi\u00ean c\u1ef1c k\u1ef3 t\u01b0\u01a1i \u0111\u1eb9p.<\/p>\n<p>C\u00e1c m\u00f3n ngon, \u0111\u1ecba \u0111i\u1ec3m vui ch\u01a1i v\u00e0 n\u00e9t v\u0103n h\u00f3a \u0111\u1eb7c tr\u01b0ng \u1edf n\u01a1i \u0111\u00e2y \u0111\u1ea3m b\u1ea3o mang l\u1ea1i s\u1ef1 h\u00e0i l\u00f2ng cho b\u1ea1n \u0111\u1ea5y !<\/p>\n<p><img decoding=\"async\" class=\"aligncenter wp-image-17348 size-full\" src=\"https:\/\/dalatreview.vn\/wp-content\/uploads\/2022\/03\/villa-mini-3p-cao-thang-12-1.jpg\" alt=\"villa mini 3p cao thang \" width=\"1280\" height=\"854\" \/><\/p>\n<h2 id=\"2-decor\"><span style=\"color: #008000;\"><strong><span style=\"font-size: 24px;\">2. Decor<\/span><\/strong><\/span><\/h2>\n<p>Villa 2 \u1ea7ng c\u00f3 tone m\u00e0u tr\u1eafng l\u00e0m ch\u1ee7 \u0111\u1ea1o r\u1ea5t hi\u1ec7n \u0111\u1ea1i, sang tr\u1ecdng v\u00e0 l\u1ecbch s\u1ef1.<\/p>\n<p>V\u1edbi thi\u1ebft k\u1ebf m\u1edf, c\u1eeda k\u00ednh nhi\u1ec1u c\u00f3 th\u1ec3 ng\u1eafm nh\u00ecn c\u1ea3nh quan thi\u00ean nhi\u00ean xung quanh t\u1eeb nhi\u1ec1u g\u00f3c, t\u1eadn h\u01b0\u1edfng c\u1ea3nh \u0111\u1eb9p nh\u1edd view cao. \u0110\u00eam v\u1ec1 s\u1ebd \u0111\u01b0\u1ee3c th\u01b0\u1edfng th\u1ee9c 1 c\u1ea3nh \u0111\u1eb9p lung linh l\u00e0m th\u1ed5n th\u1ee9c l\u00f2ng ng\u01b0\u1eddi, gi\u00fap b\u1ea1n th\u01b0 gi\u00e3n r\u1ea5t t\u1ed1t sau nh\u1eefng m\u1ec7t m\u1ecfi v\u00e0 \u01b0u phi\u1ec1n treong cu\u1ed9c s\u1ed1ng.<\/p>\n<p>Ngo\u00e0i ra, c\u0103n nh\u00e0 c\u00f2n \u0111\u01b0\u1ee3c trang b\u1ecb n\u1ed9i th\u1ea5t cao c\u1ea5p, \u0111\u1ea7y \u0111\u1ee7 ti\u1ec7n nghi t\u1eeb ph\u00f2ng kh\u00e1ch \u0111\u1ebfn ph\u00f2ng ng\u1ee7.<\/p>\n<p>S\u00e2n v\u01b0\u1eddn kh\u00e1 r\u1ed9ng, c\u00f3 th\u1ea3m c\u1ecf xanh m\u01b0\u1edbt c\u00f3 th\u1ec3 ng\u1ed3i th\u01b0\u1edfng th\u1ee9c 1 t\u00e1ch tr\u00e0 th\u01a1m hay 1 ly c\u00e0 ph\u00ea v\u00e0 m\u1ed7i s\u00e1ng v\u00e0 m\u1ed7i t\u1ed1i r\u1ea5t l\u00e0 chill n\u1eefa \u0111\u1ea5y !<\/p>\n<p><img decoding=\"async\" class=\"aligncenter wp-image-17349 size-full\" src=\"https:\/\/dalatreview.vn\/wp-content\/uploads\/2022\/03\/villa-mini-3p-cao-thang-.jpg\" alt=\"villa mini 3p cao thang \" width=\"1200\" height=\"900\" \/><\/p>\n<h2 id=\"3-dich-vu-tien-nghi\"><span style=\"color: #008000;\"><strong><span style=\"font-size: 24px;\">3. D\u1ecbch v\u1ee5 &amp; Ti\u1ec7n nghi<\/span><\/strong><\/span><\/h2>\n<div class=\"pt-2\">\n<p>G\u1ed3m 3 ph\u00f2ng ng\u1ee7 sang tr\u1ecdng kh\u00e9p k\u00edn:<br \/>\n1 ph\u00f2ng 1 gi\u01b0\u1eddng 2\u00a0ng\u01b0\u1eddi<br \/>\n2 ph\u00f2ng 2 gi\u01b0\u1eddng 4\u00a0ng\u01b0\u1eddi<\/p>\n<p>S\u1ee9c ch\u1ee9a 8-10 kh\u00e1ch. C\u00f3 nh\u00e0 t\u1eafm, n\u00f3ng l\u1ea1nh, wc v\u00e0 \u0111\u1ea7y \u0111\u1ee7 \u0111\u1ed3 d\u00f9ng c\u00e1 nh\u00e2n c\u1ea7n thi\u1ebft.<\/p>\n<p>&#8212;&#8212;&#8212;&#8212;&#8212;&#8212;&#8212;&#8212;&#8212;&#8212;&#8212;&#8212;&#8212;&#8212;&#8212;&#8212;&#8212;&#8212;&#8211;<\/p>\n<p>&#8211; \u0110\u1ea7y \u0111\u1ee7 ti\u1ec7n nghi nh\u01b0 \u1edf nh\u00e0. Ph\u00f2ng kh\u00e1ch, s\u00e2n v\u01b0\u1eddn sinh ho\u1ea1t chung r\u1ed9ng r\u00e3i, c\u00f3 tivi, t\u1ee7 l\u1ea1nh, d\u1ecbch v\u1ee5 internet,&#8230;<\/p>\n<p>&#8211; C\u00f3 di\u1ec7n t\u00edch \u0111\u1ec3 n\u01b0\u1edbng BBQ.<\/p>\n<p>&#8211; C\u00f3 ch\u1ed7 \u0111\u1eadu xe m\u00e1y, xe h\u01a1i an to\u00e0n mi\u1ec5n ph\u00ed. C\u00f3 d\u1ecbch c\u1ee5 cho thu\u00ea xe.<\/p>\n<p>&#8211; Y\u00ean t\u0129nh, an ninh 24\/24, s\u1ea1ch s\u1ebd, tho\u00e1ng m\u00e1t, view thi\u00ean nhi\u00ean si\u00eau \u0111\u1eb9p.<\/p>\n<p>&#8211; B\u1ebfp t\u1ef1 do n\u1ea5u n\u01b0\u1edbng \u0111\u1ea7y \u0111\u1ee7 d\u1ee5ng c\u1ee5 v\u00e0 gia v\u1ecb.<\/p>\n<p>&#8211; Ch\u00eca kho\u00e1 trao tay tha h\u1ed3 ri\u00eang t\u01b0.<\/p>\n<\/div>\n<div class=\"clear\"><img decoding=\"async\" class=\"aligncenter wp-image-17350 size-full\" src=\"https:\/\/dalatreview.vn\/wp-content\/uploads\/2022\/03\/villa-mini-3p-cao-thang-1-1.jpg\" alt=\"villa mini 3p cao thang \" width=\"1200\" height=\"900\" \/><\/div>\n<div class=\"row\">\n<div class=\"tuongtu-title pt-3 m-3\"><\/div>\n<\/div>\n<h2 id=\"4-gia-phong\"><span style=\"color: #008000;\"><strong><span style=\"font-size: 24px;\">4.\u00a0Gi\u00e1 ph\u00f2ng<\/span><\/strong><\/span><\/h2>\n<p>Li\u00ean h\u1ec7 \u0111\u1ec3 \u0111\u01b0\u1ee3c \u0110\u00e0 L\u1ea1t Review t\u01b0 v\u1ea5n.<\/p>\n<h2 id=\"5-lien-he\"><span style=\"color: #008000;\">5. Li\u00ean h\u1ec7<\/span><\/h2>\n<p>Fanpage:\u00a0<a href=\"https:\/\/www.facebook.com\/booking.dalatreview.vn\/\">Booking \u0110\u00e0 L\u1ea1t \u2013 www.dalatreview.vn<\/a><\/p>\n<p>S\u0110T\/Zalo: 0988 249 297<\/p>","protected":false},"excerpt":{"rendered":"<p>Villa Mini \u0110\u00e0 L\u1ea1t Cao Th\u1eafng 3 Ph\u00f2ng Danh m\u1ee5c ch\u00ednh 1. V\u1ecb tr\u00ed 2. Decor 3. D\u1ecbch v\u1ee5 &amp; Ti\u1ec7n nghi 4.\u00a0Gi\u00e1 ph\u00f2ng 5. Li\u00ean h\u1ec7 1. V\u1ecb tr\u00ed Villa n\u1eb1m \u1edf tr\u1ee5c \u0111\u01b0\u1eddng Cao Th\u1eafng, Ph\u01b0\u1eddng 7, Th\u00e0nh ph\u1ed1 \u0110\u00e0 L\u1ea1t. Giao th\u00f4ng thu\u1eadn ti\u1ec7n cho vi\u1ec7c \u0111i l\u1ea1i. N\u1eb1m trong v\u00f9ng T\u00e2y [&hellip;]<\/p>","protected":false},"featured_media":17332,"comment_status":"open","ping_status":"closed","template":"","meta":{"_acf_changed":false,"rank_math_lock_modified_date":false},"product_cat":[29,2247,45],"product_tag":[],"acf":[],"_links":{"self":[{"href":"https:\/\/dalatreview.vn\/en\/wp-json\/wp\/v2\/product\/17331"}],"collection":[{"href":"https:\/\/dalatreview.vn\/en\/wp-json\/wp\/v2\/product"}],"about":[{"href":"https:\/\/dalatreview.vn\/en\/wp-json\/wp\/v2\/types\/product"}],"replies":[{"embeddable":true,"href":"https:\/\/dalatreview.vn\/en\/wp-json\/wp\/v2\/comments?post=17331"}],"wp:featuredmedia":[{"embeddable":true,"href":"https:\/\/dalatreview.vn\/en\/wp-json\/wp\/v2\/media\/17332"}],"wp:attachment":[{"href":"https:\/\/dalatreview.vn\/en\/wp-json\/wp\/v2\/media?parent=17331"}],"wp:term":[{"taxonomy":"product_cat","embeddable":true,"href":"https:\/\/dalatreview.vn\/en\/wp-json\/wp\/v2\/product_cat?post=17331"},{"taxonomy":"product_tag","embeddable":true,"href":"https:\/\/dalatreview.vn\/en\/wp-json\/wp\/v2\/product_tag?post=17331"}],"curies":[{"name":"wp","href":"https:\/\/api.w.org\/{rel}","templated":true}]}}