
{"id":17318,"date":"2022-03-08T20:46:19","date_gmt":"2022-03-08T13:46:19","guid":{"rendered":"https:\/\/dalatreview.vn\/?p=17318"},"modified":"2024-07-11T10:31:33","modified_gmt":"2024-07-11T03:31:33","slug":"villa-mini-da-lat-dang-thai-than-2-phong","status":"publish","type":"product","link":"https:\/\/dalatreview.vn\/en\/villa-mini-da-lat-dang-thai-than-2-phong.html","title":{"rendered":"Villa Mini \u0110\u00e0 L\u1ea1t \u0110\u1eb7ng Th\u00e1i Th\u00e2n 2 Ph\u00f2ng"},"content":{"rendered":"<p style=\"text-align: center;\"><span style=\"color: #008000;\"><strong><span style=\"font-size: 24px;\">Villa Mini \u0110\u00e0 L\u1ea1t \u0110\u1eb7ng Th\u00e1i Th\u00e2n 2 Ph\u00f2ng <\/span><\/strong><\/span><\/p>\n<nav class=\"vietrick-auto-toc\">\n<div class=\"box-title\">\n<h3 class=\"toc-title\" id=\"select-menu\">Danh m\u1ee5c ch\u00ednh<\/h3>\n<div><ion-icon name=\"chevron-up-outline\"><\/ion-icon><\/div>\n<\/div>\n<ul class=\"toc-list\">\n<li><a href='https:\/\/dalatreview.vn\/en#1-vi-tri' class='heading-h2 toc-link smooth-scroll'>1. V\u1ecb tr\u00ed<\/a>\n<li><a href='https:\/\/dalatreview.vn\/en#2-decor' class='heading-h2 toc-link smooth-scroll'>2. Decor<\/a>\n<li><a href='https:\/\/dalatreview.vn\/en#3-dich-vu-tien-nghi' class='heading-h2 toc-link smooth-scroll'>3. D\u1ecbch v\u1ee5 &amp; Ti\u1ec7n nghi<\/a>\n<li><a href='https:\/\/dalatreview.vn\/en#4-gia-phong' class='heading-h2 toc-link smooth-scroll'>4.\u00a0Gi\u00e1 ph\u00f2ng<\/a>\n<li><a href='https:\/\/dalatreview.vn\/en#5-lien-he' class='heading-h2 toc-link smooth-scroll'>5. Li\u00ean h\u1ec7<\/a><\/ul>\n<\/ul>\n<\/li>\n<\/ul>\n<\/nav>\n<h2 id=\"1-vi-tri\"><span style=\"color: #008000;\"><strong><span style=\"font-size: 24px;\">1. V\u1ecb tr\u00ed<\/span><\/strong><\/span><\/h2>\n<p class=\"main-intro detail-intro\">T\u1ecda l\u1ea1c t\u1ea1i \u0111\u01b0\u1eddng \u0110\u1eb7ng Th\u00e1i Th\u00e2n, Ph\u01b0\u1eddng 3, TP \u0110\u00e0 L\u1ea1t, villa n\u1eb1m ngay khu v\u1ef1c trung t\u00e2m, ch\u1ec9 c\u00e1ch ch\u1ee3 5 ph\u00fat ch\u1ea1y xe.<\/p>\n<p class=\"main-intro detail-intro\">\u0110\u00e2y l\u00e0 con \u0111\u01b0\u1eddng th\u01a1 m\u1ed9ng v\u1edbi view thung l\u0169ng, n\u00fai \u0111\u1ed3i xanh ng\u00e1t, \u0110\u1eb7ng Th\u00e1i Th\u00e2n h\u1ed9i t\u1ee5 r\u1ea5t nhi\u1ec1u homestay xinh x\u1eafn, ch\u1ec9 c\u1ea7n nh\u00ecn th\u00f4i b\u1ea1n \u0111\u00e3 mu\u1ed1n \u1edf ngay.<\/p>\n<p>H\u01a1n n\u1eefa. \u1edf \u0111\u00e2y l\u1ea1i h\u1ed9i t\u1ee5 r\u1ea5t nhi\u1ec1u \u0111i\u1ec3m \u0103n u\u1ed1ng, mua s\u1eafm v\u00e0 vui ch\u01a1i n\u1ed5i ti\u1ebfng, l\u1ea1i d\u1ec5 d\u00e0ng di chuy\u1ec3n n\u1eefa.<\/p>\n<p><img decoding=\"async\" class=\"aligncenter wp-image-17325 size-full\" src=\"https:\/\/dalatreview.vn\/wp-content\/uploads\/2022\/03\/villa-mini-2p-dang-thai-than-13-1.jpg\" alt=\"villa mini 2p dang thai than\" width=\"1600\" height=\"1067\" \/><\/p>\n<h2 id=\"2-decor\"><span style=\"color: #008000;\"><strong><span style=\"font-size: 24px;\">2. Decor<\/span><\/strong><\/span><\/h2>\n<p>Villa x\u00e2y d\u1ef1ng\u00a0hi\u1ec7n \u0111\u1ea1i v\u1edbi thi\u1ebft k\u1ebf m\u1edf c\u00f3 c\u1eeda k\u00ednh \u0111\u00f3n \u00e1nh s\u00e1ng t\u1ef1 nhi\u00ean v\u00e0 c\u00f3 th\u1ec3 ng\u1eafm nh\u00ecn thi\u00ean nhi\u00ean xung quanh.<\/p>\n<p>View thi\u00ean nhi\u00ean r\u1ea5t \u0111\u1eb9p, ban c\u00f4ng cao, s\u00e2n v\u01b0\u1eddn xinh x\u1eafn.<\/p>\n<p>\u0110\u01b0\u1ee3c trang b\u1ecb n\u1ed9i th\u1ea5t cao c\u1ea5p, \u0111\u1ea7y \u0111\u1ee7 ti\u1ec7n nghi. Decor \u0111\u01a1n gi\u1ea3n &#8211; nh\u00e3 nh\u1eb7n nh\u01b0ng l\u1ea1i r\u1ea5t sang tr\u1ecdng l\u1ecbch s\u1ef1. C\u00f3 nhi\u1ec1u g\u00f3c chill chill s\u1ed1ng \u1ea3o d\u00e0nh cho b\u1ea1n !<\/p>\n<p><img decoding=\"async\" class=\"aligncenter wp-image-17326 size-full\" src=\"https:\/\/dalatreview.vn\/wp-content\/uploads\/2022\/03\/villa-mini-2p-dang-thai-than.jpg\" alt=\"villa mini 2p dang thai than\" width=\"1200\" height=\"900\" \/><\/p>\n<h2 id=\"3-dich-vu-tien-nghi\"><span style=\"color: #008000;\"><strong><span style=\"font-size: 24px;\">3. D\u1ecbch v\u1ee5 &amp; Ti\u1ec7n nghi<\/span><\/strong><\/span><\/h2>\n<p>G\u1ed3m 2 ph\u00f2ng ng\u1ee7 sang tr\u1ecdng kh\u00e9p k\u00edn:<br \/>\n1 ph\u00f2ng 1 gi\u01b0\u1eddng 2\u00a0ng\u01b0\u1eddi<br \/>\n1 ph\u00f2ng 2 gi\u01b0\u1eddng 4 ng\u01b0\u1eddi 1m8<\/p>\n<p>S\u1ee9c ch\u1ee9a 6-8 kh\u00e1ch<\/p>\n<p>&#8212;&#8212;&#8212;&#8212;&#8212;&#8212;&#8212;&#8212;&#8212;&#8212;&#8212;&#8212;&#8212;&#8212;&#8212;&#8212;&#8212;&#8212;&#8211;<\/p>\n<p>&#8211; \u0110\u1ea7y \u0111\u1ee7 ti\u1ec7n nghi nh\u01b0 \u1edf nh\u00e0. Ph\u00f2ng kh\u00e1ch r\u1ed9ng r\u00e3i, c\u00f3 tivi, t\u1ee7 l\u1ea1nh v\u00e0 c\u00e1c d\u1ecbch v\u1ee5 ti\u1ec7n \u00edch kh\u00e1c.<\/p>\n<p>&#8211; C\u00f3 di\u1ec7n t\u00edch \u0111\u1ec3 n\u01b0\u1edbng BBQ ngo\u00e0i tr\u1eddi.<\/p>\n<p>&#8211; C\u00f3 ch\u1ed7 \u0111\u1eadu xe m\u00e1y, xe h\u01a1i an to\u00e0n mi\u1ec5n ph\u00ed. C\u00f3 d\u1ecbch v\u1ee5 thu\u00ea xe theo ng\u00e0y.<\/p>\n<p>&#8211; Y\u00ean t\u0129nh, an ninh 24\/24, s\u1ea1ch s\u1ebd, tho\u00e1ng m\u00e1t, view thi\u00ean nhi\u00ean si\u00eau \u0111\u1eb9p.<\/p>\n<p>&#8211; B\u1ebfp t\u1ef1 do n\u1ea5u n\u01b0\u1edbng \u0111\u1ea7y \u0111\u1ee7 d\u1ee5ng c\u1ee5 v\u00e0 gia v\u1ecb th\u1ecfa s\u1ee9c ch\u1ebf bi\u1ebfn c\u00e1c m\u00f3n \u0103n m\u00e0 b\u1ea1n y\u00eau th\u00edch.<\/p>\n<p>&#8211; Ch\u00eca kho\u00e1 trao tay tha h\u1ed3 ri\u00eang t\u01b0 m\u00e0 kh\u00f4ng s\u1ee3 \u1ea3nh h\u01b0\u1edfng \u0111\u1ebfn m\u1ecdi ng\u01b0\u1eddi.<\/p>\n<p><img decoding=\"async\" class=\"aligncenter wp-image-17327 size-full\" src=\"https:\/\/dalatreview.vn\/wp-content\/uploads\/2022\/03\/villa-mini-2p-dang-thai-than-14.jpg\" alt=\"villa mini 2p dang thai than\" width=\"1200\" height=\"900\" \/><\/p>\n<h2 id=\"4-gia-phong\"><span style=\"color: #008000;\"><strong><span style=\"font-size: 24px;\">4.\u00a0Gi\u00e1 ph\u00f2ng<\/span><\/strong><\/span><\/h2>\n<p>Li\u00ean h\u1ec7 \u0111\u1ec3 \u0111\u01b0\u1ee3c \u0110\u00e0 L\u1ea1t Review t\u01b0 v\u1ea5n.<\/p>\n<h2 id=\"5-lien-he\"><span style=\"color: #008000;\">5. Li\u00ean h\u1ec7<\/span><\/h2>\n<p>Fanpage:\u00a0<a href=\"https:\/\/www.facebook.com\/booking.dalatreview.vn\/\">Booking \u0110\u00e0 L\u1ea1t \u2013 www.dalatreview.vn<\/a><\/p>\n<p>S\u0110T\/Zalo: 0988 249 297<\/p>","protected":false},"excerpt":{"rendered":"<p>Villa Mini \u0110\u00e0 L\u1ea1t \u0110\u1eb7ng Th\u00e1i Th\u00e2n 2 Ph\u00f2ng Danh m\u1ee5c ch\u00ednh 1. V\u1ecb tr\u00ed 2. Decor 3. D\u1ecbch v\u1ee5 &amp; Ti\u1ec7n nghi 4.\u00a0Gi\u00e1 ph\u00f2ng 5. Li\u00ean h\u1ec7 1. V\u1ecb tr\u00ed T\u1ecda l\u1ea1c t\u1ea1i \u0111\u01b0\u1eddng \u0110\u1eb7ng Th\u00e1i Th\u00e2n, Ph\u01b0\u1eddng 3, TP \u0110\u00e0 L\u1ea1t, villa n\u1eb1m ngay khu v\u1ef1c trung t\u00e2m, ch\u1ec9 c\u00e1ch ch\u1ee3 5 ph\u00fat [&hellip;]<\/p>","protected":false},"featured_media":17319,"comment_status":"open","ping_status":"closed","template":"","meta":{"_acf_changed":false,"rank_math_lock_modified_date":false},"product_cat":[29,2264,45],"product_tag":[],"acf":[],"_links":{"self":[{"href":"https:\/\/dalatreview.vn\/en\/wp-json\/wp\/v2\/product\/17318"}],"collection":[{"href":"https:\/\/dalatreview.vn\/en\/wp-json\/wp\/v2\/product"}],"about":[{"href":"https:\/\/dalatreview.vn\/en\/wp-json\/wp\/v2\/types\/product"}],"replies":[{"embeddable":true,"href":"https:\/\/dalatreview.vn\/en\/wp-json\/wp\/v2\/comments?post=17318"}],"wp:featuredmedia":[{"embeddable":true,"href":"https:\/\/dalatreview.vn\/en\/wp-json\/wp\/v2\/media\/17319"}],"wp:attachment":[{"href":"https:\/\/dalatreview.vn\/en\/wp-json\/wp\/v2\/media?parent=17318"}],"wp:term":[{"taxonomy":"product_cat","embeddable":true,"href":"https:\/\/dalatreview.vn\/en\/wp-json\/wp\/v2\/product_cat?post=17318"},{"taxonomy":"product_tag","embeddable":true,"href":"https:\/\/dalatreview.vn\/en\/wp-json\/wp\/v2\/product_tag?post=17318"}],"curies":[{"name":"wp","href":"https:\/\/api.w.org\/{rel}","templated":true}]}}