
{"id":17296,"date":"2022-03-08T20:29:38","date_gmt":"2022-03-08T13:29:38","guid":{"rendered":"https:\/\/dalatreview.vn\/?p=17296"},"modified":"2024-07-11T10:30:14","modified_gmt":"2024-07-11T03:30:14","slug":"villa-mini-da-lat-phan-boi-chau-3-phong","status":"publish","type":"product","link":"https:\/\/dalatreview.vn\/en\/villa-mini-da-lat-phan-boi-chau-3-phong.html","title":{"rendered":"Villa Mini \u0110\u00e0 L\u1ea1t Phan B\u1ed9i Ch\u00e2u 3 Ph\u00f2ng"},"content":{"rendered":"<p style=\"text-align: center;\"><span style=\"color: #008000;\"><strong><span style=\"font-size: 24px;\">Villa Mini \u0110\u00e0 L\u1ea1t Phan B\u1ed9i Ch\u00e2u 3 Ph\u00f2ng<\/span><\/strong><\/span><\/p>\n<nav class=\"vietrick-auto-toc\">\n<div class=\"box-title\">\n<h3 class=\"toc-title\" id=\"select-menu\">Danh m\u1ee5c ch\u00ednh<\/h3>\n<div><ion-icon name=\"chevron-up-outline\"><\/ion-icon><\/div>\n<\/div>\n<ul class=\"toc-list\">\n<li><a href='https:\/\/dalatreview.vn\/en#1-vi-tri' class='heading-h2 toc-link smooth-scroll'>1. V\u1ecb tr\u00ed<\/a>\n<li><a href='https:\/\/dalatreview.vn\/en#2-decor' class='heading-h2 toc-link smooth-scroll'>2. Decor<\/a>\n<li><a href='https:\/\/dalatreview.vn\/en#3-dich-vu-tien-nghi' class='heading-h2 toc-link smooth-scroll'>3. D\u1ecbch v\u1ee5 &amp; Ti\u1ec7n nghi<\/a>\n<li><a href='https:\/\/dalatreview.vn\/en#4-gia-phong' class='heading-h2 toc-link smooth-scroll'>4.\u00a0Gi\u00e1 ph\u00f2ng<\/a>\n<li><a href='https:\/\/dalatreview.vn\/en#5-lien-he' class='heading-h2 toc-link smooth-scroll'>5. Li\u00ean h\u1ec7<\/a><\/ul>\n<\/ul>\n<\/li>\n<\/ul>\n<\/nav>\n<h2 id=\"1-vi-tri\"><span style=\"color: #008000;\"><strong><span style=\"font-size: 24px;\">1. V\u1ecb tr\u00ed<\/span><\/strong><\/span><\/h2>\n<p>Villa n\u1eb1m \u1edf v\u1ecb tr\u00ed trung t\u00e2m \u0111\u01b0\u1eddng Phan B\u1ed9i Ch\u00e2u, Ph\u01b0\u1eddng 1, TP \u0110\u00e0 L\u1ea1t. D\u1ec5 d\u00e0ng v\u00e0 thu\u1eadn ti\u1ec7n cho vi\u1ec7c \u0111i l\u1ea1i. N\u1eb1m ngay \u1edf Khu H\u00f2a B\u00ecnh c\u1ee7a TP.<\/p>\n<p>Tuy l\u00e0 th\u00e0nh ph\u1ed1 nh\u1ecf nh\u01b0ng l\u00e0 \u0111i\u1ec3m \u0111\u1ebfn du l\u1ecbch th\u00fa v\u1ecb khi\u1ebfn ai c\u0169ng mu\u1ed1n \u0111\u1eb7t ch\u00e2n \u0111\u1ebfn d\u00f9 l\u00e0 m\u1ed9t l\u1ea7n. N\u1ed5i ti\u1ebfng v\u1edbi kh\u00ed h\u1eadu, phong c\u1ea3nh h\u1eefu t\u00ecnh \u0111\u1eb7c bi\u1ec7t l\u00e0 thi\u00ean \u0111\u01b0\u1eddng \u0103n u\u1ed1ng \u0111a d\u1ea1ng kh\u00f3 c\u01b0\u1ee1ng.<\/p>\n<p>V\u1eady \u0111\u1ebfn v\u1edbi khu v\u1ef1c ph\u01b0\u1eddng trung t\u00e2m b\u1ea1n s\u1ebd \u0111\u01b0\u1ee3c tham quan nhi\u1ec1u \u0111i\u1ec3m \u0103n u\u1ed1ng, vui ch\u01a1i v\u00e0 mua s\u1eafm n\u1ed5i ti\u1ebfng trong th\u00e0nh ph\u1ed1 \u0111\u1ea5y nh\u00e9 !<\/p>\n<p><img decoding=\"async\" class=\"aligncenter wp-image-17311 size-full\" src=\"https:\/\/dalatreview.vn\/wp-content\/uploads\/2022\/03\/6-6.jpg\" alt=\"villa mini phan boi chau 3 phong\" width=\"1200\" height=\"928\" \/><\/p>\n<h2 id=\"2-decor\"><span style=\"color: #008000;\"><strong><span style=\"font-size: 24px;\">2. Decor<\/span><\/strong><\/span><\/h2>\n<p>Villa 2 t\u1ea7ng \u0111\u01b0\u1ee3c x\u00e2y d\u1ef1ng v\u00e0 thi\u1ebft k\u1ebf hi\u1ec7n \u0111\u1ea1i theo phong c\u00e1ch m\u1edf, v\u00ec v\u1eady m\u00e0 ng\u00f4i nh\u00e0 l\u00fac n\u00e0o c\u0169ng trong l\u00e0nh \u1ea5m \u00e1p.<\/p>\n<p>Nh\u00e0 \u0111\u01b0\u1ee3c trang b\u1ecb n\u1ed9i th\u1ea5t cao c\u1ea5p, \u0111\u1ea7y \u0111\u1ee7 ti\u1ec7n nghi t\u1eeb ph\u00f2ng kh\u00e1ch cho \u0111\u1ebfn ph\u00f2ng ng\u1ee7.<\/p>\n<p>Decor \u0111\u01a1n gi\u1ea3n, m\u00e0u s\u1eafc nh\u00e3 nh\u1eb7n t\u1ea1o c\u1ea3m gi\u00e1c th\u01b0 gi\u00e3n &#8211; tho\u1ea3i m\u00e1i cho b\u1ea1n c\u0169ng nh\u01b0 m\u1ecdi ng\u01b0\u1eddi khi \u0111\u1ebfn \u0111\u00e2y ngh\u1ec9 d\u01b0\u1ee1ng.<\/p>\n<p><img decoding=\"async\" class=\"aligncenter wp-image-17312 size-full\" src=\"https:\/\/dalatreview.vn\/wp-content\/uploads\/2022\/03\/villa-mini-phan-boi-chau-3-phong.jpg\" alt=\"villa mini phan boi chau 3 phong\" width=\"1200\" height=\"900\" \/><\/p>\n<h2 id=\"3-dich-vu-tien-nghi\"><span style=\"color: #008000;\"><strong><span style=\"font-size: 24px;\">3. D\u1ecbch v\u1ee5 &amp; Ti\u1ec7n nghi<\/span><\/strong><\/span><\/h2>\n<p>G\u1ed3m 3 ph\u00f2ng ng\u1ee7 sang tr\u1ecdng kh\u00e9p k\u00edn:<br \/>\n3 ph\u00f2ng 1 gi\u01b0\u1eddng 2\u00a0ng\u01b0\u1eddi<\/p>\n<p>S\u1ee9c ch\u1ee9a 6-8 kh\u00e1ch. Ph\u00f2ng t\u1eafm c\u00f3 n\u00f3ng l\u1ea1nh, wc, \u0111\u1ea7y \u0111\u1ee7 \u0111\u1ed3 d\u00f9ng c\u00e1 nh\u00e2n c\u1ea7n thi\u1ebft.<\/p>\n<p>&#8212;&#8212;&#8212;&#8212;&#8212;&#8212;&#8212;&#8212;&#8212;&#8212;&#8212;&#8212;&#8212;&#8212;&#8212;&#8212;&#8212;&#8212;&#8211;<\/p>\n<p>&#8211; \u0110\u1ea7y \u0111\u1ee7 ti\u1ec7n nghi nh\u01b0 \u1edf nh\u00e0. C\u00f3 tivi, t\u1ee7 l\u1ea1nh, m\u00e1y giaetj v\u00e0 c\u00e1c ti\u1ec7n \u00edch kh\u00e1c.<\/p>\n<p>&#8211; C\u00f3 di\u1ec7n t\u00edch \u0111\u1ec3 n\u01b0\u1edbng BBQ ngo\u00e0i.<\/p>\n<p>&#8211; C\u00f3 ch\u1ed7 \u0111\u1eadu xe m\u00e1y, xe h\u01a1i an to\u00e0n mi\u1ec5n ph\u00ed, c\u00f3 d\u1ecbc v\u1ee5 thu\u00ea xe theo ngyaf t\u1ef1 l\u00e1i ho\u1eb7c c\u00f3 ng\u01b0\u1eddi l\u00e1i.<\/p>\n<p>&#8211; Y\u00ean t\u0129nh, an ninh 24\/24, s\u1ea1ch s\u1ebd, tho\u00e1ng m\u00e1t, view thi\u00ean nhi\u00ean si\u00eau \u0111\u1eb9p.<\/p>\n<p>&#8211; B\u1ebfp t\u1ef1 do n\u1ea5u n\u01b0\u1edbng \u0111\u1ea7y \u0111\u1ee7 d\u1ee5n c\u1ee5 v\u00e0 gia v\u1ecb \u0111\u1ebb ch\u1ebf bi\u1ebfn c\u00e1c m\u00f3n \u0103n theo s\u1edf th\u00edch.<\/p>\n<p>&#8211; Ch\u00eca kho\u00e1 trao tay tha h\u1ed3 ri\u00eang t\u01b0.<\/p>\n<p><img decoding=\"async\" class=\"aligncenter wp-image-17313 size-full\" src=\"https:\/\/dalatreview.vn\/wp-content\/uploads\/2022\/03\/villa-mini-phan-boi-chau-3-phong-1.jpg\" alt=\"villa mini phan boi chau 3 phong\" width=\"1200\" height=\"900\" \/><\/p>\n<h2 id=\"4-gia-phong\"><span style=\"color: #008000;\"><strong><span style=\"font-size: 24px;\">4.\u00a0Gi\u00e1 ph\u00f2ng<\/span><\/strong><\/span><\/h2>\n<p>Li\u00ean h\u1ec7 \u0111\u1ec3 \u0111\u01b0\u1ee3c \u0110\u00e0 L\u1ea1t Review t\u01b0 v\u1ea5n.<\/p>\n<h2 id=\"5-lien-he\"><span style=\"color: #008000;\">5. Li\u00ean h\u1ec7<\/span><\/h2>\n<p>Fanpage:\u00a0<a href=\"https:\/\/www.facebook.com\/booking.dalatreview.vn\/\">Booking \u0110\u00e0 L\u1ea1t \u2013 www.dalatreview.vn<\/a><\/p>\n<p>S\u0110T\/Zalo: 0988 249 297<\/p>","protected":false},"excerpt":{"rendered":"<p>Villa Mini \u0110\u00e0 L\u1ea1t Phan B\u1ed9i Ch\u00e2u 3 Ph\u00f2ng Danh m\u1ee5c ch\u00ednh 1. V\u1ecb tr\u00ed 2. Decor 3. D\u1ecbch v\u1ee5 &amp; Ti\u1ec7n nghi 4.\u00a0Gi\u00e1 ph\u00f2ng 5. Li\u00ean h\u1ec7 1. V\u1ecb tr\u00ed Villa n\u1eb1m \u1edf v\u1ecb tr\u00ed trung t\u00e2m \u0111\u01b0\u1eddng Phan B\u1ed9i Ch\u00e2u, Ph\u01b0\u1eddng 1, TP \u0110\u00e0 L\u1ea1t. D\u1ec5 d\u00e0ng v\u00e0 thu\u1eadn ti\u1ec7n cho vi\u1ec7c \u0111i [&hellip;]<\/p>","protected":false},"featured_media":17297,"comment_status":"open","ping_status":"closed","template":"","meta":{"_acf_changed":false,"rank_math_lock_modified_date":false},"product_cat":[29,2247,45],"product_tag":[],"acf":[],"_links":{"self":[{"href":"https:\/\/dalatreview.vn\/en\/wp-json\/wp\/v2\/product\/17296"}],"collection":[{"href":"https:\/\/dalatreview.vn\/en\/wp-json\/wp\/v2\/product"}],"about":[{"href":"https:\/\/dalatreview.vn\/en\/wp-json\/wp\/v2\/types\/product"}],"replies":[{"embeddable":true,"href":"https:\/\/dalatreview.vn\/en\/wp-json\/wp\/v2\/comments?post=17296"}],"wp:featuredmedia":[{"embeddable":true,"href":"https:\/\/dalatreview.vn\/en\/wp-json\/wp\/v2\/media\/17297"}],"wp:attachment":[{"href":"https:\/\/dalatreview.vn\/en\/wp-json\/wp\/v2\/media?parent=17296"}],"wp:term":[{"taxonomy":"product_cat","embeddable":true,"href":"https:\/\/dalatreview.vn\/en\/wp-json\/wp\/v2\/product_cat?post=17296"},{"taxonomy":"product_tag","embeddable":true,"href":"https:\/\/dalatreview.vn\/en\/wp-json\/wp\/v2\/product_tag?post=17296"}],"curies":[{"name":"wp","href":"https:\/\/api.w.org\/{rel}","templated":true}]}}