
{"id":17230,"date":"2022-03-08T10:56:49","date_gmt":"2022-03-08T03:56:49","guid":{"rendered":"https:\/\/dalatreview.vn\/?p=17230"},"modified":"2024-07-11T10:33:11","modified_gmt":"2024-07-11T03:33:11","slug":"villa-mini-da-lat-nguyen-tu-luc-5-phong","status":"publish","type":"product","link":"https:\/\/dalatreview.vn\/en\/villa-mini-da-lat-nguyen-tu-luc-5-phong.html","title":{"rendered":"Villa Mini \u0110\u00e0 L\u1ea1t Nguy\u00ean T\u1eed L\u1ef1c 5 Ph\u00f2ng"},"content":{"rendered":"<p style=\"text-align: center;\"><span style=\"color: #008000;\"><strong><span style=\"font-size: 24px;\">Villa Mini \u0110\u00e0 L\u1ea1t Nguy\u00ean T\u1eed L\u1ef1c 5 Ph\u00f2ng <\/span><\/strong><\/span><\/p>\n<nav class=\"vietrick-auto-toc\">\n<div class=\"box-title\">\n<h3 class=\"toc-title\" id=\"select-menu\">Danh m\u1ee5c ch\u00ednh<\/h3>\n<div><ion-icon name=\"chevron-up-outline\"><\/ion-icon><\/div>\n<\/div>\n<ul class=\"toc-list\">\n<li><a href='https:\/\/dalatreview.vn\/en#1-vi-tri' class='heading-h2 toc-link smooth-scroll'>1. V\u1ecb tr\u00ed<\/a>\n<li><a href='https:\/\/dalatreview.vn\/en#2-decor' class='heading-h2 toc-link smooth-scroll'>2. Decor<\/a>\n<li><a href='https:\/\/dalatreview.vn\/en#3-dich-vu-tien-nghi' class='heading-h2 toc-link smooth-scroll'>3. D\u1ecbch v\u1ee5 &amp; Ti\u1ec7n nghi<\/a>\n<li><a href='https:\/\/dalatreview.vn\/en#4-gia-phong' class='heading-h2 toc-link smooth-scroll'>4.\u00a0Gi\u00e1 ph\u00f2ng<\/a>\n<li><a href='https:\/\/dalatreview.vn\/en#5-lien-he' class='heading-h2 toc-link smooth-scroll'>5. Li\u00ean h\u1ec7<\/a><\/ul>\n<\/ul>\n<\/li>\n<\/ul>\n<\/nav>\n<h2 id=\"1-vi-tri\"><span style=\"color: #008000;\"><strong><span style=\"font-size: 24px;\">1. V\u1ecb tr\u00ed<\/span><\/strong><\/span><\/h2>\n<p>Villa t\u1ecda l\u1ea1c ngay v\u1ecb tr\u00ed trung t\u00e2m \u0111\u01b0\u1eddng Nguy\u00ean T\u1eed L\u1ef1c, Ph\u01b0\u1eddng 8, TP \u0110\u00e0 L\u1ea1t.<\/p>\n<p>Ch\u1ec9 c\u00e1ch ch\u1ee3 5 ph\u00fat ch\u1ea1y xe, g\u1ea7n qu\u1ea3ng tr\u01b0\u1eddng L\u00e2m Vi\u00ean, c\u00e1c khu mua s\u1eafm, \u0103n u\u1ed1ng v\u00e0 vui ch\u01a1i,.. d\u1ec5 d\u00e0ng di chuy\u1ec3n t\u1edbi c\u00e1c \u0111\u1ecba \u0111i\u1ec3m kh\u00e1c trong th\u00e0nh ph\u1ed1.<\/p>\n<p>H\u01a1n h\u1ebft n\u01a1i \u0111\u00e2y c\u00f3 n\u00e9t v\u0103n h\u00f3a r\u1ea5t \u0111\u1eb7c tr\u01b0ng, con ng\u01b0\u1eddi h\u00f2a \u0111\u1ed3ng, th\u00e2n thi\u1ec7n, d\u1ec5 g\u1ea7n v\u00e0 r\u1ea5t d\u1ec5 m\u1ebfn \u0111\u1ea5y !<\/p>\n<p><img decoding=\"async\" class=\"aligncenter wp-image-17243 size-full\" src=\"https:\/\/dalatreview.vn\/wp-content\/uploads\/2022\/03\/villa-mini-5p-nguyen-tu-luc-15-1.jpg\" alt=\"villa mini 5p nguyen tu luc\" width=\"1280\" height=\"960\" \/><\/p>\n<h2 id=\"2-decor\"><span style=\"color: #008000;\"><strong><span style=\"font-size: 24px;\">2. Decor<\/span><\/strong><\/span><\/h2>\n<p>Villa c\u00f3 tone m\u00e0u ch\u00ednh l\u00e0 tr\u1eafng v\u00e0 t\u00edm v\u1eeba m\u1ed9ng m\u01a1 d\u1ecbu d\u00e0ng, v\u1eeba sang tr\u1ecdng l\u1ecbch s\u1ef1. \u0110\u01b0\u1ee3c thi\u1ebft k\u1ebf theo phong c\u00e1ch hi\u1ec7n \u0111\u1ea1i v\u1edbi kh\u00f4ng gian m\u1edf r\u1ed9ng r\u00e3i, tho\u00e1ng m\u00e1t.<\/p>\n<p>Nh\u00e0 \u0111\u01b0\u1ee3c trang b\u1ecb n\u1ed9i th\u1ea5t cao c\u1ea5p, \u0111\u1ea7y \u0111\u1ee7 ti\u1ec7n nghi, h\u1ee9a h\u1eb9n s\u1ebd l\u00e0m h\u00e0i l\u00f2ng b\u1ea1n.<\/p>\n<p>C\u00f3 kh\u00f4ng gian sinh ho\u1ea1t chung v\u00e0 ri\u00eang r\u1ea5t tho\u1ea3i m\u00e1i v\u00e0 th\u01b0 gi\u00e3n kh\u00f4ng \u1ea3nh h\u01b0\u1edfng \u0111\u1ebfn ng\u01b0\u1eddi kh\u00e1c.<\/p>\n<p><img decoding=\"async\" class=\"aligncenter wp-image-17244 size-full\" src=\"https:\/\/dalatreview.vn\/wp-content\/uploads\/2022\/03\/villa-mini-5p-nguyen-tu-luc.jpg\" alt=\"villa mini 5p nguyen tu luc\" width=\"1200\" height=\"900\" \/><\/p>\n<h2 id=\"3-dich-vu-tien-nghi\"><span style=\"color: #008000;\"><strong><span style=\"font-size: 24px;\">3. D\u1ecbch v\u1ee5 &amp; Ti\u1ec7n nghi<\/span><\/strong><\/span><\/h2>\n<div class=\"pt-2\">\n<p>G\u1ed3m 5 ph\u00f2ng ng\u1ee7 sang tr\u1ecdng kh\u00e9p k\u00edn:<br \/>\n4 ph\u00f2ng 1 gi\u01b0\u1eddng 2 ng\u01b0\u1eddi<br \/>\n1 ph\u00f2ng 2 gi\u01b0\u1eddng 4 ng\u01b0\u1eddi<\/p>\n<p>S\u1ee9c ch\u1ee9a 12-14 kh\u00e1ch, c\u00f3 ph\u00f2ng t\u1eafm n\u00f3ng l\u1ea1nh, wc, v\u00e0 \u0111\u1ea7y \u0111\u1ee7 \u0111\u1ed3 d\u00f9ng c\u00e1 nh\u00e2n,&#8230;<\/p>\n<p>&#8212;&#8212;&#8212;&#8212;&#8212;&#8212;&#8212;&#8212;&#8212;&#8212;&#8212;&#8212;&#8212;&#8212;&#8212;&#8212;&#8212;&#8212;&#8212;&#8212;&#8212;&#8212;&#8212;&#8212;<\/p>\n<p>&#8211; \u0110\u1ea7y \u0111\u1ee7 ti\u1ec7n nghi nh\u01b0 \u1edf nh\u00e0. Ph\u00f2ng kh\u00e1ch r\u1ed9ng r\u00e3i, c\u00f3 tivi, t\u1ee7 l\u1ea1nh, d\u1ecbch v\u1ee5 internet mi\u1ec5n ph\u00ed,&#8230;<\/p>\n<p>&#8211; C\u00f3 di\u1ec7n t\u00edch \u0111\u1ec3 n\u01b0\u1edbng BBQ ngo\u00e0i tr\u1eddi.<\/p>\n<p>&#8211; C\u00f3 ch\u1ed7 \u0111\u1eadu xe m\u00e1y, xe h\u01a1i an to\u00e0n mi\u1ec5n ph\u00ed. C\u00f3 d\u1ecbch v\u1ee5 thu\u00ea xe theo ng\u00e0y t\u1ef1 l\u00e1i v\u00e0 c\u00f3 ng\u01b0\u1eddi l\u00e1i.<\/p>\n<p>&#8211; Y\u00ean t\u0129nh, an ninh 24\/24, s\u1ea1ch s\u1ebd, tho\u00e1ng m\u00e1t, view thi\u00ean nhi\u00ean si\u00eau \u0111\u1eb9p.<\/p>\n<p>&#8211; B\u1ebfp t\u1ef1 do n\u1ea5u n\u01b0\u1edbng \u0111\u1ea7y \u0111\u1ee7 d\u1ee5ng c\u1ee5 v\u00e0 gia v\u1ecb th\u1ecfa s\u1ee9c ch\u1ebf bi\u1ebfn c\u00e1c m\u00f3n \u0103n.<\/p>\n<p>&#8211; Ch\u00eca kho\u00e1 trao tay tha h\u1ed3 ri\u00eang t\u01b0 .<\/p>\n<\/div>\n<div class=\"clear\"><\/div>\n<div class=\"row\">\n<div class=\"tuongtu-title pt-3 m-3\"><img decoding=\"async\" class=\"aligncenter wp-image-17245 size-full\" src=\"https:\/\/dalatreview.vn\/wp-content\/uploads\/2022\/03\/villa-mini-5p-nguyen-tu-luc-18.jpg\" alt=\"villa mini 5p nguyen tu luc\" width=\"1200\" height=\"900\" \/><\/div>\n<\/div>\n<h2 id=\"4-gia-phong\"><span style=\"color: #008000;\"><strong><span style=\"font-size: 24px;\">4.\u00a0Gi\u00e1 ph\u00f2ng<\/span><\/strong><\/span><\/h2>\n<p>Li\u00ean h\u1ec7 \u0111\u1ec3 \u0111\u01b0\u1ee3c \u0110\u00e0 L\u1ea1t Review t\u01b0 v\u1ea5n.<\/p>\n<h2 id=\"5-lien-he\"><span style=\"color: #008000;\">5. Li\u00ean h\u1ec7<\/span><\/h2>\n<p>Fanpage:\u00a0<a href=\"https:\/\/www.facebook.com\/booking.dalatreview.vn\/\">Booking \u0110\u00e0 L\u1ea1t \u2013 www.dalatreview.vn<\/a><\/p>\n<p>S\u0110T\/Zalo: 0988 249 297<\/p>","protected":false},"excerpt":{"rendered":"<p>Villa Mini \u0110\u00e0 L\u1ea1t Nguy\u00ean T\u1eed L\u1ef1c 5 Ph\u00f2ng Danh m\u1ee5c ch\u00ednh 1. V\u1ecb tr\u00ed 2. Decor 3. D\u1ecbch v\u1ee5 &amp; Ti\u1ec7n nghi 4.\u00a0Gi\u00e1 ph\u00f2ng 5. Li\u00ean h\u1ec7 1. V\u1ecb tr\u00ed Villa t\u1ecda l\u1ea1c ngay v\u1ecb tr\u00ed trung t\u00e2m \u0111\u01b0\u1eddng Nguy\u00ean T\u1eed L\u1ef1c, Ph\u01b0\u1eddng 8, TP \u0110\u00e0 L\u1ea1t. Ch\u1ec9 c\u00e1ch ch\u1ee3 5 ph\u00fat ch\u1ea1y xe, [&hellip;]<\/p>","protected":false},"featured_media":17231,"comment_status":"open","ping_status":"closed","template":"","meta":{"_acf_changed":false,"rank_math_lock_modified_date":false},"product_cat":[29,2254,45],"product_tag":[],"acf":[],"_links":{"self":[{"href":"https:\/\/dalatreview.vn\/en\/wp-json\/wp\/v2\/product\/17230"}],"collection":[{"href":"https:\/\/dalatreview.vn\/en\/wp-json\/wp\/v2\/product"}],"about":[{"href":"https:\/\/dalatreview.vn\/en\/wp-json\/wp\/v2\/types\/product"}],"replies":[{"embeddable":true,"href":"https:\/\/dalatreview.vn\/en\/wp-json\/wp\/v2\/comments?post=17230"}],"wp:featuredmedia":[{"embeddable":true,"href":"https:\/\/dalatreview.vn\/en\/wp-json\/wp\/v2\/media\/17231"}],"wp:attachment":[{"href":"https:\/\/dalatreview.vn\/en\/wp-json\/wp\/v2\/media?parent=17230"}],"wp:term":[{"taxonomy":"product_cat","embeddable":true,"href":"https:\/\/dalatreview.vn\/en\/wp-json\/wp\/v2\/product_cat?post=17230"},{"taxonomy":"product_tag","embeddable":true,"href":"https:\/\/dalatreview.vn\/en\/wp-json\/wp\/v2\/product_tag?post=17230"}],"curies":[{"name":"wp","href":"https:\/\/api.w.org\/{rel}","templated":true}]}}