
{"id":17185,"date":"2022-03-08T09:35:36","date_gmt":"2022-03-08T02:35:36","guid":{"rendered":"https:\/\/dalatreview.vn\/?p=17185"},"modified":"2024-07-11T10:33:36","modified_gmt":"2024-07-11T03:33:36","slug":"villa-mini-da-lat-kqh-vien-nghien-cuu-hat-nhan-3-phong","status":"publish","type":"product","link":"https:\/\/dalatreview.vn\/en\/villa-mini-da-lat-kqh-vien-nghien-cuu-hat-nhan-3-phong.html","title":{"rendered":"Villa Mini \u0110\u00e0 L\u1ea1t KQH Vi\u1ec7n Nghi\u00ean C\u1ee9u H\u1ea1t Nh\u00e2n 3 Ph\u00f2ng"},"content":{"rendered":"<p style=\"text-align: center;\"><span style=\"color: #008000;\"><strong><span style=\"font-size: 24px;\">Villa Mini \u0110\u00e0 L\u1ea1t KQH Vi\u1ec7n Nghi\u00ean C\u1ee9u H\u1ea1t Nh\u00e2n 3 Ph\u00f2ng <\/span><\/strong><\/span><\/p>\n<nav class=\"vietrick-auto-toc\">\n<div class=\"box-title\">\n<h3 class=\"toc-title\" id=\"select-menu\">Danh m\u1ee5c ch\u00ednh<\/h3>\n<div><ion-icon name=\"chevron-up-outline\"><\/ion-icon><\/div>\n<\/div>\n<ul class=\"toc-list\">\n<li><a href='https:\/\/dalatreview.vn\/en#1-vi-tri' class='heading-h2 toc-link smooth-scroll'>1. V\u1ecb tr\u00ed<\/a>\n<li><a href='https:\/\/dalatreview.vn\/en#2-decor' class='heading-h2 toc-link smooth-scroll'>2. Decor<\/a>\n<li><a href='https:\/\/dalatreview.vn\/en#3-dich-vu-tien-nghi' class='heading-h2 toc-link smooth-scroll'>3. D\u1ecbch v\u1ee5 &amp; Ti\u1ec7n nghi<\/a>\n<li><a href='https:\/\/dalatreview.vn\/en#4-gia-phong' class='heading-h2 toc-link smooth-scroll'>4.\u00a0Gi\u00e1 ph\u00f2ng<\/a>\n<li><a href='https:\/\/dalatreview.vn\/en#5-lien-he' class='heading-h2 toc-link smooth-scroll'>5. Li\u00ean h\u1ec7<\/a><\/ul>\n<\/ul>\n<\/li>\n<\/ul>\n<\/nav>\n<h2 id=\"1-vi-tri\"><span style=\"color: #008000;\"><strong><span style=\"font-size: 24px;\">1. V\u1ecb tr\u00ed<\/span><\/strong><\/span><\/h2>\n<p>T\u1ecda l\u1ea1c t\u1ea1i \u0111\u01b0\u1eddng H\u00f9ng V\u01b0\u01a1ng, Ph\u01b0\u1eddng 11, TP \u0110\u00e0 L\u1ea1t. Nhi\u1ec1u kh\u00e1ch h\u00e0ng khi nghe t\u00ean khu quy ho\u1ea1ch Vi\u1ec7n Nghi\u00ean C\u1ee9u H\u1ea1t Nh\u00e2n c\u1ee9 ngh\u0129 \u0111\u00e2y l\u00e0 khu quy ho\u1ea1ch g\u1ea7n l\u00f2 ph\u1ea3n \u1ee9ng h\u1ea1t nh\u00e2n c\u1ee7a \u0110\u00e0 L\u1ea1t. Nh\u01b0ng th\u1eadt ra l\u00f2 ph\u1ea3n \u1ee9ng h\u1ea1t nh\u00e2n c\u1ee7a \u0110\u00e0 L\u1ea1t n\u1eb1m t\u1ea1i \u0111\u01b0\u1eddng Nguy\u00ean T\u1eed L\u1ef1c.<\/p>\n<div class=\"wpb_column vc_column_container vc_col-sm-6 vc_column\">\n<div class=\"vc_column-inner\">\n<div class=\"wpb_wrapper\">\n<div class=\"wpb_text_column wpb_content_element vc_column_text\">\n<div class=\"wpb_wrapper\">\n<p>T\u1eeb v\u1ecb tr\u00ed khu quy ho\u1ea1ch n\u00e0y r\u1ea5t d\u1ec5 d\u00e0ng di chuy\u1ec3n \u0111\u1ebfn \u0111\u1ebfn H\u1ed3 Xu\u00e2n H\u01b0\u01a1ng, ch\u1ee3 \u0110\u00e0 L\u1ea1t qua tr\u1ee5c \u0111\u01b0\u1eddng H\u00f9ng V\u01b0\u01a1ng \u2013 H\u1ed3 T\u00f9ng M\u1eadu hay di chuy\u1ec3n v\u1ec1 Tr\u1ea1i M\u00e1t, C\u1ea7u \u0110\u1ea5t qua Qu\u1ed1c l\u1ed9 20.<\/p>\n<p>C\u00f3 th\u1ec3 n\u00f3i m\u00f4i tr\u01b0\u1eddng s\u1ed1ng t\u1ea1i khu quy ho\u1ea1ch Vi\u1ec7n Nghi\u00ean C\u1ee9u H\u1ea1t Nh\u00e2n l\u00e0 v\u00f4 c\u00f9ng l\u00fd t\u01b0\u1edfng \u0111\u1ec3 ngh\u1ec9 d\u01b0\u1ee1ng. B\u1edfi n\u01a1i \u0111\u00e2y ch\u1ec9 bao g\u1ed3m m\u1ed9t s\u1ed1 c\u0103n bi\u1ec7t th\u1ef1 n\u1eb1m tr\u00ean m\u1ed9t \u0111\u1ec9nh \u0111\u1ed3i. Kh\u00f4ng kh\u00ed trong l\u00e0nh, m\u00f4i tr\u01b0\u1eddng an ninh, y\u00ean t\u0129nh v\u00e0 g\u00f3c view \u0111\u1eb9p \u0111\u00f3 l\u00e0 nh\u1eefng \u01b0u \u0111i\u1ec3m c\u1ee7a khu quy ho\u1ea1ch Vi\u1ec7n Nghi\u00ean C\u1ee9u H\u1ea1t Nh\u00e2n.<\/p>\n<p><img decoding=\"async\" class=\"aligncenter wp-image-17199 size-full\" src=\"https:\/\/dalatreview.vn\/wp-content\/uploads\/2022\/03\/villa-mini-3p-kqh-vien-nghien-cuu-hat-nhan-19-1.jpg\" alt=\"villa mini 3p kqh vien nghien cuu hat nhan\" width=\"1280\" height=\"960\" \/><\/p>\n<\/div>\n<\/div>\n<\/div>\n<\/div>\n<\/div>\n<h2 id=\"2-decor\"><span style=\"color: #008000;\"><strong><span style=\"font-size: 24px;\">2. Decor<\/span><\/strong><\/span><\/h2>\n<p>Villa \u0111\u01b0\u1ee3c x\u00e2y d\u1ef1ng theo phong c\u00e1ch hi\u1ec7n \u0111\u1ea1i h\u00f2a c\u00f9ng 1 ch\u00fat h\u01a1i h\u01b0\u1edbng Nh\u1eadt B\u1ea3n v\u1edbi thi\u1ebft k\u1ebf m\u1edf r\u1ed9ng r\u00e3i tho\u00e1ng m\u00e1t, c\u1eeda k\u00ednh \u0111\u00f3n \u00e1nh s\u00e1ng t\u1ef1 nhi\u00ean gi\u00fap b\u1ea7u kh\u00f4ng kh\u00ed trong nh\u00e0 tr\u1edf n\u00ean \u1ea5m \u00e1p v\u00e0 trong l\u00e0nh h\u01a1n.<\/p>\n<p>Nh\u00e0 n\u1eb1m \u1edf view cao n\u00ean b\u1ea1n c\u00f3 th\u1ec3 ng\u1eafm nh\u00ecn c\u1ea3nh quan thi\u00ean nhi\u00ean r\u1ea5t \u0111\u1eb9p c\u1ea3 ng\u00e0y l\u1eabn \u0111\u00eam.<\/p>\n<p>Ngo\u00e0i ra, villa c\u00f2n \u0111\u01b0\u1ee3c trang b\u1ecb n\u1ed9i th\u1ea5t cao c\u1ea5p, \u0111\u1ea7y \u0111\u1ee7 v\u00e0 r\u1ea5t ti\u1ec7n nghi \u0111\u1ea3m b\u1ea3o s\u1ebd l\u00e0m h\u00e0i l\u00f2ng t\u1ea5t c\u1ea3 m\u1ecdi ng\u01b0\u1eddi. C\u00f3 kh\u00f4ng gian sinh ho\u1ea1t chung, s\u00e2n v\u01b0\u1eddn r\u1ed9ng r\u00e3i, c\u00f3 th\u00eam b\u1ed9 b\u00e0n bi-a cho c\u00e1c anh vui ch\u01a1i n\u1eefa \u0111\u1ea5y nh\u00e9 !<\/p>\n<p><img decoding=\"async\" class=\"aligncenter wp-image-17200 size-full\" src=\"https:\/\/dalatreview.vn\/wp-content\/uploads\/2022\/03\/villa-mini-3p-kqh-vien-nghien-cuu-hat-nhan-2.jpg\" alt=\"villa mini 3p kqh vien nghien cuu hat nhan\" width=\"1200\" height=\"900\" \/><\/p>\n<h2 id=\"3-dich-vu-tien-nghi\"><span style=\"color: #008000;\"><strong><span style=\"font-size: 24px;\">3. D\u1ecbch v\u1ee5 &amp; Ti\u1ec7n nghi<\/span><\/strong><\/span><\/h2>\n<p>&#8211; G\u1ed3m 3 ph\u00f2ng ng\u1ee7 sang tr\u1ecdng kh\u00e9p k\u00edn:<br \/>\n3 ph\u00f2ng 1 gi\u01b0\u1eddng 2\u00a0ng\u01b0\u1eddi<\/p>\n<p>S\u1ee9c ch\u1ee9a 6-10 kh\u00e1ch. C\u00f3 nh\u00e0 t\u1eafm n\u00f3ng l\u1ea1nh, wc, \u0111\u1ea7y \u0111\u1ee7 \u0111\u1ed3 d\u00f9ng c\u00e1 nh\u00e2n c\u1ea7n thi\u1ebft.<\/p>\n<p>&#8212;&#8212;&#8212;&#8212;&#8212;&#8212;&#8212;&#8212;&#8212;&#8212;&#8212;&#8212;&#8212;&#8212;&#8212;&#8212;&#8212;&#8212;&#8211;<\/p>\n<p>&#8211; \u0110\u1ea7y \u0111\u1ee7 ti\u1ec7n nghi nh\u01b0 \u1edf nh\u00e0. C\u00f3 tivi, t\u1ee7 l\u1ea1nh, m\u00e1y gi\u1eb7t, internet, b\u00e0n bi-a,&#8230;<\/p>\n<p>&#8211; C\u00f3 di\u1ec7n t\u00edch \u0111\u1ec3 n\u01b0\u1edbng BBQ ngo\u00e0i tr\u1eddi.<\/p>\n<p>&#8211; C\u00f3 ch\u1ed7 \u0111\u1eadu xe m\u00e1y, xe h\u01a1i an to\u00e0n mi\u1ec5n ph\u00ed. C\u00f3 d\u1ecbch v\u1ee5 thu\u00ea xe.<\/p>\n<p>&#8211; Y\u00ean t\u0129nh, an ninh 24\/24, s\u1ea1ch s\u1ebd, tho\u00e1ng m\u00e1t, view thi\u00ean nhi\u00ean si\u00eau \u0111\u1eb9p.<\/p>\n<p>&#8211; B\u1ebfp t\u1ef1 do n\u1ea5u n\u01b0\u1edbng \u0111\u1ea7y \u0111\u1ee7 d\u1ee5ng c\u1ee5 v\u00e0 gia v\u1ecb \u0111\u1ec3 ch\u1ebf bi\u1ebfn c\u00e1c m\u00f3n \u0103n.<\/p>\n<p>&#8211; Ch\u00eca kho\u00e1 trao tay tha h\u1ed3 ri\u00eang t\u01b0.<\/p>\n<p><img decoding=\"async\" class=\"aligncenter wp-image-17201 size-full\" src=\"https:\/\/dalatreview.vn\/wp-content\/uploads\/2022\/03\/villa-mini-3p-kqh-vien-nghien-cuu-hat-nhan-30.jpg\" alt=\"villa mini 3p kqh vien nghien cuu hat nhan\" width=\"1200\" height=\"900\" \/><\/p>\n<h2 id=\"4-gia-phong\"><span style=\"color: #008000;\"><strong><span style=\"font-size: 24px;\">4.\u00a0Gi\u00e1 ph\u00f2ng<\/span><\/strong><\/span><\/h2>\n<p>Li\u00ean h\u1ec7 \u0111\u1ec3 \u0111\u01b0\u1ee3c \u0110\u00e0 L\u1ea1t Review t\u01b0 v\u1ea5n.<\/p>\n<h2 id=\"5-lien-he\"><span style=\"color: #008000;\">5. Li\u00ean h\u1ec7<\/span><\/h2>\n<p>Fanpage:\u00a0<a href=\"https:\/\/www.facebook.com\/booking.dalatreview.vn\/\">Booking \u0110\u00e0 L\u1ea1t \u2013 www.dalatreview.vn<\/a><\/p>\n<p>S\u0110T\/Zalo: 0988 249 297<\/p>","protected":false},"excerpt":{"rendered":"<p>Villa Mini \u0110\u00e0 L\u1ea1t KQH Vi\u1ec7n Nghi\u00ean C\u1ee9u H\u1ea1t Nh\u00e2n 3 Ph\u00f2ng Danh m\u1ee5c ch\u00ednh 1. V\u1ecb tr\u00ed 2. Decor 3. D\u1ecbch v\u1ee5 &amp; Ti\u1ec7n nghi 4.\u00a0Gi\u00e1 ph\u00f2ng 5. Li\u00ean h\u1ec7 1. V\u1ecb tr\u00ed T\u1ecda l\u1ea1c t\u1ea1i \u0111\u01b0\u1eddng H\u00f9ng V\u01b0\u01a1ng, Ph\u01b0\u1eddng 11, TP \u0110\u00e0 L\u1ea1t. Nhi\u1ec1u kh\u00e1ch h\u00e0ng khi nghe t\u00ean khu quy ho\u1ea1ch Vi\u1ec7n [&hellip;]<\/p>","protected":false},"featured_media":17186,"comment_status":"open","ping_status":"closed","template":"","meta":{"_acf_changed":false,"rank_math_lock_modified_date":false},"product_cat":[29,2247,45],"product_tag":[],"acf":[],"_links":{"self":[{"href":"https:\/\/dalatreview.vn\/en\/wp-json\/wp\/v2\/product\/17185"}],"collection":[{"href":"https:\/\/dalatreview.vn\/en\/wp-json\/wp\/v2\/product"}],"about":[{"href":"https:\/\/dalatreview.vn\/en\/wp-json\/wp\/v2\/types\/product"}],"replies":[{"embeddable":true,"href":"https:\/\/dalatreview.vn\/en\/wp-json\/wp\/v2\/comments?post=17185"}],"wp:featuredmedia":[{"embeddable":true,"href":"https:\/\/dalatreview.vn\/en\/wp-json\/wp\/v2\/media\/17186"}],"wp:attachment":[{"href":"https:\/\/dalatreview.vn\/en\/wp-json\/wp\/v2\/media?parent=17185"}],"wp:term":[{"taxonomy":"product_cat","embeddable":true,"href":"https:\/\/dalatreview.vn\/en\/wp-json\/wp\/v2\/product_cat?post=17185"},{"taxonomy":"product_tag","embeddable":true,"href":"https:\/\/dalatreview.vn\/en\/wp-json\/wp\/v2\/product_tag?post=17185"}],"curies":[{"name":"wp","href":"https:\/\/api.w.org\/{rel}","templated":true}]}}