
{"id":17099,"date":"2022-03-07T15:33:21","date_gmt":"2022-03-07T08:33:21","guid":{"rendered":"https:\/\/dalatreview.vn\/?p=17099"},"modified":"2024-07-11T10:36:21","modified_gmt":"2024-07-11T03:36:21","slug":"villa-mini-da-lat-ngo-thi-sy-3-phong","status":"publish","type":"product","link":"https:\/\/dalatreview.vn\/en\/villa-mini-da-lat-ngo-thi-sy-3-phong.html","title":{"rendered":"Villa Mini \u0110\u00e0 L\u1ea1t Ng\u00f4 Thi S\u1ef9 3 Ph\u00f2ng"},"content":{"rendered":"<p style=\"text-align: center;\"><span style=\"color: #008000;\"><strong><span style=\"font-size: 24px;\">Villa Mini \u0110\u00e0 L\u1ea1t Ng\u00f4 Thi S\u1ef9 3 Ph\u00f2ng <\/span><\/strong><\/span><\/p>\n<nav class=\"vietrick-auto-toc\">\n<div class=\"box-title\">\n<h3 class=\"toc-title\" id=\"select-menu\">Danh m\u1ee5c ch\u00ednh<\/h3>\n<div><ion-icon name=\"chevron-up-outline\"><\/ion-icon><\/div>\n<\/div>\n<ul class=\"toc-list\">\n<li><a href='https:\/\/dalatreview.vn\/en#1-vi-tri' class='heading-h2 toc-link smooth-scroll'>1. V\u1ecb tr\u00ed<\/a>\n<li><a href='https:\/\/dalatreview.vn\/en#2-decor' class='heading-h2 toc-link smooth-scroll'>2. Decor<\/a>\n<li><a href='https:\/\/dalatreview.vn\/en#3-dich-vu-tien-nghi' class='heading-h2 toc-link smooth-scroll'>3. D\u1ecbch v\u1ee5 &amp; Ti\u1ec7n nghi<\/a>\n<li><a href='https:\/\/dalatreview.vn\/en#4-gia-phong' class='heading-h2 toc-link smooth-scroll'>4.\u00a0Gi\u00e1 ph\u00f2ng<\/a>\n<li><a href='https:\/\/dalatreview.vn\/en#5-lien-he' class='heading-h2 toc-link smooth-scroll'>5. Li\u00ean h\u1ec7<\/a><\/ul>\n<\/ul>\n<\/li>\n<\/ul>\n<\/nav>\n<h2 id=\"1-vi-tri\"><span style=\"color: #008000;\"><strong><span style=\"font-size: 24px;\">1. V\u1ecb tr\u00ed<\/span><\/strong><\/span><\/h2>\n<p>N\u1eb1m \u1edf v\u1ecb tr\u00ed trung t\u00e2m \u0111\u01b0\u1eddng Ng\u00f4 Thi S\u1ef9, Ph\u01b0\u1eddng 4, TP \u0110\u00e0 L\u1ea1t. V\u1ecb tr\u00ed g\u1ea7n trung t\u00e2m, m\u00f4i tr\u01b0\u1eddng s\u1ed1ng trong l\u00e0nh, y\u00ean t\u0129nh v\u00e0 th\u00f4ng tho\u00e1ng. Con ng\u01b0\u1eddi l\u1ea1i v\u00f4 c\u00f9ng th\u00e2n thi\u1ec7n, hi\u1ebfu kh\u00e1ch t\u1ea1o t\u1ea1o c\u1ea3m gi\u00e1c y\u00ean b\u00ecnh, th\u00e2n thu\u1ed9c khi \u0111i ngh\u1ec9 d\u01b0\u1ee1ng.<\/p>\n<p>\u0110\u00e2y l\u00e0 cung \u0111\u01b0\u1eddng h\u1ed9i t\u1ee5 nhi\u1ec1u \u0111i\u1ec3m \u0103n u\u1ed1ng, mua s\u1eafm v\u00e0 vui ch\u01a1i trong TP. D\u1ec5 d\u00e0ng di chuy\u1ec3n t\u1edbi c\u00e1c \u0111\u1ecba \u0111i\u1ec3m n\u1ed5i ti\u1ebfng kh\u00e1c n\u1eefa nh\u00e9 !<\/p>\n<p><img decoding=\"async\" class=\"aligncenter wp-image-17111 size-full\" src=\"https:\/\/dalatreview.vn\/wp-content\/uploads\/2022\/03\/villa-mini-3p-ngo-thi-sy-20.jpg\" alt=\"villa mini 3p ngo thi sy\" width=\"1600\" height=\"900\" \/><\/p>\n<h2 id=\"2-decor\"><span style=\"color: #008000;\"><strong><span style=\"font-size: 24px;\">2. Decor<\/span><\/strong><\/span><\/h2>\n<p>Villa \u0111\u01b0\u1ee3c bao b\u1ecdc b\u1edfi s\u1ef1 trong l\u00e0nh v\u00e0 xanh m\u00e1t c\u1ee7a r\u1eebng th\u00f4ng mang l\u1ea1i s\u1ef1 b\u00ecnh y\u00ean v\u00f4 c\u00f9ng cho b\u1ea1n, xua tan m\u1ecdi m\u1ec7t m\u1ecfi v\u00e0 \u01b0u phi\u1ec1n trong cu\u1ed9c s\u1ed1ng h\u1eb1ng ng\u00e0y m\u00e0 b\u1ea1n ph\u1ea3i g\u1ed3ng g\u00e1nh.<\/p>\n<p>\u1ede \u0111\u00e2y c\u00f3 view thi\u00ean nhi\u00ean r\u1ea5t \u0111\u1eb9p, c\u00f3 th\u1ec3 ng\u1eafm nh\u00ecn b\u00ecnh minh v\u00e0 ho\u00e0ng h\u00f4n m\u1ed7i ng\u00e0y. V\u1ec1 \u0111\u00eam s\u1ebd hi\u1ec7n\u00a0l\u00ean 1 khung c\u1ea3nh lung linh th\u01a1 m\u1ed9ng khi\u1ebfn b\u1ea1n ph\u1ea3i say m\u00ea.<\/p>\n<p>Ngo\u00e0i ra, c\u0103n nh\u00e0 c\u00f2n \u0111\u01b0\u1ee3c trang b\u1ecb n\u1ed9i th\u1ea5t \u0111\u1ea7y \u0111\u1ee7 ti\u1ec7n nghi, thi\u1ebft k\u1ebf theo kh\u00f4ng gain m\u1edf \u0111\u00f3n \u00e1nh s\u00e1ng t\u1ef1 nhi\u00ean \u1ea5m \u00e1p t\u1ea1o c\u1ea3m gi\u00e1c g\u1ea7n g\u0169i th\u00e2n quen nh\u01b0 ch\u00ednh nh\u00e0 c\u1ee7a m\u00ecnh v\u1eady.<\/p>\n<p><img decoding=\"async\" class=\"aligncenter wp-image-17112 size-full\" src=\"https:\/\/dalatreview.vn\/wp-content\/uploads\/2022\/03\/villa-mini-3p-ngo-thi-sy.jpg\" alt=\"villa mini 3p ngo thi sy\" width=\"1200\" height=\"900\" \/><\/p>\n<h2 id=\"3-dich-vu-tien-nghi\"><span style=\"color: #008000;\"><strong><span style=\"font-size: 24px;\">3. D\u1ecbch v\u1ee5 &amp; Ti\u1ec7n nghi<\/span><\/strong><\/span><\/h2>\n<p>G\u1ed3m 3 ph\u00f2ng ng\u1ee7 sang tr\u1ecdng:<br \/>\n3 ph\u00f2ng 1 gi\u01b0\u1eddng 2\u00a0ng\u01b0\u1eddi<\/p>\n<p>S\u1ee9c ch\u1ee9a 8-10 kh\u00e1ch<\/p>\n<p>&#8212;&#8212;&#8212;&#8212;&#8212;&#8212;&#8212;&#8212;&#8212;&#8212;&#8212;&#8212;&#8212;&#8212;&#8212;&#8212;&#8212;&#8212;&#8211;<\/p>\n<p>&#8211; \u0110\u1ea7y \u0111\u1ee7 ti\u1ec7n nghi nh\u01b0 \u1edf nh\u00e0. C\u00f3 nh\u00e0 t\u1eafm, wc, n\u00f3ng l\u1ea1nh, tivi, t\u1ee7 l\u1ea1nh,..<\/p>\n<p>&#8211; C\u00f3 di\u1ec7n t\u00edch \u0111\u1ec3 n\u01b0\u1edbng BBQ ngo\u00e0i tr\u1eddi v\u1edbi view thi\u00ean nhi\u00ean r\u1ea5t \u0111\u1eb9p.<\/p>\n<p>&#8211; C\u00f3 ch\u1ed7 \u0111\u1eadu xe m\u00e1y, xe h\u01a1i an to\u00e0n mi\u1ec5n ph\u00ed. C\u00f3 d\u1ecbch v\u1ee5 thu\u00ea xe t\u1ef1 l\u00e1i.<\/p>\n<p>&#8211; Y\u00ean t\u0129nh, an ninh 24\/24, s\u1ea1ch s\u1ebd, tho\u00e1ng m\u00e1t, view thi\u00ean nhi\u00ean si\u00eau \u0111\u1eb9p.<\/p>\n<p>&#8211; B\u1ebfp t\u1ef1 do n\u1ea5u n\u01b0\u1edbng \u0111\u1ea7y \u0111\u1ee7 d\u1ee5ng c\u1ee5 v\u00e0 gia v\u1ecb.<\/p>\n<p>&#8211; Ch\u00eca kho\u00e1 trao tay tha h\u1ed3 ri\u00eang t\u01b0.<\/p>\n<p><img decoding=\"async\" class=\"aligncenter wp-image-17113 size-full\" src=\"https:\/\/dalatreview.vn\/wp-content\/uploads\/2022\/03\/villa-mini-3p-ngo-thi-sy-22.jpg\" alt=\"villa mini 3p ngo thi sy\" width=\"1200\" height=\"900\" \/><\/p>\n<h2 id=\"4-gia-phong\"><span style=\"color: #008000;\"><strong><span style=\"font-size: 24px;\">4.\u00a0Gi\u00e1 ph\u00f2ng<\/span><\/strong><\/span><\/h2>\n<p>Li\u00ean h\u1ec7 \u0111\u1ec3 \u0111\u01b0\u1ee3c \u0110\u00e0 L\u1ea1t Review t\u01b0 v\u1ea5n.<\/p>\n<h2 id=\"5-lien-he\"><span style=\"color: #008000;\">5. Li\u00ean h\u1ec7<\/span><\/h2>\n<p>Fanpage:\u00a0<a href=\"https:\/\/www.facebook.com\/booking.dalatreview.vn\/\">Booking \u0110\u00e0 L\u1ea1t \u2013 www.dalatreview.vn<\/a><\/p>\n<p>S\u0110T\/Zalo: 0988 249 297<\/p>","protected":false},"excerpt":{"rendered":"<p>Villa Mini \u0110\u00e0 L\u1ea1t Ng\u00f4 Thi S\u1ef9 3 Ph\u00f2ng Danh m\u1ee5c ch\u00ednh 1. V\u1ecb tr\u00ed 2. Decor 3. D\u1ecbch v\u1ee5 &amp; Ti\u1ec7n nghi 4.\u00a0Gi\u00e1 ph\u00f2ng 5. Li\u00ean h\u1ec7 1. V\u1ecb tr\u00ed N\u1eb1m \u1edf v\u1ecb tr\u00ed trung t\u00e2m \u0111\u01b0\u1eddng Ng\u00f4 Thi S\u1ef9, Ph\u01b0\u1eddng 4, TP \u0110\u00e0 L\u1ea1t. V\u1ecb tr\u00ed g\u1ea7n trung t\u00e2m, m\u00f4i tr\u01b0\u1eddng s\u1ed1ng trong [&hellip;]<\/p>","protected":false},"featured_media":17100,"comment_status":"open","ping_status":"closed","template":"","meta":{"_acf_changed":false,"rank_math_lock_modified_date":false},"product_cat":[29,2247,45],"product_tag":[],"acf":[],"_links":{"self":[{"href":"https:\/\/dalatreview.vn\/en\/wp-json\/wp\/v2\/product\/17099"}],"collection":[{"href":"https:\/\/dalatreview.vn\/en\/wp-json\/wp\/v2\/product"}],"about":[{"href":"https:\/\/dalatreview.vn\/en\/wp-json\/wp\/v2\/types\/product"}],"replies":[{"embeddable":true,"href":"https:\/\/dalatreview.vn\/en\/wp-json\/wp\/v2\/comments?post=17099"}],"wp:featuredmedia":[{"embeddable":true,"href":"https:\/\/dalatreview.vn\/en\/wp-json\/wp\/v2\/media\/17100"}],"wp:attachment":[{"href":"https:\/\/dalatreview.vn\/en\/wp-json\/wp\/v2\/media?parent=17099"}],"wp:term":[{"taxonomy":"product_cat","embeddable":true,"href":"https:\/\/dalatreview.vn\/en\/wp-json\/wp\/v2\/product_cat?post=17099"},{"taxonomy":"product_tag","embeddable":true,"href":"https:\/\/dalatreview.vn\/en\/wp-json\/wp\/v2\/product_tag?post=17099"}],"curies":[{"name":"wp","href":"https:\/\/api.w.org\/{rel}","templated":true}]}}