
{"id":17082,"date":"2022-03-07T15:10:49","date_gmt":"2022-03-07T08:10:49","guid":{"rendered":"https:\/\/dalatreview.vn\/?p=17082"},"modified":"2024-07-11T10:36:34","modified_gmt":"2024-07-11T03:36:34","slug":"villa-mini-da-lat-thanh-tam-3-phong","status":"publish","type":"product","link":"https:\/\/dalatreview.vn\/en\/villa-mini-da-lat-thanh-tam-3-phong.html","title":{"rendered":"Villa Mini \u0110\u00e0 L\u1ea1t Th\u00e1nh T\u00e2m 3 Ph\u00f2ng"},"content":{"rendered":"<p style=\"text-align: center;\"><span style=\"color: #008000;\"><strong><span style=\"font-size: 24px;\">Villa Mini \u0110\u00e0 L\u1ea1t Th\u00e1nh T\u00e2m 3 Ph\u00f2ng <\/span><\/strong><\/span><\/p>\n<nav class=\"vietrick-auto-toc\">\n<div class=\"box-title\">\n<h3 class=\"toc-title\" id=\"select-menu\">Danh m\u1ee5c ch\u00ednh<\/h3>\n<div><ion-icon name=\"chevron-up-outline\"><\/ion-icon><\/div>\n<\/div>\n<ul class=\"toc-list\">\n<li><a href='https:\/\/dalatreview.vn\/en#1-vi-tri' class='heading-h2 toc-link smooth-scroll'>1. V\u1ecb tr\u00ed<\/a>\n<li><a href='https:\/\/dalatreview.vn\/en#2-decor' class='heading-h2 toc-link smooth-scroll'>2. Decor<\/a>\n<li><a href='https:\/\/dalatreview.vn\/en#3-dich-vu-tien-nghi' class='heading-h2 toc-link smooth-scroll'>3. D\u1ecbch v\u1ee5 &amp; Ti\u1ec7n nghi<\/a>\n<li><a href='https:\/\/dalatreview.vn\/en#4-gia-phong' class='heading-h2 toc-link smooth-scroll'>4.\u00a0Gi\u00e1 ph\u00f2ng<\/a>\n<li><a href='https:\/\/dalatreview.vn\/en#5-lien-he' class='heading-h2 toc-link smooth-scroll'>5. Li\u00ean h\u1ec7<\/a><\/ul>\n<\/ul>\n<\/li>\n<\/ul>\n<\/nav>\n<h2 id=\"1-vi-tri\"><span style=\"color: #008000;\"><strong><span style=\"font-size: 24px;\">1. V\u1ecb tr\u00ed<\/span><\/strong><\/span><\/h2>\n<p>Villa n\u1eb1m tr\u00ean con \u0111\u01b0\u1eddng Th\u00e1nh T\u00e2m, ph\u01b0\u1eddng 5, TP \u0110\u00e0 L\u1ea1t. N\u01a1i \u0111\u00e2y giao th\u00f4ng thu\u1eadn ti\u1ec7n cho vi\u1ec7c \u0111i l\u1ea1i, di chuy\u1ec3n t\u1edbi c\u00e1c \u0111\u1ecba \u0111i\u1ec3m du l\u1ecbch n\u1ed5i ti\u1ebfng trong Th\u00e0nh Ph\u1ed1.<\/p>\n<p>H\u01a1n n\u1eefa con \u0111\u01b0\u1eddng n\u00e0y l\u1ea1i l\u00e0 n\u01a1i h\u1ed9i t\u1ee5 c\u00e1c khu \u0103n u\u1ed1ng, mua s\u1eafm, vui ch\u01a1i ngon b\u1ed5 r\u1ebb v\u00e0 si\u00eau \u0111\u1eb9p \u0111\u1ea5y !<\/p>\n<p>\u0110\u1eb7c bi\u1ec7t c\u00e1ch ch\u1ee3 1,3km r\u1ea5t thu\u1eadn l\u1ee3i cho vi\u1ec7c tham quan di chuy\u1ec3n t\u1edbi c\u00e1c \u0111\u1ecba \u0111i\u1ec3m tham quan \u1edf \u0110\u00e0 L\u1ea1t.<\/p>\n<p><img decoding=\"async\" class=\"aligncenter wp-image-17093 size-full\" src=\"https:\/\/dalatreview.vn\/wp-content\/uploads\/2022\/03\/villa-mini-3p-thanh-tam-11-1.jpg\" alt=\"villa mini 3p thanh tam\" width=\"1280\" height=\"960\" \/><\/p>\n<h2 id=\"2-decor\"><span style=\"color: #008000;\"><strong><span style=\"font-size: 24px;\">2. Decor<\/span><\/strong><\/span><\/h2>\n<p>Villa \u0111\u01b0\u1ee3c x\u00e2y d\u1ef1ng v\u00e0 thi\u1ebft k\u1ebf hi\u1ec7n \u0111\u1ea1i v\u1edbi kh\u00f4ng\u00a0gian m\u1edf tho\u00e1ng m\u00e1t, r\u1ed9ng r\u00e3i. C\u00f3 ban c\u00f4ng v\u1edbi view cao ng\u1eafm nh\u00ecn \u0111\u01b0\u1ee3c c\u1ea3nh quan thi\u00ean nhi\u00ean xung quanh r\u1ea5t \u0111\u1eb9p + s\u1ef1 lung linh l\u1ea5p l\u00e1nh v\u1ec1 \u0111\u00eam r\u1ea5t th\u01a1 m\u1ed9ng t\u1ea1o c\u1ea3m gi\u00e1c th\u01b0 gi\u00e3n cho b\u1ea1n sau nhi\u1ec1u ng\u00e0y d\u00e0i m\u1ec7t m\u1ecfi.<\/p>\n<p>Tone m\u00e0u ch\u00ednh c\u1ee7a c\u0103n nh\u00e0 l\u00e0 m\u00e0u tr\u1eafng nh\u1eb9 nh\u00e0ng, sang tr\u1ecdng. Decor \u0111\u01a1n gi\u1ea3n nh\u01b0ng l\u1ea1i \u0111\u01b0\u1ee3c trang b\u1ecb n\u1ed9i th\u1ea5t cao c\u1ea5p, \u0111\u1ea7y \u0111\u1ee7 ti\u1ec7n nghi. M\u1ed7i ph\u00f2ng s\u1ebd c\u00f3 1 phong c\u00e1ch kh\u00e1c nhau t\u1ea1o nhi\u1ec1u c\u1ea3m gi\u00e1c m\u1edbi m\u1ebb \u0111\u1ed9c l\u1ea1 cho b\u1ea1n v\u00e0 c\u00e1c th\u00e0nh vi\u00ean kh\u00e1c trong \u0111o\u00e0n.<\/p>\n<p><img decoding=\"async\" class=\"aligncenter wp-image-17094 size-full\" src=\"https:\/\/dalatreview.vn\/wp-content\/uploads\/2022\/03\/villa-mini-3p-thanh-tam.jpg\" alt=\"villa mini 3p thanh tam\" width=\"1200\" height=\"900\" \/><\/p>\n<h2 id=\"3-dich-vu-tien-nghi\"><span style=\"color: #008000;\"><strong><span style=\"font-size: 24px;\">3. D\u1ecbch v\u1ee5 &amp; Ti\u1ec7n nghi<\/span><\/strong><\/span><\/h2>\n<div class=\"pt-2\">\n<p>G\u1ed3m 3 ph\u00f2ng ng\u1ee7 sang tr\u1ecdng:<br \/>\n3 ph\u00f2ng 1 gi\u01b0\u1eddng 2\u00a0ng\u01b0\u1eddi<\/p>\n<p>S\u1ee9c ch\u1ee9a 8-10 kh\u00e1ch<\/p>\n<p>&#8212;&#8212;&#8212;&#8212;&#8212;&#8212;&#8212;&#8212;&#8212;&#8212;&#8212;&#8212;&#8212;&#8212;&#8212;&#8212;&#8212;&#8212;&#8211;<\/p>\n<p>&#8211; \u0110\u1ea7y \u0111\u1ee7 ti\u1ec7n nghi nh\u01b0 \u1edf nh\u00e0. C\u00f3 tivi, t\u1ee7 l\u1ea1nh,&#8230;<\/p>\n<p>&#8211; C\u00f3 di\u1ec7n t\u00edch \u0111\u1ec3 n\u01b0\u1edbng BBQ ngo\u00e0i tr\u1eddi.<\/p>\n<p>&#8211; C\u00f3 ch\u1ed7 \u0111\u1eadu xe m\u00e1y, xe h\u01a1i an to\u00e0n mi\u1ec5n ph\u00ed.<\/p>\n<p>&#8211; Y\u00ean t\u0129nh, an ninh 24\/24, s\u1ea1ch s\u1ebd, tho\u00e1ng m\u00e1t, view thi\u00ean nhi\u00ean si\u00eau \u0111\u1eb9p.<\/p>\n<p>&#8211; B\u1ebfp t\u1ef1 do n\u1ea5u n\u01b0\u1edbng \u0111\u1ea7y \u0111\u1ee7 d\u1ee5ng c\u1ee5 v\u00e0 gia v\u1ecb th\u1ecfa s\u1ee9c tr\u1ed5 t\u00e0i n\u1ea5u n\u01b0\u1edbng.<\/p>\n<p>&#8211; Ch\u00eca kho\u00e1 trao tay tha h\u1ed3 ri\u00eang t\u01b0.<\/p>\n<p><img decoding=\"async\" class=\"aligncenter wp-image-17095 size-full\" src=\"https:\/\/dalatreview.vn\/wp-content\/uploads\/2022\/03\/villa-mini-3p-thanh-tam-1.jpg\" alt=\"villa mini 3p thanh tam\" width=\"1200\" height=\"900\" \/><\/p>\n<\/div>\n<h2 id=\"4-gia-phong\"><span style=\"color: #008000;\"><strong><span style=\"font-size: 24px;\">4.\u00a0Gi\u00e1 ph\u00f2ng<\/span><\/strong><\/span><\/h2>\n<p>Li\u00ean h\u1ec7 \u0111\u1ec3 \u0111\u01b0\u1ee3c \u0110\u00e0 L\u1ea1t Review t\u01b0 v\u1ea5n.<\/p>\n<h2 id=\"5-lien-he\"><span style=\"color: #008000;\">5. Li\u00ean h\u1ec7<\/span><\/h2>\n<p>Fanpage:\u00a0<a href=\"https:\/\/www.facebook.com\/booking.dalatreview.vn\/\">Booking \u0110\u00e0 L\u1ea1t \u2013 www.dalatreview.vn<\/a><\/p>\n<p>S\u0110T\/Zalo: 0988 249 297<\/p>","protected":false},"excerpt":{"rendered":"<p>Villa Mini \u0110\u00e0 L\u1ea1t Th\u00e1nh T\u00e2m 3 Ph\u00f2ng Danh m\u1ee5c ch\u00ednh 1. V\u1ecb tr\u00ed 2. Decor 3. D\u1ecbch v\u1ee5 &amp; Ti\u1ec7n nghi 4.\u00a0Gi\u00e1 ph\u00f2ng 5. Li\u00ean h\u1ec7 1. V\u1ecb tr\u00ed Villa n\u1eb1m tr\u00ean con \u0111\u01b0\u1eddng Th\u00e1nh T\u00e2m, ph\u01b0\u1eddng 5, TP \u0110\u00e0 L\u1ea1t. N\u01a1i \u0111\u00e2y giao th\u00f4ng thu\u1eadn ti\u1ec7n cho vi\u1ec7c \u0111i l\u1ea1i, di chuy\u1ec3n t\u1edbi [&hellip;]<\/p>","protected":false},"featured_media":17083,"comment_status":"open","ping_status":"closed","template":"","meta":{"_acf_changed":false,"rank_math_lock_modified_date":false},"product_cat":[29,2247,45,26],"product_tag":[],"acf":[],"_links":{"self":[{"href":"https:\/\/dalatreview.vn\/en\/wp-json\/wp\/v2\/product\/17082"}],"collection":[{"href":"https:\/\/dalatreview.vn\/en\/wp-json\/wp\/v2\/product"}],"about":[{"href":"https:\/\/dalatreview.vn\/en\/wp-json\/wp\/v2\/types\/product"}],"replies":[{"embeddable":true,"href":"https:\/\/dalatreview.vn\/en\/wp-json\/wp\/v2\/comments?post=17082"}],"wp:featuredmedia":[{"embeddable":true,"href":"https:\/\/dalatreview.vn\/en\/wp-json\/wp\/v2\/media\/17083"}],"wp:attachment":[{"href":"https:\/\/dalatreview.vn\/en\/wp-json\/wp\/v2\/media?parent=17082"}],"wp:term":[{"taxonomy":"product_cat","embeddable":true,"href":"https:\/\/dalatreview.vn\/en\/wp-json\/wp\/v2\/product_cat?post=17082"},{"taxonomy":"product_tag","embeddable":true,"href":"https:\/\/dalatreview.vn\/en\/wp-json\/wp\/v2\/product_tag?post=17082"}],"curies":[{"name":"wp","href":"https:\/\/api.w.org\/{rel}","templated":true}]}}