
{"id":16849,"date":"2022-03-02T09:44:51","date_gmt":"2022-03-02T02:44:51","guid":{"rendered":"https:\/\/dalatreview.vn\/?p=16849"},"modified":"2024-07-11T10:37:11","modified_gmt":"2024-07-11T03:37:11","slug":"villa-mini-da-lat-tran-dai-nghia-2-phong","status":"publish","type":"product","link":"https:\/\/dalatreview.vn\/en\/villa-mini-da-lat-tran-dai-nghia-2-phong.html","title":{"rendered":"Villa Mini \u0110\u00e0 L\u1ea1t Tr\u1ea7n \u0110\u1ea1i Ngh\u0129a 2 Ph\u00f2ng"},"content":{"rendered":"<p style=\"text-align: center;\"><span style=\"color: #008000;\"><strong><span style=\"font-size: 24px;\">Villa Mini \u0110\u00e0 L\u1ea1t Tr\u1ea7n \u0110\u1ea1i Ngh\u0129a 2 Ph\u00f2ng<\/span><\/strong><\/span><\/p>\n<nav class=\"vietrick-auto-toc\">\n<div class=\"box-title\">\n<h3 class=\"toc-title\" id=\"select-menu\">Danh m\u1ee5c ch\u00ednh<\/h3>\n<div><ion-icon name=\"chevron-up-outline\"><\/ion-icon><\/div>\n<\/div>\n<ul class=\"toc-list\">\n<li><a href='https:\/\/dalatreview.vn\/en#1-vi-tri' class='heading-h2 toc-link smooth-scroll'>1. V\u1ecb tr\u00ed<\/a>\n<li><a href='https:\/\/dalatreview.vn\/en#2-decor' class='heading-h2 toc-link smooth-scroll'>2. Decor<\/a>\n<li><a href='https:\/\/dalatreview.vn\/en#3-dich-vu-tien-nghi' class='heading-h2 toc-link smooth-scroll'>3. D\u1ecbch v\u1ee5 &amp; Ti\u1ec7n nghi<\/a>\n<li><a href='https:\/\/dalatreview.vn\/en#4-gia-phong' class='heading-h2 toc-link smooth-scroll'>4.\u00a0Gi\u00e1 ph\u00f2ng<\/a>\n<li><a href='https:\/\/dalatreview.vn\/en#5-lien-he' class='heading-h2 toc-link smooth-scroll'>5. Li\u00ean h\u1ec7<\/a><\/ul>\n<\/ul>\n<\/li>\n<\/ul>\n<\/nav>\n<h2 id=\"1-vi-tri\"><span style=\"color: #008000;\"><strong><span style=\"font-size: 24px;\">1. V\u1ecb tr\u00ed<\/span><\/strong><\/span><\/h2>\n<p>Villa Tr\u1ea7n \u0110\u1ea1i Ngh\u0129a n\u1eb1m \u1edf khu v\u1ef1c trung t\u00e2m, t\u1ecda l\u1ea1c t\u1ea1i ph\u01b0\u1eddng 8, TP \u0110\u00e0 L\u1ea1t. Giao th\u00f4ng thu\u1eadn ti\u1ec7n, ch\u1ec9 c\u00e1ch ch\u1ee3 5 ph\u00fat ch\u1ea1y xe, c\u00e1ch v\u01b0\u1eddn hoa th\u00e0nh ph\u1ed1 1,5km v\u00e0 g\u1ea7n v\u1edbi qu\u1ea3ng tr\u01b0\u1eddng. N\u01a1i \u0111\u00e2y t\u1eadp h\u1ee3p nhi\u1ec1u \u0111i\u1ec3m \u0103n u\u1ed1ng ngon, mua s\u1eafm r\u1ebb \u0111\u1eb9p v\u00e0 c\u00e1c \u0111i\u1ec3m tham quan g\u00fat ch\u00f3p\u2026 lu\u00f4n \u0111\u1ea5y nh\u00e9 !<\/p>\n<p><img decoding=\"async\" class=\"aligncenter wp-image-16858 size-full\" src=\"https:\/\/dalatreview.vn\/wp-content\/uploads\/2022\/03\/villa-mini-2p-tran-dai-nghia-9-1.jpg\" alt=\"villa mini 2p tran dai nghia\" width=\"1600\" height=\"1066\" \/><\/p>\n<h2 id=\"2-decor\"><span style=\"color: #008000;\"><strong><span style=\"font-size: 24px;\">2. Decor<\/span><\/strong><\/span><\/h2>\n<p>Villa thi\u1ebft k\u1ebf theo kh\u00f4ng gian m\u1edf, h\u00f2a quy\u1ec7n v\u1edbi thi\u00ean nhi\u00ean \u0111em l\u1ea1i kh\u00f4ng kh\u00ed trong l\u00e0nh m\u00e1t m\u1ebb.<\/p>\n<p>Decor \u0111\u01a1n gi\u1ea3n nh\u01b0ng r\u1ea5t \u0111\u1ea7y \u0111\u1ee7 ti\u1ec7n nghi, \u0111\u00e1p \u01b0ng \u0111\u1ee7 m\u1ecdi y\u00eau c\u1ea7u m\u00e0 b\u1ea1n mong mu\u1ed1n.<\/p>\n<p><img decoding=\"async\" class=\"aligncenter wp-image-16859 size-full\" src=\"https:\/\/dalatreview.vn\/wp-content\/uploads\/2022\/03\/villa-mini-2p-tran-dai-nghia.jpg\" alt=\"villa mini 2p tran dai nghia\" width=\"1200\" height=\"900\" \/><\/p>\n<h2 id=\"3-dich-vu-tien-nghi\"><span style=\"color: #008000;\"><strong><span style=\"font-size: 24px;\">3. D\u1ecbch v\u1ee5 &amp; Ti\u1ec7n nghi<\/span><\/strong><\/span><\/h2>\n<div class=\"pt-2\">\n<p>G\u1ed3m 2 ph\u00f2ng ng\u1ee7 sang tr\u1ecdng kh\u00e9p k\u00edn. C\u00f3 n\u00f3ng l\u1ea1nh, nh\u00e0 t\u1eafm, wc v\u00e0 \u0111\u1ea7y \u0111\u1ee7 \u0111\u1ed3 d\u00f9ng c\u00e1 nh\u00e2n c\u1ea7n thi\u1ebft.<br \/>\n1 ph\u00f2ng 1 gi\u01b0\u1eddng 2\u00a0ng\u01b0\u1eddi<br \/>\n1 ph\u00f2ng 3\u00a0gi\u01b0\u1eddng 6\u00a0ng\u01b0\u1eddi<\/p>\n<p>S\u1ee9c ch\u1ee9a 6-8 kh\u00e1ch<\/p>\n<p>&#8212;&#8212;&#8212;&#8212;&#8212;&#8212;&#8212;&#8212;&#8212;&#8212;&#8212;&#8212;&#8212;&#8212;&#8212;&#8212;&#8212;&#8212;&#8211;<\/p>\n<p>&#8211; \u0110\u1ea7y \u0111\u1ee7 ti\u1ec7n nghi nh\u01b0 \u1edf nh\u00e0. C\u00f3 ph\u00f2ng kh\u00e1ch r\u1ed9ng r\u00e3i, view thi\u00ean nhi\u00ean r\u1ea5t \u0111\u1eb9p.<\/p>\n<p>&#8211; C\u00f3 di\u1ec7n t\u00edch \u0111\u1ec3 n\u01b0\u1edbng BBQ ngo\u00e0i tr\u1eddi tho\u00e1ng m\u00e1t.<\/p>\n<p>&#8211; C\u00f3 ch\u1ed7 \u0111\u1eadu xe m\u00e1y, xe h\u01a1i an to\u00e0n mi\u1ec5n ph\u00ed.<\/p>\n<p>&#8211; Y\u00ean t\u0129nh, an ninh 24\/24, s\u1ea1ch s\u1ebd, tho\u00e1ng m\u00e1t, view thi\u00ean nhi\u00ean si\u00eau \u0111\u1eb9p.<\/p>\n<p>&#8211; B\u1ebfp t\u1ef1 do n\u1ea5u n\u01b0\u1edbng \u0111\u1ea7y \u0111\u1ee7 d\u1ee5ng c\u1ee5 v\u00e0 gia v\u1ecb.<\/p>\n<p>&#8211; Ch\u00eca kho\u00e1 trao tay tha h\u1ed3 ri\u00eang t\u01b0.<\/p>\n<p><img decoding=\"async\" class=\"aligncenter wp-image-16860 size-full\" src=\"https:\/\/dalatreview.vn\/wp-content\/uploads\/2022\/03\/villa-mini-2p-tran-dai-nghia-11.jpg\" alt=\"villa mini 2p tran dai nghia\" width=\"1200\" height=\"900\" \/><\/p>\n<\/div>\n<h2 id=\"4-gia-phong\"><span style=\"color: #008000;\"><strong><span style=\"font-size: 24px;\">4.\u00a0Gi\u00e1 ph\u00f2ng<\/span><\/strong><\/span><\/h2>\n<p><span style=\"font-size: 16px;\">Li\u00ean h\u1ec7 \u0111\u1ec3 \u0111\u01b0\u1ee3c \u0110\u00e0 L\u1ea1t Review t\u01b0 v\u1ea5n.<\/span><\/p>\n<h2 id=\"5-lien-he\"><span style=\"color: #008000;\">5. Li\u00ean h\u1ec7<\/span><\/h2>\n<p>Fanpage:\u00a0<a href=\"https:\/\/www.facebook.com\/booking.dalatreview.vn\/\">Booking \u0110\u00e0 L\u1ea1t \u2013 www.dalatreview.vn<\/a><\/p>\n<p>S\u0110T\/Zalo: 0988 249 297<\/p>","protected":false},"excerpt":{"rendered":"<p>Villa Mini \u0110\u00e0 L\u1ea1t Tr\u1ea7n \u0110\u1ea1i Ngh\u0129a 2 Ph\u00f2ng Danh m\u1ee5c ch\u00ednh 1. V\u1ecb tr\u00ed 2. Decor 3. D\u1ecbch v\u1ee5 &amp; Ti\u1ec7n nghi 4.\u00a0Gi\u00e1 ph\u00f2ng 5. Li\u00ean h\u1ec7 1. V\u1ecb tr\u00ed Villa Tr\u1ea7n \u0110\u1ea1i Ngh\u0129a n\u1eb1m \u1edf khu v\u1ef1c trung t\u00e2m, t\u1ecda l\u1ea1c t\u1ea1i ph\u01b0\u1eddng 8, TP \u0110\u00e0 L\u1ea1t. Giao th\u00f4ng thu\u1eadn ti\u1ec7n, ch\u1ec9 c\u00e1ch [&hellip;]<\/p>","protected":false},"featured_media":16850,"comment_status":"open","ping_status":"closed","template":"","meta":{"_acf_changed":false,"rank_math_lock_modified_date":false},"product_cat":[29,2264,45],"product_tag":[],"acf":[],"_links":{"self":[{"href":"https:\/\/dalatreview.vn\/en\/wp-json\/wp\/v2\/product\/16849"}],"collection":[{"href":"https:\/\/dalatreview.vn\/en\/wp-json\/wp\/v2\/product"}],"about":[{"href":"https:\/\/dalatreview.vn\/en\/wp-json\/wp\/v2\/types\/product"}],"replies":[{"embeddable":true,"href":"https:\/\/dalatreview.vn\/en\/wp-json\/wp\/v2\/comments?post=16849"}],"wp:featuredmedia":[{"embeddable":true,"href":"https:\/\/dalatreview.vn\/en\/wp-json\/wp\/v2\/media\/16850"}],"wp:attachment":[{"href":"https:\/\/dalatreview.vn\/en\/wp-json\/wp\/v2\/media?parent=16849"}],"wp:term":[{"taxonomy":"product_cat","embeddable":true,"href":"https:\/\/dalatreview.vn\/en\/wp-json\/wp\/v2\/product_cat?post=16849"},{"taxonomy":"product_tag","embeddable":true,"href":"https:\/\/dalatreview.vn\/en\/wp-json\/wp\/v2\/product_tag?post=16849"}],"curies":[{"name":"wp","href":"https:\/\/api.w.org\/{rel}","templated":true}]}}