
{"id":16788,"date":"2022-03-02T08:36:52","date_gmt":"2022-03-02T01:36:52","guid":{"rendered":"https:\/\/dalatreview.vn\/?p=16788"},"modified":"2024-07-11T10:37:58","modified_gmt":"2024-07-11T03:37:58","slug":"villa-mini-da-lat-hai-ba-trung-4-phong","status":"publish","type":"product","link":"https:\/\/dalatreview.vn\/en\/villa-mini-da-lat-hai-ba-trung-4-phong.html","title":{"rendered":"Villa Mini \u0110\u00e0 L\u1ea1t Hai B\u00e0 Tr\u01b0ng 4 Ph\u00f2ng"},"content":{"rendered":"<p style=\"text-align: center;\"><span style=\"color: #008000;\"><strong><span style=\"font-size: 24px;\">Villa Mini \u0110\u00e0 L\u1ea1t Hai B\u00e0 Tr\u01b0ng 4 Ph\u00f2ng <\/span><\/strong><\/span><\/p>\n<nav class=\"vietrick-auto-toc\">\n<div class=\"box-title\">\n<h3 class=\"toc-title\" id=\"select-menu\">Danh m\u1ee5c ch\u00ednh<\/h3>\n<div><ion-icon name=\"chevron-up-outline\"><\/ion-icon><\/div>\n<\/div>\n<ul class=\"toc-list\">\n<li><a href='https:\/\/dalatreview.vn\/en#1-vi-tri' class='heading-h2 toc-link smooth-scroll'>1. V\u1ecb tr\u00ed<\/a>\n<li><a href='https:\/\/dalatreview.vn\/en#2-decor' class='heading-h2 toc-link smooth-scroll'>2. Decor<\/a>\n<li><a href='https:\/\/dalatreview.vn\/en#3-dich-vu-tien-nghi' class='heading-h2 toc-link smooth-scroll'>3. D\u1ecbch v\u1ee5 &amp; Ti\u1ec7n nghi<\/a>\n<li><a href='https:\/\/dalatreview.vn\/en#4-gia-phong' class='heading-h2 toc-link smooth-scroll'>4.\u00a0Gi\u00e1 ph\u00f2ng<\/a>\n<li><a href='https:\/\/dalatreview.vn\/en#5-lien-he' class='heading-h2 toc-link smooth-scroll'>5. Li\u00ean h\u1ec7<\/a><\/ul>\n<\/ul>\n<\/li>\n<\/ul>\n<\/nav>\n<h2 id=\"1-vi-tri\"><span style=\"color: #008000;\"><strong><span style=\"font-size: 24px;\">1. V\u1ecb tr\u00ed<\/span><\/strong><\/span><\/h2>\n<p>T\u1ecda l\u1ea1c t\u1ea1i v\u1ecb tr\u00ed trung t\u00e2m \u0111\u01b0\u1eddng Hai B\u00e0 Tr\u01b0ng, ph\u01b0\u1eddng 6, TP \u0110\u00e0 L\u1ea1t. Ch\u1ec9 c\u00e1ch ch\u1ee3 5 ph\u00fat ch\u1ea1y xe. Giao th\u00f4ng thu\u1eadn ti\u1ec7n cho vi\u1ec7c \u0111i l\u1ea1i.<\/p>\n<p>N\u01a1i \u0111\u00e2y h\u1ea5p d\u1eabn du kh\u00e1ch b\u1edfi nh\u1eefng \u0111i\u1ec3m tham quan th\u00fa v\u1ecb, nh\u1eefng qu\u00e1n caf\u00e9 view \u0111\u1eb9p, \u0111\u1ed9c \u0111\u00e1o, nh\u1eefng \u0111\u1ecba ch\u1ec9 \u0103n u\u1ed1ng \u0111\u00fang chu\u1ea9n ngon \u2013 b\u1ed5 \u2013 r\u1ebb, c\u00f9ng c\u1ea3nh s\u1eafc thi\u00ean nhi\u00ean tuy\u1ec7t v\u1eddi th\u01a1 m\u1ed9ng,\u2026<\/p>\n<p><img decoding=\"async\" class=\"aligncenter wp-image-16801 size-full\" src=\"https:\/\/dalatreview.vn\/wp-content\/uploads\/2022\/03\/villa-mini-hai-ba-trung-3-1.jpg\" alt=\"villa mini hai ba trung\" width=\"1242\" height=\"932\" \/><\/p>\n<h2 id=\"2-decor\"><span style=\"color: #008000;\"><strong><span style=\"font-size: 24px;\"><span class=\"_4yxo _4yxp\">2. Decor<\/span><\/span><\/strong><\/span><\/h2>\n<p>Villa \u0111\u01b0\u1ee3c thi\u1ebft k\u1ebf theo phong c\u00e1ch hi\u1ec7n \u0111\u1ea1i, v\u1edbi kh\u00f4ng gian m\u1edf tho\u00e1ng m\u00e1t v\u00e0 \u1ea5m \u00e1p. T\u00f4ng m\u00e0u ch\u00ednh c\u1ee7a c\u0103n nh\u00e0 l\u00e0 m\u00e0u tr\u1eafng to\u00e1t l\u00ean v\u1ebb\u00a0 sang tr\u1ecdng, l\u1ecbch s\u1ef1.<\/p>\n<p>Nh\u00e0 \u0111\u01b0\u1ee3c decor \u0111\u01a1n gi\u1ea3n nh\u01b0ng trang b\u1ecb n\u1ed9i th\u1ea5t v\u00f4 c\u00f9ng cao c\u1ea5p, \u0111\u1ea7y \u0111\u1ee7 v\u00e0 ti\u1ec7n nghi \u0111\u1ea3m b\u1ea3o \u0111\u00e1p \u01b0ng \u0111\u01b0\u1ee3c m\u1ecdi nhu c\u1ea7u m\u00e0 b\u1ea1n v\u00e0 gia \u0111\u00ecnh ng\u01b0\u1eddi th\u00e2n mong mu\u1ed1n.<\/p>\n<p><img decoding=\"async\" class=\"aligncenter wp-image-16802 size-full\" src=\"https:\/\/dalatreview.vn\/wp-content\/uploads\/2022\/03\/villa-mini-hai-ba-trung.jpg\" alt=\"villa mini hai ba trung\" width=\"1200\" height=\"900\" \/><\/p>\n<h2 id=\"3-dich-vu-tien-nghi\"><span style=\"color: #008000;\"><strong><span style=\"font-size: 24px;\">3. D\u1ecbch v\u1ee5 &amp; Ti\u1ec7n nghi<\/span><\/strong><\/span><\/h2>\n<div class=\"pt-2\">\n<p>G\u1ed3m 4 ph\u00f2ng ng\u1ee7 sang tr\u1ecdng kh\u00e9p k\u00edn. C\u00f3 nh\u00e0 t\u1eafm, wc, n\u00f3ng l\u1ea1nh v\u00e0 \u0111\u1ea7y \u0111\u1ee7 \u0111\u1ed3 d\u00f9ng c\u00e1 nh\u00e2n c\u1ea7n thi\u1ebft.<br \/>\n4 ph\u00f2ng 1 gi\u01b0\u1eddng 2\u00a0ng\u01b0\u1eddi<\/p>\n<p>S\u1ee9c ch\u1ee9a 4-8 kh\u00e1ch.<\/p>\n<p>&#8212;&#8212;&#8212;&#8212;&#8212;&#8212;&#8212;&#8212;&#8212;&#8212;&#8212;&#8212;&#8212;&#8212;&#8212;&#8212;&#8212;&#8212;&#8211;<\/p>\n<p>&#8211; \u0110\u1ea7y \u0111\u1ee7 ti\u1ec7n nghi nh\u01b0 \u1edf nh\u00e0. Ph\u00f2ng kh\u00e1ch, s\u00e2n v\u01b0\u1eddn r\u1ed9ng r\u00e3i.<\/p>\n<p>&#8211; C\u00f3 di\u1ec7n t\u00edch \u0111\u1ec3 n\u01b0\u1edbng BBQ ngo\u00e0i tr\u1eddi.<\/p>\n<p>&#8211; C\u00f3 ch\u1ed7 \u0111\u1eadu xe m\u00e1y, xe h\u01a1i an to\u00e0n mi\u1ec5n ph\u00ed.<\/p>\n<p>&#8211; Y\u00ean t\u0129nh, an ninh 24\/24, s\u1ea1ch s\u1ebd, tho\u00e1ng m\u00e1t, view thi\u00ean nhi\u00ean si\u00eau \u0111\u1eb9p.<\/p>\n<p>&#8211; B\u1ebfp t\u1ef1 do n\u1ea5u n\u01b0\u1edbng \u0111\u1ea7y \u0111\u1ee7 d\u1ee5ng c\u1ee5 v\u00e0 gia v\u1ecb th\u1ecfa s\u1ee9c ch\u1ebf bi\u1ebfn c\u00e1c m\u00f3n \u0103n m\u00e0 m\u00ecnh y\u00eau th\u00edch.<\/p>\n<p>&#8211; Ch\u00eca kho\u00e1 trao tay tha h\u1ed3 ri\u00eang t\u01b0.<\/p>\n<p><img decoding=\"async\" class=\"aligncenter wp-image-16803 size-full\" src=\"https:\/\/dalatreview.vn\/wp-content\/uploads\/2022\/03\/villa-mini-hai-ba-trung-15.jpg\" alt=\"villa mini hai ba trung\" width=\"1200\" height=\"900\" \/><\/p>\n<\/div>\n<h2 id=\"4-gia-phong\"><span style=\"color: #008000;\"><strong><span style=\"font-size: 24px;\"><span class=\"_4yxo\">4.<\/span>\u00a0Gi\u00e1 ph\u00f2ng<\/span><\/strong><\/span><\/h2>\n<p>Li\u00ean h\u1ec7 \u0111\u1ec3 \u0111\u01b0\u1ee3c \u0110\u00e0 L\u1ea1t Review t\u01b0 v\u1ea5n.<\/p>\n<h2 id=\"5-lien-he\"><span style=\"color: #008000;\">5. Li\u00ean h\u1ec7<\/span><\/h2>\n<p>Fanpage:\u00a0<a href=\"https:\/\/www.facebook.com\/booking.dalatreview.vn\/\">Booking \u0110\u00e0 L\u1ea1t \u2013 www.dalatreview.vn<\/a><\/p>\n<p>S\u0110T\/Zalo: 0988 249 297<\/p>","protected":false},"excerpt":{"rendered":"<p>Villa Mini \u0110\u00e0 L\u1ea1t Hai B\u00e0 Tr\u01b0ng 4 Ph\u00f2ng Danh m\u1ee5c ch\u00ednh 1. V\u1ecb tr\u00ed 2. Decor 3. D\u1ecbch v\u1ee5 &amp; Ti\u1ec7n nghi 4.\u00a0Gi\u00e1 ph\u00f2ng 5. Li\u00ean h\u1ec7 1. V\u1ecb tr\u00ed T\u1ecda l\u1ea1c t\u1ea1i v\u1ecb tr\u00ed trung t\u00e2m \u0111\u01b0\u1eddng Hai B\u00e0 Tr\u01b0ng, ph\u01b0\u1eddng 6, TP \u0110\u00e0 L\u1ea1t. Ch\u1ec9 c\u00e1ch ch\u1ee3 5 ph\u00fat ch\u1ea1y xe. Giao [&hellip;]<\/p>","protected":false},"featured_media":16789,"comment_status":"open","ping_status":"closed","template":"","meta":{"_acf_changed":false,"rank_math_lock_modified_date":false},"product_cat":[29,2248,45],"product_tag":[],"acf":[],"_links":{"self":[{"href":"https:\/\/dalatreview.vn\/en\/wp-json\/wp\/v2\/product\/16788"}],"collection":[{"href":"https:\/\/dalatreview.vn\/en\/wp-json\/wp\/v2\/product"}],"about":[{"href":"https:\/\/dalatreview.vn\/en\/wp-json\/wp\/v2\/types\/product"}],"replies":[{"embeddable":true,"href":"https:\/\/dalatreview.vn\/en\/wp-json\/wp\/v2\/comments?post=16788"}],"wp:featuredmedia":[{"embeddable":true,"href":"https:\/\/dalatreview.vn\/en\/wp-json\/wp\/v2\/media\/16789"}],"wp:attachment":[{"href":"https:\/\/dalatreview.vn\/en\/wp-json\/wp\/v2\/media?parent=16788"}],"wp:term":[{"taxonomy":"product_cat","embeddable":true,"href":"https:\/\/dalatreview.vn\/en\/wp-json\/wp\/v2\/product_cat?post=16788"},{"taxonomy":"product_tag","embeddable":true,"href":"https:\/\/dalatreview.vn\/en\/wp-json\/wp\/v2\/product_tag?post=16788"}],"curies":[{"name":"wp","href":"https:\/\/api.w.org\/{rel}","templated":true}]}}