
{"id":16762,"date":"2022-03-01T14:47:44","date_gmt":"2022-03-01T07:47:44","guid":{"rendered":"https:\/\/dalatreview.vn\/?p=16762"},"modified":"2024-07-11T10:38:11","modified_gmt":"2024-07-11T03:38:11","slug":"villa-da-lat-the-krin-golfvalley-19-phong","status":"publish","type":"product","link":"https:\/\/dalatreview.vn\/en\/villa-da-lat-the-krin-golfvalley-19-phong.html","title":{"rendered":"Villa \u0110\u00e0 L\u1ea1t The K&#8217;Rin Golfvalley 19 Ph\u00f2ng"},"content":{"rendered":"<p style=\"text-align: center;\"><span style=\"color: #008000;\"><strong><span style=\"font-size: 24px;\">Villa \u0110\u00e0 L\u1ea1t The K&#8217;Rin Golfvalley 19 Ph\u00f2ng <\/span><\/strong><\/span><\/p>\n<nav class=\"vietrick-auto-toc\">\n<div class=\"box-title\">\n<h3 class=\"toc-title\" id=\"select-menu\">Danh m\u1ee5c ch\u00ednh<\/h3>\n<div><ion-icon name=\"chevron-up-outline\"><\/ion-icon><\/div>\n<\/div>\n<ul class=\"toc-list\">\n<li><a href='https:\/\/dalatreview.vn\/en#1-vi-tri' class='heading-h2 toc-link smooth-scroll'>1. V\u1ecb tr\u00ed<\/a>\n<li><a href='https:\/\/dalatreview.vn\/en#2-decor' class='heading-h2 toc-link smooth-scroll'>2. Decor<\/a>\n<li><a href='https:\/\/dalatreview.vn\/en#3-dich-vu-tien-nghi' class='heading-h2 toc-link smooth-scroll'>3. D\u1ecbch v\u1ee5 &amp; Ti\u1ec7n nghi<\/a>\n<li><a href='https:\/\/dalatreview.vn\/en#5-lien-he' class='heading-h2 toc-link smooth-scroll'>5. Li\u00ean h\u1ec7<\/a><\/ul>\n<\/ul>\n<\/li>\n<\/ul>\n<\/nav>\n<h2 id=\"1-vi-tri\"><span style=\"color: #008000;\"><strong><span style=\"font-size: 24px;\">1. V\u1ecb tr\u00ed<\/span><\/strong><\/span><\/h2>\n<p>Villa n\u1eb1m trong <strong>khu bi\u1ec7t th\u1ef1 Golf Valley, Ph\u01b0\u1eddng 2 \u2013 Th\u00e0nh ph\u1ed1 \u0110\u00e0 L\u1ea1t<\/strong>. V\u1edbi v\u1ecb tr\u00ed v\u00f4 c\u00f9ng thu\u1eadn l\u1ee3i cho vi\u1ec7c d\u1ea1o b\u1ed9 ra Ch\u1ee3, H\u1ed3 Xu\u00e2n H\u01b0\u01a1ng.<\/p>\n<p>N\u1ed1i li\u1ec1n v\u1edbi \u0111\u01b0\u1eddng \u0110inh Ti\u00ean Ho\u00e0ng v\u00e0 \u0111\u01b0\u1eddng B\u00f9i Th\u1ecb Xu\u00e2n, giao th\u00f4ng thu\u1eadn ti\u1ec7n, \u0111\u01b0\u1eddng x\u00e1 d\u1ec5 \u0111i, xe \u00f4 t\u00f4 4-45 ch\u1ed7 ra v\u00e0o d\u1ec5 d\u00e0ng l\u00e0 m\u1ed9t \u0111i\u1ec1u ki\u1ec7n thu\u1eadn l\u1ee3i cho The K\u2019Rin villa \u0110\u00e0 L\u1ea1t ph\u00e1t tri\u1ec3n v\u1ec1 d\u1ecbch v\u1ee5 l\u01b0u tr\u00fa c\u1ee7a m\u00ecnh.<\/p>\n<p><img decoding=\"async\" class=\"aligncenter wp-image-16781 size-full\" src=\"https:\/\/dalatreview.vn\/wp-content\/uploads\/2022\/03\/villa-19-phong-the-krin-golfvalley-17-1.jpg\" alt=\"villa 19 phong the k'rin golfvalley\" width=\"1600\" height=\"1066\" \/><\/p>\n<h2 id=\"2-decor\"><span style=\"color: #008000;\"><strong><span style=\"font-size: 24px;\"><span class=\"_4yxo _4yxp\">2. Decor<\/span><\/span><\/strong><\/span><\/h2>\n<p><strong>The K\u2019Rin villa \u0110\u00e0 L\u1ea1t<\/strong>\u00a0\u0111ang l\u00e0 \u0111i\u1ec3m \u0111\u1ebfn \u0111\u01b0\u1ee3c r\u1ea5t nhi\u1ec1u du kh\u00e1ch y\u00eau th\u00edch b\u1edfi n\u00f3 mang m\u1ed9t phong c\u00e1ch ho\u00e0n to\u00e0n ri\u00eang bi\u1ec7t. N\u00e9t ki\u1ebfn tr\u00fac \u0111\u1ed9c \u0111\u00e1o kh\u00f4ng l\u1eabn v\u00e0o \u0111\u00e2u \u0111\u01b0\u1ee3c, n\u01a1i c\u00f3 kh\u00f4ng gian m\u1edf v\u00f4 c\u00f9ng tho\u00e1ng \u0111\u00e3ng v\u00e0 l\u00e3ng m\u1ea1n s\u1ebd l\u00e0m cho du kh\u00e1ch c\u00f3 chuy\u1ebfn ngh\u1ec9 d\u01b0\u1ee1ng tho\u1ea3i m\u00e1i nh\u1ea5t.<\/p>\n<p><strong>The K\u2019RIN Villa<\/strong> \u0111\u01b0\u1ee3c xem l\u00e0 \u201d Bi\u1ec7t Th\u1ef1 Cao C\u1ea5p\u201d t\u1ea1i thung l\u0169ng Golf Valley, bu\u1ed5i t\u1ed1i n\u01a1i n\u00e0y gi\u1ed1ng nh\u01b0 kinh \u0111\u00f4 \u00e1nh s\u00e1ng n\u1ed5i b\u1eadt nh\u1ea5t t\u1ea1i thung l\u0169ng, v\u1edbi thi\u1ebft k\u1ebf \u0111\u00e8n chi\u1ebfu s\u00e1ng ho\u00e0nh tr\u00e1ng l\u00e0m n\u1ed5i b\u1eadt c\u1ea3 m\u1ed9t v\u00f9ng tr\u1eddi, tuy nhi\u00ean n\u01a1i \u0111\u00e2y v\u1eabn c\u00f3 nh\u1eefng kho\u1ea3ng ri\u00eang v\u1edbi kh\u00f4ng gian y\u00ean t\u0129nh v\u00e0 l\u00e3ng m\u1ea1n cho nh\u1eefng du kh\u00e1ch n\u00e0o mu\u1ed1n ngh\u1ec9 d\u01b0\u1ee1ng v\u00e0 t\u1eadn h\u01b0\u1edfng b\u1ea7u kh\u00f4ng kh\u00ed trong l\u00e0nh, m\u00e1t m\u1ebb c\u1ee7a \u0110\u00e0 L\u1ea1t.<\/p>\n<p><img decoding=\"async\" class=\"aligncenter wp-image-16782 size-full\" src=\"https:\/\/dalatreview.vn\/wp-content\/uploads\/2022\/03\/villa-19-phong-the-krin-golfvalley-3-1.jpg\" alt=\"villa 19 phong the k'rin golfvalley\" width=\"1081\" height=\"720\" \/><\/p>\n<p><strong>The K\u2019Rin villa \u0110\u00e0 L\u1ea1t<\/strong> c\u00f3 t\u1ed5ng c\u1ed9ng 18 ph\u00f2ng s\u1ee9c ch\u1ee9a kho\u1ea3ng 50 kh\u00e1ch, ph\u00f9 h\u1ee3p cho nh\u1eefng \u0111o\u00e0n kh\u00e1ch l\u00e0 c\u00f4ng ty, t\u1eadp th\u1ec3 c\u00f9ng l\u1ed1i ki\u1ebfn tr\u00fac m\u1edf v\u00f4 c\u00f9ng tho\u00e1ng \u0111\u00e3ng, c\u00e1c ph\u00f2ng \u0111\u1ec1u c\u00f3 c\u1eeda s\u1ed5 nh\u00ecn ra ngo\u00e0i v\u1edbi phong c\u1ea3nh l\u00e0 h\u00e0ng c\u00e2y xanh, s\u00e2n v\u01b0\u1eddn c\u00f3 nhi\u1ec1u lo\u00e0i hoa.<\/p>\n<p>N\u1ed9i th\u1ea5t \u0111\u01b0\u1ee3c l\u00e0m ho\u00e0n to\u00e0n b\u1eb1ng g\u1ed7 \u0111em l\u1ea1i kh\u00f4ng gian \u1ea5m c\u00fang, th\u00e2n thi\u1ec7n, c\u1ed5 \u0111i\u1ec3n nh\u01b0ng kh\u00f4ng k\u00e9m ph\u1ea7n sang tr\u1ecdng v\u00e0 hi\u1ec7n \u0111\u1ea1i.<\/p>\n<p><img decoding=\"async\" class=\"aligncenter wp-image-16783 size-full\" src=\"https:\/\/dalatreview.vn\/wp-content\/uploads\/2022\/03\/villa-18-phong-The-KRin-Golfvalley.jpg\" alt=\"The K'Rin Golfvalley\" width=\"1200\" height=\"900\" \/><\/p>\n<h2 id=\"3-dich-vu-tien-nghi\"><span style=\"color: #008000;\"><strong><span style=\"font-size: 24px;\">3. D\u1ecbch v\u1ee5 &amp; Ti\u1ec7n nghi<\/span><\/strong><\/span><\/h2>\n<div class=\"pt-2\">\n<p>G\u1ed3m 18 ph\u00f2ng ng\u1ee7 sang tr\u1ecdng kh\u00e9p k\u00edn.<br \/>\n15 ph\u00f2ng 1 gi\u01b0\u1eddng 2\u00a0ng\u01b0\u1eddi<br \/>\n2 ph\u00f2ng 2 gi\u01b0\u1eddng 4\u00a0ng\u01b0\u1eddi<br \/>\n1 ph\u00f2ng 3 gi\u01b0\u1eddng 6 ng\u01b0\u1eddi<br \/>\nS\u1ee9c ch\u1ee9a 46-50 kh\u00e1ch. M\u1ed7i ph\u00f2ng \u0111\u1ec1u cod d\u1ecbch v\u1ee5 internet, tivi, nh\u00e0 t\u1eafm, n\u00f3ng l\u1ea1nh, wc v\u00e0 \u0111\u1ea7y \u0111\u1ee7 \u0111\u1ed3 d\u00f9ng c\u00e1 nh\u00e2n.<\/p>\n<p>&#8212;&#8212;&#8212;&#8212;&#8212;&#8212;&#8212;&#8212;&#8212;&#8212;&#8212;&#8212;&#8212;&#8212;&#8212;&#8212;&#8212;&#8212;&#8211;<\/p>\n<p>&#8211; \u0110\u1ea7y \u0111\u1ee7 ti\u1ec7n nghi nh\u01b0 \u1edf nh\u00e0. Ph\u00f2ng kh\u00e1ch, s\u00e2n v\u01b0\u1eddn r\u1ed9ng r\u00e3i tho\u00e1ng m\u00e1t.<\/p>\n<p>&#8211; C\u00f3 di\u1ec7n t\u00edch \u0111\u1ec3 n\u01b0\u1edbng BBQ ngo\u00e0i tr\u1eddi.<\/p>\n<p>&#8211; C\u00f3 ch\u1ed7 \u0111\u1eadu xe m\u00e1y, xe h\u01a1i an to\u00e0n mi\u1ec5n ph\u00ed. C\u00f3 d\u1ecbch v\u1ee5 thu\u00ea xe.<\/p>\n<p>&#8211; Y\u00ean t\u0129nh, an ninh 24\/24, s\u1ea1ch s\u1ebd, tho\u00e1ng m\u00e1t, view thi\u00ean nhi\u00ean si\u00eau \u0111\u1eb9p.<\/p>\n<p>&#8211; B\u1ebfp t\u1ef1 do n\u1ea5u n\u01b0\u1edbng \u0111\u1ea7y \u0111\u1ee7 d\u1ee5ng c\u1ee5 v\u00e0 gia v\u1ecb.<\/p>\n<p>&#8211; Ch\u00eca kho\u00e1 trao tay tha h\u1ed3 ri\u00eang t\u01b0<\/p>\n<p><img decoding=\"async\" class=\"aligncenter wp-image-16784 size-full\" src=\"https:\/\/dalatreview.vn\/wp-content\/uploads\/2022\/03\/villa-18-phong-The-KRin-Golfvalley-1.jpg\" alt=\"villa 18 phong The K'Rin Golfvalley\" width=\"1200\" height=\"900\" \/><\/p>\n<\/div>\n<article class=\"post-content\">\n<div class=\"anh_wtm_m\">\n<div class=\"mws_content\">\n<article class=\"post-content\">\n<div class=\"anh_wtm_m\">\n<div class=\"mws_content\">\n<article class=\"post-content\">\n<div class=\"anh_wtm_m\">\n<div class=\"mws_content\">\n<p><span style=\"color: #008000;\"><strong><span style=\"font-size: 24px;\"><span class=\"_4yxo\">4.<\/span>\u00a0Gi\u00e1 ph\u00f2ng<\/span><\/strong><\/span><\/p>\n<p>Li\u00ean h\u1ec7 \u0110\u00e0 L\u1ea1t Review \u0111\u1ec3 \u0111\u01b0\u1ee3c t\u01b0 v\u1ea5n<\/p>\n<h2 id=\"5-lien-he\"><span style=\"color: #008000;\">5. Li\u00ean h\u1ec7<\/span><\/h2>\n<p>Fanpage:\u00a0<a href=\"https:\/\/www.facebook.com\/booking.dalatreview.vn\/\">Booking \u0110\u00e0 L\u1ea1t \u2013 www.dalatreview.vn<\/a><\/p>\n<p>S\u0110T\/Zalo: 0988 249 297<\/p>\n<\/div>\n<\/div>\n<\/article>\n<\/div>\n<\/div>\n<\/article>\n<\/div>\n<\/div>\n<\/article>","protected":false},"excerpt":{"rendered":"<p>Villa \u0110\u00e0 L\u1ea1t The K&#8217;Rin Golfvalley 19 Ph\u00f2ng Danh m\u1ee5c ch\u00ednh 1. V\u1ecb tr\u00ed 2. Decor 3. D\u1ecbch v\u1ee5 &amp; Ti\u1ec7n nghi 5. Li\u00ean h\u1ec7 1. V\u1ecb tr\u00ed Villa n\u1eb1m trong khu bi\u1ec7t th\u1ef1 Golf Valley, Ph\u01b0\u1eddng 2 \u2013 Th\u00e0nh ph\u1ed1 \u0110\u00e0 L\u1ea1t. V\u1edbi v\u1ecb tr\u00ed v\u00f4 c\u00f9ng thu\u1eadn l\u1ee3i cho vi\u1ec7c d\u1ea1o b\u1ed9 ra [&hellip;]<\/p>","protected":false},"featured_media":16765,"comment_status":"open","ping_status":"closed","template":"","meta":{"_acf_changed":false,"rank_math_lock_modified_date":false},"product_cat":[29,2265,45],"product_tag":[],"acf":[],"_links":{"self":[{"href":"https:\/\/dalatreview.vn\/en\/wp-json\/wp\/v2\/product\/16762"}],"collection":[{"href":"https:\/\/dalatreview.vn\/en\/wp-json\/wp\/v2\/product"}],"about":[{"href":"https:\/\/dalatreview.vn\/en\/wp-json\/wp\/v2\/types\/product"}],"replies":[{"embeddable":true,"href":"https:\/\/dalatreview.vn\/en\/wp-json\/wp\/v2\/comments?post=16762"}],"wp:featuredmedia":[{"embeddable":true,"href":"https:\/\/dalatreview.vn\/en\/wp-json\/wp\/v2\/media\/16765"}],"wp:attachment":[{"href":"https:\/\/dalatreview.vn\/en\/wp-json\/wp\/v2\/media?parent=16762"}],"wp:term":[{"taxonomy":"product_cat","embeddable":true,"href":"https:\/\/dalatreview.vn\/en\/wp-json\/wp\/v2\/product_cat?post=16762"},{"taxonomy":"product_tag","embeddable":true,"href":"https:\/\/dalatreview.vn\/en\/wp-json\/wp\/v2\/product_tag?post=16762"}],"curies":[{"name":"wp","href":"https:\/\/api.w.org\/{rel}","templated":true}]}}