
{"id":16731,"date":"2022-03-01T11:23:04","date_gmt":"2022-03-01T04:23:04","guid":{"rendered":"https:\/\/dalatreview.vn\/?p=16731"},"modified":"2024-07-11T10:38:23","modified_gmt":"2024-07-11T03:38:23","slug":"villa-da-lat-ba-thang-tu-15-phong","status":"publish","type":"product","link":"https:\/\/dalatreview.vn\/en\/villa-da-lat-ba-thang-tu-15-phong.html","title":{"rendered":"Villa \u0110\u00e0 L\u1ea1t Ba Th\u00e1ng T\u01b0 15 Ph\u00f2ng"},"content":{"rendered":"<p style=\"text-align: center;\"><span style=\"color: #008000;\"><strong><span style=\"font-size: 24px;\">Villa \u0110\u00e0 L\u1ea1t Ba Th\u00e1ng T\u01b0 15 Ph\u00f2ng <\/span><\/strong><\/span><\/p>\n<nav class=\"vietrick-auto-toc\">\n<div class=\"box-title\">\n<h3 class=\"toc-title\" id=\"select-menu\">Danh m\u1ee5c ch\u00ednh<\/h3>\n<div><ion-icon name=\"chevron-up-outline\"><\/ion-icon><\/div>\n<\/div>\n<ul class=\"toc-list\">\n<li><a href='https:\/\/dalatreview.vn\/en#1-vi-tri' class='heading-h2 toc-link smooth-scroll'>1. V\u1ecb tr\u00ed<\/a>\n<li><a href='https:\/\/dalatreview.vn\/en#2-decor' class='heading-h2 toc-link smooth-scroll'>2. Decor<\/a>\n<li><a href='https:\/\/dalatreview.vn\/en#3-dich-vu-tien-nghi' class='heading-h2 toc-link smooth-scroll'>3. D\u1ecbch v\u1ee5 &amp; Ti\u1ec7n nghi<\/a>\n<li><a href='https:\/\/dalatreview.vn\/en#5-lien-he' class='heading-h2 toc-link smooth-scroll'>5. Li\u00ean h\u1ec7<\/a><\/ul>\n<\/ul>\n<\/li>\n<\/ul>\n<\/nav>\n<h2 id=\"1-vi-tri\"><span style=\"color: #008000;\"><strong><span style=\"font-size: 24px;\">1. V\u1ecb tr\u00ed<\/span><\/strong><\/span><\/h2>\n<p>Villa t\u1ecda l\u1ea1c t\u1ea1i trung t\u00e2m<strong> \u0111\u01b0\u1eddng Ba Th\u00e1ng T\u01b0, Ph\u01b0\u1eddng 3, TP \u0110\u00e0 L\u1ea1t<\/strong>. Ch\u1ec9 c\u00e1ch ch\u1ee3 t\u1ea7m 5 ph\u00fat ch\u1ea1y xe, \u0111\u1ea3m b\u1ea3o cho vi\u1ec7c \u0111i l\u1ea1i.<\/p>\n<p>H\u01a1n n\u1eefa, n\u01a1i \u0111\u00e2y c\u00f2n h\u1ed9i t\u1ee5 r\u1ea5t nhi\u1ec1u \u0111i\u1ec3m \u0103n u\u1ed1ng, mua s\u1eafm v\u00e0 vui ch\u01a1i. Thi\u00ean nhi\u00ean trong l\u00e0nh m\u00e1t m\u1ebb, m\u00f4i tr\u01b0\u1eddng s\u1ea1ch s\u1ebd, an ninh l\u1ea1i \u0111\u1ea3m b\u1ea3o. Con ng\u01b0\u1eddi l\u1ea1i v\u00f4 c\u00f9ng hi\u1ebfu kh\u00e1ch v\u00e0 th\u00e2n thi\u1ec7n d\u1ec5 g\u1ea7n d\u1ec5 m\u1ebfn.<\/p>\n<p><img decoding=\"async\" class=\"aligncenter wp-image-16758 size-full\" src=\"https:\/\/dalatreview.vn\/wp-content\/uploads\/2022\/03\/villa-15-phong-ba-thang-tu-19-1.jpg\" alt=\"villa 15 phong ba thang tu \" width=\"960\" height=\"720\" \/><\/p>\n<h2 id=\"2-decor\"><span style=\"color: #008000;\"><strong><span style=\"font-size: 24px;\"><span class=\"_4yxo _4yxp\">2. Decor<\/span><\/span><\/strong><\/span><\/h2>\n<p>Bi\u1ec7t th\u1ef1 c\u1ef1c r\u1ed9ng v\u1edbi thi\u1ebft k\u1ebf hi\u1ec7n \u0111\u1ea1i theo kh\u00f4ng gian m\u1edf. S\u00e2n v\u01b0\u1eddn tho\u00e1ng m\u00e1t, h\u00f2a quy\u1ec7n v\u1edbi thi\u00ean nhi\u00ean mang l\u1ea1 kh\u00f4ng kh\u00ed trong l\u00e0nh.<\/p>\n<p>Villa c\u00f3 1 kho\u1ea3ng kh\u00f4ng gian ri\u00eang d\u00e0nh cho h\u1ed3 b\u01a1i, pha ch\u1ebf \u0111\u1ed3 u\u1ed1ng, \u0111\u00e1nh bi-a v\u00e0 c\u00e1c ho\u1ea1t \u0111\u1ed9ng gi\u1ea3i tr\u00ed kh\u00e1c. \u0110\u01b0\u1ee3c trang b\u1ecb n\u1ed9i th\u1ea5t cao c\u1ea5p, \u0111\u1ea7y \u0111\u1ee7 v\u00e0 ti\u1ec7n nghi t\u1eeb ph\u00f2ng kh\u00e1ch cho \u0111\u1ebfn ph\u00f2ng ng\u1ee7.<\/p>\n<p>T\u1eeb ban c\u00f4ng b\u1ea1n c\u00f3 th\u1ec3 t\u1eadn d\u1ee5ng l\u1ee3i th\u1ebf view cao m\u00e0 ng\u1eafm nh\u00ecn c\u1ea3nh quan thi\u00ean nhi\u00ean xung quanh r\u1ea5t \u0111\u1eb9p\u00a0 n\u1eefa \u0111\u1ea5y !<\/p>\n<p><img decoding=\"async\" class=\"aligncenter wp-image-16759 size-full\" src=\"https:\/\/dalatreview.vn\/wp-content\/uploads\/2022\/03\/villa-15-phong-ba-thang-tu-.jpg\" alt=\"villa 15 phong ba thang tu \" width=\"1200\" height=\"900\" \/><\/p>\n<h2 id=\"3-dich-vu-tien-nghi\"><span style=\"color: #008000;\"><strong><span style=\"font-size: 24px;\">3. D\u1ecbch v\u1ee5 &amp; Ti\u1ec7n nghi<\/span><\/strong><\/span><\/h2>\n<div class=\"pt-2\">\n<p>G\u1ed3m 15 ph\u00f2ng ng\u1ee7 sang tr\u1ecdng v\u00e0 kh\u00e9p k\u00edn:<br \/>\n5 ph\u00f2ng 1 gi\u01b0\u1eddng 2\u00a0ng\u01b0\u1eddi<br \/>\n7 ph\u00f2ng 2 gi\u01b0\u1eddng 4\u00a0ng\u01b0\u1eddi<br \/>\n3 ph\u00f2ng gia \u0111\u00ecnh t\u1eadp th\u1ec3<\/p>\n<p>S\u1ee9c ch\u1ee9a 56-58 kh\u00e1ch. M\u1ed7i ph\u00f2ng s\u1ebd c\u00f3 tivi, internet, nh\u00e0 t\u1eafm, n\u00f3ng l\u1ea1nh v\u00e0 c\u00e1c \u0111\u1ed3 d\u00f9ng c\u00e1 nh\u00e2n c\u1ea7n thi\u1ebft.<\/p>\n<p>&nbsp;<\/p>\n<p>&#8211; \u0110\u1ea7y \u0111\u1ee7 ti\u1ec7n nghi nh\u01b0 \u1edf nh\u00e0. C\u00f3 ph\u00f2ng kh\u00e1ch, h\u1ed3 b\u01a1i, khu v\u1ef1c pha ch\u1ebf \u0111\u1ea7y \u0111\u1ee7 ti\u1ec7n nghi.<\/p>\n<p>&#8211; C\u00f3 di\u1ec7n t\u00edch \u0111\u1ec3 n\u01b0\u1edbng BBQ ngo\u00e0i tr\u1eddi.<\/p>\n<p>&#8211; C\u00f3 ch\u1ed7 \u0111\u1eadu xe m\u00e1y, xe h\u01a1i an to\u00e0n mi\u1ec5n ph\u00ed.<\/p>\n<p>&#8211; Y\u00ean t\u0129nh, an ninh 24\/24, s\u1ea1ch s\u1ebd, tho\u00e1ng m\u00e1t, view thi\u00ean nhi\u00ean si\u00eau \u0111\u1eb9p.<\/p>\n<p>&#8211; B\u1ebfp t\u1ef1 do n\u1ea5u n\u01b0\u1edbng \u0111\u1ea7y \u0111\u1ee7 d\u1ee5ng c\u1ee5 v\u00e0 gia v\u1ecb th\u1ecfa s\u1ee9c ch\u1ebf bi\u1ebfn c\u00e1c m\u00f3n \u0103n \u01b0a th\u00edch.<\/p>\n<p>&#8211; Ch\u00eca kho\u00e1 trao tay tha h\u1ed3 ri\u00eang t\u01b0.<\/p>\n<p><img decoding=\"async\" class=\"aligncenter wp-image-16760 size-full\" src=\"https:\/\/dalatreview.vn\/wp-content\/uploads\/2022\/03\/villa-15-phong-ba-thang-tu-1-1.jpg\" alt=\"villa 15 phong ba thang tu \" width=\"1200\" height=\"900\" \/><\/p>\n<\/div>\n<article class=\"post-content\">\n<div class=\"anh_wtm_m\">\n<div class=\"mws_content\">\n<article class=\"post-content\">\n<div class=\"anh_wtm_m\">\n<div class=\"mws_content\">\n<p><span style=\"color: #008000;\"><strong><span style=\"font-size: 24px;\"><span class=\"_4yxo\">4.<\/span>\u00a0Gi\u00e1 ph\u00f2ng<\/span><\/strong><\/span><\/p>\n<p>Li\u00ean h\u1ec7 \u0110\u00e0 L\u1ea1t Review \u0111\u1ec3 \u0111\u01b0\u1ee3c t\u01b0 v\u1ea5n<\/p>\n<h2 id=\"5-lien-he\"><span style=\"color: #008000;\">5. Li\u00ean h\u1ec7<\/span><\/h2>\n<p>Fanpage:\u00a0<a href=\"https:\/\/www.facebook.com\/booking.dalatreview.vn\/\">Booking \u0110\u00e0 L\u1ea1t \u2013 www.dalatreview.vn<\/a><\/p>\n<p>S\u0110T\/Zalo: 0988 249 297<\/p>\n<\/div>\n<\/div>\n<\/article>\n<article class=\"post-content xemthem\"><\/article>\n<div id=\"comments\" class=\"comments-area\"><\/div>\n<\/div>\n<\/div>\n<\/article>\n<article class=\"post-content xemthem\"><\/article>\n<div id=\"comments\" class=\"comments-area\"><\/div>","protected":false},"excerpt":{"rendered":"<p>Villa \u0110\u00e0 L\u1ea1t Ba Th\u00e1ng T\u01b0 15 Ph\u00f2ng Danh m\u1ee5c ch\u00ednh 1. V\u1ecb tr\u00ed 2. Decor 3. D\u1ecbch v\u1ee5 &amp; Ti\u1ec7n nghi 5. Li\u00ean h\u1ec7 1. V\u1ecb tr\u00ed Villa t\u1ecda l\u1ea1c t\u1ea1i trung t\u00e2m \u0111\u01b0\u1eddng Ba Th\u00e1ng T\u01b0, Ph\u01b0\u1eddng 3, TP \u0110\u00e0 L\u1ea1t. Ch\u1ec9 c\u00e1ch ch\u1ee3 t\u1ea7m 5 ph\u00fat ch\u1ea1y xe, \u0111\u1ea3m b\u1ea3o cho vi\u1ec7c [&hellip;]<\/p>","protected":false},"featured_media":16732,"comment_status":"open","ping_status":"closed","template":"","meta":{"_acf_changed":false,"rank_math_lock_modified_date":false},"product_cat":[29,2265,45],"product_tag":[],"acf":[],"_links":{"self":[{"href":"https:\/\/dalatreview.vn\/en\/wp-json\/wp\/v2\/product\/16731"}],"collection":[{"href":"https:\/\/dalatreview.vn\/en\/wp-json\/wp\/v2\/product"}],"about":[{"href":"https:\/\/dalatreview.vn\/en\/wp-json\/wp\/v2\/types\/product"}],"replies":[{"embeddable":true,"href":"https:\/\/dalatreview.vn\/en\/wp-json\/wp\/v2\/comments?post=16731"}],"wp:featuredmedia":[{"embeddable":true,"href":"https:\/\/dalatreview.vn\/en\/wp-json\/wp\/v2\/media\/16732"}],"wp:attachment":[{"href":"https:\/\/dalatreview.vn\/en\/wp-json\/wp\/v2\/media?parent=16731"}],"wp:term":[{"taxonomy":"product_cat","embeddable":true,"href":"https:\/\/dalatreview.vn\/en\/wp-json\/wp\/v2\/product_cat?post=16731"},{"taxonomy":"product_tag","embeddable":true,"href":"https:\/\/dalatreview.vn\/en\/wp-json\/wp\/v2\/product_tag?post=16731"}],"curies":[{"name":"wp","href":"https:\/\/api.w.org\/{rel}","templated":true}]}}