
{"id":16685,"date":"2022-03-01T10:42:10","date_gmt":"2022-03-01T03:42:10","guid":{"rendered":"https:\/\/dalatreview.vn\/?p=16685"},"modified":"2024-07-11T10:38:38","modified_gmt":"2024-07-11T03:38:38","slug":"villa-da-lat-xo-viet-nghe-tinh-13-phong-co-ho-boi","status":"publish","type":"product","link":"https:\/\/dalatreview.vn\/en\/villa-da-lat-xo-viet-nghe-tinh-13-phong-co-ho-boi.html","title":{"rendered":"Villa \u0110\u00e0 L\u1ea1t X\u00f4 Vi\u1ebft Ngh\u1ec7 T\u0129nh 13 Ph\u00f2ng C\u00f3 H\u1ed3 B\u01a1i"},"content":{"rendered":"<p style=\"text-align: center;\"><span style=\"color: #008000;\"><strong><span style=\"font-size: 24px;\">Villa \u0110\u00e0 L\u1ea1t X\u00f4 Vi\u1ebft Ngh\u1ec7 T\u0129nh 13 Ph\u00f2ng C\u00f3 H\u1ed3 B\u01a1i<\/span><\/strong><\/span><\/p>\n<nav class=\"vietrick-auto-toc\">\n<div class=\"box-title\">\n<h3 class=\"toc-title\" id=\"select-menu\">Danh m\u1ee5c ch\u00ednh<\/h3>\n<div><ion-icon name=\"chevron-up-outline\"><\/ion-icon><\/div>\n<\/div>\n<ul class=\"toc-list\">\n<li><a href='https:\/\/dalatreview.vn\/en#1-vi-tri' class='heading-h2 toc-link smooth-scroll'>1. V\u1ecb tr\u00ed<\/a>\n<li><a href='https:\/\/dalatreview.vn\/en#2-decor' class='heading-h2 toc-link smooth-scroll'>2. Decor<\/a>\n<li><a href='https:\/\/dalatreview.vn\/en#3-dich-vu-tien-nghi' class='heading-h2 toc-link smooth-scroll'>3. D\u1ecbch v\u1ee5 &amp; Ti\u1ec7n nghi<\/a>\n<li><a href='https:\/\/dalatreview.vn\/en#4-gia-phong' class='heading-h2 toc-link smooth-scroll'>4.\u00a0Gi\u00e1 ph\u00f2ng<\/a>\n<li><a href='https:\/\/dalatreview.vn\/en#5-lien-he' class='heading-h2 toc-link smooth-scroll'>5. Li\u00ean h\u1ec7<\/a><\/ul>\n<\/ul>\n<\/li>\n<\/ul>\n<\/nav>\n<h2 id=\"1-vi-tri\"><span style=\"color: #008000;\"><strong><span style=\"font-size: 24px;\">1. V\u1ecb tr\u00ed<\/span><\/strong><\/span><\/h2>\n<p>Villa t\u1ecda l\u1ea1c t\u1ea1i v\u1ecb tr\u00ed trung t\u00e2m <strong>\u0111\u01b0\u1eddng X\u00f4 Vi\u1ebft Ngh\u1ec7 T\u0129nh, Ph\u01b0\u1eddng 7, TP \u0110\u00e0 L\u1ea1t<\/strong>. Ch\u1ec9 c\u00e1ch ch\u1ee3 5 ph\u00fat ch\u1ea1y xe.<\/p>\n<p>M\u00f4i tr\u01b0\u1eddng n\u01a1i \u0111\u00e2y trong l\u00e0nh, an ninh t\u1ed1t, con ng\u01b0\u1eddi th\u00e2n thi\u1ec7n hi\u1ebfu kh\u00e1ch. L\u1ea1i l\u00e0 n\u01a1i h\u1ed9i t\u1ee5 nhi\u1ec1u \u0111\u1ecba \u0111i\u1ec3m \u0103n u\u1ed1ng, mua s\u0103m v\u00e0 vui ch\u01a1i n\u1ed5i ti\u1ebfng. \u0110\u1ea3m b\u1ea3o ti\u00eau chu\u1ea9n ngon &#8211; b\u1ed5 &#8211; r\u1ebb.<\/p>\n<p>Giao th\u1ed9ng thu\u1eadn ti\u1ec7n cho vi\u1ec7c\u00a0di chuy\u1ec3n \u0111i l\u1ea1i t\u1edbi c\u00e1c \u0111i\u1ec3m tham quan tr\u00ean to\u00e0n th\u00e0nh ph\u1ed1. V\u00ec v\u1eady \u0111\u00e2y s\u1ebd l\u00e0 1 l\u1ef1a ch\u1ecdn ho\u00e0n h\u1ea3o cho b\u1ea1n v\u00e0 gia \u0111\u00ecnh khi \u0111\u1ebfn \u0110\u00e0 L\u1ea1t ngh\u1ec9 d\u01b0\u1ee1ng \u0111\u1ea5y nh\u00e9 !<\/p>\n<p><img decoding=\"async\" class=\"aligncenter wp-image-16698 size-full\" src=\"https:\/\/dalatreview.vn\/wp-content\/uploads\/2022\/03\/villa-13-phong-xo-viet-nghe-tinh-11.jpg\" alt=\"villa 13 phong xo viet nghe tinh\" width=\"780\" height=\"780\" \/><\/p>\n<h2 id=\"2-decor\"><span style=\"color: #008000;\"><strong><span style=\"font-size: 24px;\"><span class=\"_4yxo _4yxp\">2. Decor<\/span><\/span><\/strong><\/span><\/h2>\n<p>Villa l\u00e0 1 c\u0103n bi\u1ec7t th\u1ef1 sang tr\u1ecdng \u0111\u1ea1t chu\u1ea9n 5 sao. \u0110\u01b0\u1ee3c thi\u1ebft k\u1ebf theo phong c\u00e1ch hi\u1ec7n \u0111\u1ea1i v\u1edbi kh\u00f4ng gian m\u1edf r\u1ed9ng r\u00e3i tho\u00e1ng m\u00e1t.<\/p>\n<p>\u0110i\u1ec3m c\u1ed9ng cho c\u0103n bi\u1ec7t th\u1ef1 ch\u00ednh l\u00e0 h\u1ed3 b\u01a1i m\u00e1t m\u1ebb v\u00e0 s\u1ea1ch s\u1ebd \u0111\u1ec3 b\u1ea1n th\u01b0 gi\u00e3n trong k\u1ef3 ngh\u1ec9 v\u00ec \u0110\u00e0 L\u1ea1t l\u00e0 th\u00e0nh ph\u1ed1 khoong c\u00f3 bi\u1ec3n. Ngo\u00e0i ra, villa \u0111\u01b0\u1ee3c trang b\u1ecb n\u1ed9i th\u1ea5t v\u00f4 c\u00f9ng \u0111\u1ea7y \u0111\u1ee7 v\u00e0 ti\u1ec7n\u00a0nghi t\u1eeb ph\u00f2ng kh\u00e1ch cho \u0111\u1ebfn ph\u00f2ng ng\u1ee7. \u0110\u1ea3m b\u1ea3o mang \u0111\u1ebfn 100% s\u1ef1 h\u00e0i l\u00f2ng cho du kh\u00e1ch khi \u0111\u1ebfn \u0111\u00e2y v\u1edbi nhi\u1ec1u d\u1ecbch v\u1ee5 v\u00e0 ti\u1ec7n \u00edch kh\u00e1c n\u1eefa.<\/p>\n<p><img decoding=\"async\" class=\"aligncenter wp-image-16699 size-full\" src=\"https:\/\/dalatreview.vn\/wp-content\/uploads\/2022\/03\/villa-13-phong-xo-viet-nghe-tinh.jpg\" alt=\"villa 13 phong xo viet nghe tinh\" width=\"1200\" height=\"900\" \/><\/p>\n<h2 id=\"3-dich-vu-tien-nghi\"><span style=\"color: #008000;\"><strong><span style=\"font-size: 24px;\">3. D\u1ecbch v\u1ee5 &amp; Ti\u1ec7n nghi<\/span><\/strong><\/span><\/h2>\n<div class=\"pt-2\">\n<p>G\u1ed3m 13 ph\u00f2ng ng\u1ee7 sang tr\u1ecdng kh\u00e9p k\u00edn.<br \/>\n9 ph\u00f2ng 1 gi\u01b0\u1eddng 2\u00a0ng\u01b0\u1eddi<br \/>\n4 ph\u00f2ng 2 gi\u01b0\u1eddng 4\u00a0ng\u01b0\u1eddi<\/p>\n<p>S\u1ee9c ch\u1ee9a 34-36 kh\u00e1ch. M\u1ed7i ph\u00f2ng \u0111\u1ec1u c\u00f3 ph\u00f2ng t\u1eafm, wc, n\u00f3ng l\u1ea1nh v\u00e0 c\u00e1c \u0111\u1ed3 d\u00f9ng c\u00e1 nh\u00e2n c\u1ea7n thi\u1ebft.<\/p>\n<p>&nbsp;<\/p>\n<p>&#8211; \u0110\u1ea7y \u0111\u1ee7 ti\u1ec7n nghi nh\u01b0 \u1edf nh\u00e0. Ph\u00f2ng kh\u00e1ch r\u1ed9ng r\u00e3i, c\u00f3 ban c\u00f4ng view \u0111\u1eb9p, c\u00f3 d\u1ecbch v\u1ee5 internet, tivi, t\u1ee7 l\u1ea1nh,&#8230;<\/p>\n<p>&#8211; C\u00f3 di\u1ec7n t\u00edch \u0111\u1ec3 n\u01b0\u1edbng BBQ ngo\u00e0i tr\u1eddi.<\/p>\n<p>&#8211; C\u00f3 ch\u1ed7 \u0111\u1eadu xe m\u00e1y, xe h\u01a1i an to\u00e0n mi\u1ec5n ph\u00ed.<\/p>\n<p>&#8211; Y\u00ean t\u0129nh, an ninh 24\/24, s\u1ea1ch s\u1ebd, tho\u00e1ng m\u00e1t, view thi\u00ean nhi\u00ean si\u00eau \u0111\u1eb9p.<\/p>\n<p>&#8211; B\u1ebfp t\u1ef1 do n\u1ea5u n\u01b0\u1edbng \u0111\u1ea7y \u0111\u1ee7 d\u1ee5ng c\u1ee5 v\u00e0 gia v\u1ecb.<\/p>\n<p>&#8211; Ch\u00eca kho\u00e1 trao tay tha h\u1ed3 ri\u00eang t\u01b0.<\/p>\n<p><img decoding=\"async\" class=\"aligncenter wp-image-16700 size-full\" src=\"https:\/\/dalatreview.vn\/wp-content\/uploads\/2022\/03\/villa-13-phong-xo-viet-nghe-tinh-21.jpg\" alt=\"villa 13 phong xo viet nghe tinh\" width=\"1200\" height=\"900\" \/><\/p>\n<\/div>\n<article class=\"post-content\">\n<div class=\"anh_wtm_m\">\n<div class=\"mws_content\">\n<article class=\"post-content\">\n<div class=\"anh_wtm_m\">\n<div class=\"mws_content\">\n<div class=\"pt-2\">\n<article class=\"post-content\">\n<div class=\"anh_wtm_m\">\n<div class=\"mws_content\">\n<article class=\"post-content\">\n<div class=\"anh_wtm_m\">\n<div class=\"mws_content\">\n<article class=\"post-content\">\n<div class=\"anh_wtm_m\">\n<div class=\"mws_content\">\n<article class=\"post-content\">\n<div class=\"anh_wtm_m\">\n<div class=\"mws_content\">\n<article class=\"post-content\">\n<div class=\"anh_wtm_m\">\n<div class=\"mws_content\">\n<article class=\"post-content\">\n<div class=\"anh_wtm_m\">\n<div class=\"mws_content\">\n<article class=\"post-content\">\n<div class=\"anh_wtm_m\">\n<div class=\"mws_content\">\n<h2 id=\"4-gia-phong\"><span style=\"color: #008000;\"><strong><span style=\"font-size: 24px;\"><span class=\"_4yxo\">4.<\/span>\u00a0Gi\u00e1 ph\u00f2ng<\/span><\/strong><\/span><\/h2>\n<p>Li\u00ean h\u1ec7 \u0111\u1ec3 \u0111\u01b0\u1ee3c \u0110\u00e0 L\u1ea1t Review t\u01b0 v\u1ea5n.<\/p>\n<h2 id=\"5-lien-he\"><span style=\"color: #008000;\">5. Li\u00ean h\u1ec7<\/span><\/h2>\n<p>Fanpage:\u00a0<a href=\"https:\/\/www.facebook.com\/booking.dalatreview.vn\/\">Booking \u0110\u00e0 L\u1ea1t \u2013 www.dalatreview.vn<\/a><\/p>\n<p>S\u0110T\/Zalo: 0988 249 297<\/p>\n<\/div>\n<\/div>\n<\/article>\n<\/div>\n<\/div>\n<\/article>\n<\/div>\n<\/div>\n<\/article>\n<\/div>\n<\/div>\n<\/article>\n<\/div>\n<\/div>\n<\/article>\n<\/div>\n<\/div>\n<\/article>\n<\/div>\n<\/div>\n<\/article>\n<\/div>\n<\/div>\n<\/div>\n<\/article>\n<\/div>\n<\/div>\n<\/article>","protected":false},"excerpt":{"rendered":"<p>Villa \u0110\u00e0 L\u1ea1t X\u00f4 Vi\u1ebft Ngh\u1ec7 T\u0129nh 13 Ph\u00f2ng C\u00f3 H\u1ed3 B\u01a1i Danh m\u1ee5c ch\u00ednh 1. V\u1ecb tr\u00ed 2. Decor 3. D\u1ecbch v\u1ee5 &amp; Ti\u1ec7n nghi 4.\u00a0Gi\u00e1 ph\u00f2ng 5. Li\u00ean h\u1ec7 1. V\u1ecb tr\u00ed Villa t\u1ecda l\u1ea1c t\u1ea1i v\u1ecb tr\u00ed trung t\u00e2m \u0111\u01b0\u1eddng X\u00f4 Vi\u1ebft Ngh\u1ec7 T\u0129nh, Ph\u01b0\u1eddng 7, TP \u0110\u00e0 L\u1ea1t. Ch\u1ec9 c\u00e1ch ch\u1ee3 [&hellip;]<\/p>","protected":false},"featured_media":16686,"comment_status":"open","ping_status":"closed","template":"","meta":{"_acf_changed":false,"rank_math_lock_modified_date":false},"product_cat":[29,2265,45],"product_tag":[],"acf":[],"_links":{"self":[{"href":"https:\/\/dalatreview.vn\/en\/wp-json\/wp\/v2\/product\/16685"}],"collection":[{"href":"https:\/\/dalatreview.vn\/en\/wp-json\/wp\/v2\/product"}],"about":[{"href":"https:\/\/dalatreview.vn\/en\/wp-json\/wp\/v2\/types\/product"}],"replies":[{"embeddable":true,"href":"https:\/\/dalatreview.vn\/en\/wp-json\/wp\/v2\/comments?post=16685"}],"wp:featuredmedia":[{"embeddable":true,"href":"https:\/\/dalatreview.vn\/en\/wp-json\/wp\/v2\/media\/16686"}],"wp:attachment":[{"href":"https:\/\/dalatreview.vn\/en\/wp-json\/wp\/v2\/media?parent=16685"}],"wp:term":[{"taxonomy":"product_cat","embeddable":true,"href":"https:\/\/dalatreview.vn\/en\/wp-json\/wp\/v2\/product_cat?post=16685"},{"taxonomy":"product_tag","embeddable":true,"href":"https:\/\/dalatreview.vn\/en\/wp-json\/wp\/v2\/product_tag?post=16685"}],"curies":[{"name":"wp","href":"https:\/\/api.w.org\/{rel}","templated":true}]}}