
{"id":16643,"date":"2022-03-01T10:02:55","date_gmt":"2022-03-01T03:02:55","guid":{"rendered":"https:\/\/dalatreview.vn\/?p=16643"},"modified":"2024-07-11T10:39:21","modified_gmt":"2024-07-11T03:39:21","slug":"villa-da-lat-nam-ho-11-phong","status":"publish","type":"product","link":"https:\/\/dalatreview.vn\/en\/villa-da-lat-nam-ho-11-phong.html","title":{"rendered":"Villa \u0110\u00e0 L\u1ea1t Nam H\u1ed3 11 Ph\u00f2ng"},"content":{"rendered":"<p style=\"text-align: center;\"><span style=\"color: #008000;\"><strong><span style=\"font-size: 24px;\">Villa \u0110\u00e0 L\u1ea1t Nam H\u1ed3 11 Ph\u00f2ng<\/span><\/strong><\/span><\/p>\n<nav class=\"vietrick-auto-toc\">\n<div class=\"box-title\">\n<h3 class=\"toc-title\" id=\"select-menu\">Danh m\u1ee5c ch\u00ednh<\/h3>\n<div><ion-icon name=\"chevron-up-outline\"><\/ion-icon><\/div>\n<\/div>\n<ul class=\"toc-list\">\n<li><a href='https:\/\/dalatreview.vn\/en#1-vi-tri' class='heading-h2 toc-link smooth-scroll'>1. V\u1ecb tr\u00ed<\/a>\n<li><a href='https:\/\/dalatreview.vn\/en#' class='heading-h2 toc-link smooth-scroll'><\/a>\n<li><a href='https:\/\/dalatreview.vn\/en#2-decor' class='heading-h2 toc-link smooth-scroll'>2. Decor<\/a>\n<li><a href='https:\/\/dalatreview.vn\/en#3-dich-vu-tien-nghi' class='heading-h2 toc-link smooth-scroll'>3. D\u1ecbch v\u1ee5 &amp; Ti\u1ec7n nghi<\/a>\n<li><a href='https:\/\/dalatreview.vn\/en#4-gia-phong' class='heading-h2 toc-link smooth-scroll'>4.\u00a0Gi\u00e1 ph\u00f2ng<\/a>\n<li><a href='https:\/\/dalatreview.vn\/en#5-lien-he' class='heading-h2 toc-link smooth-scroll'>5. Li\u00ean h\u1ec7<\/a><\/ul>\n<\/ul>\n<\/li>\n<\/ul>\n<\/nav>\n<h2 id=\"1-vi-tri\"><span style=\"color: #008000;\"><strong><span style=\"font-size: 24px;\">1. V\u1ecb tr\u00ed<\/span><\/strong><\/span><\/h2>\n<p>T\u1ecda l\u1ea1c t\u1ea1i <strong>\u0111\u01b0\u1eddng Nam H\u1ed3, Ph\u01b0\u1eddng 11, TP \u0110\u00e0 L\u1ea1t<\/strong>. Ch\u1ec9 c\u00e1ch ch\u1ee3 5 ph\u00fat ch\u1ea1y xe, g\u1ea7n qu\u1ea3ng tr\u01b0\u1eddng, g\u1ea7n c\u00e1c trung t\u00e2m mua s\u1eafm, \u0103n u\u1ed1ng v\u00e0 vui ch\u01a1i. Giao th\u00f4ng thu\u1eadn ti\u1ec7n cho vi\u1ec7c \u0111i l\u1ea1i.<\/p>\n<p>M\u00f4i tr\u01b0\u1eddng trong l\u00e0nh s\u1ea1ch s\u1ebd, an ninh \u0111\u1ea3m b\u1ea3o, thi\u00ean nhi\u00ean t\u01b0\u01a1i m\u00e1t,\u2026 h\u1ee9a h\u1eb9n \u0111\u00e2y s\u1ebd l\u00e0 \u0111i\u1ec3m l\u01b0u tr\u00fa tuy\u1ec7t v\u1eddi nh\u1ea5t chi b\u1ea1n v\u00e0 gia \u0111\u00ecnh ng\u01b0\u1eddi th\u00e2n.<\/p>\n<p><img decoding=\"async\" class=\"aligncenter wp-image-16659 size-full\" src=\"https:\/\/dalatreview.vn\/wp-content\/uploads\/2022\/03\/villa-11-phong-nam-ho-12-1.jpg\" alt=\"villa 11 phong nam ho\" width=\"1600\" height=\"1200\" \/><\/p>\n<h2 id=\"\"><\/h2>\n<h2 id=\"2-decor\"><span style=\"color: #008000;\"><strong><span style=\"font-size: 24px;\"><span class=\"_4yxo _4yxp\">2. Decor<\/span><\/span><\/strong><\/span><\/h2>\n<p>Villa 3 t\u1ea7ng v\u1edbi thi\u1ebft k\u1ebf hi\u1ec7n \u0111\u1ea1i, kh\u00f4ng gian m\u1edf c\u1ef1c k\u1ef3 r\u1ed9ng r\u00e3i v\u00e0 tho\u00e1ng m\u00e1t.\u00a0 Bao quanh ng\u00f4i nh\u00e0 l\u00e0 1 kho\u1ea3ng thi\u00ean nhi\u00ean xanh m\u00e1t, kh\u00f4ng kh\u00ed ttrong l\u00e0nh. T\u1eeb ban c\u00f4ng &amp; s\u00e2n th\u01b0\u1ee3ng b\u1ea1n c\u00f3 th\u1ec3 ng\u1eafm nh\u00ecn c\u1ea3nh quan h\u00f9ng v\u0129 xung quanh 1 c\u00e1ch to\u00e0n di\u1ec7n nh\u1ea5t, h\u01a1n n\u1eefa b\u1ea1n c\u00f2n c\u00f3 th\u1ec3 ng\u1eafm ho\u00e0ng h\u1ed1n v\u00e0 \u0111\u00f3n b\u00ecnh minh m\u1ed7i s\u00e1ng mai n\u1eefa \u0111\u1ea5y.<\/p>\n<p>Villa \u0111\u01b0\u1ee3c trang b\u1ecb n\u1ed9i th\u1ea5t \u0111\u1ea7y \u0111\u1ee7 ti\u1ec7n nghi t\u1eeb ph\u00f2ng kh\u00e1ch cho \u0111\u1ebfn ph\u00f2ng ng\u1ee7. C\u00f3 kh\u00f4ng gian sinh ho\u1ea1t chung v\u00e0 ri\u00eang t\u01b0 cho m\u1ed7i th\u00e0nh vi\u00ean trong \u0111o\u00e0n. C\u00f3 nhi\u1ec1u d\u1ecbch v\u1ee5 ti\u1ec7n \u00edch kh\u00e1c n\u1eefa \u0111\u1ea3m b\u1ea3o s\u1ebd l\u00e0m h\u00e0i b\u1ea1n khi \u0111\u1ebfn \u0111\u00e2y ngh\u1ec9 d\u01b0\u1ee1ng.<\/p>\n<p><img decoding=\"async\" class=\"aligncenter wp-image-16661 size-full\" src=\"https:\/\/dalatreview.vn\/wp-content\/uploads\/2022\/03\/villa-11-phong-nam-ho.jpg\" alt=\"villa 11 phong nam ho\" width=\"1200\" height=\"900\" \/><\/p>\n<h2 id=\"3-dich-vu-tien-nghi\"><span style=\"color: #008000;\"><strong><span style=\"font-size: 24px;\">3. D\u1ecbch v\u1ee5 &amp; Ti\u1ec7n nghi<\/span><\/strong><\/span><\/h2>\n<div class=\"pt-2\">\n<p>G\u1ed3m 11 ph\u00f2ng ng\u1ee7 sang tr\u1ecdng kh\u00e9p k\u00edn, c\u00f3 n\u00f3ng l\u1ea1nh, wc v\u00e0 c\u00e1c \u0111\u1ed3 d\u00f9ng c\u00e1 nh\u00e2n c\u1ea7n thi\u1ebft.<br \/>\n6 ph\u00f2ng 1 gi\u01b0\u1eddng 2\u00a0ng\u01b0\u1eddi<br \/>\n1 ph\u00f2ng 2 gi\u01b0\u1eddng 4\u00a0ng\u01b0\u1eddi<br \/>\n4 ph\u00f2ng 3 gi\u01b0\u1eddng 6 ng\u01b0\u1eddi<\/p>\n<p>S\u1ee9c ch\u1ee9a 40-42\u00a0kh\u00e1ch<\/p>\n<p>&#8211; \u0110\u1ea7y \u0111\u1ee7 ti\u1ec7n nghi nh\u01b0 \u1edf nh\u00e0 c\u00f3 tivi, wiffi. Ph\u00f2ng kh\u00e1ch r\u1ed9ng r\u00e3i, c\u00f3 b\u00e0n gh\u1ebf sofa,..<\/p>\n<p>&#8211; C\u00f3 di\u1ec7n t\u00edch \u0111\u1ec3 n\u01b0\u1edbng BBQ ngo\u00e0i tr\u1eddi tho\u00e1ng m\u00e1t.<\/p>\n<p>&#8211; C\u00f3 ch\u1ed7 \u0111\u1eadu xe m\u00e1y, xe h\u01a1i an to\u00e0n mi\u1ec5n ph\u00ed.<\/p>\n<p>&#8211; Y\u00ean t\u0129nh, an ninh 24\/24, s\u1ea1ch s\u1ebd, tho\u00e1ng m\u00e1t, view thi\u00ean nhi\u00ean si\u00eau \u0111\u1eb9p.<\/p>\n<p>&#8211; B\u1ebfp t\u1ef1 do n\u1ea5u n\u01b0\u1edbng \u0111\u1ea7y \u0111\u1ee7 d\u1ee5ng c\u1ee5 v\u00e0 gia v\u1ecb.<\/p>\n<p>&#8211; Ch\u00eca kho\u00e1 trao tay tha h\u1ed3 ri\u00eang t\u01b0.<\/p>\n<p><img decoding=\"async\" class=\"aligncenter wp-image-16662 size-full\" src=\"https:\/\/dalatreview.vn\/wp-content\/uploads\/2022\/03\/villa-11-phong-nam-ho-25.jpg\" alt=\"villa 11 phong nam ho\" width=\"1200\" height=\"900\" \/><\/p>\n<\/div>\n<div class=\"pt-2\">\n<article class=\"post-content\">\n<div class=\"anh_wtm_m\">\n<div class=\"mws_content\">\n<article class=\"post-content\">\n<div class=\"anh_wtm_m\">\n<div class=\"mws_content\">\n<article class=\"post-content\">\n<div class=\"anh_wtm_m\">\n<div class=\"mws_content\">\n<article class=\"post-content\">\n<div class=\"anh_wtm_m\">\n<div class=\"mws_content\">\n<article class=\"post-content\">\n<div class=\"anh_wtm_m\">\n<div class=\"mws_content\">\n<article class=\"post-content\">\n<div class=\"anh_wtm_m\">\n<div class=\"mws_content\">\n<article class=\"post-content\">\n<div class=\"anh_wtm_m\">\n<div class=\"mws_content\">\n<h2 id=\"4-gia-phong\"><span style=\"color: #008000;\"><strong><span style=\"font-size: 24px;\"><span class=\"_4yxo\">4.<\/span>\u00a0Gi\u00e1 ph\u00f2ng<\/span><\/strong><\/span><\/h2>\n<p>Li\u00ean h\u1ec7 \u0111\u1ec3 \u0111\u01b0\u1ee3c \u0110\u00e0 L\u1ea1t Review t\u01b0 v\u1ea5n.<\/p>\n<h2 id=\"5-lien-he\"><span style=\"color: #008000;\">5. Li\u00ean h\u1ec7<\/span><\/h2>\n<p>Fanpage:\u00a0<a href=\"https:\/\/www.facebook.com\/booking.dalatreview.vn\/\">Booking \u0110\u00e0 L\u1ea1t \u2013 www.dalatreview.vn<\/a><\/p>\n<p>S\u0110T\/Zalo: 0988 249 297<\/p>\n<\/div>\n<\/div>\n<\/article>\n<\/div>\n<\/div>\n<\/article>\n<\/div>\n<\/div>\n<\/article>\n<\/div>\n<\/div>\n<\/article>\n<\/div>\n<\/div>\n<\/article>\n<\/div>\n<\/div>\n<\/article>\n<\/div>\n<\/div>\n<\/article>\n<article class=\"post-content xemthem\"><\/article>\n<div id=\"comments\" class=\"comments-area\"><\/div>\n<\/div>","protected":false},"excerpt":{"rendered":"<p>Villa \u0110\u00e0 L\u1ea1t Nam H\u1ed3 11 Ph\u00f2ng Danh m\u1ee5c ch\u00ednh 1. V\u1ecb tr\u00ed 2. Decor 3. D\u1ecbch v\u1ee5 &amp; Ti\u1ec7n nghi 4.\u00a0Gi\u00e1 ph\u00f2ng 5. Li\u00ean h\u1ec7 1. V\u1ecb tr\u00ed T\u1ecda l\u1ea1c t\u1ea1i \u0111\u01b0\u1eddng Nam H\u1ed3, Ph\u01b0\u1eddng 11, TP \u0110\u00e0 L\u1ea1t. Ch\u1ec9 c\u00e1ch ch\u1ee3 5 ph\u00fat ch\u1ea1y xe, g\u1ea7n qu\u1ea3ng tr\u01b0\u1eddng, g\u1ea7n c\u00e1c trung t\u00e2m mua [&hellip;]<\/p>","protected":false},"featured_media":16644,"comment_status":"open","ping_status":"closed","template":"","meta":{"_acf_changed":false,"rank_math_lock_modified_date":false},"product_cat":[29,2265,45],"product_tag":[],"acf":[],"_links":{"self":[{"href":"https:\/\/dalatreview.vn\/en\/wp-json\/wp\/v2\/product\/16643"}],"collection":[{"href":"https:\/\/dalatreview.vn\/en\/wp-json\/wp\/v2\/product"}],"about":[{"href":"https:\/\/dalatreview.vn\/en\/wp-json\/wp\/v2\/types\/product"}],"replies":[{"embeddable":true,"href":"https:\/\/dalatreview.vn\/en\/wp-json\/wp\/v2\/comments?post=16643"}],"wp:featuredmedia":[{"embeddable":true,"href":"https:\/\/dalatreview.vn\/en\/wp-json\/wp\/v2\/media\/16644"}],"wp:attachment":[{"href":"https:\/\/dalatreview.vn\/en\/wp-json\/wp\/v2\/media?parent=16643"}],"wp:term":[{"taxonomy":"product_cat","embeddable":true,"href":"https:\/\/dalatreview.vn\/en\/wp-json\/wp\/v2\/product_cat?post=16643"},{"taxonomy":"product_tag","embeddable":true,"href":"https:\/\/dalatreview.vn\/en\/wp-json\/wp\/v2\/product_tag?post=16643"}],"curies":[{"name":"wp","href":"https:\/\/api.w.org\/{rel}","templated":true}]}}