
{"id":16621,"date":"2022-03-01T09:45:22","date_gmt":"2022-03-01T02:45:22","guid":{"rendered":"https:\/\/dalatreview.vn\/?p=16621"},"modified":"2024-07-11T10:39:35","modified_gmt":"2024-07-11T03:39:35","slug":"villa-da-lat-mai-anh-dao-noi-dai-11-phong","status":"publish","type":"product","link":"https:\/\/dalatreview.vn\/en\/villa-da-lat-mai-anh-dao-noi-dai-11-phong.html","title":{"rendered":"Villa \u0110\u00e0 L\u1ea1t Mai Anh \u0110\u00e0o N\u1ed1i D\u00e0i 11 Ph\u00f2ng"},"content":{"rendered":"<p style=\"text-align: center;\"><span style=\"color: #008000;\"><strong><span style=\"font-size: 24px;\">Villa \u0110\u00e0 L\u1ea1t Mai Anh \u0110\u00e0o N\u1ed1i D\u00e0i 11 Ph\u00f2ng <\/span><\/strong><\/span><\/p>\n<nav class=\"vietrick-auto-toc\">\n<div class=\"box-title\">\n<h3 class=\"toc-title\" id=\"select-menu\">Danh m\u1ee5c ch\u00ednh<\/h3>\n<div><ion-icon name=\"chevron-up-outline\"><\/ion-icon><\/div>\n<\/div>\n<ul class=\"toc-list\">\n<li><a href='https:\/\/dalatreview.vn\/en#1-vi-tri' class='heading-h2 toc-link smooth-scroll'>1. V\u1ecb tr\u00ed<\/a>\n<li><a href='https:\/\/dalatreview.vn\/en#2-decor' class='heading-h2 toc-link smooth-scroll'>2. Decor<\/a>\n<li><a href='https:\/\/dalatreview.vn\/en#3-dich-vu-tien-nghi' class='heading-h2 toc-link smooth-scroll'>3. D\u1ecbch v\u1ee5 &amp; Ti\u1ec7n nghi<\/a>\n<li><a href='https:\/\/dalatreview.vn\/en#4-gia-phong' class='heading-h2 toc-link smooth-scroll'>4.\u00a0Gi\u00e1 ph\u00f2ng<\/a>\n<li><a href='https:\/\/dalatreview.vn\/en#5-lien-he' class='heading-h2 toc-link smooth-scroll'>5. Li\u00ean h\u1ec7<\/a><\/ul>\n<\/ul>\n<\/li>\n<\/ul>\n<\/nav>\n<h2 id=\"1-vi-tri\"><span style=\"color: #008000;\"><strong><span style=\"font-size: 24px;\">1. V\u1ecb tr\u00ed<\/span><\/strong><\/span><\/h2>\n<p>T\u1ecda l\u1ea1c ngay v\u1ecb tr\u00ed trung t\u00e2m n\u1eb1m tr\u00ean tr\u1ee5c \u0111\u01b0\u1eddng l\u1edbn <strong>Mai Anh \u0110\u00e0o, ph\u01b0\u1eddng 8, TP \u0110\u00e0 L\u1ea1t<\/strong>, v\u1edbi c\u1ea3nh \u0111\u1eb9p m\u1ed9ng m\u01a1 m\u00e0 g\u1ea7n g\u0169i, hi\u1ec7n \u0111\u1ea1i m\u00e0 c\u1ed5 k\u00ednh, con ng\u01b0\u1eddi th\u00e2n thi\u1ec7n v\u00e0 hi\u1ebfu kh\u00e1ch. \u0110\u1ea3m b\u1ea3o giao th\u00f4ng r\u1ea5t thu\u1eadn ti\u1ec7n cho vi\u1ec7c \u0111i l\u1ea1i tham quan, mua s\u1eafm, \u0103n u\u1ed1ng v\u00e0 vui ch\u01a1i. H\u1ee9a h\u1eb9n\u00a0\u0111\u00e2y s\u1ebd l\u00e0 1 l\u1ef1a ch\u1ecdn ho\u00e0n h\u1ea3o cho du kh\u00e1ch l\u01b0u tr\u00fa khi \u0111i du l\u1ecbch.<\/p>\n<p>G\u1ea7n c\u00e1c \u0111i\u1ec3m du l\u1ecbch n\u1ed5i ti\u1ebfng nh\u01b0: \u0110\u1ed3i M\u1ed9ng M\u01a1, Thung L\u0169ng T\u00ecnh Y\u00eau, V\u01b0\u1eddn D\u00e2u \u0110\u00e0 L\u1ea1t,\u2026 tha h\u1ed3 \u0111i checkin tham quan n\u00e8.<\/p>\n<p><img decoding=\"async\" class=\"aligncenter wp-image-16638 size-full\" src=\"https:\/\/dalatreview.vn\/wp-content\/uploads\/2022\/03\/villa-11-phong-mai-anh-dao-2-1.jpg\" alt=\"villa 11 phong mai anh dao\" width=\"1280\" height=\"853\" \/><\/p>\n<h2 id=\"2-decor\"><span style=\"color: #008000;\"><strong><span style=\"font-size: 24px;\"><span class=\"_4yxo _4yxp\">2. Decor<\/span><\/span><\/strong><\/span><\/h2>\n<p>Villa \u0111\u01b0\u1ee3c thi\u1ebft k\u1ebf theo phong c\u00e1ch hi\u1ec7n \u0111\u1ea1i, v\u1edbi n\u1ed9i th\u1ea5t g\u1ed7 l\u00e0 ch\u1ee7 \u0111\u1ea1o. V\u1edbi thi\u1ebft k\u1ebf n\u00e0y t\u1ea1o c\u1ea3m gi\u00e1c g\u1ea7n g\u0169i, h\u00f2a m\u00ecnh v\u1edbi thi\u00ean nhi\u00ean. Ph\u00f2ng c\u00f3 nhi\u1ec1u c\u1eeda s\u1ed5 k\u00ednh, c\u00f3 nhi\u1ec1u kh\u00f4ng gian s\u1ed1ng \u1ea3o cho kh\u00e1ch.<\/p>\n<p>S\u00e2n v\u01b0\u1eddn r\u1ed9ng r\u00e3i, t\u1ea7ng th\u01b0\u1ee3ng c\u00f3 th\u00eam 1 h\u1ed3 n\u01b0\u1edbc decor r\u1ea5t x\u1ecbn x\u00f2 v\u1edbi kh\u00f4ng gian s\u1ed1ng \u1ea3o \u0111\u1ed9c \u0111\u00e1o v\u1eeba ng\u1eafm c\u1ea3nh v\u1eeba vui ch\u01a1i r\u1ea5t l\u00e0 chill.<\/p>\n<p>Trong nh\u00e0 \u0111\u01b0\u1ee3c trang b\u1ecb \u0111\u1ea7y \u0111\u1ee7 ti\u1ec7n nghi \u0111\u1ea3m b\u1ea3o \u0111\u00e1p \u1ee9ng \u0111\u01b0\u1ee3c m\u1ecdi nhu c\u1ea7u m\u00e0 b\u1ea1n \u0111ang mong mu\u1ed1n. H\u00e3y \u0111\u1ebfn \u0111\u00e2y \u0111\u1ec3 t\u1eadn h\u01b0\u1edfng k\u00ec ngh\u1ec9 tuy\u1ec7t v\u1eddi nh\u1ea5t nh\u00e9 !<\/p>\n<p>&nbsp;<\/p>\n<p><img decoding=\"async\" class=\"aligncenter wp-image-16639 size-full\" src=\"https:\/\/dalatreview.vn\/wp-content\/uploads\/2022\/03\/villa-11-phong-mai-anh-dao.jpg\" alt=\"villa 11 phong mai anh dao\" width=\"1200\" height=\"900\" \/><\/p>\n<h2 id=\"3-dich-vu-tien-nghi\"><span style=\"color: #008000;\"><strong><span style=\"font-size: 24px;\">3. D\u1ecbch v\u1ee5 &amp; Ti\u1ec7n nghi<\/span><\/strong><\/span><\/h2>\n<div class=\"pt-2\">\n<p>G\u1ed3m 11 ph\u00f2ng ng\u1ee7 sang tr\u1ecdng kh\u00e9p k\u00edn, c\u00f3 nh\u00e0 t\u1eafm, n\u00f3ng l\u1ea1nh v\u00e0 \u0111\u1ea7y \u0111\u1ee7 c\u00e1c \u0111\u1ed3 d\u00f9ng c\u00e1 nh\u00e2n c\u1ea7n thi\u1ebft.<br \/>\n8 ph\u00f2ng 1 gi\u01b0\u1eddng 2\u00a0ng\u01b0\u1eddi<br \/>\n3 ph\u00f2ng 2 gi\u01b0\u1eddng 4\u00a0ng\u01b0\u1eddi<\/p>\n<p>S\u1ee9c ch\u1ee9a 28-30 kh\u00e1ch<\/p>\n<p>&nbsp;<\/p>\n<p>&#8211; \u0110\u1ea7y \u0111\u1ee7 ti\u1ec7n nghi nh\u01b0 \u1edf nh\u00e0. C\u00f3 tivi, wiffi mi\u1ec5n ph\u00ed.<\/p>\n<p>&#8211; C\u00f3 di\u1ec7n t\u00edch \u0111\u1ec3 n\u01b0\u1edbng BBQ ngo\u00e0i tr\u1eddi.<\/p>\n<p>&#8211; C\u00f3 ch\u1ed7 \u0111\u1eadu xe m\u00e1y, xe h\u01a1i an to\u00e0n mi\u1ec5n ph\u00ed. C\u00f3 d\u1ecbch v\u1ee5 \u0111\u01b0a r\u01b0\u1edbc ho\u1eb7c thu\u00ea xe.<\/p>\n<p>&#8211; Y\u00ean t\u0129nh, an ninh 24\/24, s\u1ea1ch s\u1ebd, tho\u00e1ng m\u00e1t, view thi\u00ean nhi\u00ean si\u00eau \u0111\u1eb9p.<\/p>\n<p>&#8211; B\u1ebfp t\u1ef1 do n\u1ea5u n\u01b0\u1edbng \u0111\u1ea7y \u0111\u1ee7 d\u1ee5ng c\u1ee5 nh\u01b0 b\u1ebfp, t\u1ee7 l\u1ea1nh v\u00e0 c\u00e1c gia v\u1ecb th\u1ecfa s\u1ee9c ch\u1ebf bi\u1ebfn c\u00e1c m\u00f3n \u0103n m\u00e0 b\u1ea1n y\u00eau th\u00edch.<\/p>\n<p>&#8211; Ch\u00eca kho\u00e1 trao tay tha h\u1ed3 ri\u00eang t\u01b0.<\/p>\n<p>&nbsp;<\/p>\n<p><img decoding=\"async\" class=\"aligncenter wp-image-16640 size-full\" src=\"https:\/\/dalatreview.vn\/wp-content\/uploads\/2022\/03\/villa-11-phong-mai-anh-dao-26.jpg\" alt=\"villa 11 phong mai anh dao\" width=\"1200\" height=\"900\" \/><\/p>\n<\/div>\n<article class=\"post-content\">\n<div class=\"anh_wtm_m\">\n<div class=\"mws_content\">\n<article class=\"post-content\">\n<div class=\"anh_wtm_m\">\n<div class=\"mws_content\">\n<article class=\"post-content\">\n<div class=\"anh_wtm_m\">\n<div class=\"mws_content\">\n<article class=\"post-content\">\n<div class=\"anh_wtm_m\">\n<div class=\"mws_content\">\n<article class=\"post-content\">\n<div class=\"anh_wtm_m\">\n<div class=\"mws_content\">\n<article class=\"post-content\">\n<div class=\"anh_wtm_m\">\n<div class=\"mws_content\">\n<h2 id=\"4-gia-phong\"><span style=\"color: #008000;\"><strong><span style=\"font-size: 24px;\"><span class=\"_4yxo\">4.<\/span>\u00a0Gi\u00e1 ph\u00f2ng<\/span><\/strong><\/span><\/h2>\n<p>Li\u00ean h\u1ec7 \u0111\u1ec3 \u0111\u01b0\u1ee3c \u0110\u00e0 L\u1ea1t Review t\u01b0 v\u1ea5n.<\/p>\n<h2 id=\"5-lien-he\"><span style=\"color: #008000;\">5. Li\u00ean h\u1ec7<\/span><\/h2>\n<p>Fanpage:\u00a0<a href=\"https:\/\/www.facebook.com\/booking.dalatreview.vn\/\">Booking \u0110\u00e0 L\u1ea1t \u2013 www.dalatreview.vn<\/a><\/p>\n<p>S\u0110T\/Zalo: 0988 249 297<\/p>\n<\/div>\n<\/div>\n<\/article>\n<\/div>\n<\/div>\n<\/article>\n<\/div>\n<\/div>\n<\/article>\n<\/div>\n<\/div>\n<\/article>\n<\/div>\n<\/div>\n<\/article>\n<\/div>\n<\/div>\n<\/article>","protected":false},"excerpt":{"rendered":"<p>Villa \u0110\u00e0 L\u1ea1t Mai Anh \u0110\u00e0o N\u1ed1i D\u00e0i 11 Ph\u00f2ng Danh m\u1ee5c ch\u00ednh 1. V\u1ecb tr\u00ed 2. Decor 3. D\u1ecbch v\u1ee5 &amp; Ti\u1ec7n nghi 4.\u00a0Gi\u00e1 ph\u00f2ng 5. Li\u00ean h\u1ec7 1. V\u1ecb tr\u00ed T\u1ecda l\u1ea1c ngay v\u1ecb tr\u00ed trung t\u00e2m n\u1eb1m tr\u00ean tr\u1ee5c \u0111\u01b0\u1eddng l\u1edbn Mai Anh \u0110\u00e0o, ph\u01b0\u1eddng 8, TP \u0110\u00e0 L\u1ea1t, v\u1edbi c\u1ea3nh \u0111\u1eb9p [&hellip;]<\/p>","protected":false},"featured_media":16622,"comment_status":"open","ping_status":"closed","template":"","meta":{"_acf_changed":false,"rank_math_lock_modified_date":false},"product_cat":[29,2265,45],"product_tag":[],"acf":[],"_links":{"self":[{"href":"https:\/\/dalatreview.vn\/en\/wp-json\/wp\/v2\/product\/16621"}],"collection":[{"href":"https:\/\/dalatreview.vn\/en\/wp-json\/wp\/v2\/product"}],"about":[{"href":"https:\/\/dalatreview.vn\/en\/wp-json\/wp\/v2\/types\/product"}],"replies":[{"embeddable":true,"href":"https:\/\/dalatreview.vn\/en\/wp-json\/wp\/v2\/comments?post=16621"}],"wp:featuredmedia":[{"embeddable":true,"href":"https:\/\/dalatreview.vn\/en\/wp-json\/wp\/v2\/media\/16622"}],"wp:attachment":[{"href":"https:\/\/dalatreview.vn\/en\/wp-json\/wp\/v2\/media?parent=16621"}],"wp:term":[{"taxonomy":"product_cat","embeddable":true,"href":"https:\/\/dalatreview.vn\/en\/wp-json\/wp\/v2\/product_cat?post=16621"},{"taxonomy":"product_tag","embeddable":true,"href":"https:\/\/dalatreview.vn\/en\/wp-json\/wp\/v2\/product_tag?post=16621"}],"curies":[{"name":"wp","href":"https:\/\/api.w.org\/{rel}","templated":true}]}}