
{"id":16599,"date":"2022-03-01T09:27:42","date_gmt":"2022-03-01T02:27:42","guid":{"rendered":"https:\/\/dalatreview.vn\/?p=16599"},"modified":"2026-04-01T08:43:39","modified_gmt":"2026-04-01T01:43:39","slug":"villa-da-lat-hoang-hoa-tham-10-phong","status":"publish","type":"product","link":"https:\/\/dalatreview.vn\/en\/villa-da-lat-hoang-hoa-tham-10-phong.html","title":{"rendered":"Villa \u0110\u00e0 L\u1ea1t Ho\u00e0ng Hoa Th\u00e1m 10 Ph\u00f2ng"},"content":{"rendered":"<p style=\"text-align: center;\"><span style=\"font-size: 24px; color: #008000;\"><strong>Villa \u0110\u00e0 L\u1ea1t Ho\u00e0ng Hoa Th\u00e1m 10 Ph\u00f2ng <\/strong><\/span><\/p>\n<nav class=\"vietrick-auto-toc\">\n<div class=\"box-title\">\n<h3 class=\"toc-title\" id=\"select-menu\">Danh m\u1ee5c ch\u00ednh<\/h3>\n<div><ion-icon name=\"chevron-up-outline\"><\/ion-icon><\/div>\n<\/div>\n<ul class=\"toc-list\">\n<li><a href='https:\/\/dalatreview.vn\/en#1-vi-tri' class='heading-h2 toc-link smooth-scroll'>1. V\u1ecb tr\u00ed<\/a>\n<li><a href='https:\/\/dalatreview.vn\/en#2-decor' class='heading-h2 toc-link smooth-scroll'>2. Decor<\/a>\n<li><a href='https:\/\/dalatreview.vn\/en#3-dich-vu-tien-nghi' class='heading-h2 toc-link smooth-scroll'>3. D\u1ecbch v\u1ee5 &amp; Ti\u1ec7n nghi<\/a>\n<li><a href='https:\/\/dalatreview.vn\/en#4-gia-phong' class='heading-h2 toc-link smooth-scroll'>4.\u00a0Gi\u00e1 ph\u00f2ng<\/a>\n<li><a href='https:\/\/dalatreview.vn\/en#5-lien-he' class='heading-h2 toc-link smooth-scroll'>5. Li\u00ean h\u1ec7<\/a><\/ul>\n<\/ul>\n<\/li>\n<\/ul>\n<\/nav>\n<h2 id=\"1-vi-tri\"><span style=\"font-size: 24px; color: #008000;\"><strong>1. V\u1ecb tr\u00ed<\/strong><\/span><\/h2>\n<p>Villa n\u1eb1m t\u1ea1i <strong>Ho\u00e0ng Hoa Th\u00e1m,<\/strong>\u00a0<strong>ph\u01b0\u1eddng 10, TP \u0110\u00e0 L\u1ea1t<\/strong>. C\u00e1ch ch\u1ee3 ch\u1ec9 5 ph\u00fat ch\u1ea1y xe. View thi\u00ean nhi\u00ean v\u00f4 c\u00f9ng \u0111\u1eb9p.<\/p>\n<p>V\u1ecb tr\u00ed kh\u00e1 \u0111\u1eafc \u0111\u1ecba v\u00e0 trung t\u00e2m, thu\u1eadn ti\u1ec7n cho vi\u1ec7c \u0111i l\u1ea1i mua s\u1eafm v\u00e0 tham quan du l\u1ecbch n\u00ean c\u00e1c b\u1ea1n c\u1ee9 y\u00ean t\u00e2m tin t\u01b0\u1edfng \u0111\u1ec3 l\u1ef1a ch\u1ecdn c\u0103n villa n\u00e0y nh\u00e9 !<\/p>\n<p><img decoding=\"async\" class=\"aligncenter wp-image-16615 size-full\" src=\"https:\/\/dalatreview.vn\/wp-content\/uploads\/2022\/03\/villa-10-phong-hoang-hoa-tham-13.jpg\" alt=\"villa 10 phong hoang hoa tham\" width=\"1600\" height=\"1200\" \/><\/p>\n<h2 id=\"2-decor\"><span style=\"font-size: 24px; color: #008000;\"><strong><span class=\"_4yxo _4yxp\">2. Decor<\/span><\/strong><\/span><\/h2>\n<p>Villa thi\u1ebft k\u1ebf theo phong c\u00e1ch hi\u1ec7n \u0111\u1ea1i v\u1edbi kh\u00f4ng gian m\u1edf t\u1eadn d\u1ee5ng l\u1ee3i th\u1ebf view cao cho n\u00ean t\u1eeb ch\u00ednh ban c\u00f4ng hay qua c\u00e1c khung c\u1eeda k\u00ednh b\u1ea1n \u0111\u1ec1u c\u00f3 th\u1ec3 ng\u1eafm nh\u00ecn \u0111\u01b0\u1ee3c c\u1ea3nh quan thi\u00ean nhi\u00ean xung quanh, c\u00f3 th\u1ec3 s\u0103n m\u00e2y v\u00e0 ng\u1eafm nh\u00ecn v\u1ebb \u0111\u1eb9p th\u01a1 m\u1ed9ng v\u1ec1 \u0111\u00eam c\u1ee7a th\u00e0nh ph\u1ed1 n\u00e0y.<\/p>\n<p>\u0110i\u1ec3m \u0111\u1eb7c s\u1eafc v\u00e0 m\u1edbi m\u1ebb \u1edf \u0111\u00e2y ch\u00ednh l\u00e0 m\u1ed7i ph\u00f2ng ng\u1ee7 s\u1ebd \u0111\u01b0\u1ee3c decor theo 1 phong c\u00e1ch v\u00e0 1 gam m\u00e0u kh\u00e1c nhau \u0111\u1ec3 mang \u0111\u1ebfn cho b\u1ea1n v\u00e0 m\u1ecdi ng\u01b0\u1eddi nhi\u1ec1u c\u1ea3m nh\u1eadn m\u00e0 kh\u00f4ng n\u01a1i n\u00e0o c\u00f3 \u0111\u01b0\u1ee3c.<\/p>\n<p>C\u0103n nh\u00e0 \u0111\u01b0\u1ee3c trang b\u1ecb n\u1ed9i th\u1ea5t cao c\u1ea5p, \u0111\u1ea7y d\u1ee7 v\u00e0 ti\u1ec7n nghi \u0111\u1ea3m b\u1ea3o \u0111\u00e1p \u1ee9ng \u0111\u01b0\u1ee3c m\u1ecdi nhu c\u1ea7u c\u1ee7a b\u1ea1n c\u0169ng nh\u01b0 c\u00e1c th\u00e0nh vi\u00ean kh\u00e1c.<\/p>\n<p><img decoding=\"async\" class=\"aligncenter wp-image-16616 size-full\" src=\"https:\/\/dalatreview.vn\/wp-content\/uploads\/2022\/03\/villa-10-phong-hoang-hoa-tham.jpg\" alt=\"villa 10 phong hoang hoa tham\" width=\"1200\" height=\"900\" \/><\/p>\n<h2 id=\"3-dich-vu-tien-nghi\"><span style=\"font-size: 24px; color: #008000;\"><strong>3. D\u1ecbch v\u1ee5 &amp; Ti\u1ec7n nghi<\/strong><\/span><\/h2>\n<p>G\u1ed3m 10 ph\u00f2ng ng\u1ee7 sang tr\u1ecdng kh\u00e9p k\u00edn, c\u00f3 nh\u00e0 t\u1eafm n\u00f3ng l\u1ea1nh, wc &amp; \u0111\u1ea7y \u0111\u1ee7 \u0111\u1ed3 d\u00f9ng c\u00e1 nh\u00e2n c\u1ea7n thi\u1ebft .<br \/>\n6 ph\u00f2ng 1 gi\u01b0\u1eddng 2\u00a0ng\u01b0\u1eddi<br \/>\n4 ph\u00f2ng 2 gi\u01b0\u1eddng 4\u00a0ng\u01b0\u1eddi<\/p>\n<p>S\u1ee9c ch\u1ee9a 28-30 kh\u00e1ch<\/p>\n<p>&#8211; \u0110\u1ea7y \u0111\u1ee7 ti\u1ec7n nghi nh\u01b0 \u1edf nh\u00e0.<\/p>\n<p>&#8211; C\u00f3 di\u1ec7n t\u00edch \u0111\u1ec3 n\u01b0\u1edbng BBQ ngo\u00e0i tr\u1eddi.<\/p>\n<p>&#8211; C\u00f3 ch\u1ed7 \u0111\u1eadu xe m\u00e1y, xe h\u01a1i an to\u00e0n mi\u1ec5n ph\u00ed.<\/p>\n<p>&#8211; Y\u00ean t\u0129nh, an ninh 24\/24, s\u1ea1ch s\u1ebd, tho\u00e1ng m\u00e1t, view thi\u00ean nhi\u00ean si\u00eau \u0111\u1eb9p.<\/p>\n<p>&#8211; B\u1ebfp t\u1ef1 do n\u1ea5u n\u01b0\u1edbng \u0111\u1ea7y \u0111\u1ee7 d\u1ee5ng c\u1ee5 v\u00e0 gia v\u1ecb.<\/p>\n<p>&#8211; Ch\u00eca kho\u00e1 trao tay tha h\u1ed3 ri\u00eang t\u01b0.<\/p>\n<p>&nbsp;<\/p>\n<p><img decoding=\"async\" class=\"aligncenter wp-image-16617 size-full\" src=\"https:\/\/dalatreview.vn\/wp-content\/uploads\/2022\/03\/villa-10-phong-hoang-hoa-tham-32.jpg\" alt=\"villa 10 phong hoang hoa tham\" width=\"1200\" height=\"900\" \/><\/p>\n<article class=\"post-content\">\n<div class=\"anh_wtm_m\">\n<div class=\"mws_content\">\n<article class=\"post-content\">\n<div class=\"anh_wtm_m\">\n<div class=\"mws_content\">\n<article class=\"post-content\">\n<div class=\"anh_wtm_m\">\n<div class=\"mws_content\">\n<article class=\"post-content\">\n<div class=\"anh_wtm_m\">\n<div class=\"mws_content\">\n<article class=\"post-content\">\n<div class=\"anh_wtm_m\">\n<div class=\"mws_content\">\n<h2 id=\"4-gia-phong\"><span style=\"font-size: 24px; color: #008000;\"><strong><span class=\"_4yxo\">4.<\/span>\u00a0Gi\u00e1 ph\u00f2ng<\/strong><\/span><\/h2>\n<p>Li\u00ean h\u1ec7 \u0111\u1ec3 \u0111\u01b0\u1ee3c \u0110\u00e0 L\u1ea1t Review t\u01b0 v\u1ea5n.<\/p>\n<h2 id=\"5-lien-he\"><span style=\"color: #008000;\">5. Li\u00ean h\u1ec7<\/span><\/h2>\n<p>Fanpage:\u00a0<a href=\"https:\/\/www.facebook.com\/booking.dalatreview.vn\/\">Booking \u0110\u00e0 L\u1ea1t \u2013 www.dalatreview.vn<\/a><\/p>\n<p>S\u0110T\/Zalo: 0988 249 297<\/p>\n<\/div>\n<\/div>\n<\/article>\n<\/div>\n<\/div>\n<\/article>\n<\/div>\n<\/div>\n<\/article>\n<\/div>\n<\/div>\n<\/article>\n<\/div>\n<\/div>\n<\/article>","protected":false},"excerpt":{"rendered":"<p>Villa \u0110\u00e0 L\u1ea1t Ho\u00e0ng Hoa Th\u00e1m 10 Ph\u00f2ng Danh m\u1ee5c ch\u00ednh 1. V\u1ecb tr\u00ed 2. Decor 3. D\u1ecbch v\u1ee5 &amp; Ti\u1ec7n nghi 4.\u00a0Gi\u00e1 ph\u00f2ng 5. Li\u00ean h\u1ec7 1. V\u1ecb tr\u00ed Villa n\u1eb1m t\u1ea1i Ho\u00e0ng Hoa Th\u00e1m,\u00a0ph\u01b0\u1eddng 10, TP \u0110\u00e0 L\u1ea1t. C\u00e1ch ch\u1ee3 ch\u1ec9 5 ph\u00fat ch\u1ea1y xe. View thi\u00ean nhi\u00ean v\u00f4 c\u00f9ng \u0111\u1eb9p. V\u1ecb tr\u00ed [&hellip;]<\/p>","protected":false},"featured_media":16600,"comment_status":"open","ping_status":"closed","template":"","meta":{"_acf_changed":false,"rank_math_lock_modified_date":false},"product_cat":[29,2265,45],"product_tag":[],"acf":[],"_links":{"self":[{"href":"https:\/\/dalatreview.vn\/en\/wp-json\/wp\/v2\/product\/16599"}],"collection":[{"href":"https:\/\/dalatreview.vn\/en\/wp-json\/wp\/v2\/product"}],"about":[{"href":"https:\/\/dalatreview.vn\/en\/wp-json\/wp\/v2\/types\/product"}],"replies":[{"embeddable":true,"href":"https:\/\/dalatreview.vn\/en\/wp-json\/wp\/v2\/comments?post=16599"}],"wp:featuredmedia":[{"embeddable":true,"href":"https:\/\/dalatreview.vn\/en\/wp-json\/wp\/v2\/media\/16600"}],"wp:attachment":[{"href":"https:\/\/dalatreview.vn\/en\/wp-json\/wp\/v2\/media?parent=16599"}],"wp:term":[{"taxonomy":"product_cat","embeddable":true,"href":"https:\/\/dalatreview.vn\/en\/wp-json\/wp\/v2\/product_cat?post=16599"},{"taxonomy":"product_tag","embeddable":true,"href":"https:\/\/dalatreview.vn\/en\/wp-json\/wp\/v2\/product_tag?post=16599"}],"curies":[{"name":"wp","href":"https:\/\/api.w.org\/{rel}","templated":true}]}}