
{"id":16576,"date":"2022-03-01T08:57:48","date_gmt":"2022-03-01T01:57:48","guid":{"rendered":"https:\/\/dalatreview.vn\/?p=16576"},"modified":"2024-07-11T10:45:16","modified_gmt":"2024-07-11T03:45:16","slug":"villa-da-lat-phu-dong-thien-vuong-10-phong","status":"publish","type":"product","link":"https:\/\/dalatreview.vn\/en\/villa-da-lat-phu-dong-thien-vuong-10-phong.html","title":{"rendered":"Villa \u0110\u00e0 L\u1ea1t Ph\u00f9 \u0110\u1ed5ng Thi\u00ean V\u01b0\u01a1ng 10 Ph\u00f2ng"},"content":{"rendered":"<p style=\"text-align: center;\"><span style=\"color: #008000;\"><strong><span style=\"font-size: 24px;\">Villa \u0110\u00e0 L\u1ea1t Ph\u00f9 \u0110\u1ed5ng Thi\u00ean V\u01b0\u01a1ng 10 Ph\u00f2ng <\/span><\/strong><\/span><\/p>\n<nav class=\"vietrick-auto-toc\">\n<div class=\"box-title\">\n<h3 class=\"toc-title\" id=\"select-menu\">Danh m\u1ee5c ch\u00ednh<\/h3>\n<div><ion-icon name=\"chevron-up-outline\"><\/ion-icon><\/div>\n<\/div>\n<ul class=\"toc-list\">\n<li><a href='https:\/\/dalatreview.vn\/en#1-vi-tri' class='heading-h2 toc-link smooth-scroll'>1. V\u1ecb tr\u00ed<\/a>\n<li><a href='https:\/\/dalatreview.vn\/en#2-decor' class='heading-h2 toc-link smooth-scroll'>2. Decor<\/a>\n<li><a href='https:\/\/dalatreview.vn\/en#3-dich-vu-tien-nghi' class='heading-h2 toc-link smooth-scroll'>3. D\u1ecbch v\u1ee5 &amp; Ti\u1ec7n nghi<\/a>\n<li><a href='https:\/\/dalatreview.vn\/en#4-gia-phong' class='heading-h2 toc-link smooth-scroll'>4.\u00a0Gi\u00e1 ph\u00f2ng<\/a>\n<li><a href='https:\/\/dalatreview.vn\/en#5-lien-he' class='heading-h2 toc-link smooth-scroll'>5. Li\u00ean h\u1ec7<\/a><\/ul>\n<\/ul>\n<\/li>\n<\/ul>\n<\/nav>\n<h2 id=\"1-vi-tri\"><span style=\"color: #008000;\"><strong><span style=\"font-size: 24px;\">1. V\u1ecb tr\u00ed<\/span><\/strong><\/span><\/h2>\n<p>N\u1eb1m \u1edf \u0111\u01b0\u1eddng <strong>Ph\u00f9 \u0110\u1ed5ng Thi\u00ean V\u01b0\u01a1ng, Ph\u01b0\u1eddng 8, \u0110\u00e0 L\u1ea1t<\/strong>. Ch\u1ec9 m\u1ea5t 6 ph\u00fat di chuy\u1ec3n b\u1eb1ng xe m\u00e1y l\u00e0 b\u1ea1n \u0111\u00e3 t\u1edbi n\u01a1i r\u1ed3i. T\u1eeb \u0111\u00e2y b\u1ea1n c\u00f3 th\u1ec3 di chuy\u1ec3n t\u1edbi nhi\u1ec1u \u0111\u1ecba \u0111i\u1ec3m du l\u1ecbch n\u1ed5i ti\u1ebfng nh\u01b0: V\u01b0\u1eddn hoa th\u00e0nh ph\u1ed1, \u0110\u1ea1i h\u1ecdc \u0110\u00e0 L\u1ea1t, Cafe woodstock,\u2026\u0111\u00e2y c\u0169ng l\u00e0 cung \u0111\u01b0\u1eddng c\u1ee7a nhi\u1ec1u qu\u00e1n \u0103n n\u1ed5i ti\u1ebfng t\u1ea1i \u0110\u00e0 L\u1ea1t.<\/p>\n<p><img decoding=\"async\" class=\"aligncenter wp-image-16593 size-full\" src=\"https:\/\/dalatreview.vn\/wp-content\/uploads\/2022\/03\/villa-10-phong-phu-dong-thien-vuong-9-1.jpg\" alt=\"villa 10 phong phu dong thien vuong\" width=\"1600\" height=\"1067\" \/><\/p>\n<h2 id=\"2-decor\"><span style=\"color: #008000;\"><strong><span class=\"_4yxo _4yxp\">2. Decor<\/span><\/strong><\/span><\/h2>\n<p>Villa \u0111\u01b0\u1ee3c thi\u1ebft k\u1ebf hi\u1ec7n \u0111\u1ea1i v\u1edbi kh\u00f4ng gian m\u1edf. Ban c\u00f4ng view cao c\u00f3 th\u1ec3 ng\u1eafm nh\u00ecn c\u1ea3nh quan thi\u00ean nhi\u00ean r\u1ea5t \u0111\u1eb9p.<\/p>\n<p>T\u1eeb ph\u00f2ng kh\u00e1ch \u0111\u1ebfn ph\u00f2ng ng\u1ee7 hay b\u1ebfp \u0111\u1ec1u \u0111\u01b0\u1ee3c trang b\u1ecb n\u1ed9i th\u1ea5t cao c\u1ea5p, \u0111\u1ea7y \u0111\u1ee7 v\u00e0 ti\u1ec7n \u00edch c\u00f3 th\u1ec3 \u0111\u00e1p \u1ee9ng \u0111\u01b0\u1ee3c m\u1ecdi nhu c\u1ea7u m\u00e0 b\u1ea1n mong mu\u1ed1n.<\/p>\n<p>Ngo\u00e0i ra, c\u0103n nh\u00e0 c\u00f3 kho\u1ea3ng s\u00e2n v\u01b0\u1eddn kh\u00e1 r\u1ed9ng, c\u00f3 di\u1ec7n t\u00edch n\u01b0\u1edbng BBQ h\u00f2a quy\u1ec7n v\u1edbi thi\u00ean nhi\u00ean n\u00ean r\u1ea5t chill v\u00e0 tho\u00e1ng \u0111\u00e3ng.<\/p>\n<p><img decoding=\"async\" class=\"aligncenter wp-image-16594 size-full\" src=\"https:\/\/dalatreview.vn\/wp-content\/uploads\/2022\/03\/villa-10-phong-phu-dong-thien-vuong.jpg\" alt=\"villa 10 phong phu dong thien vuong\" width=\"1200\" height=\"900\" \/><\/p>\n<h2 id=\"3-dich-vu-tien-nghi\"><span style=\"color: #008000;\"><strong>3. D\u1ecbch v\u1ee5 &amp; Ti\u1ec7n nghi<\/strong><\/span><\/h2>\n<div class=\"pt-2\">\n<p>G\u1ed3m 10 ph\u00f2ng ng\u1ee7 sang tr\u1ecdng kh\u00e9p k\u00edn. C\u00f3 ph\u00f2ng t\u1eafm, n\u00f3ng l\u1ea1nh v\u00e0 \u0111\u1ea7y \u0111\u1ee7 c\u00e1c \u0111\u1ed3 d\u00f9ng c\u00e1 nh\u00e2n c\u1ea7n thi\u1ebft. C\u00f3 tivi, wiffi&#8230;<br \/>\n5 ph\u00f2ng 1 gi\u01b0\u1eddng 2\u00a0ng\u01b0\u1eddi<br \/>\n4 ph\u00f2ng 2 gi\u01b0\u1eddng 4\u00a0ng\u01b0\u1eddi<br \/>\n1 ph\u00f2ng 3\u00a0gi\u01b0\u1eddng n\u1ec7m 6\u00a0ng\u01b0\u1eddi<\/p>\n<p>S\u1ee9c ch\u1ee9a 32-34 kh\u00e1ch<\/p>\n<p>&nbsp;<\/p>\n<p>&#8211; \u0110\u1ea7y \u0111\u1ee7 ti\u1ec7n nghi nh\u01b0 \u1edf nh\u00e0. Ph\u00f2ng kh\u00e1ch r\u1ed9ng r\u00e3i, c\u00f3 tivi, t\u1ee7 l\u1ea1nh, b\u00e0n gh\u1ebf sofa,&#8230;<\/p>\n<p>&#8211; C\u00f3 di\u1ec7n t\u00edch \u0111\u1ec3 n\u01b0\u1edbng BBQ ngo\u00e0i tr\u1eddi.<\/p>\n<p>&#8211; C\u00f3 ch\u1ed7 \u0111\u1eadu xe m\u00e1y, xe h\u01a1i an to\u00e0n mi\u1ec5n ph\u00ed.<\/p>\n<p>&#8211; Y\u00ean t\u0129nh, an ninh 24\/24, s\u1ea1ch s\u1ebd, tho\u00e1ng m\u00e1t, view thi\u00ean nhi\u00ean si\u00eau \u0111\u1eb9p.<\/p>\n<p>&#8211; B\u1ebfp t\u1ef1 do n\u1ea5u n\u01b0\u1edbng \u0111\u1ea7y \u0111\u1ee7 d\u1ee5ng c\u1ee5 v\u00e0 gia v\u1ecb.<\/p>\n<p>&#8211; Ch\u00eca kho\u00e1 trao tay tha h\u1ed3 ri\u00eang t\u01b0.<\/p>\n<p><img decoding=\"async\" class=\"aligncenter wp-image-16595 size-full\" src=\"https:\/\/dalatreview.vn\/wp-content\/uploads\/2022\/03\/villa-10-phong-phu-dong-thien-vuong-21.jpg\" alt=\"villa 10 phong phu dong thien vuong\" width=\"1200\" height=\"900\" \/><\/p>\n<\/div>\n<article class=\"post-content\">\n<div class=\"anh_wtm_m\">\n<div class=\"mws_content\">\n<div class=\"wpb_column vc_column_container vc_col-sm-12 vc_column\">\n<div class=\"vc_column-inner\">\n<div class=\"wpb_wrapper\">\n<div class=\"wpb_text_column wpb_content_element vc_column_text\">\n<div class=\"wpb_wrapper\">\n<div class=\"pt-2\">\n<article class=\"post-content\">\n<div class=\"anh_wtm_m\">\n<div class=\"mws_content\">\n<article class=\"post-content\">\n<div class=\"anh_wtm_m\">\n<div class=\"mws_content\">\n<div class=\"pt-2\">\n<article class=\"post-content\">\n<div class=\"anh_wtm_m\">\n<div class=\"mws_content\">\n<article class=\"post-content\">\n<h2 id=\"4-gia-phong\"><span style=\"color: #008000;\"><strong><span class=\"_4yxo\">4.<\/span>\u00a0Gi\u00e1 ph\u00f2ng<\/strong><\/span><\/h2>\n<p>Li\u00ean h\u1ec7 \u0111\u1ec3 \u0111\u01b0\u1ee3c \u0110\u00e0 L\u1ea1t Review t\u01b0 v\u1ea5n.<\/p>\n<h2 id=\"5-lien-he\"><span style=\"color: #008000;\">5. Li\u00ean h\u1ec7<\/span><\/h2>\n<p>Fanpage:\u00a0<a href=\"https:\/\/www.facebook.com\/booking.dalatreview.vn\/\">Booking \u0110\u00e0 L\u1ea1t \u2013 www.dalatreview.vn<\/a><\/p>\n<p>S\u0110T\/Zalo: 0988 249 297<\/p>\n<\/article>\n<\/div>\n<\/div>\n<\/article>\n<\/div>\n<\/div>\n<\/div>\n<\/article>\n<\/div>\n<\/div>\n<\/article>\n<\/div>\n<\/div>\n<\/div>\n<\/div>\n<\/div>\n<\/div>\n<\/div>\n<\/div>\n<\/article>","protected":false},"excerpt":{"rendered":"<p>Villa \u0110\u00e0 L\u1ea1t Ph\u00f9 \u0110\u1ed5ng Thi\u00ean V\u01b0\u01a1ng 10 Ph\u00f2ng Danh m\u1ee5c ch\u00ednh 1. V\u1ecb tr\u00ed 2. Decor 3. D\u1ecbch v\u1ee5 &amp; Ti\u1ec7n nghi 4.\u00a0Gi\u00e1 ph\u00f2ng 5. Li\u00ean h\u1ec7 1. V\u1ecb tr\u00ed N\u1eb1m \u1edf \u0111\u01b0\u1eddng Ph\u00f9 \u0110\u1ed5ng Thi\u00ean V\u01b0\u01a1ng, Ph\u01b0\u1eddng 8, \u0110\u00e0 L\u1ea1t. Ch\u1ec9 m\u1ea5t 6 ph\u00fat di chuy\u1ec3n b\u1eb1ng xe m\u00e1y l\u00e0 b\u1ea1n \u0111\u00e3 t\u1edbi [&hellip;]<\/p>","protected":false},"featured_media":16577,"comment_status":"open","ping_status":"closed","template":"","meta":{"_acf_changed":false,"rank_math_lock_modified_date":false},"product_cat":[2265,29,45],"product_tag":[],"acf":[],"_links":{"self":[{"href":"https:\/\/dalatreview.vn\/en\/wp-json\/wp\/v2\/product\/16576"}],"collection":[{"href":"https:\/\/dalatreview.vn\/en\/wp-json\/wp\/v2\/product"}],"about":[{"href":"https:\/\/dalatreview.vn\/en\/wp-json\/wp\/v2\/types\/product"}],"replies":[{"embeddable":true,"href":"https:\/\/dalatreview.vn\/en\/wp-json\/wp\/v2\/comments?post=16576"}],"wp:featuredmedia":[{"embeddable":true,"href":"https:\/\/dalatreview.vn\/en\/wp-json\/wp\/v2\/media\/16577"}],"wp:attachment":[{"href":"https:\/\/dalatreview.vn\/en\/wp-json\/wp\/v2\/media?parent=16576"}],"wp:term":[{"taxonomy":"product_cat","embeddable":true,"href":"https:\/\/dalatreview.vn\/en\/wp-json\/wp\/v2\/product_cat?post=16576"},{"taxonomy":"product_tag","embeddable":true,"href":"https:\/\/dalatreview.vn\/en\/wp-json\/wp\/v2\/product_tag?post=16576"}],"curies":[{"name":"wp","href":"https:\/\/api.w.org\/{rel}","templated":true}]}}