
{"id":16562,"date":"2022-03-01T08:27:43","date_gmt":"2022-03-01T01:27:43","guid":{"rendered":"https:\/\/dalatreview.vn\/?p=16562"},"modified":"2024-07-11T10:45:35","modified_gmt":"2024-07-11T03:45:35","slug":"villa-da-lat-tran-dai-nghia-9-phong","status":"publish","type":"product","link":"https:\/\/dalatreview.vn\/en\/villa-da-lat-tran-dai-nghia-9-phong.html","title":{"rendered":"Villa \u0110\u00e0 L\u1ea1t Tr\u1ea7n \u0110\u1ea1i Ngh\u0129a 9 Ph\u00f2ng"},"content":{"rendered":"<p style=\"text-align: center;\"><span style=\"color: #008000;\"><strong><span style=\"font-size: 24px;\">Villa \u0110\u00e0 L\u1ea1t Tr\u1ea7n \u0110\u1ea1i Ngh\u0129a 9 Ph\u00f2ng <\/span><\/strong><\/span><\/p>\n<nav class=\"vietrick-auto-toc\">\n<div class=\"box-title\">\n<h3 class=\"toc-title\" id=\"select-menu\">Danh m\u1ee5c ch\u00ednh<\/h3>\n<div><ion-icon name=\"chevron-up-outline\"><\/ion-icon><\/div>\n<\/div>\n<ul class=\"toc-list\">\n<li><a href='https:\/\/dalatreview.vn\/en#1-vi-tri' class='heading-h2 toc-link smooth-scroll'>1. V\u1ecb tr\u00ed<\/a>\n<li><a href='https:\/\/dalatreview.vn\/en#3-dich-vu-tien-nghi' class='heading-h2 toc-link smooth-scroll'>3. D\u1ecbch v\u1ee5 &amp; Ti\u1ec7n nghi<\/a>\n<li><a href='https:\/\/dalatreview.vn\/en#' class='heading-h2 toc-link smooth-scroll'><\/a>\n<li><a href='https:\/\/dalatreview.vn\/en#4-gia-phong' class='heading-h2 toc-link smooth-scroll'>4.\u00a0Gi\u00e1 ph\u00f2ng<\/a>\n<li><a href='https:\/\/dalatreview.vn\/en#5-lien-he' class='heading-h2 toc-link smooth-scroll'>5. Li\u00ean h\u1ec7<\/a><\/ul>\n<\/ul>\n<\/li>\n<\/ul>\n<\/nav>\n<h2 id=\"1-vi-tri\"><span style=\"color: #008000;\"><strong><span style=\"font-size: 24px;\">1. V\u1ecb tr\u00ed<\/span><\/strong><\/span><\/h2>\n<p>T\u1ecda l\u1ea1c t\u1ea1i \u0111\u01b0\u1eddng<strong> Tr\u1ea7n \u0110\u1ea1i Ngh\u0129a, Ph\u01b0\u1eddng 8, TP \u0110\u00e0 L\u1ea1t<\/strong>, c\u00e1ch ch\u1ee3 v\u00e0 qu\u1ea3ng tr\u01b0\u1eddng 5-7 ph\u00fat ch\u1ea1y xe. Tr\u1ea7n \u0110\u1ea1i Ngh\u0129a c\u00f3 ch\u1ed7 ngh\u1ec9 v\u1edbi WiFi mi\u1ec5n ph\u00ed, m\u00e1y \u0111i\u1ec1u h\u00f2a, s\u00e2n hi\u00ean v\u00e0 khu v\u01b0\u1eddn.<\/p>\n<p>N\u01a1i \u0111\u00e2y h\u1ed9i t\u1ee5 g\u1ea7n nh\u01b0 tr\u1ecdn v\u1eb9n c\u00e1c y\u1ebfu t\u1ed1 \u0111\u1ec3 tr\u1edf th\u00e0nh \u201cmi\u1ec1n \u0111\u1ea5t h\u1ee9a\u201d, \u201cmi\u1ec1n \u0111\u1ea5t \u0111\u00e1ng \u0111\u1ec3 kh\u00e1m ph\u00e1\u201d v\u1edbi c\u1ea3nh \u0111\u1eb9p m\u1ed9ng m\u01a1 m\u00e0 g\u1ea7n g\u0169i, hi\u1ec7n \u0111\u1ea1i m\u00e0 c\u1ed5 k\u00ednh, con ng\u01b0\u1eddi th\u00e2n thi\u1ec7n v\u00e0 hi\u1ebfu kh\u00e1ch.<\/p>\n<p>&nbsp;<\/p>\n<p><img decoding=\"async\" class=\"aligncenter wp-image-16568 size-full\" src=\"https:\/\/dalatreview.vn\/wp-content\/uploads\/2022\/03\/villa-9-phong-tran-dai-nghia-15.jpg\" alt=\"villa 9 phong tran dai nghia \" width=\"1600\" height=\"626\" \/><\/p>\n<p><span style=\"color: #008000;\"><strong><span style=\"font-size: 24px;\">2.<span class=\"_4yxo _4yxp\">\u00a0Decor<\/span><\/span><\/strong><\/span><\/p>\n<p>Villa 3 t\u1ea7ng v\u1edbi t\u00f4ng m\u00e0u tr\u1eafng tinh kh\u00f4i \u0111\u01b0\u1ee3c thi\u1ebft k\u1ebf hi\u1ec7n \u0111\u1ea1i v\u1edbi kh\u00f4ng gian m\u1edf \u0111\u00f3n n\u1eafng v\u00e0 gi\u00f3 t\u1ef1 nhi\u00ean mang l\u1ea1i kh\u00f4ng kh\u00ed trong l\u00e0nh, m\u00e1t m\u1ebb v\u00e0 \u1ea5m \u00e1p v\u00f4 c\u00f9ng.<\/p>\n<p>Ng\u00f4i nh\u00e0 c\u00f3 kho\u1ea3ng s\u00e2n v\u01b0\u1eddn kh\u00e1 r\u1ed9ng, tho\u1ea3i m\u00e1i \u0111\u1ec3 xe. B\u00ean c\u1ea1nh \u0111\u00f3, n\u00f3 c\u00f2n \u01b0\u1ee3c decor th\u00eam 1 c\u00e1i x\u00edch \u0111u &amp; 1 ng\u00f4i nh\u00e0 ch\u00f2i nh\u1ecf + 1 b\u1ed9 b\u00e0n gh\u1ebf g\u1ed7 ch\u1ea1m kh\u1eafc tinh x\u1ea3o \u0111\u1ec3 cho b\u1ea1n v\u00e0 gia \u0111\u00ecnh ng\u01b0\u1eddi th\u00e2n vui ch\u01a1i, tr\u00f2 chuy\u1ec7n u\u1ed1ng c\u00e0 ph\u00ea b\u1ea5t c\u1ee9 l\u00fac n\u00e0o b\u1ea1n mu\u1ed1n.<\/p>\n<p>Trong nh\u00e0 l\u1ea1i \u0111\u01b0\u1ee3c trang b\u1ecb n\u1ed9i th\u1ea5t \u0111\u1ea7y \u0111\u1ee7 ti\u1ec7n nghi t\u1eeb ph\u00f2ng kh\u00e1ch cho \u0111\u1ebfn ph\u00f2ng ng\u1ee7, \u0111\u1ea3m b\u1ea3o s\u1ebd l\u00e0m h\u00e0i l\u00f2ng t\u1ea5t c\u1ea3 m\u1ecdi ng\u01b0\u1eddi khi \u0111\u1ebfn \u0111\u00e2y.<\/p>\n<p>&nbsp;<\/p>\n<p><img decoding=\"async\" class=\"aligncenter wp-image-16569 size-full\" src=\"https:\/\/dalatreview.vn\/wp-content\/uploads\/2022\/03\/villa-9-phong-tran-dai-nghia-.jpg\" alt=\"villa 9 phong tran dai nghia \" width=\"1200\" height=\"900\" \/><\/p>\n<h2 id=\"3-dich-vu-tien-nghi\"><span style=\"color: #008000;\"><strong><span style=\"font-size: 24px;\">3. D\u1ecbch v\u1ee5 &amp; Ti\u1ec7n nghi<\/span><\/strong><\/span><\/h2>\n<div class=\"pt-2\">\n<p>G\u1ed3m 8 ph\u00f2ng ng\u1ee7 sang tr\u1ecdng kh\u00e9p k\u00edn, \u0111\u1ea7y \u0111\u1ee7 nh\u00e0 t\u1eafm, wc, n\u00f3ng l\u1ea1nh v\u00e0 c\u00e1c \u0111\u1ed3 d\u00f9ng c\u00e1 nh\u00e2n c\u1ea7n thi\u1ebft.<br \/>\n3 ph\u00f2ng 1 gi\u01b0\u1eddng 2\u00a0ng\u01b0\u1eddi<br \/>\n4 ph\u00f2ng 2 gi\u01b0\u1eddng 4\u00a0ng\u01b0\u1eddi<br \/>\n2 ph\u00f2ng 3\u00a0gi\u01b0\u1eddng n\u1ec7m 6\u00a0ng\u01b0\u1eddi<\/p>\n<p>S\u1ee9c ch\u1ee9a 34-38 kh\u00e1ch<\/p>\n<p>&#8211; \u0110\u1ea7y \u0111\u1ee7 ti\u1ec7n nghi nh\u01b0 \u1edf nh\u00e0. Ph\u00f2ng kh\u00e1ch r\u1ed9ng r\u00e3i, c\u00f3 tivi, t\u1ee7 l\u1ea1nh, wiffi,&#8230;<\/p>\n<p>&#8211; C\u00f3 di\u1ec7n t\u00edch \u0111\u1ec3 n\u01b0\u1edbng BBQ ngo\u00e0i tr\u1eddi.<\/p>\n<p>&#8211; C\u00f3 ch\u1ed7 \u0111\u1eadu xe m\u00e1y, xe h\u01a1i an to\u00e0n mi\u1ec5n ph\u00ed.<\/p>\n<p>&#8211; Y\u00ean t\u0129nh, an ninh 24\/24, s\u1ea1ch s\u1ebd, tho\u00e1ng m\u00e1t, view thi\u00ean nhi\u00ean si\u00eau \u0111\u1eb9p.<\/p>\n<p>&#8211; B\u1ebfp t\u1ef1 do n\u1ea5u n\u01b0\u1edbng \u0111\u1ea7y \u0111\u1ee7 d\u1ee5ng c\u1ee5 v\u00e0 gia v\u1ecb.<\/p>\n<p>&#8211; Ch\u00eca kho\u00e1 trao tay tha h\u1ed3 ri\u00eang t\u01b0.<\/p>\n<p>&nbsp;<\/p>\n<p><img decoding=\"async\" class=\"aligncenter wp-image-16570 size-full\" src=\"https:\/\/dalatreview.vn\/wp-content\/uploads\/2022\/03\/villa-9-phong-tran-dai-nghia-1.jpg\" alt=\"villa 9 phong tran dai nghia \" width=\"1200\" height=\"900\" \/><\/p>\n<\/div>\n<article class=\"post-content\">\n<div class=\"anh_wtm_m\">\n<div class=\"mws_content\">\n<div class=\"pt-2\">\n<article class=\"post-content\">\n<div class=\"anh_wtm_m\">\n<div class=\"mws_content\">\n<div class=\"pt-2\">\n<article class=\"post-content\">\n<div class=\"anh_wtm_m\">\n<div class=\"mws_content\">\n<h2 id=\"\"><\/h2>\n<h2 id=\"4-gia-phong\"><span style=\"color: #008000;\"><strong><span style=\"font-size: 24px;\"><span class=\"_4yxo\">4.<\/span>\u00a0Gi\u00e1 ph\u00f2ng<\/span><\/strong><\/span><\/h2>\n<article class=\"post-content\">\n<div class=\"anh_wtm_m\">\n<div class=\"mws_content\">\n<article class=\"post-content\">\n<div class=\"anh_wtm_m\">\n<div class=\"mws_content\">\n<article class=\"post-content\">\n<div class=\"anh_wtm_m\">\n<div class=\"mws_content\">\n<article class=\"post-content\">\n<div class=\"anh_wtm_m\">\n<div class=\"mws_content\">\n<article class=\"post-content\">Li\u00ean h\u1ec7 \u0111\u1ec3 \u0111\u01b0\u1ee3c \u0110\u00e0 L\u1ea1t Review t\u01b0 v\u1ea5n.<\/p>\n<h2 id=\"5-lien-he\"><span style=\"color: #008000;\">5. Li\u00ean h\u1ec7<\/span><\/h2>\n<p>Fanpage:\u00a0<a href=\"https:\/\/www.facebook.com\/booking.dalatreview.vn\/\">Booking \u0110\u00e0 L\u1ea1t \u2013 www.dalatreview.vn<\/a><\/p>\n<p>S\u0110T\/Zalo: 0988 249 297<\/p>\n<\/article>\n<\/div>\n<\/div>\n<\/article>\n<\/div>\n<\/div>\n<\/article>\n<\/div>\n<\/div>\n<\/article>\n<\/div>\n<\/div>\n<\/article>\n<\/div>\n<\/div>\n<\/article>\n<\/div>\n<\/div>\n<\/div>\n<\/article>\n<\/div>\n<\/div>\n<\/div>\n<\/article>","protected":false},"excerpt":{"rendered":"<p>Villa \u0110\u00e0 L\u1ea1t Tr\u1ea7n \u0110\u1ea1i Ngh\u0129a 9 Ph\u00f2ng Danh m\u1ee5c ch\u00ednh 1. V\u1ecb tr\u00ed 3. D\u1ecbch v\u1ee5 &amp; Ti\u1ec7n nghi 4.\u00a0Gi\u00e1 ph\u00f2ng 5. Li\u00ean h\u1ec7 1. V\u1ecb tr\u00ed T\u1ecda l\u1ea1c t\u1ea1i \u0111\u01b0\u1eddng Tr\u1ea7n \u0110\u1ea1i Ngh\u0129a, Ph\u01b0\u1eddng 8, TP \u0110\u00e0 L\u1ea1t, c\u00e1ch ch\u1ee3 v\u00e0 qu\u1ea3ng tr\u01b0\u1eddng 5-7 ph\u00fat ch\u1ea1y xe. Tr\u1ea7n \u0110\u1ea1i Ngh\u0129a c\u00f3 ch\u1ed7 ngh\u1ec9 [&hellip;]<\/p>","protected":false},"featured_media":16565,"comment_status":"open","ping_status":"closed","template":"","meta":{"_acf_changed":false,"rank_math_lock_modified_date":false},"product_cat":[29,2265,45],"product_tag":[],"acf":[],"_links":{"self":[{"href":"https:\/\/dalatreview.vn\/en\/wp-json\/wp\/v2\/product\/16562"}],"collection":[{"href":"https:\/\/dalatreview.vn\/en\/wp-json\/wp\/v2\/product"}],"about":[{"href":"https:\/\/dalatreview.vn\/en\/wp-json\/wp\/v2\/types\/product"}],"replies":[{"embeddable":true,"href":"https:\/\/dalatreview.vn\/en\/wp-json\/wp\/v2\/comments?post=16562"}],"wp:featuredmedia":[{"embeddable":true,"href":"https:\/\/dalatreview.vn\/en\/wp-json\/wp\/v2\/media\/16565"}],"wp:attachment":[{"href":"https:\/\/dalatreview.vn\/en\/wp-json\/wp\/v2\/media?parent=16562"}],"wp:term":[{"taxonomy":"product_cat","embeddable":true,"href":"https:\/\/dalatreview.vn\/en\/wp-json\/wp\/v2\/product_cat?post=16562"},{"taxonomy":"product_tag","embeddable":true,"href":"https:\/\/dalatreview.vn\/en\/wp-json\/wp\/v2\/product_tag?post=16562"}],"curies":[{"name":"wp","href":"https:\/\/api.w.org\/{rel}","templated":true}]}}