
{"id":16545,"date":"2022-02-28T17:08:02","date_gmt":"2022-02-28T10:08:02","guid":{"rendered":"https:\/\/dalatreview.vn\/?p=16545"},"modified":"2024-07-11T10:45:45","modified_gmt":"2024-07-11T03:45:45","slug":"villa-da-lat-mai-anh-dao-9-phong-3","status":"publish","type":"product","link":"https:\/\/dalatreview.vn\/en\/villa-da-lat-mai-anh-dao-9-phong-3.html","title":{"rendered":"Villa \u0110\u00e0 L\u1ea1t Mai Anh \u0110\u00e0o 9 Ph\u00f2ng"},"content":{"rendered":"<p style=\"text-align: center;\"><span style=\"color: #008000;\"><strong><span style=\"font-size: 24px;\">Villa \u0110\u00e0 L\u1ea1t Mai Anh \u0110\u00e0o 9 Ph\u00f2ng <\/span><\/strong><\/span><\/p>\n<nav class=\"vietrick-auto-toc\">\n<div class=\"box-title\">\n<h3 class=\"toc-title\" id=\"select-menu\">Danh m\u1ee5c ch\u00ednh<\/h3>\n<div><ion-icon name=\"chevron-up-outline\"><\/ion-icon><\/div>\n<\/div>\n<ul class=\"toc-list\">\n<li><a href='https:\/\/dalatreview.vn\/en#1-vi-tri' class='heading-h2 toc-link smooth-scroll'>1. V\u1ecb tr\u00ed<\/a>\n<li><a href='https:\/\/dalatreview.vn\/en#4-gia-phong' class='heading-h2 toc-link smooth-scroll'>4.\u00a0Gi\u00e1 ph\u00f2ng<\/a>\n<li><a href='https:\/\/dalatreview.vn\/en#5-lien-he' class='heading-h2 toc-link smooth-scroll'>5. Li\u00ean h\u1ec7<\/a><\/ul>\n<\/ul>\n<\/li>\n<\/ul>\n<\/nav>\n<h2 id=\"1-vi-tri\"><span style=\"color: #008000;\"><strong><span style=\"font-size: 24px;\">1. V\u1ecb tr\u00ed<\/span><\/strong><\/span><\/h2>\n<p>T\u1ecda l\u1ea1c ngay v\u1ecb tr\u00ed trung t\u00e2m n\u1eb1m tr\u00ean tr\u1ee5c \u0111\u01b0\u1eddng l\u1edbn <strong>Mai Anh \u0110\u00e0o, ph\u01b0\u1eddng 8, TP \u0110\u00e0 L\u1ea1t<\/strong>, v\u1edbi c\u1ea3nh \u0111\u1eb9p m\u1ed9ng m\u01a1 m\u00e0 g\u1ea7n g\u0169i, hi\u1ec7n \u0111\u1ea1i m\u00e0 c\u1ed5 k\u00ednh, con ng\u01b0\u1eddi th\u00e2n thi\u1ec7n v\u00e0 hi\u1ebfu kh\u00e1ch. \u0110\u1ea3m b\u1ea3o giao th\u00f4ng r\u1ea5t thu\u1eadn ti\u1ec7n cho vi\u1ec7c \u0111i l\u1ea1i tham quan, mua s\u1eafm, \u0103n u\u1ed1ng v\u00e0 vui ch\u01a1i. H\u1ee9a h\u1eb9n\u00a0\u0111\u00e2y s\u1ebd l\u00e0 1 l\u1ef1a ch\u1ecdn ho\u00e0n h\u1ea3o cho du kh\u00e1ch l\u01b0u tr\u00fa khi \u0111i du l\u1ecbch.<\/p>\n<p>G\u1ea7n c\u00e1c \u0111i\u1ec3m du l\u1ecbch n\u1ed5i ti\u1ebfng nh\u01b0: \u0110\u1ed3i M\u1ed9ng M\u01a1, Thung L\u0169ng T\u00ecnh Y\u00eau, V\u01b0\u1eddn D\u00e2u \u0110\u00e0 L\u1ea1t,\u2026 tha h\u1ed3 \u0111i checkin tham quan n\u00e8.<\/p>\n<p><img decoding=\"async\" class=\"aligncenter wp-image-16556 size-full\" src=\"https:\/\/dalatreview.vn\/wp-content\/uploads\/2022\/02\/villa-9-phong-mai-anh-dao-20-1.jpg\" alt=\"villa 9 phong mai anh dao\" width=\"1276\" height=\"1246\" \/><\/p>\n<p><span style=\"color: #008000;\"><strong><span style=\"font-size: 24px;\"><span class=\"_4yxo _4yxp\">2. Decor<\/span><\/span><\/strong><\/span><\/p>\n<p>Villa n\u1eb1m trong khu bi\u1ec7t th\u1ef1 v\u1edbi gam m\u00e0u ch\u00ednh l\u00e0 tr\u1eafng to\u00e1t l\u00ean v\u1ebb sang tr\u1ecdng l\u1ecbch s\u1ef1 cho ng\u00f4i nh\u00e0. Thi\u1ebft k\u1ebf theo kh\u00f4ng gian m\u1edf c\u00f3 c\u00e1c khung c\u1eeda k\u00ednh v\u00e0 \u0111\u01b0\u1ee3c trang b\u1ecb n\u1ed9i th\u1ea5t c\u00e1o c\u1ea5p, \u0111\u1ea7y \u0111\u1ee7 ti\u1ec7n nghi \u0111\u1ea3m b\u1ea3o \u0111\u00e1p \u1ee9ng \u0111\u01b0\u1ee3c m\u1ecdi nhu c\u1ea7u m\u00e0 b\u1ea1n mong mu\u1ed1n.<\/p>\n<p>S\u00e2n v\u01b0\u1eddn kh\u00e1 r\u1ed9ng, c\u00f3 view thi\u00ean nhi\u00ean \u0111\u1eb9p. T\u1eeb ban c\u00f4ng b\u1ea1n c\u00f3 th\u1ec3 ng\u1eafm nh\u00ecn c\u1ea3nh quan thi\u00ean nhi\u00ean xung quanh, t\u1eadn h\u01b0\u1edfng l\u00e0n gi\u00f3 trong l\u00e0nh c\u1ee7a \u0110\u00e0 L\u1ea1t xua tan m\u1ecdi \u01b0u phi\u1ec1n c\u1ee7a cu\u1ed9c s\u1ed1ng.<\/p>\n<p>Villa c\u00f3 2 kh\u00f4ng gian sinh ho\u1ea1t ch\u00ednh l\u00e0 ph\u00f2ng kh\u00e1ch v\u00e0 ph\u00f2ng\u00a0 ng\u1ee7. Decor \u0111\u01a1n gi\u1ea3n nh\u00e3 nh\u1eb7n mang l\u1ea1i s\u1ef1 tho\u1ea3i m\u00e1i th\u01b0 gi\u00e3n cho b\u1ea1n v\u00e0 gia \u0111\u00ecnh.<\/p>\n<p><img decoding=\"async\" class=\"aligncenter wp-image-16557 size-full\" src=\"https:\/\/dalatreview.vn\/wp-content\/uploads\/2022\/02\/villa-9-phong-mai-anh-dao-8-2.jpg\" alt=\"villa 9 phong mai anh dao\" width=\"1200\" height=\"900\" \/><\/p>\n<p><span style=\"color: #008000;\"><strong><span style=\"font-size: 24px;\">3. D\u1ecbch v\u1ee5 &amp; Ti\u1ec7n nghi<\/span><\/strong><\/span><\/p>\n<div class=\"pt-2\">\n<p>G\u1ed3m 9 ph\u00f2ng ng\u1ee7 sang tr\u1ecdng kh\u00e9p k\u00edn. C\u00f3 ph\u00f2ng t\u1eafm, wc, n\u00f3ng l\u1ea1nh v\u00e0 \u0111\u1ea7y \u0111\u1ee7 \u0111\u1ed3 d\u00f9ng c\u00e1 nh\u00e2n c\u1ea7n thi\u1ebft.<br \/>\n8 ph\u00f2ng 1 gi\u01b0\u1eddng 2\u00a0ng\u01b0\u1eddi<br \/>\n1 ph\u00f2ng 2 gi\u01b0\u1eddng 4 ng\u01b0\u1eddi<\/p>\n<p>S\u1ee9c ch\u1ee9a 20-22 kh\u00e1ch. M\u1ed7i ph\u00f2ng c\u00f3 1 tivi n\u1eefa \u0111\u1ea5y nh\u00e9.<\/p>\n<p>&#8212;&#8212;&#8212;&#8212;&#8212;&#8212;&#8212;&#8212;&#8212;&#8212;&#8212;&#8212;&#8212;&#8212;&#8212;&#8212;&#8212;&#8212;&#8211;<\/p>\n<p>\u0110\u1ea7y \u0111\u1ee7 ti\u1ec7n nghi nh\u01b0 \u1edf nh\u00e0. Ph\u00f2ng kh\u00e1ch c\u00f3 tivi, t\u1ee7 l\u1ea1nh v\u00e0 internet m<img decoding=\"async\" class=\"aligncenter wp-image-16558 size-full\" src=\"https:\/\/dalatreview.vn\/wp-content\/uploads\/2022\/02\/villa-9-phong-mai-anh-dao-9.jpg\" alt=\"villa 9 phong mai anh dao\" width=\"1200\" height=\"900\" \/><\/p>\n<\/div>\n<div class=\"pt-2\">\n<article class=\"post-content\">\n<div class=\"anh_wtm_m\">\n<div class=\"mws_content\">\n<div class=\"pt-2\">\n<div id=\"comments\" class=\"comments-area\">\n<article class=\"post-content\">\n<div class=\"anh_wtm_m\">\n<div class=\"mws_content\">\n<div class=\"pt-2\">\n<article class=\"post-content\">\n<div class=\"anh_wtm_m\">\n<div class=\"mws_content\">\n<article class=\"post-content\">\n<h2 id=\"4-gia-phong\"><span style=\"color: #008000;\"><strong><span style=\"font-size: 24px;\"><span class=\"_4yxo\">4.<\/span>\u00a0Gi\u00e1 ph\u00f2ng<\/span><\/strong><\/span><\/h2>\n<p>Li\u00ean h\u1ec7 \u0111\u1ec3 \u0111\u01b0\u1ee3c \u0110\u00e0 L\u1ea1t Review t\u01b0 v\u1ea5n.<\/p>\n<h2 id=\"5-lien-he\"><span style=\"color: #008000;\">5. Li\u00ean h\u1ec7<\/span><\/h2>\n<p>Fanpage:\u00a0<a href=\"https:\/\/www.facebook.com\/booking.dalatreview.vn\/\">Booking \u0110\u00e0 L\u1ea1t \u2013 www.dalatreview.vn<\/a><\/p>\n<p>S\u0110T\/Zalo: 0988 249 297<\/p>\n<\/article>\n<\/div>\n<\/div>\n<\/article>\n<\/div>\n<\/div>\n<\/div>\n<\/article>\n<\/div>\n<\/div>\n<\/div>\n<\/div>\n<\/article>\n<\/div>","protected":false},"excerpt":{"rendered":"<p>Villa \u0110\u00e0 L\u1ea1t Mai Anh \u0110\u00e0o 9 Ph\u00f2ng Danh m\u1ee5c ch\u00ednh 1. V\u1ecb tr\u00ed 4.\u00a0Gi\u00e1 ph\u00f2ng 5. Li\u00ean h\u1ec7 1. V\u1ecb tr\u00ed T\u1ecda l\u1ea1c ngay v\u1ecb tr\u00ed trung t\u00e2m n\u1eb1m tr\u00ean tr\u1ee5c \u0111\u01b0\u1eddng l\u1edbn Mai Anh \u0110\u00e0o, ph\u01b0\u1eddng 8, TP \u0110\u00e0 L\u1ea1t, v\u1edbi c\u1ea3nh \u0111\u1eb9p m\u1ed9ng m\u01a1 m\u00e0 g\u1ea7n g\u0169i, hi\u1ec7n \u0111\u1ea1i m\u00e0 c\u1ed5 k\u00ednh, [&hellip;]<\/p>","protected":false},"featured_media":16546,"comment_status":"open","ping_status":"closed","template":"","meta":{"_acf_changed":false,"rank_math_lock_modified_date":false},"product_cat":[29,2265,45],"product_tag":[],"acf":[],"_links":{"self":[{"href":"https:\/\/dalatreview.vn\/en\/wp-json\/wp\/v2\/product\/16545"}],"collection":[{"href":"https:\/\/dalatreview.vn\/en\/wp-json\/wp\/v2\/product"}],"about":[{"href":"https:\/\/dalatreview.vn\/en\/wp-json\/wp\/v2\/types\/product"}],"replies":[{"embeddable":true,"href":"https:\/\/dalatreview.vn\/en\/wp-json\/wp\/v2\/comments?post=16545"}],"wp:featuredmedia":[{"embeddable":true,"href":"https:\/\/dalatreview.vn\/en\/wp-json\/wp\/v2\/media\/16546"}],"wp:attachment":[{"href":"https:\/\/dalatreview.vn\/en\/wp-json\/wp\/v2\/media?parent=16545"}],"wp:term":[{"taxonomy":"product_cat","embeddable":true,"href":"https:\/\/dalatreview.vn\/en\/wp-json\/wp\/v2\/product_cat?post=16545"},{"taxonomy":"product_tag","embeddable":true,"href":"https:\/\/dalatreview.vn\/en\/wp-json\/wp\/v2\/product_tag?post=16545"}],"curies":[{"name":"wp","href":"https:\/\/api.w.org\/{rel}","templated":true}]}}