
{"id":16479,"date":"2022-02-28T16:07:54","date_gmt":"2022-02-28T09:07:54","guid":{"rendered":"https:\/\/dalatreview.vn\/?p=16479"},"modified":"2024-07-11T10:46:15","modified_gmt":"2024-07-11T03:46:15","slug":"villa-da-lat-ly-thuong-kiet-9-phong","status":"publish","type":"product","link":"https:\/\/dalatreview.vn\/en\/villa-da-lat-ly-thuong-kiet-9-phong.html","title":{"rendered":"Villa \u0110\u00e0 L\u1ea1t L\u00fd Th\u01b0\u1eddng Ki\u1ec7t 9 Ph\u00f2ng"},"content":{"rendered":"<p style=\"text-align: center;\"><span style=\"color: #008000;\"><strong><span style=\"font-size: 24px;\">Villa \u0110\u00e0 L\u1ea1t L\u00fd Th\u01b0\u1eddng Ki\u1ec7t 9 Ph\u00f2ng <\/span><\/strong><\/span><\/p>\n<nav class=\"vietrick-auto-toc\">\n<div class=\"box-title\">\n<h3 class=\"toc-title\" id=\"select-menu\">Danh m\u1ee5c ch\u00ednh<\/h3>\n<div><ion-icon name=\"chevron-up-outline\"><\/ion-icon><\/div>\n<\/div>\n<ul class=\"toc-list\">\n<li><a href='https:\/\/dalatreview.vn\/en#1-vi-tri' class='heading-h2 toc-link smooth-scroll'>1. V\u1ecb tr\u00ed<\/a>\n<li><a href='https:\/\/dalatreview.vn\/en#2-decor' class='heading-h2 toc-link smooth-scroll'>2. Decor<\/a>\n<li><a href='https:\/\/dalatreview.vn\/en#4-gia-phong' class='heading-h2 toc-link smooth-scroll'>4.\u00a0Gi\u00e1 ph\u00f2ng<\/a>\n<li><a href='https:\/\/dalatreview.vn\/en#5-lien-he' class='heading-h2 toc-link smooth-scroll'>5. Li\u00ean h\u1ec7<\/a><\/ul>\n<\/ul>\n<\/li>\n<\/ul>\n<\/nav>\n<h2 id=\"1-vi-tri\"><span style=\"color: #008000;\"><strong><span style=\"font-size: 24px;\">1. V\u1ecb tr\u00ed<\/span><\/strong><\/span><\/h2>\n<p>Villa t\u1ecda l\u1ea1c t\u1ea1i trung t\u00e2m \u0111\u01b0\u1eddng L\u00fd Th\u01b0\u1eddng Ki\u1ec7t, Ph\u01b0\u1eddng 9, TP \u0110\u00e0 L\u1ea1t \u2013 s\u00e1t H\u1ed3 Xu\u00e2n H\u01b0\u01a1ng c\u00f3 th\u1ec3 \u0111i b\u1ed9 ra h\u1ed3 \u0111\u01b0\u1ee3c. Ch\u1ec9 c\u00e1ch ch\u1ee3 5 ph\u00fat ch\u1ea1y xe, giao th\u00f4ng thu\u1eadn ti\u1ec7n d\u1ec5 d\u00e0ng \u0111i l\u1ea1i. H\u01a1n th\u1ebf n\u1eefa, n\u01a1i \u0111\u00e2y th\u1eeba h\u01b0\u1edfng m\u1ecdi ti\u1ec7n \u00edch c\u1ee7a th\u00e0nh ph\u1ed1 n\u00ean r\u1ea5t th\u00edch h\u1ee3p \u0111\u1ec3 l\u00e0m \u0111i\u1ec3m d\u1eebng ch\u00e2n khi \u0111i ngh\u1ec9 d\u01b0\u1ee1ng.<\/p>\n<p>M\u00f4i tr\u01b0\u1eddng s\u1ed1ng \u1edf \u0111\u00e2y r\u1ea5t s\u1ea1ch s\u1ebd, tho\u00e1ng m\u00e1t, an ninh th\u00ec l\u1ea1i r\u1ea5t t\u1ed1t. H\u1ed9i t\u1ee5 nhi\u1ec1u \u0111i\u1ec3m vui ch\u01a1i, \u0103n u\u1ed1ng v\u00e0 mua s\u1eafm\u2026<\/p>\n<p><img decoding=\"async\" class=\"aligncenter wp-image-16490 size-full\" src=\"https:\/\/dalatreview.vn\/wp-content\/uploads\/2022\/02\/villa-9-phong-ly-thuong-kiet-24-1.jpg\" alt=\"villa 9 phong ly thuong kiet \" width=\"1276\" height=\"956\" \/><\/p>\n<h2 id=\"2-decor\"><span style=\"color: #008000;\"><strong><span style=\"font-size: 24px;\"><span class=\"_4yxo _4yxp\">2. Decor<\/span><\/span><\/strong><\/span><\/h2>\n<p>Villa r\u1ed9ng r\u00e3i, s\u1ea1ch s\u1ebd tho\u00e1ng m\u00e1t. C\u00f3 khu\u00f4n vi\u00ean xanh m\u00e1t h\u00f2a c\u00f9ng thi\u00ean nhi\u00ean mang l\u1ea1i kh\u00f4ng kh\u00ed trong l\u00e0nh cho b\u1ea1n v\u00e0 gia \u0111\u00ecnh.<\/p>\n<p>\u0110\u01b0\u1ee3c trang b\u1ecb n\u1ed9i th\u1ea5t \u0111\u1ea7y \u0111\u1ee7 ti\u1ec7n nghi, t\u1eeb ph\u00f2ng kh\u00e1ch cho \u0111\u1ebfn ph\u00f2ng ng\u1ee7. C\u00f3 kh\u00f4ng gian sinh ho\u1ea1t chung v\u00e0 ri\u00eang \u0111\u00e1p \u1ee9ng \u0111\u01b0\u01a1c m\u1ecdi nhu c\u1ea7u c\u1ee7a kh\u00e1ch l\u01b0u tr\u00fa t\u1ea1i \u0111\u00e2y.<\/p>\n<p>C\u1eeda \u0111\u01b0\u1ee3c l\u00e0m b\u1eb1ng k\u00ednh t\u1ea1o kh\u00f4ng gian m\u1edf \u0111\u00f3n n\u1eafng v\u00e0 gi\u00f3 t\u1ef1 nhi\u00ean v\u1eeba \u1ea5m \u00e1p v\u1eeba m\u00e1t m\u1ebb th\u00e2n quen nh\u01b0 ch\u00ednh c\u0103n nh\u00e0 c\u1ee7a b\u1ea1n v\u1eady.<\/p>\n<p><img decoding=\"async\" class=\"aligncenter wp-image-16491 size-full\" src=\"https:\/\/dalatreview.vn\/wp-content\/uploads\/2022\/02\/villa-9-phong-ly-thuong-kiet-.jpg\" alt=\"villa 9 phong ly thuong kiet \" width=\"1200\" height=\"900\" \/><\/p>\n<p><span style=\"color: #008000;\"><strong><span style=\"font-size: 24px;\">3. D\u1ecbch v\u1ee5 &amp; Ti\u1ec7n nghi<\/span><\/strong><\/span><\/p>\n<div class=\"pt-2\">\n<p>G\u1ed3m 9 ph\u00f2ng ng\u1ee7 sang tr\u1ecdng kh\u00e9p k\u00edn. C\u00f3 nh\u00e0 t\u1eafm, wc, \u0111\u1ed3 d\u00f9ng c\u00e1 nh\u00e2n c\u1ea7n thi\u1ebft mi\u1ec5n ph\u00ed. C\u00f3 tivi &amp; internet mi\u1ec5n ph\u00ed.<br \/>\n2 ph\u00f2ng 1 gi\u01b0\u1eddng 2\u00a0ng\u01b0\u1eddi<br \/>\n2 ph\u00f2ng 2\u00a0gi\u01b0\u1eddng 4 ng\u01b0\u1eddi<br \/>\n5 bungalow 2 ng\u01b0\u1eddi<\/p>\n<p>S\u1ee9c ch\u1ee9a 22- 24 kh\u00e1ch<\/p>\n<p>&#8212;&#8212;&#8212;&#8212;&#8212;&#8212;&#8212;&#8212;&#8212;&#8212;&#8212;&#8212;&#8212;&#8212;&#8212;&#8212;&#8212;&#8212;&#8211;<\/p>\n<p>&#8211; \u0110\u1ea7y \u0111\u1ee7 ti\u1ec7n nghi nh\u01b0 \u1edf nh\u00e0.<\/p>\n<p>&#8211; C\u00f3 di\u1ec7n t\u00edch \u0111\u1ec3 n\u01b0\u1edbng BBQ ngo\u00e0i tr\u1eddi.<\/p>\n<p>&#8211; C\u00f3 ch\u1ed7 \u0111\u1eadu xe m\u00e1y, xe h\u01a1i an to\u00e0n mi\u1ec5n ph\u00ed.<\/p>\n<p>&#8211; Y\u00ean t\u0129nh, an ninh 24\/24, s\u1ea1ch s\u1ebd, tho\u00e1ng m\u00e1t, view thi\u00ean nhi\u00ean si\u00eau \u0111\u1eb9p.<\/p>\n<p>&#8211; B\u1ebfp t\u1ef1 do n\u1ea5u n\u01b0\u1edbng \u0111\u1ea7y \u0111\u1ee7 d\u1ee5ng c\u1ee5 v\u00e0 gia v\u1ecb th\u1ecfa s\u1ee9c ch\u1ebf bi\u1ebfn c\u00e1c m\u00f3n \u0103n theo s\u1edf th\u00edch.<\/p>\n<p>&#8211; Ch\u00eca kho\u00e1 trao tay tha h\u1ed3 ri\u00eang t\u01b0<\/p>\n<\/div>\n<div class=\"clear\"><img decoding=\"async\" class=\"aligncenter wp-image-16492 size-full\" src=\"https:\/\/dalatreview.vn\/wp-content\/uploads\/2022\/02\/villa-9-phong-ly-thuong-kiet-1.jpg\" alt=\"villa 9 phong ly thuong kiet \" width=\"1200\" height=\"900\" \/><\/div>\n<div class=\"row\">\n<div><\/div>\n<\/div>\n<div class=\"pt-2\">\n<article class=\"post-content\">\n<div class=\"anh_wtm_m\">\n<div class=\"mws_content\">\n<div class=\"pt-2\">\n<article class=\"post-content\">\n<div class=\"anh_wtm_m\">\n<div class=\"mws_content\">\n<div class=\"pt-2\">\n<article class=\"post-content\">\n<div class=\"anh_wtm_m\">\n<div class=\"mws_content\">\n<article class=\"post-content\">\n<div class=\"anh_wtm_m\">\n<div class=\"mws_content\">\n<article class=\"post-content\">\n<div class=\"anh_wtm_m\">\n<div class=\"mws_content\">\n<article class=\"post-content\">\n<div class=\"anh_wtm_m\">\n<div class=\"mws_content\">\n<article class=\"post-content\">\n<div class=\"anh_wtm_m\">\n<div class=\"mws_content\">\n<article class=\"post-content\">\n<div class=\"anh_wtm_m\">\n<div class=\"mws_content\">\n<div class=\"pt-2\">\n<article class=\"post-content\">\n<div class=\"anh_wtm_m\">\n<div class=\"mws_content\">\n<div class=\"pt-2\">\n<article class=\"post-content\">\n<div class=\"anh_wtm_m\">\n<div class=\"mws_content\">\n<div class=\"wpb_column vc_column_container vc_col-sm-12 vc_column\">\n<div class=\"vc_column-inner\">\n<div class=\"wpb_wrapper\">\n<div class=\"wpb_text_column wpb_content_element vc_column_text\">\n<div class=\"wpb_wrapper\">\n<div class=\"pt-2\">\n<article class=\"post-content\">\n<div class=\"anh_wtm_m\">\n<div class=\"mws_content\">\n<article class=\"post-content\">\n<div class=\"anh_wtm_m\">\n<div class=\"mws_content\">\n<div class=\"pt-2\">\n<article class=\"post-content\">\n<div class=\"anh_wtm_m\">\n<div class=\"mws_content\">\n<article class=\"post-content\">\n<h2 id=\"4-gia-phong\"><span style=\"color: #008000;\"><strong><span class=\"_4yxo\">4.<\/span>\u00a0Gi\u00e1 ph\u00f2ng<\/strong><\/span><\/h2>\n<p>Li\u00ean h\u1ec7 \u0111\u1ec3 \u0111\u01b0\u1ee3c \u0110\u00e0 L\u1ea1t Review t\u01b0 v\u1ea5n.<\/p>\n<h2 id=\"5-lien-he\"><span style=\"color: #008000;\">5. Li\u00ean h\u1ec7<\/span><\/h2>\n<p>Fanpage:\u00a0<a href=\"https:\/\/www.facebook.com\/booking.dalatreview.vn\/\">Booking \u0110\u00e0 L\u1ea1t \u2013 www.dalatreview.vn<\/a><\/p>\n<p>S\u0110T\/Zalo: 0988 249 297<\/p>\n<\/article>\n<\/div>\n<\/div>\n<\/article>\n<\/div>\n<\/div>\n<\/div>\n<\/article>\n<\/div>\n<\/div>\n<\/article>\n<\/div>\n<\/div>\n<\/div>\n<\/div>\n<\/div>\n<\/div>\n<\/div>\n<\/div>\n<\/article>\n<\/div>\n<\/div>\n<\/div>\n<\/article>\n<\/div>\n<\/div>\n<\/div>\n<\/article>\n<\/div>\n<\/div>\n<\/article>\n<\/div>\n<\/div>\n<\/article>\n<\/div>\n<\/div>\n<\/article>\n<\/div>\n<\/div>\n<\/article>\n<\/div>\n<\/div>\n<\/article>\n<\/div>\n<\/div>\n<\/div>\n<\/article>\n<\/div>\n<\/div>\n<\/div>\n<\/article>\n<\/div>","protected":false},"excerpt":{"rendered":"<p>Villa \u0110\u00e0 L\u1ea1t L\u00fd Th\u01b0\u1eddng Ki\u1ec7t 9 Ph\u00f2ng Danh m\u1ee5c ch\u00ednh 1. V\u1ecb tr\u00ed 2. Decor 4.\u00a0Gi\u00e1 ph\u00f2ng 5. Li\u00ean h\u1ec7 1. V\u1ecb tr\u00ed Villa t\u1ecda l\u1ea1c t\u1ea1i trung t\u00e2m \u0111\u01b0\u1eddng L\u00fd Th\u01b0\u1eddng Ki\u1ec7t, Ph\u01b0\u1eddng 9, TP \u0110\u00e0 L\u1ea1t \u2013 s\u00e1t H\u1ed3 Xu\u00e2n H\u01b0\u01a1ng c\u00f3 th\u1ec3 \u0111i b\u1ed9 ra h\u1ed3 \u0111\u01b0\u1ee3c. Ch\u1ec9 c\u00e1ch ch\u1ee3 5 [&hellip;]<\/p>","protected":false},"featured_media":16480,"comment_status":"open","ping_status":"closed","template":"","meta":{"_acf_changed":false,"rank_math_lock_modified_date":false},"product_cat":[29,2265,45],"product_tag":[],"acf":[],"_links":{"self":[{"href":"https:\/\/dalatreview.vn\/en\/wp-json\/wp\/v2\/product\/16479"}],"collection":[{"href":"https:\/\/dalatreview.vn\/en\/wp-json\/wp\/v2\/product"}],"about":[{"href":"https:\/\/dalatreview.vn\/en\/wp-json\/wp\/v2\/types\/product"}],"replies":[{"embeddable":true,"href":"https:\/\/dalatreview.vn\/en\/wp-json\/wp\/v2\/comments?post=16479"}],"wp:featuredmedia":[{"embeddable":true,"href":"https:\/\/dalatreview.vn\/en\/wp-json\/wp\/v2\/media\/16480"}],"wp:attachment":[{"href":"https:\/\/dalatreview.vn\/en\/wp-json\/wp\/v2\/media?parent=16479"}],"wp:term":[{"taxonomy":"product_cat","embeddable":true,"href":"https:\/\/dalatreview.vn\/en\/wp-json\/wp\/v2\/product_cat?post=16479"},{"taxonomy":"product_tag","embeddable":true,"href":"https:\/\/dalatreview.vn\/en\/wp-json\/wp\/v2\/product_tag?post=16479"}],"curies":[{"name":"wp","href":"https:\/\/api.w.org\/{rel}","templated":true}]}}