
{"id":16443,"date":"2022-02-28T15:16:31","date_gmt":"2022-02-28T08:16:31","guid":{"rendered":"https:\/\/dalatreview.vn\/?p=16443"},"modified":"2024-07-11T10:46:47","modified_gmt":"2024-07-11T03:46:47","slug":"villa-vip-da-lat-dong-tinh-9-phong","status":"publish","type":"product","link":"https:\/\/dalatreview.vn\/en\/villa-vip-da-lat-dong-tinh-9-phong.html","title":{"rendered":"Villa Vip \u0110\u00e0 L\u1ea1t \u0110\u00f4ng T\u0129nh 9 Ph\u00f2ng"},"content":{"rendered":"<p style=\"text-align: center;\"><span style=\"color: #008000;\"><strong><span style=\"font-size: 24px;\">Villa Vip \u0110\u00e0 L\u1ea1t \u0110\u00f4ng T\u0129nh 9 Ph\u00f2ng <\/span><\/strong><\/span><\/p>\n<nav class=\"vietrick-auto-toc\">\n<div class=\"box-title\">\n<h3 class=\"toc-title\" id=\"select-menu\">Danh m\u1ee5c ch\u00ednh<\/h3>\n<div><ion-icon name=\"chevron-up-outline\"><\/ion-icon><\/div>\n<\/div>\n<ul class=\"toc-list\">\n<li><a href='https:\/\/dalatreview.vn\/en#1-vi-tri' class='heading-h2 toc-link smooth-scroll'>1. V\u1ecb tr\u00ed<\/a>\n<li><a href='https:\/\/dalatreview.vn\/en#2-decor' class='heading-h2 toc-link smooth-scroll'>2. Decor<\/a>\n<li><a href='https:\/\/dalatreview.vn\/en#3-dich-vu-tien-nghi' class='heading-h2 toc-link smooth-scroll'>3. D\u1ecbch v\u1ee5 &amp; Ti\u1ec7n nghi<\/a>\n<li><a href='https:\/\/dalatreview.vn\/en#5-lien-he' class='heading-h2 toc-link smooth-scroll'>5. Li\u00ean h\u1ec7<\/a><\/ul>\n<\/ul>\n<\/li>\n<\/ul>\n<\/nav>\n<h2 id=\"1-vi-tri\"><span style=\"color: #008000;\"><strong><span style=\"font-size: 24px;\">1. V\u1ecb tr\u00ed<\/span><\/strong><\/span><\/h2>\n<p>C\u0103n nh\u00e0 t\u1ecda l\u1ea1c g\u1ea7n v\u1ecb tr\u00ed trung t\u00e2m ( ng\u00e3 5 \u0111\u1ea1i h\u1ecdc \u0110\u00e0 L\u1ea1t ), n\u1eb1m \u1edf \u0111\u01b0\u1eddng \u0110\u00f4ng T\u0129nh, Ph\u01b0\u1eddng 8, TP \u0110\u00e0 L\u1ea1t. Ch\u1ec9 c\u00e1ch ch\u1ee3 6 ph\u00fat ch\u1ea1y xe, giao th\u1ed9ng thu\u1eadn ti\u1ec7n, c\u1ea3nh quan thi\u00ean nhi\u00ean th\u00ec y\u00ean b\u00ecnh tr\u00e0n \u0111\u1ea7y s\u1ee9c s\u1ed1ng. Con ng\u01b0\u1eddi l\u1ea1i v\u00f4 c\u00f9ng th\u00e2n thi\u1ec7n, d\u1ec5 g\u1ea7n, d\u1ec5 m\u1ebfn.<\/p>\n<p>H\u01a1n n\u1eefa \u0111\u00e2y c\u0169ng l\u00e0 khu v\u1ef1c h\u1ed9i t\u1ee5 r\u1ea5t nhi\u1ec1u \u0111i\u1ec3m \u0103n u\u1ed1ng, mua s\u1eafm v\u00e0 vui ch\u01a1i c\u1ee7a x\u1ee9 s\u1edf s\u01b0\u01a1ng m\u00f9 v\u00ec v\u1eady \u0111\u00e2y s\u1ebd l\u00e0 1 l\u1ef1a ch\u1ecdn tuy\u1ec7t v\u1eddi \u0111\u1ec3 l\u01b0u tr\u00fa khi \u0111i du l\u1ecbch \u1edf \u0110\u00e0 L\u1ea1t \u0111\u00e1y nh\u00e9 !<\/p>\n<p><img decoding=\"async\" class=\"aligncenter wp-image-16449 size-full\" src=\"https:\/\/dalatreview.vn\/wp-content\/uploads\/2022\/02\/villa-9-phong-dong-tinh-13.jpg\" alt=\"villa 9 phong dong tinh\" width=\"720\" height=\"960\" \/><\/p>\n<h2 id=\"2-decor\"><span style=\"color: #008000;\"><strong><span style=\"font-size: 24px;\"><span class=\"_4yxo _4yxp\">2. Decor<\/span><\/span><\/strong><\/span><\/h2>\n<p>Villa l\u00e0 1 c\u0103n bi\u1ec7t th\u1ef1 \u0111\u01b0\u1ee3c x\u00e2y d\u1ef1ng theo ki\u1ebfn tr\u00fac Ph\u00e1p. \u0110\u1eb9p t\u1eeb b\u00ean ngo\u00e0i l\u1eabn\u00a0b\u00ean trong. Tr\u01b0\u1edbc nh\u00e0 s\u1ebd c\u00f3 1 th\u1ea3m c\u1ecf xanh m\u01b0\u1edbt m\u1ec1m m\u1ea1i \u0111\u00f3n ta v\u00e0o nh\u00e0, nh\u00e0 l\u1ea1i \u0111\u01b0\u1ee3c thi\u1ebft k\u1ebf v\u1edbi kh\u00f4ng gian m\u1edf t\u1eadn d\u1ee5ng l\u1ee3i th\u1ebf view cao \u0111\u00f3n n\u1eafng v\u00e0 gi\u00f3 t\u1ef1 nhi\u00ean r\u1ea5t trong l\u00e0nh \u0111\u1ec3\u00a0ban c\u00f4ng b\u1ea1n c\u00f3 th\u1ec3 ng\u1eafm nh\u00ecn \u0111\u01b0\u1ee3c c\u1ea3nh \u0111\u1eb9p h\u00f9ng v\u0129 c\u1ee7a thi\u00ean nhi\u00ean v\u00e0 con ng\u01b0\u1eddi t\u1ecd d\u1ef1ng n\u00ean.<\/p>\n<p>M\u1ecdi th\u1ee9 trong nh\u00e0 \u0111\u1ec1u \u0111\u01b0\u1ee3c l\u1ef1a ch\u1ecdn, s\u1eafp x\u1ebfp 1 c\u00e1ch t\u1ec9 m\u1ec9 t\u1eeb b\u00f3ng \u0111\u00e8n cho \u0111\u1ebfn tranh \u1ea3nh, c\u00e2y c\u1ed1i hay b\u00e0n gh\u1ebf sofa. T\u1ea1o c\u1ea3m gi\u00e1c sang tr\u1ecdng\u00a0 l\u1ecbch s\u1ef1 v\u00f4 c\u00f9ng. M\u1ecdi ng\u00f3c ngh\u00e1ch trong nh\u00e0 \u0111\u1ec1u tr\u1edf th\u00e0nh 1 g\u00f3c s\u1ed1ng \u1ea3o cho b\u1ea1n v\u00ec n\u00f3 \u0111\u1eb9p \u0111\u1ebfn t\u1eebng milimet.<\/p>\n<p>Ph\u00f2ng kh\u00e1ch c\u00f3 th\u00eam 1 l\u00f2 s\u01b0\u1edfi b\u1eb1ng c\u1ee7i t\u1ea1o c\u1ea3m gi\u00e1c \u1ea5m \u00e1p v\u00e0 quen thu\u1ed9c cho b\u1ea1n v\u00e0 gia \u0111\u00ecnh. C\u00f3 ph\u00f2ng \u0111\u1ecdc s\u00e1ch, ph\u00f2ng sinh ho\u1ea1t chung v\u00e0 ph\u00f2ng ng\u1ee7 kh\u00e9p k\u00edn t\u1ea1o kho\u1ea3ng kh\u00f4ng gian ri\u00eang t\u01b0 cho m\u1ed7i ng\u01b0\u1eddi.<\/p>\n<p>\u0110\u1ea3m b\u1ea3o \u0111\u00e2y s\u1ebd l\u00e0 l\u1ef1a ch\u1ecdn ho\u00e0n h\u1ea3o v\u00e0 tuy\u1ec7t v\u1eddi nh\u1ea5t cho b\u1ea1n khi \u0111i ngh\u1ec9 d\u01b0\u1ee1ng t\u1ea1i \u0110\u00e0 L\u1ea1t m\u1ed9ng m\u01a1. \u0110\u1ebfn \u0111\u00e2y r\u1ed3i b\u1ea1n s\u1ebd kh\u00f4ng mu\u1ed1n chia xa n\u1eefa \u0111\u00e2u !<\/p>\n<p><img decoding=\"async\" class=\"aligncenter wp-image-16450 size-full\" src=\"https:\/\/dalatreview.vn\/wp-content\/uploads\/2022\/02\/villa-9-phong-dong-tinh.jpg\" alt=\"villa 9 phong dong tinh\" width=\"1200\" height=\"900\" \/><\/p>\n<h2 id=\"3-dich-vu-tien-nghi\"><span style=\"color: #008000;\"><strong><span style=\"font-size: 24px;\">3. D\u1ecbch v\u1ee5 &amp; Ti\u1ec7n nghi<\/span><\/strong><\/span><\/h2>\n<div class=\"pt-2\">\n<p>G\u1ed3m 9 ph\u00f2ng ng\u1ee7 sang tr\u1ecdng kh\u00e9p k\u00edn ho\u00e0n to\u00e0n. C\u00f3 b\u1ed3n t\u1eafm, n\u00f3ng l\u1ea1nh v\u00e0 \u0111\u1ea7y \u0111\u1ee7 c\u00e1c \u0111\u1ed3 d\u00f9ng c\u00e1 nh\u00e2n c\u1ea7n thi\u1ebft.<br \/>\n8 ph\u00f2ng 1 gi\u01b0\u1eddng 2\u00a0ng\u01b0\u1eddi<br \/>\n1 ph\u00f2ng 2 gi\u01b0\u1eddng 4\u00a0ng\u01b0\u1eddi<br \/>\nS\u1ee9c ch\u1ee9a 20-22 kh\u00e1ch<\/p>\n<p>&#8212;&#8212;&#8212;&#8212;&#8212;&#8212;&#8212;&#8212;&#8212;&#8212;&#8212;&#8212;&#8212;&#8212;&#8212;&#8212;&#8212;&#8212;&#8211;<\/p>\n<p>&#8211; \u0110\u1ea7y \u0111\u1ee7 ti\u1ec7n nghi nh\u01b0 \u1edf nh\u00e0. Ph\u00f2ng kh\u00e1ch r\u1ed9ng c\u00f3 tivi, l\u00f2 s\u01b0\u1edfi, b\u00e0n gh\u1ebf sofa cao c\u1ea5p.<\/p>\n<p>&#8211; C\u00f3 di\u1ec7n t\u00edch \u0111\u1ec3 n\u01b0\u1edbng BBQ ngo\u00e0i tr\u1eddi tho\u00e1ng \u0111\u00e3ng.<\/p>\n<p>&#8211; C\u00f3 ch\u1ed7 \u0111\u1eadu xe m\u00e1y, xe h\u01a1i an to\u00e0n mi\u1ec5n ph\u00ed.<\/p>\n<p>&#8211; Y\u00ean t\u0129nh, an ninh 24\/24, s\u1ea1ch s\u1ebd, tho\u00e1ng m\u00e1t, view thi\u00ean nhi\u00ean si\u00eau \u0111\u1eb9p.<\/p>\n<p>&#8211; B\u1ebfp t\u1ef1 do n\u1ea5u n\u01b0\u1edbng \u0111\u1ea7y \u0111\u1ee7 d\u1ee5ng c\u1ee5 v\u00e0 gia v\u1ecb.<\/p>\n<p>&#8211; Ch\u00eca kho\u00e1 trao tay tha h\u1ed3 ri\u00eang t\u01b0.<\/p>\n<p><img decoding=\"async\" class=\"aligncenter wp-image-16451 size-full\" src=\"https:\/\/dalatreview.vn\/wp-content\/uploads\/2022\/02\/villa-9-phong-dong-tinh-17.jpg\" alt=\"villa 9 phong dong tinh\" width=\"1200\" height=\"900\" \/><\/p>\n<\/div>\n<div class=\"clear\"><strong style=\"color: #008000;\"><span style=\"font-size: 24px;\"><span class=\"_4yxo\">4.<\/span>\u00a0Gi\u00e1 ph\u00f2ng<\/span><\/strong><\/div>\n<div class=\"pt-2\">\n<article class=\"post-content\">\n<div class=\"anh_wtm_m\">\n<div class=\"mws_content\">\n<article class=\"post-content\">\n<div class=\"anh_wtm_m\">\n<div class=\"mws_content\">\n<article class=\"post-content\">\n<div class=\"anh_wtm_m\">\n<div class=\"mws_content\">\n<article class=\"post-content\">\n<div class=\"anh_wtm_m\">\n<div class=\"mws_content\">\n<article class=\"post-content\">\n<div class=\"anh_wtm_m\">\n<div class=\"mws_content\">\n<p>Li\u00ean h\u1ec7 \u0111\u1ec3 \u0111\u01b0\u1ee3c \u0110\u00e0 L\u1ea1t Review t\u01b0 v\u1ea5n.<\/p>\n<h2 id=\"5-lien-he\"><span style=\"color: #008000;\">5. Li\u00ean h\u1ec7<\/span><\/h2>\n<p>Fanpage:\u00a0<a href=\"https:\/\/www.facebook.com\/booking.dalatreview.vn\/\">Booking \u0110\u00e0 L\u1ea1t \u2013 www.dalatreview.vn<\/a><\/p>\n<p>S\u0110T\/Zalo: 0988 249 297<\/p>\n<\/div>\n<\/div>\n<\/article>\n<article class=\"post-content xemthem\"><\/article>\n<div id=\"comments\" class=\"comments-area\"><\/div>\n<\/div>\n<\/div>\n<\/article>\n<article class=\"post-content xemthem\"><\/article>\n<div id=\"comments\" class=\"comments-area\"><\/div>\n<\/div>\n<\/div>\n<\/article>\n<article class=\"post-content xemthem\"><\/article>\n<div id=\"comments\" class=\"comments-area\"><\/div>\n<\/div>\n<\/div>\n<\/article>\n<article class=\"post-content xemthem\"><\/article>\n<div id=\"comments\" class=\"comments-area\"><\/div>\n<\/div>\n<\/div>\n<\/article>\n<article class=\"post-content xemthem\"><\/article>\n<div id=\"comments\" class=\"comments-area\"><\/div>\n<\/div>","protected":false},"excerpt":{"rendered":"<p>Villa Vip \u0110\u00e0 L\u1ea1t \u0110\u00f4ng T\u0129nh 9 Ph\u00f2ng Danh m\u1ee5c ch\u00ednh 1. V\u1ecb tr\u00ed 2. Decor 3. D\u1ecbch v\u1ee5 &amp; Ti\u1ec7n nghi 5. Li\u00ean h\u1ec7 1. V\u1ecb tr\u00ed C\u0103n nh\u00e0 t\u1ecda l\u1ea1c g\u1ea7n v\u1ecb tr\u00ed trung t\u00e2m ( ng\u00e3 5 \u0111\u1ea1i h\u1ecdc \u0110\u00e0 L\u1ea1t ), n\u1eb1m \u1edf \u0111\u01b0\u1eddng \u0110\u00f4ng T\u0129nh, Ph\u01b0\u1eddng 8, TP \u0110\u00e0 L\u1ea1t. [&hellip;]<\/p>","protected":false},"featured_media":16444,"comment_status":"open","ping_status":"closed","template":"","meta":{"_acf_changed":false,"rank_math_lock_modified_date":false},"product_cat":[29,2265,45],"product_tag":[],"acf":[],"_links":{"self":[{"href":"https:\/\/dalatreview.vn\/en\/wp-json\/wp\/v2\/product\/16443"}],"collection":[{"href":"https:\/\/dalatreview.vn\/en\/wp-json\/wp\/v2\/product"}],"about":[{"href":"https:\/\/dalatreview.vn\/en\/wp-json\/wp\/v2\/types\/product"}],"replies":[{"embeddable":true,"href":"https:\/\/dalatreview.vn\/en\/wp-json\/wp\/v2\/comments?post=16443"}],"wp:featuredmedia":[{"embeddable":true,"href":"https:\/\/dalatreview.vn\/en\/wp-json\/wp\/v2\/media\/16444"}],"wp:attachment":[{"href":"https:\/\/dalatreview.vn\/en\/wp-json\/wp\/v2\/media?parent=16443"}],"wp:term":[{"taxonomy":"product_cat","embeddable":true,"href":"https:\/\/dalatreview.vn\/en\/wp-json\/wp\/v2\/product_cat?post=16443"},{"taxonomy":"product_tag","embeddable":true,"href":"https:\/\/dalatreview.vn\/en\/wp-json\/wp\/v2\/product_tag?post=16443"}],"curies":[{"name":"wp","href":"https:\/\/api.w.org\/{rel}","templated":true}]}}