
{"id":16411,"date":"2022-02-28T14:52:42","date_gmt":"2022-02-28T07:52:42","guid":{"rendered":"https:\/\/dalatreview.vn\/?p=16411"},"modified":"2024-07-11T10:46:55","modified_gmt":"2024-07-11T03:46:55","slug":"villa-da-lat-ho-tuyen-lam-8-phong","status":"publish","type":"product","link":"https:\/\/dalatreview.vn\/en\/villa-da-lat-ho-tuyen-lam-8-phong.html","title":{"rendered":"Villa \u0110\u00e0 L\u1ea1t H\u1ed3 Tuy\u1ec1n L\u00e2m 8 Ph\u00f2ng"},"content":{"rendered":"<p style=\"text-align: center;\"><span style=\"font-size: 24px; color: #008000;\"><strong>Villa \u0110\u00e0 L\u1ea1t H\u1ed3 Tuy\u1ec1n L\u00e2m 8 Ph\u00f2ng<\/strong> <\/span><\/p>\n<nav class=\"vietrick-auto-toc\">\n<div class=\"box-title\">\n<h3 class=\"toc-title\" id=\"select-menu\">Danh m\u1ee5c ch\u00ednh<\/h3>\n<div><ion-icon name=\"chevron-up-outline\"><\/ion-icon><\/div>\n<\/div>\n<ul class=\"toc-list\">\n<li><a href='https:\/\/dalatreview.vn\/en#1-vi-tri' class='heading-h2 toc-link smooth-scroll'>1. V\u1ecb tr\u00ed<\/a>\n<li><a href='https:\/\/dalatreview.vn\/en#2-decor' class='heading-h2 toc-link smooth-scroll'>2. Decor<\/a>\n<li><a href='https:\/\/dalatreview.vn\/en#3-dich-vu-tien-nghi' class='heading-h2 toc-link smooth-scroll'>3. D\u1ecbch v\u1ee5 &amp; Ti\u1ec7n nghi<\/a>\n<li><a href='https:\/\/dalatreview.vn\/en#4-gia-phong' class='heading-h2 toc-link smooth-scroll'>4.\u00a0Gi\u00e1 ph\u00f2ng<\/a>\n<li><a href='https:\/\/dalatreview.vn\/en#5-lien-he' class='heading-h2 toc-link smooth-scroll'>5. Li\u00ean h\u1ec7<\/a><\/ul>\n<\/ul>\n<\/li>\n<\/ul>\n<\/nav>\n<h2 id=\"1-vi-tri\"><span style=\"font-size: 24px; color: #008000;\"><strong>1. V\u1ecb tr\u00ed<\/strong><\/span><\/h2>\n<p>Villa H\u1ed3 Tuy\u1ec1n L\u00e2m n\u1eb1m \u1edf ph\u01b0\u1eddng 4, t\u1ecda l\u1ea1c c\u00e1ch v\u1ecb tr\u00ed trung t\u00e2m Th\u00e0nh ph\u1ed1 kho\u1ea3ng 7km, c\u00e1ch khu du l\u1ecbch th\u00e1c Datanla kho\u1ea3ng 2 km. Khu v\u1ef1c thu\u1eadn ti\u1ec7n cho vi\u1ec7c di chuy\u1ec3n \u0111i l\u1ea1i t\u1edbi c\u00e1c \u0111\u1ecba \u0111i\u1ec3m du l\u1ecbch n\u1ed5i ti\u1ebfng.<\/p>\n<p>H\u1ed3 Tuy\u1ec1n L\u00e2m n\u1eb1m g\u1ea7n ngay t\u1ea1i n\u00fai Ph\u1ee5ng Ho\u00e0ng. N\u01a1i c\u00f3 Thi\u1ec1n Vi\u1ec7n Tr\u00fac L\u00e2m thanh t\u1ecbnh v\u00e0 y\u00ean b\u00ecnh. \u0110\u00e2y \u0111\u01b0\u1ee3c xem nh\u01b0 l\u00e0 m\u1ed9t trong nh\u1eefng khu ph\u1ee9c h\u1ee3p. T\u1eadp trung r\u1ea5t nhi\u1ec1u c\u1ea3nh quan thi\u00ean nhi\u00ean \u0111\u1eb9p, \u0111\u1eb7c tr\u01b0ng v\u00e0 nh\u1eefng d\u1ecbch v\u1ee5 du l\u1ecbch c\u1ee7a \u0110\u00e0 L\u1ea1t.<\/p>\n<p><img decoding=\"async\" class=\"aligncenter wp-image-16437 size-full\" src=\"https:\/\/dalatreview.vn\/wp-content\/uploads\/2022\/02\/villa-8-phong-ho-tuyen-lam-4-1.jpg\" alt=\"villa 8 phong ho tuyen lam\" width=\"1600\" height=\"1066\" \/><\/p>\n<h2 id=\"2-decor\"><span style=\"font-size: 24px; color: #008000;\"><strong><span class=\"_4yxo _4yxp\">2. Decor<\/span><\/strong><\/span><\/h2>\n<p>Villa \u0111\u01b0\u1ee3c bao quanh b\u1edfi r\u1eebng th\u00f4ng xanh ng\u00e1t v\u00e0 n\u1eb1m b\u00ean c\u1ea1nh h\u1ed3 n\u00ean t\u1eadn h\u01b0\u1edfng kh\u00f4ng kh\u00ed v\u00f4 c\u00f9ng trong l\u00e0nh m\u00e1t m\u1ebb. \u0110i\u1ec3m \u1ea5n t\u01b0\u1ee3ng \u0111\u1ea7u ti\u00ean khi \u0111\u1ebfn \u0111\u00e2y ch\u00ednh l\u00e0 khu\u00f4n vi\u00ean v\u01b0\u1eddn c\u1ef1c k\u1ef3 r\u1ed9ng r\u00e3i v\u1edbi th\u1ea3m c\u1ecf xanh r\u00ec b\u1eb1ng ph\u1eb3ng nh\u01b0 1 khu vui ch\u01a1i c\u1ef1c ph\u1ea9m: c\u00f3 nh\u1eefng b\u00f4ng hoa r\u1ef1c r\u1ee1 khoe s\u1eafc v\u00e0 nh\u1eefng c\u00e2y c\u1ea3nh \u0111\u01b0\u1ee3c c\u1eaft t\u1ec9a ngh\u1ec7 thu\u1eadt r\u1ea5t \u0111\u1eb9p. Ngo\u00e0i ra, \u1edf \u0111\u00e2y c\u00f2n \u0111\u01b0\u1ee3c gia ch\u1ee7 tinh t\u1ebf s\u1eafm th\u00eam 1 b\u1ed9 b\u00e0n gh\u1ebf \u0111\u00e1 \u0111\u1ec3 ng\u1eafm c\u1ea3nh, 1 nh\u00e0 ch\u00f2i u\u1ed1ng c\u00e0 ph\u00ea t\u00e2m s\u1ef1 v\u00e0 c\u1ea3 1 kh\u00f4ng gian ri\u00eang \u0111\u1ec3 t\u1ed5 ch\u1ee9c ti\u1ec7c BBQ v\u1ec1 \u0111\u00eam n\u1eefa \u0111\u1ea5y.<\/p>\n<p>Villa thi\u1ebft k\u1ebf theo phong c\u00e1ch Ch\u00e2u \u00c2u v\u1edbi kh\u00f4ng gian m\u1edf \u0111\u00f3n \u00e1nh s\u00e1ng t\u1ef1 nhi\u00ean v\u1eeba \u1ea5m \u00e1p v\u1eeba tho\u00e1ng m\u00e1t. \u0110\u01b0\u1ee3c trang b\u1ecb n\u1ed9i th\u1ea5t cao c\u1ea5p, nh\u00ecn v\u00e0o t\u1ea1o c\u1ea3m gi\u00e1c r\u1ea5t sang tr\u1ecdng nh\u01b0ng c\u0169ng r\u1ea5t th\u00e2n quen nh\u1edd nh\u1eefng \u0111\u1ed3 v\u1eadt quen thu\u1ed9c &amp; gam m\u00e0u g\u1ed7 \u1ea5m \u00e1p.<\/p>\n<p><img decoding=\"async\" class=\"aligncenter wp-image-16438 size-full\" src=\"https:\/\/dalatreview.vn\/wp-content\/uploads\/2022\/02\/villa-8-phong-ho-tuyen-lam.jpg\" alt=\"villa 8 phong ho tuyen lam\" width=\"1200\" height=\"900\" \/><\/p>\n<h2 id=\"3-dich-vu-tien-nghi\"><span style=\"font-size: 24px; color: #008000;\"><strong>3. D\u1ecbch v\u1ee5 &amp; Ti\u1ec7n nghi<\/strong><\/span><\/h2>\n<div class=\"pt-2\">\n<p>G\u1ed3m 8 ph\u00f2ng ng\u1ee7 sang tr\u1ecdng kh\u00e9p k\u00edn ho\u00e0n to\u00e0n. C\u00f3 n\u00f3ng l\u1ea1nh, nh\u00e0 t\u1eafm, wc v\u00e0 c\u00e1c \u0111\u1ed3 d\u00f9ng c\u00e1 nh\u00e2n c\u1ea7n thi\u1ebft ngay trong ph\u00f2ng. C\u00f3 th\u00eam c\u1ea3 tivi v\u00e0 internet mi\u1ec5n ph\u00ed, ban c\u00f4ng view cao r\u1ea5t \u0111\u1eb9p.<br \/>\n8 ph\u00f2ng 1 gi\u01b0\u1eddng 2 ng\u01b0\u1eddi c\u00f3 n\u1ec7m.<\/p>\n<p>S\u1ee9c ch\u1ee9a 16-18 kh\u00e1ch<\/p>\n<p>&#8212;&#8212;&#8212;&#8212;&#8212;&#8212;&#8212;&#8212;&#8212;&#8212;&#8212;&#8212;&#8212;&#8212;&#8212;&#8212;&#8212;&#8212;&#8211;<\/p>\n<p>&#8211; \u0110\u1ea7y \u0111\u1ee7 ti\u1ec7n nghi nh\u01b0 \u1edf nh\u00e0. Ph\u00f2ng kh\u00e1ch c\u00f3 tivi v\u00e0 d\u00e0n karaoke cao c\u1ea5p \u0111\u1ec3 m\u1ecdi ng\u01b0\u1eddi c\u00f9ng nhau h\u00e1t v\u00e0 sinh ho\u1ea1t chung.<\/p>\n<p>&#8211; C\u00f3 di\u1ec7n t\u00edch \u0111\u1ec3 n\u01b0\u1edbng BBQ ngo\u00e0i tr\u1eddi r\u1ea5t tho\u00e1ng \u0111\u00e3ng.<\/p>\n<p>&#8211; C\u00f3 ch\u1ed7 \u0111\u1eadu xe m\u00e1y, xe h\u01a1i an to\u00e0n mi\u1ec5n ph\u00ed. C\u00f3 d\u1ecbch v\u1ee5 thu\u00ea xe.<\/p>\n<p>&#8211; Y\u00ean t\u0129nh, an ninh 24\/24, s\u1ea1ch s\u1ebd, tho\u00e1ng m\u00e1t, view thi\u00ean nhi\u00ean si\u00eau \u0111\u1eb9p.<\/p>\n<p>&#8211; B\u1ebfp t\u1ef1 do n\u1ea5u n\u01b0\u1edbng \u0111\u1ea7y \u0111\u1ee7 d\u1ee5ng c\u1ee5 v\u00e0 gia v\u1ecb.<\/p>\n<p>&#8211; Ch\u00eca kho\u00e1 trao tay tha h\u1ed3 ri\u00eang t\u01b0.<\/p>\n<p><img decoding=\"async\" class=\"aligncenter wp-image-16439 size-full\" src=\"https:\/\/dalatreview.vn\/wp-content\/uploads\/2022\/02\/villa-8-phong-ho-tuyen-lam-24.jpg\" alt=\"villa 8 phong ho tuyen lam\" width=\"1200\" height=\"900\" \/><\/p>\n<\/div>\n<article class=\"post-content\">\n<div class=\"anh_wtm_m\">\n<div class=\"mws_content\">\n<article class=\"post-content\">\n<div class=\"anh_wtm_m\">\n<div class=\"mws_content\">\n<article class=\"post-content\">\n<div class=\"anh_wtm_m\">\n<div class=\"mws_content\">\n<article class=\"post-content\">\n<div class=\"anh_wtm_m\">\n<div class=\"mws_content\">\n<h2 id=\"4-gia-phong\"><span style=\"font-size: 24px; color: #008000;\"><strong><span class=\"_4yxo\">4.<\/span><\/strong>\u00a0Gi\u00e1 ph\u00f2ng<\/span><\/h2>\n<p>Li\u00ean h\u1ec7 \u0111\u1ec3 \u0111\u01b0\u1ee3c \u0110\u00e0 L\u1ea1t Review t\u01b0 v\u1ea5n.<\/p>\n<h2 id=\"5-lien-he\"><span style=\"color: #008000;\">5. Li\u00ean h\u1ec7<\/span><\/h2>\n<p>Fanpage:\u00a0<a href=\"https:\/\/www.facebook.com\/booking.dalatreview.vn\/\">Booking \u0110\u00e0 L\u1ea1t \u2013 www.dalatreview.vn<\/a><\/p>\n<p>S\u0110T\/Zalo: 0988 249 297<\/p>\n<\/div>\n<\/div>\n<\/article>\n<article class=\"post-content xemthem\"><\/article>\n<div id=\"comments\" class=\"comments-area\"><\/div>\n<\/div>\n<\/div>\n<\/article>\n<article class=\"post-content xemthem\"><\/article>\n<div id=\"comments\" class=\"comments-area\"><\/div>\n<\/div>\n<\/div>\n<\/article>\n<article class=\"post-content xemthem\"><\/article>\n<div id=\"comments\" class=\"comments-area\"><\/div>\n<\/div>\n<\/div>\n<\/article>\n<article class=\"post-content xemthem\"><\/article>\n<div id=\"comments\" class=\"comments-area\"><\/div>","protected":false},"excerpt":{"rendered":"<p>Villa \u0110\u00e0 L\u1ea1t H\u1ed3 Tuy\u1ec1n L\u00e2m 8 Ph\u00f2ng Danh m\u1ee5c ch\u00ednh 1. V\u1ecb tr\u00ed 2. Decor 3. D\u1ecbch v\u1ee5 &amp; Ti\u1ec7n nghi 4.\u00a0Gi\u00e1 ph\u00f2ng 5. Li\u00ean h\u1ec7 1. V\u1ecb tr\u00ed Villa H\u1ed3 Tuy\u1ec1n L\u00e2m n\u1eb1m \u1edf ph\u01b0\u1eddng 4, t\u1ecda l\u1ea1c c\u00e1ch v\u1ecb tr\u00ed trung t\u00e2m Th\u00e0nh ph\u1ed1 kho\u1ea3ng 7km, c\u00e1ch khu du l\u1ecbch th\u00e1c Datanla [&hellip;]<\/p>","protected":false},"featured_media":16412,"comment_status":"open","ping_status":"closed","template":"","meta":{"_acf_changed":false,"rank_math_lock_modified_date":false},"product_cat":[29,2265,45],"product_tag":[],"acf":[],"_links":{"self":[{"href":"https:\/\/dalatreview.vn\/en\/wp-json\/wp\/v2\/product\/16411"}],"collection":[{"href":"https:\/\/dalatreview.vn\/en\/wp-json\/wp\/v2\/product"}],"about":[{"href":"https:\/\/dalatreview.vn\/en\/wp-json\/wp\/v2\/types\/product"}],"replies":[{"embeddable":true,"href":"https:\/\/dalatreview.vn\/en\/wp-json\/wp\/v2\/comments?post=16411"}],"wp:featuredmedia":[{"embeddable":true,"href":"https:\/\/dalatreview.vn\/en\/wp-json\/wp\/v2\/media\/16412"}],"wp:attachment":[{"href":"https:\/\/dalatreview.vn\/en\/wp-json\/wp\/v2\/media?parent=16411"}],"wp:term":[{"taxonomy":"product_cat","embeddable":true,"href":"https:\/\/dalatreview.vn\/en\/wp-json\/wp\/v2\/product_cat?post=16411"},{"taxonomy":"product_tag","embeddable":true,"href":"https:\/\/dalatreview.vn\/en\/wp-json\/wp\/v2\/product_tag?post=16411"}],"curies":[{"name":"wp","href":"https:\/\/api.w.org\/{rel}","templated":true}]}}