
{"id":16362,"date":"2022-02-28T10:00:57","date_gmt":"2022-02-28T03:00:57","guid":{"rendered":"https:\/\/dalatreview.vn\/?p=16362"},"modified":"2025-01-16T12:24:24","modified_gmt":"2025-01-16T05:24:24","slug":"villa-da-lat-nam-ho-8-phong","status":"publish","type":"product","link":"https:\/\/dalatreview.vn\/en\/villa-da-lat-nam-ho-8-phong.html","title":{"rendered":"Villa \u0110\u00e0 L\u1ea1t Nam H\u1ed3 8 Ph\u00f2ng"},"content":{"rendered":"<p style=\"text-align: center;\"><span style=\"color: #008000;\"><strong><span style=\"font-size: 24px;\">Villa \u0110\u00e0 L\u1ea1t Nam H\u1ed3 8 Ph\u00f2ng <\/span><\/strong><\/span><\/p>\n<nav class=\"vietrick-auto-toc\">\n<div class=\"box-title\">\n<h3 class=\"toc-title\" id=\"select-menu\">Danh m\u1ee5c ch\u00ednh<\/h3>\n<div><ion-icon name=\"chevron-up-outline\"><\/ion-icon><\/div>\n<\/div>\n<ul class=\"toc-list\">\n<li><a href='https:\/\/dalatreview.vn\/en#1-vi-tri' class='heading-h2 toc-link smooth-scroll'>1. V\u1ecb tr\u00ed<\/a>\n<li><a href='https:\/\/dalatreview.vn\/en#2-decor' class='heading-h2 toc-link smooth-scroll'>2. Decor<\/a>\n<li><a href='https:\/\/dalatreview.vn\/en#3-dich-vu-tien-nghi' class='heading-h2 toc-link smooth-scroll'>3. D\u1ecbch v\u1ee5 &amp; Ti\u1ec7n nghi<\/a>\n<li><a href='https:\/\/dalatreview.vn\/en#4-gia-phong' class='heading-h2 toc-link smooth-scroll'>4.\u00a0Gi\u00e1 ph\u00f2ng<\/a>\n<li><a href='https:\/\/dalatreview.vn\/en#5-lien-he' class='heading-h2 toc-link smooth-scroll'>5. Li\u00ean h\u1ec7<\/a><\/ul>\n<\/ul>\n<\/li>\n<\/ul>\n<\/nav>\n<h2 id=\"1-vi-tri\"><span style=\"color: #008000;\"><strong><span style=\"font-size: 24px;\">1. V\u1ecb tr\u00ed<\/span><\/strong><\/span><\/h2>\n<p>Villa Nam H\u1ed3 thu\u1ed9c ph\u01b0\u1eddng 11, n\u1eb1m ngay g\u1ea7n trung t\u00e2m th\u00e0nh ph\u1ed1 \u0110\u00e0 L\u1ea1t. Ch\u1ec9 c\u00e1ch ch\u1ee3 6 ph\u00fat ch\u1ea1y xe, giao th\u00f4ng thu\u1eadn ti\u1ec7n cho vi\u1ec7c \u0111i l\u1ea1i \u0103n u\u1ed1ng, mua s\u1eafm v\u00e0 vui ch\u01a1i. N\u01a1i \u0111\u00e2y l\u00e0 cung \u0111\u01b0\u1eddng h\u1ed9i t\u1ee5 nhi\u1ec1u \u0111\u1ecba \u0111i\u1ec3m n\u1ed5i ti\u1ebfng c\u1ee7a \u0110\u00e0 L\u1ea1t m\u1ed9ng m\u01a1 \u0111\u1ea5y nh\u00e9 !<\/p>\n<p>N\u1eb1m \u1edf view cao n\u00ean \u0111\u01b0\u1ee3c bao b\u1ecdc b\u1edfi s\u1ef1 xanh m\u00e1t c\u1ee7a thi\u00ean nhi\u00ean n\u01a1i \u0111\u00e2y, ch\u00ednh v\u00ec v\u1eady m\u00e0 c\u0103n nh\u00e0 n\u00e0y s\u1ebd tr\u1edf th\u00e0nh 1 l\u1ef1a ch\u1ecdn r\u1ea5t ho\u00e0n h\u1ea3o khi b\u1ea1n \u0111\u1ebfn x\u1ee9 s\u1edf s\u01b0\u01a1ng m\u00f9.<\/p>\n<p><img decoding=\"async\" class=\"aligncenter wp-image-16379 size-full\" src=\"https:\/\/dalatreview.vn\/wp-content\/uploads\/2022\/02\/villa-8-phong-nam-ho-11-2.jpg\" alt=\"villa 8 phong nam ho\" width=\"1217\" height=\"756\" \/><\/p>\n<h2 id=\"2-decor\"><span style=\"color: #008000;\"><strong><span style=\"font-size: 24px;\"><span class=\"_4yxo _4yxp\">2. Decor<\/span><\/span><\/strong><\/span><\/h2>\n<p>Villa r\u1ed9ng r\u00e3i tho\u1ea3i m\u1edbi v\u1edbi thi\u1ebft k\u1ebf theo kh\u00f4ng gian m\u1edf, nhi\u1ec1u ph\u00f2ng \u0111\u1ea7y \u0111\u1ee7 ti\u1ec7n \u00edch \u0111\u00e1p \u1ee9ng \u0111\u01b0\u1ee3c m\u1ecdi nhu c\u1ea7u m\u00e0 b\u1ea1n mong mu\u1ed1n.<\/p>\n<p>T\u1eeb c\u0103n nh\u00e0 n\u00e0y b\u1ea1n c\u00f3 th\u1ec3 ng\u1eafm nh\u00ecn 2 view ch\u00ednh qua c\u00e1c khung c\u1eeda k\u00ednh l\u00e0 view \u0111\u1ed3i th\u00f4ng v\u00e0 view h\u1ed3 n\u01b0\u1edbc. Ban ng\u00e0y c\u00f3 th\u1ec3 \u0111\u00f3n ch\u1edd \u0111\u1ec3 ng\u1eafm b\u00ecnh minh c\u0169ng nh\u01b0 ho\u00e0ng h\u00f4n h\u00f2a quy\u1ec7n v\u1edbi b\u1ea7u kh\u00f4ng kh\u00ed trong l\u00e0nh c\u1ee7a thi\u00ean nhi\u00ean \u0111em l\u1ea1i c\u1ea3m gi\u00e1c r\u1ea5t tho\u1ea3i mai v\u00e0 th\u01b0 gi\u00e3n. Ban \u0111\u00eam b\u1ea1n c\u00f3 th\u1ec3 ng\u1eafm nh\u00ecn s\u1ef1 lung linh l\u1ea5p l\u00e1nh c\u00f3 ch\u00fat huy\u1ec1n \u1ea3o c\u1ee7a \u00e1nh \u0111\u00e8n th\u00e0nh ph\u1ed1 r\u1ea5t l\u00e3ng m\u1ea1n n\u1eefa \u0111\u1ea5y !<\/p>\n<p>Villa \u0111\u01b0\u1ee3c trang b\u1ecb n\u1ed9i th\u1ea5t cao c\u1ea5p sang tr\u1ecdng h\u1ee9a h\u1eb9n mang \u0111\u1ebfn cho b\u1ea1n m\u1ed9t k\u1ef3 nguir tuy\u1ec7t v\u1eddi.<\/p>\n<p><img decoding=\"async\" class=\"aligncenter wp-image-16380 size-full\" src=\"https:\/\/dalatreview.vn\/wp-content\/uploads\/2022\/02\/villa-8-phong-nam-ho-21.jpg\" alt=\"villa 8 phong nam ho\" width=\"1200\" height=\"900\" \/><\/p>\n<h2 id=\"3-dich-vu-tien-nghi\"><span style=\"color: #008000;\"><strong><span style=\"font-size: 24px;\">3. D\u1ecbch v\u1ee5 &amp; Ti\u1ec7n nghi<\/span><\/strong><\/span><\/h2>\n<div class=\"pt-2\">\n<p>G\u1ed3m 8 ph\u00f2ng ng\u1ee7 sang tr\u1ecdng kh\u00e9p k\u00edn, c\u00f3 tivi, m\u1ea1ng internet, n\u00f3ng l\u1ea1nh, wc v\u00e0 \u0111\u1ea7y \u0111\u1ee7 \u0111\u1ed3 d\u00f9ng c\u00e1 nh\u00e2n.<br \/>\n8 ph\u00f2ng 1\u00a0gi\u01b0\u1eddng 2\u00a0ng\u01b0\u1eddi<\/p>\n<p>S\u1ee9c ch\u1ee9a 16-18 kh\u00e1ch. \u1ede \u0111\u00e2y v\u1ec1 \u0111\u00eam \u0111\u1eb7c bi\u1ec7t r\u1ef1c r\u1ee1, c\u1ea3 villa ng\u1eadp tr\u00e0n \u00e1nh \u0111\u00e8n , 1 khung c\u1ea3nh th\u01a1 m\u1ed9ng hi\u1ec7n l\u00ean \u0111\u1ebfn nao l\u00f2ng.<\/p>\n<p>&#8212;&#8212;&#8212;&#8212;&#8212;&#8212;&#8212;&#8212;&#8212;&#8212;&#8212;&#8212;&#8212;&#8212;&#8212;&#8212;&#8212;&#8212;&#8211;<\/p>\n<p>&#8211; \u0110\u1ea7y \u0111\u1ee7 ti\u1ec7n nghi nh\u01b0 \u1edf nh\u00e0. Ph\u00f2ng kh\u00e1ch v\u00e0 s\u00e2n v\u01b0\u1eddn c\u1ef1c r\u1ed9ng, nhi\u1ec1u g\u00f3c chill tha h\u1ed3 sinh ho\u1ea1t chung.<\/p>\n<p>&#8211; C\u00f3 di\u1ec7n t\u00edch \u0111\u1ec3 n\u01b0\u1edbng BBQ ngo\u00e0i tr\u1eddi th\u00edch h\u1ee3p cho gia \u0111\u00ecnh, \u0111o\u00e0n th\u1ec3, h\u1ed9i b\u1ea1n th\u00e2n.<\/p>\n<p>&#8211; C\u00f3 ch\u1ed7 \u0111\u1eadu xe m\u00e1y, xe h\u01a1i an to\u00e0n mi\u1ec5n ph\u00ed. C\u00f3 d\u1ecbch v\u1ee5 thu\u00ea xe m\u00e1y, \u00f4 t\u00f4 n\u1ebfu b\u1ea1n c\u1ea7n.<\/p>\n<p>&#8211; Y\u00ean t\u0129nh, an ninh 24\/24, s\u1ea1ch s\u1ebd, tho\u00e1ng m\u00e1t, view thi\u00ean nhi\u00ean si\u00eau \u0111\u1eb9p.<\/p>\n<p>&#8211; B\u1ebfp t\u1ef1 do n\u1ea5u n\u01b0\u1edbng \u0111\u1ea7y \u0111\u1ee7 d\u1ee5ng c\u1ee5 v\u00e0 gia v\u1ecb.<\/p>\n<p>&#8211; Ch\u00eca kho\u00e1 trao tay tha h\u1ed3 ri\u00eang t\u01b0.<\/p>\n<p><img decoding=\"async\" class=\"aligncenter wp-image-16381 size-full\" src=\"https:\/\/dalatreview.vn\/wp-content\/uploads\/2022\/02\/villa-8-phong-nam-ho-21-1.jpg\" alt=\"villa 8 phong nam ho\" width=\"1200\" height=\"900\" \/><\/p>\n<\/div>\n<article class=\"post-content\">\n<div class=\"anh_wtm_m\">\n<div class=\"mws_content\">\n<article class=\"post-content\">\n<h2 id=\"4-gia-phong\"><span style=\"color: #008000;\"><strong><span style=\"font-size: 24px;\"><span class=\"_4yxo\">4.<\/span>\u00a0Gi\u00e1 ph\u00f2ng<\/span><\/strong><\/span><\/h2>\n<p>Li\u00ean h\u1ec7 \u0111\u1ec3 \u0111\u01b0\u1ee3c \u0110\u00e0 L\u1ea1t Review t\u01b0 v\u1ea5n.<\/p>\n<h2 id=\"5-lien-he\"><span style=\"color: #008000;\">5. Li\u00ean h\u1ec7<\/span><\/h2>\n<p>Fanpage:\u00a0<a href=\"https:\/\/www.facebook.com\/booking.dalatreview.vn\/\">Booking \u0110\u00e0 L\u1ea1t \u2013 www.dalatreview.vn<\/a><\/p>\n<p>S\u0110T\/Zalo: 0988 249 297<\/p>\n<\/article>\n<\/div>\n<\/div>\n<\/article>\n<article class=\"post-content xemthem\"><\/article>\n<div id=\"comments\" class=\"comments-area\"><\/div>","protected":false},"excerpt":{"rendered":"<p>Villa \u0110\u00e0 L\u1ea1t Nam H\u1ed3 8 Ph\u00f2ng Danh m\u1ee5c ch\u00ednh 1. V\u1ecb tr\u00ed 2. Decor 3. D\u1ecbch v\u1ee5 &amp; Ti\u1ec7n nghi 4.\u00a0Gi\u00e1 ph\u00f2ng 5. Li\u00ean h\u1ec7 1. V\u1ecb tr\u00ed Villa Nam H\u1ed3 thu\u1ed9c ph\u01b0\u1eddng 11, n\u1eb1m ngay g\u1ea7n trung t\u00e2m th\u00e0nh ph\u1ed1 \u0110\u00e0 L\u1ea1t. Ch\u1ec9 c\u00e1ch ch\u1ee3 6 ph\u00fat ch\u1ea1y xe, giao th\u00f4ng thu\u1eadn ti\u1ec7n [&hellip;]<\/p>","protected":false},"featured_media":16365,"comment_status":"open","ping_status":"closed","template":"","meta":{"_acf_changed":false,"rank_math_lock_modified_date":false},"product_cat":[2265,29,45],"product_tag":[],"acf":[],"_links":{"self":[{"href":"https:\/\/dalatreview.vn\/en\/wp-json\/wp\/v2\/product\/16362"}],"collection":[{"href":"https:\/\/dalatreview.vn\/en\/wp-json\/wp\/v2\/product"}],"about":[{"href":"https:\/\/dalatreview.vn\/en\/wp-json\/wp\/v2\/types\/product"}],"replies":[{"embeddable":true,"href":"https:\/\/dalatreview.vn\/en\/wp-json\/wp\/v2\/comments?post=16362"}],"wp:featuredmedia":[{"embeddable":true,"href":"https:\/\/dalatreview.vn\/en\/wp-json\/wp\/v2\/media\/16365"}],"wp:attachment":[{"href":"https:\/\/dalatreview.vn\/en\/wp-json\/wp\/v2\/media?parent=16362"}],"wp:term":[{"taxonomy":"product_cat","embeddable":true,"href":"https:\/\/dalatreview.vn\/en\/wp-json\/wp\/v2\/product_cat?post=16362"},{"taxonomy":"product_tag","embeddable":true,"href":"https:\/\/dalatreview.vn\/en\/wp-json\/wp\/v2\/product_tag?post=16362"}],"curies":[{"name":"wp","href":"https:\/\/api.w.org\/{rel}","templated":true}]}}