
{"id":16280,"date":"2022-02-28T08:37:22","date_gmt":"2022-02-28T01:37:22","guid":{"rendered":"https:\/\/dalatreview.vn\/?p=16280"},"modified":"2024-07-11T10:49:48","modified_gmt":"2024-07-11T03:49:48","slug":"villa-da-lat-vip-dong-tinh-8-phong","status":"publish","type":"product","link":"https:\/\/dalatreview.vn\/en\/villa-da-lat-vip-dong-tinh-8-phong.html","title":{"rendered":"Villa \u0110\u00e0 L\u1ea1t Vip \u0110\u00f4ng T\u0129nh 8 Ph\u00f2ng"},"content":{"rendered":"<p style=\"text-align: center;\"><span style=\"color: #008000;\"><strong><span style=\"font-size: 24px;\">Villa \u0110\u00e0 L\u1ea1t Vip \u0110\u00f4ng T\u0129nh 8 Ph\u00f2ng <\/span><\/strong><\/span><\/p>\n<nav class=\"vietrick-auto-toc\">\n<div class=\"box-title\">\n<h3 class=\"toc-title\" id=\"select-menu\">Danh m\u1ee5c ch\u00ednh<\/h3>\n<div><ion-icon name=\"chevron-up-outline\"><\/ion-icon><\/div>\n<\/div>\n<ul class=\"toc-list\">\n<li><a href='https:\/\/dalatreview.vn\/en#1-vi-tri' class='heading-h2 toc-link smooth-scroll'>1. V\u1ecb tr\u00ed<\/a>\n<li><a href='https:\/\/dalatreview.vn\/en#2-decor' class='heading-h2 toc-link smooth-scroll'>2. Decor<\/a>\n<li><a href='https:\/\/dalatreview.vn\/en#3-dich-vu-tien-nghi' class='heading-h2 toc-link smooth-scroll'>3. D\u1ecbch v\u1ee5 &amp; Ti\u1ec7n nghi<\/a>\n<li><a href='https:\/\/dalatreview.vn\/en#4-gia-phong' class='heading-h2 toc-link smooth-scroll'>4.\u00a0Gi\u00e1 ph\u00f2ng<\/a>\n<li><a href='https:\/\/dalatreview.vn\/en#5-lien-he' class='heading-h2 toc-link smooth-scroll'>5. Li\u00ean h\u1ec7<\/a><\/ul>\n<\/ul>\n<\/li>\n<\/ul>\n<\/nav>\n<h2 id=\"1-vi-tri\"><span style=\"color: #008000;\"><strong><span style=\"font-size: 24px;\">1. V\u1ecb tr\u00ed<\/span><\/strong><\/span><\/h2>\n<p>C\u0103n nh\u00e0 t\u1ecda l\u1ea1c g\u1ea7n v\u1ecb tr\u00ed trung t\u00e2m ( ng\u00e3 5 \u0111\u1ea1i h\u1ecdc \u0110\u00e0 L\u1ea1t ), n\u1eb1m \u1edf \u0111\u01b0\u1eddng \u0110\u00f4ng T\u0129nh, Ph\u01b0\u1eddng 8, TP \u0110\u00e0 L\u1ea1t 9. Ch\u1ec9 c\u00e1ch ch\u1ee3 6 ph\u00fat ch\u1ea1y xe, giao th\u1ed9ng thu\u1eadn ti\u1ec7n, c\u1ea3nh quan thi\u00ean nhi\u00ean th\u00ec y\u00ean b\u00ecnh tr\u00e0n \u0111\u1ea7y s\u1ee9c s\u1ed1ng. Con ng\u01b0\u1eddi l\u1ea1i v\u00f4 c\u00f9ng th\u00e2n thi\u1ec7n, d\u1ec5 g\u1ea7n, d\u1ec5 m\u1ebfn.<\/p>\n<p>H\u01a1n n\u1eefa \u0111\u00e2y c\u0169ng l\u00e0 khu v\u1ef1c h\u1ed9i t\u1ee5 r\u1ea5t nhi\u1ec1u \u0111i\u1ec3m \u0103n u\u1ed1ng, mua s\u1eafm v\u00e0 vui ch\u01a1i c\u1ee7a x\u1ee9 s\u1edf s\u01b0\u01a1ng m\u00f9 v\u00ec v\u1eady \u0111\u00e2y s\u1ebd l\u00e0 1 l\u1ef1a ch\u1ecdn tuy\u1ec7t v\u1eddi \u0111\u1ec3 l\u01b0u tr\u00fa khi \u0111i du l\u1ecbch \u1edf \u0110\u00e0 L\u1ea1t \u0111\u00e1y nh\u00e9 !<\/p>\n<p><img decoding=\"async\" class=\"aligncenter wp-image-16295 size-full\" src=\"https:\/\/dalatreview.vn\/wp-content\/uploads\/2022\/02\/villa-8-phong-dong-tinh-7-e1646012054768.jpg\" alt=\"villa 8 phong dong tinh \" width=\"1116\" height=\"872\" \/><\/p>\n<h2 id=\"2-decor\"><span style=\"color: #008000;\"><strong><span style=\"font-size: 24px;\"><span class=\"_4yxo _4yxp\">2. Decor<\/span><\/span><\/strong><\/span><\/h2>\n<p>Villa 3 t\u1ea7ng thi\u1ebft k\u1ebf theo kh\u00f4ng gian m\u1edf r\u1ed9ng r\u00e3i, tho\u00e1ng m\u00e1t, \u0111\u00f3n \u00e1nh s\u00e1ng t\u1ef1 nhi\u00ean mang l\u1ea1i c\u1ea3m gi\u00e1c \u1ea5m \u00e1p v\u00e0 trong l\u00e0nh cho ng\u00f4i nh\u00e0. V\u00ec l\u00e0 thi\u1ebft k\u1ebf m\u1edf n\u00ean nh\u00e0 s\u1ebd c\u00f3 r\u1ea5t nhi\u1ec1u \u00f4 c\u1eeda k\u00ednh, t\u1eeb \u0111\u00e2y b\u1ea1n c\u00f3 th\u1ec3 ng\u1eafm nh\u00ecn c\u1ea3nh quan thi\u00ean nhi\u00ean xung quanh nh\u1edd view cao r\u1ea5t \u0111\u1eb9p.<\/p>\n<p>Nh\u00e0 decor \u0111\u01a1n gi\u1ea3n, nh\u00e3 nh\u1eb7n. \u0110\u01b0\u1ee3c trang b\u1ecb n\u1ed9i th\u1ea5t \u0111\u1ea7y \u0111\u1ee7 ti\u1ec7n nghi t\u1eeb ph\u00f2ng kh\u00e1ch \u0111\u1ebfn ph\u00f2ng ng\u1ee7. \u0110\u1ea3m b\u1ea3o \u0111\u00e1p \u1ee9ng \u0111\u01b0\u1ee3c m\u1ecdi nhu c\u1ea7u m\u00e0 b\u1ea1n mong mu\u1ed1n. C\u00f3 khu v\u1ef1c sinh ho\u1ea1t, \u0103n u\u1ed1ng vui ch\u01a1i chung v\u00e0 c\u00f3 c\u1ea3 khu v\u1ef1c sinh ho\u1ea1t ri\u00eang t\u01b0 d\u00e0nh cho m\u1ed7i th\u00e0nh vi\u00ean n\u1eefa \u0111\u1ea5y nh\u00e9 ! S\u00e2n v\u01b0\u1eddn r\u1ed9ng r\u00e3i, t\u01b0\u01a1i xanh c\u1ecf c\u00e2y v\u00e0 r\u1ea5t nhi\u1ec1u g\u00f3c chill cho b\u1ea1n s\u1ed1ng \u1ea3o.<\/p>\n<p><img decoding=\"async\" class=\"aligncenter wp-image-16296 size-full\" src=\"https:\/\/dalatreview.vn\/wp-content\/uploads\/2022\/02\/villa-8-phong-dong-tinh-.jpg\" alt=\"villa 8 phong dong tinh \" width=\"1200\" height=\"900\" \/><\/p>\n<h2 id=\"3-dich-vu-tien-nghi\"><span style=\"color: #008000;\"><strong><span style=\"font-size: 24px;\">3. D\u1ecbch v\u1ee5 &amp; Ti\u1ec7n nghi<\/span><\/strong><\/span><\/h2>\n<div class=\"pt-2\">\n<p>G\u1ed3m 8 ph\u00f2ng ng\u1ee7 sang tr\u1ecdng kh\u00e9p k\u00edn. C\u00f3 b\u1ed3n t\u1eafm n\u00f3ng l\u1ea1nh b\u1eb1ng g\u1ed7 r\u1ea5t th\u01b0 gi\u00e3n, c\u00f3 wc, tivi ngay trong ph\u00f2ng. Ban c\u00f4ng view cao. N\u1ed9i th\u1ea5t \u0111\u1ea7y \u0111\u1ee7 t\u1eeb gi\u01b0\u1eddng n\u1ec7m, t\u1ee7 qu\u1ea7n \u00e1o, b\u00e0n trang \u0111i\u1ec3m, g\u01b0\u01a1ng,&#8230; mang l\u1ea1i s\u1ef1 tho\u1ea3i m\u00e1i nh\u1ea5t cho b\u1ea1n khi \u0111\u1ebfn \u0111\u00e2y:<br \/>\n4 ph\u00f2ng 1\u00a0gi\u01b0\u1eddng 2 ng\u01b0\u1eddi<br \/>\n3 ph\u00f2ng 2\u00a0gi\u01b0\u1eddng 4\u00a0ng\u01b0\u1eddi<br \/>\n1 ph\u00f2ng 3 ng\u01b0\u1eddi<\/p>\n<p>S\u1ee9c ch\u1ee9a 20-22 kh\u00e1ch<\/p>\n<p>&#8212;&#8212;&#8212;&#8212;&#8212;&#8212;&#8212;&#8212;&#8212;&#8212;&#8212;&#8212;&#8212;&#8212;&#8212;&#8212;&#8212;&#8212;&#8211;<\/p>\n<p>&#8211; \u0110\u1ea7y \u0111\u1ee7 ti\u1ec7n nghi nh\u01b0 \u1edf nh\u00e0. Ph\u00f2ng kh\u00e1ch r\u1ed9ng, wifi internet mi\u1ec5n ph\u00ed, b\u00e0n gh\u1ebf sofa cao c\u1ea5p.<\/p>\n<p>&#8211; C\u00f3 di\u1ec7n t\u00edch \u0111\u1ec3 n\u01b0\u1edbng BBQ ngo\u00e0i tr\u1eddi tho\u00e1ng m\u00e1t.<\/p>\n<p>&#8211; C\u00f3 ch\u1ed7 \u0111\u1eadu xe m\u00e1y, xe h\u01a1i an to\u00e0n mi\u1ec5n ph\u00ed.<\/p>\n<p>&#8211; Y\u00ean t\u0129nh, an ninh 24\/24, s\u1ea1ch s\u1ebd, tho\u00e1ng m\u00e1t, view thi\u00ean nhi\u00ean si\u00eau \u0111\u1eb9p.<\/p>\n<p>&#8211; B\u1ebfp t\u1ef1 do n\u1ea5u n\u01b0\u1edbng \u0111\u00e0y \u0111\u1ee7 d\u1ee5ng c\u1ee5 v\u00e0 gia v\u1ecb.<\/p>\n<p>&#8211; Ch\u00eca kho\u00e1 trao tay tha h\u1ed3 ri\u00eang t\u01b0.<\/p>\n<p><img decoding=\"async\" class=\"aligncenter wp-image-16297 size-full\" src=\"https:\/\/dalatreview.vn\/wp-content\/uploads\/2022\/02\/villa-8-phong-dong-tinh-1-1.jpg\" alt=\"villa 8 phong dong tinh \" width=\"1200\" height=\"900\" \/><\/p>\n<\/div>\n<article class=\"post-content\">\n<div class=\"anh_wtm_m\">\n<div class=\"mws_content\">\n<article class=\"post-content\">\n<div class=\"anh_wtm_m\">\n<div class=\"mws_content\">\n<article class=\"post-content\">\n<div class=\"anh_wtm_m\">\n<div class=\"mws_content\">\n<h2 id=\"4-gia-phong\"><span style=\"color: #008000;\"><strong><span style=\"font-size: 24px;\"><span class=\"_4yxo\">4.<\/span>\u00a0Gi\u00e1 ph\u00f2ng<\/span><\/strong><\/span><\/h2>\n<p>Li\u00ean h\u1ec7 \u0111\u1ec3 \u0111\u01b0\u1ee3c \u0110\u00e0 L\u1ea1t Review t\u01b0 v\u1ea5n.<\/p>\n<h2 id=\"5-lien-he\"><span style=\"color: #008000;\">5. Li\u00ean h\u1ec7<\/span><\/h2>\n<p>Fanpage:\u00a0<a href=\"https:\/\/www.facebook.com\/booking.dalatreview.vn\/\">Booking \u0110\u00e0 L\u1ea1t \u2013 www.dalatreview.vn<\/a><\/p>\n<p>S\u0110T\/Zalo: 0988 249 297<\/p>\n<\/div>\n<\/div>\n<\/article>\n<article class=\"post-content xemthem\"><\/article>\n<div id=\"comments\" class=\"comments-area\"><\/div>\n<\/div>\n<\/div>\n<\/article>\n<article class=\"post-content xemthem\"><\/article>\n<div id=\"comments\" class=\"comments-area\"><\/div>\n<\/div>\n<\/div>\n<\/article>\n<article class=\"post-content xemthem\"><\/article>\n<div id=\"comments\" class=\"comments-area\"><\/div>","protected":false},"excerpt":{"rendered":"<p>Villa \u0110\u00e0 L\u1ea1t Vip \u0110\u00f4ng T\u0129nh 8 Ph\u00f2ng Danh m\u1ee5c ch\u00ednh 1. V\u1ecb tr\u00ed 2. Decor 3. D\u1ecbch v\u1ee5 &amp; Ti\u1ec7n nghi 4.\u00a0Gi\u00e1 ph\u00f2ng 5. Li\u00ean h\u1ec7 1. V\u1ecb tr\u00ed C\u0103n nh\u00e0 t\u1ecda l\u1ea1c g\u1ea7n v\u1ecb tr\u00ed trung t\u00e2m ( ng\u00e3 5 \u0111\u1ea1i h\u1ecdc \u0110\u00e0 L\u1ea1t ), n\u1eb1m \u1edf \u0111\u01b0\u1eddng \u0110\u00f4ng T\u0129nh, Ph\u01b0\u1eddng 8, TP [&hellip;]<\/p>","protected":false},"featured_media":16301,"comment_status":"open","ping_status":"closed","template":"","meta":{"_acf_changed":false,"rank_math_lock_modified_date":false},"product_cat":[29,2265,45],"product_tag":[],"acf":[],"_links":{"self":[{"href":"https:\/\/dalatreview.vn\/en\/wp-json\/wp\/v2\/product\/16280"}],"collection":[{"href":"https:\/\/dalatreview.vn\/en\/wp-json\/wp\/v2\/product"}],"about":[{"href":"https:\/\/dalatreview.vn\/en\/wp-json\/wp\/v2\/types\/product"}],"replies":[{"embeddable":true,"href":"https:\/\/dalatreview.vn\/en\/wp-json\/wp\/v2\/comments?post=16280"}],"wp:featuredmedia":[{"embeddable":true,"href":"https:\/\/dalatreview.vn\/en\/wp-json\/wp\/v2\/media\/16301"}],"wp:attachment":[{"href":"https:\/\/dalatreview.vn\/en\/wp-json\/wp\/v2\/media?parent=16280"}],"wp:term":[{"taxonomy":"product_cat","embeddable":true,"href":"https:\/\/dalatreview.vn\/en\/wp-json\/wp\/v2\/product_cat?post=16280"},{"taxonomy":"product_tag","embeddable":true,"href":"https:\/\/dalatreview.vn\/en\/wp-json\/wp\/v2\/product_tag?post=16280"}],"curies":[{"name":"wp","href":"https:\/\/api.w.org\/{rel}","templated":true}]}}