
{"id":16215,"date":"2022-02-26T17:10:26","date_gmt":"2022-02-26T10:10:26","guid":{"rendered":"https:\/\/dalatreview.vn\/?p=16215"},"modified":"2024-07-11T10:50:04","modified_gmt":"2024-07-11T03:50:04","slug":"villa-da-lat-hem-khe-sanh-8-phong","status":"publish","type":"product","link":"https:\/\/dalatreview.vn\/en\/villa-da-lat-hem-khe-sanh-8-phong.html","title":{"rendered":"Villa \u0110\u00e0 L\u1ea1t H\u1ebbm Khe Sanh 8 Ph\u00f2ng"},"content":{"rendered":"<p style=\"text-align: center;\"><span style=\"color: #008000;\"><strong><span style=\"font-size: 24px;\">Villa \u0110\u00e0 L\u1ea1t H\u1ebbm Khe Sanh 8 Ph\u00f2ng <\/span><\/strong><\/span><\/p>\n<nav class=\"vietrick-auto-toc\">\n<div class=\"box-title\">\n<h3 class=\"toc-title\" id=\"select-menu\">Danh m\u1ee5c ch\u00ednh<\/h3>\n<div><ion-icon name=\"chevron-up-outline\"><\/ion-icon><\/div>\n<\/div>\n<ul class=\"toc-list\">\n<li><a href='https:\/\/dalatreview.vn\/en#1-vi-tri' class='heading-h2 toc-link smooth-scroll'>1. V\u1ecb tr\u00ed<\/a>\n<li><a href='https:\/\/dalatreview.vn\/en#3-dich-vu-tien-nghi' class='heading-h2 toc-link smooth-scroll'>3. D\u1ecbch v\u1ee5 &amp; Ti\u1ec7n nghi<\/a>\n<li><a href='https:\/\/dalatreview.vn\/en#4-gia-phong' class='heading-h2 toc-link smooth-scroll'>4.\u00a0Gi\u00e1 ph\u00f2ng<\/a>\n<li><a href='https:\/\/dalatreview.vn\/en#5-lien-he' class='heading-h2 toc-link smooth-scroll'>5. Li\u00ean h\u1ec7<\/a><\/ul>\n<\/ul>\n<\/li>\n<\/ul>\n<\/nav>\n<h2 id=\"1-vi-tri\"><span style=\"color: #008000;\"><strong><span style=\"font-size: 24px;\">1. V\u1ecb tr\u00ed<\/span><\/strong><\/span><\/h2>\n<p>N\u1eb1m c\u00e1ch trung t\u00e2m th\u00e0nh ph\u1ed1 2km, ch\u1ec9 m\u1ea5t t\u1ea5m 5p th\u00ec ra \u0111\u01b0\u1ee3c \u0111\u1ebfn H\u1ed3 Xu\u00e2n H\u01b0\u01a1ng ! \u1ede \u0111\u00e2y c\u00e1c b\u1ea1n kh\u00f4ng c\u1ea7n lo l\u1eafng v\u1ea5n \u0111\u1ec1 \u0111i l\u1ea1i \u0103n ch\u01a1i r\u1ed3i nh\u00e9 !\u00a0 H\u01a1n n\u1eefa n\u01a1i \u0111\u00e2y l\u1ea1i h\u1ed9i t\u1ee5 r\u1ea5t nhi\u1ec1u \u0111i\u1ec3m mua s\u1eafm v\u00e0 \u0103n u\u1ed1ng n\u00ean r\u1ea5t thu\u1eadn ti\u1ec7n cho vi\u1ec7c kh\u00e1m ph\u00e1 \u1ea9m th\u1ef1c, con ng\u01b0\u1eddi v\u00e0 v\u0103n h\u00f3a c\u1ee7a x\u1ee9 s\u1edf s\u01b0\u01a1ng m\u00f9.<\/p>\n<p>Ngo\u00e0i ra Villa c\u00f2n s\u1edf h\u1eefu m\u1ed9t kh\u00f4ng gian v\u00f4 c\u00f9ng tho\u00e1ng m\u00e1t v\u1edbi view cao, r\u1ed9ng,.. h\u1ee9a h\u1eb9n mang \u0111\u1ebfn cho gia \u0111\u00ecnh, b\u1ea1n b\u00e8 m\u1ed9t k\u1ef3 ngh\u1ec9 tuy\u1ec7t v\u1eddi v\u00e0 th\u01b0 gi\u00e3n.<\/p>\n<p><img decoding=\"async\" class=\"aligncenter wp-image-16232 size-full\" src=\"https:\/\/dalatreview.vn\/wp-content\/uploads\/2022\/02\/villa-8-phong-hem-khe-sanh-5-1.jpg\" alt=\"\" width=\"1600\" height=\"1102\"><\/p>\n<p><span style=\"color: #008000;\"><strong><span style=\"font-size: 24px;\">2.<span class=\"_4yxo _4yxp\">\u00a0Decor<\/span><\/span><\/strong><\/span><\/p>\n<p>V\u1edbi khu\u00f4n vi\u00ean nh\u00e0 m\u00e1t m\u1ebb, g\u1ea7n g\u0169i v\u1edbi thi\u00ean nhi\u00ean v\u00e0 nh\u1eefng h\u00e0ng x\u00f3m th\u00e2n thi\u1ec7t. Ba\u0323n se\u0303 \u0111\u01b0\u01a1\u0323c t\u00e2\u0323n h\u01b0\u01a1\u0309ng b\u00e2\u0300u kh\u00f4ng khi\u0301 v\u00f4 cu\u0300ng d\u00ea\u0303 chi\u0323u, trong l\u00e0nh, m\u00e1t m\u1ebb c\u00f9ng v\u1edbi s\u1ef1 y\u00ean t\u0129nh nh\u01b0 ch\u00ednh nh\u1eefng g\u00ec b\u1ea1n mong mu\u1ed1n khi \u0111\u1ebfn v\u1edbi \u0110\u00e0 L\u1ea1t v\u1eady.<\/p>\n<p>Villa \u0111\u01b0\u1ee3c thi\u1ebft k\u1ebf \u0111\u1ed9c \u0111\u00e1o v\u1edbi kh\u00f4ng gian m\u1edf \u0111\u00f3n \u00e1nh s\u00e1ng t\u1ef1 nhi\u00ean v\u00f4 c\u00f9ng \u1ea5m \u00e1p + n\u1ed9i th\u1ea5t sang tr\u1ecdng, m\u00e0u s\u1eafc nh\u00e3 nh\u1eb7n t\u1ea1o c\u1ea3m gi\u00e1c tho\u1ea3i m\u00e1i, d\u1ec5 ch\u1ecbu cho b\u1ea1n khi \u0111\u1ebfn \u0111\u00e2y. B\u00ean c\u1ea1nh \u0111\u00f3, c\u0103n nh\u00e0 c\u00f3 1 kho\u1ea3ng s\u00e2n v\u01b0\u1eddn v\u1edbi th\u1ea3m c\u00f3 xanh m\u01b0\u1edbt v\u00e0 d\u00e0n hoa r\u1ef1c r\u1ee1 r\u1ea5t chill v\u00e0 th\u01b0 gi\u00e3n. B\u1ea1n c\u00f3 th\u1ec3 t\u1eadn d\u1ee5ng ch\u1ed7 n\u00e0y \u0111\u1ec3 s\u1ed1ng \u1ea3o, l\u00e0m ti\u1ec7c BBQ\u00a0 n\u1eefa \u0111\u1ea5y nh\u00e9 !<\/p>\n<p><img decoding=\"async\" class=\"aligncenter wp-image-16254 size-full\" src=\"https:\/\/dalatreview.vn\/wp-content\/uploads\/2022\/02\/villa-8-phong-hem-khe-sanh.jpg\" alt=\"\" width=\"1200\" height=\"900\"><\/p>\n<h2 id=\"3-dich-vu-tien-nghi\"><span style=\"color: #008000;\"><strong><span style=\"font-size: 24px;\">3. D\u1ecbch v\u1ee5 &amp; Ti\u1ec7n nghi<\/span><\/strong><\/span><\/h2>\n<div class=\"pt-2\">\n<p>G\u1ed3m 8 ph\u00f2ng ng\u1ee7 sang tr\u1ecdng kh\u00e9p k\u00edn, \u0111\u1ea7y \u0111\u1ee7 \u0111\u1ed3 d\u00f9ng c\u00e1 nh\u00e2n, c\u00f3 n\u00f3ng l\u1ea1nh, wc trong ph\u00f2ng.<br \/>\n4 ph\u00f2ng 1 gi\u01b0\u1eddng 2\u00a0ng\u01b0\u1eddi<br \/>\n2 ph\u00f2ng 2 gi\u01b0\u1eddng 8\u00a0ng\u01b0\u1eddi<br \/>\n2 ph\u00f2ng 3\u00a0gi\u01b0\u1eddng n\u1ec7m 6\u00a0ng\u01b0\u1eddi<\/p>\n<p>S\u1ee9c ch\u1ee9a 28-30\u00a0kh\u00e1ch<\/p>\n<p>&#8212;&#8212;&#8212;&#8212;&#8212;&#8212;&#8212;&#8212;&#8212;&#8212;&#8212;&#8212;&#8212;&#8212;&#8212;&#8212;&#8212;&#8212;&#8211;<\/p>\n<p>&#8211; \u0110\u1ea7y \u0111\u1ee7 ti\u1ec7n nghi nh\u01b0 \u1edf nh\u00e0. C\u00f3 s\u00e2n v\u01b0\u1eddn, ph\u00f2ng kh\u00e1ch, tivi, ban c\u00f4ng view cao r\u1ea5t \u0111\u1eb9p.<\/p>\n<p>&#8211; C\u00f3 di\u1ec7n t\u00edch \u0111\u1ec3 n\u01b0\u1edbng BBQ ngo\u00e0i tr\u1eddi.<\/p>\n<p>&#8211; C\u00f3 ch\u1ed7 \u0111\u1eadu xe m\u00e1y, xe h\u01a1i an to\u00e0n.<\/p>\n<p>&#8211; Y\u00ean t\u0129nh, an ninh 24\/24, s\u1ea1ch s\u1ebd, tho\u00e1ng m\u00e1t, view thi\u00ean nhi\u00ean si\u00eau \u0111\u1eb9p.<\/p>\n<p>&#8211; B\u1ebfp t\u1ef1 do n\u1ea5u n\u01b0\u1edbng \u0111\u1ea7y \u0111\u1ee7 d\u1ee5ng c\u1ee5 v\u00e0 gia v\u1ecb.<\/p>\n<p>&#8211; Ch\u00eca kho\u00e1 trao tay tha h\u1ed3 ri\u00eang t\u01b0.<\/p>\n<p><img decoding=\"async\" class=\"aligncenter wp-image-16255 size-full\" src=\"https:\/\/dalatreview.vn\/wp-content\/uploads\/2022\/02\/villa-8-phong-hem-khe-sanh-26.jpg\" alt=\"villa 8 phong hem khe sanh\" width=\"1200\" height=\"900\" \/><\/p>\n<\/div>\n<div class=\"pt-2\">\n<article class=\"post-content\">\n<div class=\"anh_wtm_m\">\n<div class=\"mws_content\">\n<div class=\"pt-2\">\n<article class=\"post-content\">\n<div class=\"anh_wtm_m\">\n<div class=\"mws_content\">\n<div class=\"pt-2\">\n<article class=\"post-content\">\n<div class=\"anh_wtm_m\">\n<div class=\"mws_content\">\n<div class=\"pt-2\">\n<article class=\"post-content\">\n<div class=\"anh_wtm_m\">\n<div class=\"mws_content\">\n<div class=\"pt-2\">\n<article class=\"post-content\">\n<div class=\"anh_wtm_m\">\n<div class=\"mws_content\">\n<h2 id=\"4-gia-phong\"><span style=\"color: #008000;\"><strong><span style=\"font-size: 24px;\"><span class=\"_4yxo\">4.<\/span>\u00a0Gi\u00e1 ph\u00f2ng<\/span><\/strong><\/span><\/h2>\n<article class=\"post-content\">\n<div class=\"anh_wtm_m\">\n<div class=\"mws_content\">\n<article class=\"post-content\">\n<div class=\"anh_wtm_m\">\n<div class=\"mws_content\">\n<article class=\"post-content\">\n<div class=\"anh_wtm_m\">\n<div class=\"mws_content\">\n<article class=\"post-content\">\n<div class=\"anh_wtm_m\">\n<div class=\"mws_content\">\n<article class=\"post-content\">Li\u00ean h\u1ec7 \u0111\u1ec3 \u0111\u01b0\u1ee3c \u0110\u00e0 L\u1ea1t Review t\u01b0 v\u1ea5n.<\/p>\n<h2 id=\"5-lien-he\"><span style=\"color: #008000;\">5. Li\u00ean h\u1ec7<\/span><\/h2>\n<p>Fanpage:\u00a0<a href=\"https:\/\/www.facebook.com\/booking.dalatreview.vn\/\">Booking \u0110\u00e0 L\u1ea1t \u2013 www.dalatreview.vn<\/a><\/p>\n<p>S\u0110T\/Zalo: 0988 249 297<\/p>\n<\/article>\n<\/div>\n<\/div>\n<\/article>\n<article class=\"post-content xemthem\"><\/article>\n<div id=\"comments\" class=\"comments-area\"><\/div>\n<\/div>\n<\/div>\n<\/article>\n<article class=\"post-content xemthem\"><\/article>\n<div id=\"comments\" class=\"comments-area\"><\/div>\n<\/div>\n<\/div>\n<\/article>\n<article class=\"post-content xemthem\"><\/article>\n<div id=\"comments\" class=\"comments-area\"><\/div>\n<\/div>\n<\/div>\n<\/article>\n<article class=\"post-content xemthem\"><\/article>\n<div id=\"comments\" class=\"comments-area\"><\/div>\n<\/div>\n<\/div>\n<\/article>\n<article class=\"post-content xemthem\"><\/article>\n<div id=\"comments\" class=\"comments-area\"><\/div>\n<\/div>\n<\/div>\n<\/div>\n<\/article>\n<article class=\"post-content xemthem\"><\/article>\n<div id=\"comments\" class=\"comments-area\"><\/div>\n<\/div>\n<\/div>\n<\/div>\n<\/article>\n<article class=\"post-content xemthem\"><\/article>\n<div id=\"comments\" class=\"comments-area\"><\/div>\n<\/div>\n<\/div>\n<\/div>\n<\/article>\n<article class=\"post-content xemthem\"><\/article>\n<div id=\"comments\" class=\"comments-area\"><\/div>\n<\/div>\n<\/div>\n<\/div>\n<\/article>\n<article class=\"post-content xemthem\"><\/article>\n<div id=\"comments\" class=\"comments-area\"><\/div>\n<\/div>","protected":false},"excerpt":{"rendered":"<p>Villa \u0110\u00e0 L\u1ea1t H\u1ebbm Khe Sanh 8 Ph\u00f2ng Danh m\u1ee5c ch\u00ednh 1. V\u1ecb tr\u00ed 3. D\u1ecbch v\u1ee5 &amp; Ti\u1ec7n nghi 4.\u00a0Gi\u00e1 ph\u00f2ng 5. Li\u00ean h\u1ec7 1. V\u1ecb tr\u00ed N\u1eb1m c\u00e1ch trung t\u00e2m th\u00e0nh ph\u1ed1 2km, ch\u1ec9 m\u1ea5t t\u1ea5m 5p th\u00ec ra \u0111\u01b0\u1ee3c \u0111\u1ebfn H\u1ed3 Xu\u00e2n H\u01b0\u01a1ng ! \u1ede \u0111\u00e2y c\u00e1c b\u1ea1n kh\u00f4ng c\u1ea7n lo l\u1eafng [&hellip;]<\/p>","protected":false},"featured_media":16216,"comment_status":"open","ping_status":"closed","template":"","meta":{"_acf_changed":false,"rank_math_lock_modified_date":false},"product_cat":[29,2265,45],"product_tag":[],"acf":[],"_links":{"self":[{"href":"https:\/\/dalatreview.vn\/en\/wp-json\/wp\/v2\/product\/16215"}],"collection":[{"href":"https:\/\/dalatreview.vn\/en\/wp-json\/wp\/v2\/product"}],"about":[{"href":"https:\/\/dalatreview.vn\/en\/wp-json\/wp\/v2\/types\/product"}],"replies":[{"embeddable":true,"href":"https:\/\/dalatreview.vn\/en\/wp-json\/wp\/v2\/comments?post=16215"}],"wp:featuredmedia":[{"embeddable":true,"href":"https:\/\/dalatreview.vn\/en\/wp-json\/wp\/v2\/media\/16216"}],"wp:attachment":[{"href":"https:\/\/dalatreview.vn\/en\/wp-json\/wp\/v2\/media?parent=16215"}],"wp:term":[{"taxonomy":"product_cat","embeddable":true,"href":"https:\/\/dalatreview.vn\/en\/wp-json\/wp\/v2\/product_cat?post=16215"},{"taxonomy":"product_tag","embeddable":true,"href":"https:\/\/dalatreview.vn\/en\/wp-json\/wp\/v2\/product_tag?post=16215"}],"curies":[{"name":"wp","href":"https:\/\/api.w.org\/{rel}","templated":true}]}}