
{"id":16166,"date":"2022-02-26T15:35:08","date_gmt":"2022-02-26T08:35:08","guid":{"rendered":"https:\/\/dalatreview.vn\/?p=16166"},"modified":"2024-07-11T10:50:21","modified_gmt":"2024-07-11T03:50:21","slug":"villa-da-lat-tran-dai-nghia-8-phong-2","status":"publish","type":"product","link":"https:\/\/dalatreview.vn\/en\/villa-da-lat-tran-dai-nghia-8-phong-2.html","title":{"rendered":"Villa \u0110\u00e0 L\u1ea1t Tr\u1ea7n \u0110\u1ea1i Ngh\u0129a 8 Ph\u00f2ng"},"content":{"rendered":"<p style=\"text-align: center;\"><span style=\"color: #008000;\"><strong><span style=\"font-size: 24px;\">Villa \u0110\u00e0 L\u1ea1t Tr\u1ea7n \u0110\u1ea1i Ngh\u0129a 8 Ph\u00f2ng <\/span><\/strong><\/span><\/p>\n<nav class=\"vietrick-auto-toc\">\n<div class=\"box-title\">\n<h3 class=\"toc-title\" id=\"select-menu\">Danh m\u1ee5c ch\u00ednh<\/h3>\n<div><ion-icon name=\"chevron-up-outline\"><\/ion-icon><\/div>\n<\/div>\n<ul class=\"toc-list\">\n<li><a href='https:\/\/dalatreview.vn\/en#1-vi-tri' class='heading-h2 toc-link smooth-scroll'>1. V\u1ecb tr\u00ed<\/a>\n<li><a href='https:\/\/dalatreview.vn\/en#3-dich-vu-tien-nghi' class='heading-h2 toc-link smooth-scroll'>3. D\u1ecbch v\u1ee5 &amp; Ti\u1ec7n nghi<\/a>\n<li><a href='https:\/\/dalatreview.vn\/en#4-gia-phong' class='heading-h2 toc-link smooth-scroll'>4.\u00a0Gi\u00e1 ph\u00f2ng<\/a>\n<li><a href='https:\/\/dalatreview.vn\/en#5-lien-he' class='heading-h2 toc-link smooth-scroll'>5. Li\u00ean h\u1ec7<\/a><\/ul>\n<\/ul>\n<\/li>\n<\/ul>\n<\/nav>\n<h2 id=\"1-vi-tri\"><span style=\"color: #008000;\"><strong><span style=\"font-size: 24px;\">1. V\u1ecb tr\u00ed<\/span><\/strong><\/span><\/h2>\n<p>Villa Tr\u1ea7n \u0110\u1ea1i Ngh\u0129a n\u1eb1m \u1edf khu v\u1ef1c trung t\u00e2m, t\u1ecda l\u1ea1c t\u1ea1i ph\u01b0\u1eddng 8, TP \u0110\u00e0 L\u1ea1t. Giao th\u00f4ng thu\u1eadn ti\u1ec7n, ch\u1ec9 c\u00e1ch ch\u1ee3 5 ph\u00fat ch\u1ea1y xe, c\u00e1ch v\u01b0\u1eddn hoa th\u00e0nh ph\u1ed1 1,5km v\u00e0 g\u1ea7n v\u1edbi qu\u1ea3ng tr\u01b0\u1eddng. N\u01a1i \u0111\u00e2y t\u1eadp h\u1ee3p nhi\u1ec1u \u0111i\u1ec3m \u0103n u\u1ed1ng ngon, mua s\u1eafm r\u1ebb \u0111\u1eb9p v\u00e0 c\u00e1c \u0111i\u1ec3m tham quan g\u00fat ch\u00f3p\u2026 lu\u00f4n \u0111\u1ea5y nh\u00e9 !<\/p>\n<p><img decoding=\"async\" class=\"aligncenter wp-image-16178 size-full\" src=\"https:\/\/dalatreview.vn\/wp-content\/uploads\/2022\/02\/villa-8-phong-tran-dai-nghia-10-1.jpg\" alt=\"villa 8 phong tran dai nghia\" width=\"1600\" height=\"1200\" \/><\/p>\n<p><span style=\"color: #008000;\"><strong><span style=\"font-size: 24px;\">2.<span class=\"_4yxo _4yxp\">\u00a0Decor<\/span><\/span><\/strong><\/span><\/p>\n<p>Villa v\u1eeba m\u1edbi ho\u00e0n th\u00e0nh v\u00e0o th\u00e1ng 07\/2020. R\u1ed9ng r\u00e3i, s\u1ea1ch s\u1ebd v\u00e0 an ninh t\u1ed1t. Thi\u1ebft k\u1ebf theo kh\u00f4ng gian m\u1edf, \u0111\u00f3n \u00e1nh s\u00e1ng t\u1ef1 nhi\u00ean trong l\u00e0nh \u1ea5m \u00e1p.<\/p>\n<p>N\u1ed9i th\u1ea5t cao c\u1ea5p, \u0111\u1ea7y \u0111\u1ee7 ti\u1ec7n nghi \u0111\u00e1p \u1ee9ng \u0111\u1ee7 m\u1ecdi nhu c\u1ea7u c\u1ee7a b\u1ea1n v\u00e0 c\u00e1c th\u00e0nh vi\u00ean kh\u00e1c. C\u00f3 kh\u00f4ng gian sinh ho\u1eb7t chung v\u00e0 ri\u00eang t\u01b0, ban c\u00f4ng view cao c\u00f3 th\u1ec3 ng\u1eafm nh\u00ecn c\u1ea3nh quan xung quanh r\u1ea5t \u0111\u1eb9p v\u00e0 chill.<\/p>\n<p><img decoding=\"async\" class=\"aligncenter wp-image-16179 size-full\" src=\"https:\/\/dalatreview.vn\/wp-content\/uploads\/2022\/02\/villa-8-phong-tran-dai-nghia-23.jpg\" alt=\"villa 8 phong tran dai nghia\" width=\"1200\" height=\"900\" \/><\/p>\n<h2 id=\"3-dich-vu-tien-nghi\"><span style=\"color: #008000;\"><strong><span style=\"font-size: 24px;\">3. D\u1ecbch v\u1ee5 &amp; Ti\u1ec7n nghi<\/span><\/strong><\/span><\/h2>\n<div class=\"pt-2\">\n<p>G\u1ed3m 8 ph\u00f2ng ng\u1ee7 sang tr\u1ecdng kh\u00e9p k\u00edn, c\u00f3 n\u00f3ng l\u1ea1nh, d\u00e9p, kh\u1eafn t\u1eafm, b\u00e0n ch\u1ea3i,&#8230;<br \/>\n3 ph\u00f2ng 1 gi\u01b0\u1eddng 2\u00a0ng\u01b0\u1eddi<br \/>\n4 ph\u00f2ng 2 gi\u01b0\u1eddng 4\u00a0ng\u01b0\u1eddi<br \/>\n1 ph\u00f2ng 4\u00a0gi\u01b0\u1eddng n\u1ec7m 8\u00a0ng\u01b0\u1eddi<\/p>\n<p>S\u1ee9c ch\u1ee9a 30-32 kh\u00e1ch<\/p>\n<p>&#8212;&#8212;&#8212;&#8212;&#8212;&#8212;&#8212;&#8212;&#8212;&#8212;&#8212;&#8212;&#8212;&#8212;&#8212;&#8212;&#8212;&#8212;&#8211;<\/p>\n<p>&#8211; \u0110\u1ea7y \u0111\u1ee7 ti\u1ec7n nghi nh\u01b0 \u1edf nh\u00e0. C\u00f3 tivi, t\u1ee7 l\u1ea1nh, b\u00e0n gh\u1ebf cao c\u1ea5p.<\/p>\n<p>&#8211; C\u00f3 di\u1ec7n t\u00edch \u0111\u1ec3 n\u01b0\u1edbng BBQ ngo\u00e0i tr\u1eddi.ba<\/p>\n<p>&#8211; C\u00f3 ch\u1ed7 \u0111\u1eadu xe m\u00e1y, xe h\u01a1i an to\u00e0n mi\u1ec5n ph\u00ed.<\/p>\n<p>&#8211; Y\u00ean t\u0129nh, an ninh 24\/24, s\u1ea1ch s\u1ebd, tho\u00e1ng m\u00e1t, view thi\u00ean nhi\u00ean si\u00eau \u0111\u1eb9p.<\/p>\n<p>&#8211; B\u1ebfp t\u1ef1 do n\u1ea5u n\u01b0\u1edbng \u0111\u1ea7y \u0111\u1ee7 d\u1ee5ng c\u1ee5 v\u00e0 gia v\u1ecb tha h\u1ed3 ch\u1ebf bi\u1ebfn c\u00e1c m\u00f3n \u0103n \u01b0a th\u00edch.<\/p>\n<p>&#8211; Ch\u00eca kho\u00e1 trao tay tha h\u1ed3 ri\u00eang t\u01b0.<\/p>\n<p><img decoding=\"async\" class=\"aligncenter wp-image-16180 size-full\" src=\"https:\/\/dalatreview.vn\/wp-content\/uploads\/2022\/02\/villa-8-phong-tran-dai-nghia-4.jpg\" alt=\"villa 8 phong tran dai nghia\" width=\"1200\" height=\"900\" \/><\/p>\n<\/div>\n<div class=\"pt-2\">\n<article class=\"post-content\">\n<div class=\"anh_wtm_m\">\n<div class=\"mws_content\">\n<div class=\"pt-2\">\n<article class=\"post-content\">\n<div class=\"anh_wtm_m\">\n<div class=\"mws_content\">\n<div class=\"pt-2\">\n<article class=\"post-content\">\n<div class=\"anh_wtm_m\">\n<div class=\"mws_content\">\n<h2 id=\"4-gia-phong\"><span style=\"color: #008000;\"><strong><span style=\"font-size: 24px;\"><span class=\"_4yxo\">4.<\/span>\u00a0Gi\u00e1 ph\u00f2ng<\/span><\/strong><\/span><\/h2>\n<article class=\"post-content\">\n<div class=\"anh_wtm_m\">\n<div class=\"mws_content\">\n<article class=\"post-content\">\n<div class=\"anh_wtm_m\">\n<div class=\"mws_content\">\n<article class=\"post-content\">\n<div class=\"anh_wtm_m\">\n<div class=\"mws_content\">\n<article class=\"post-content\">\n<div class=\"anh_wtm_m\">\n<div class=\"mws_content\">\n<article class=\"post-content\">Li\u00ean h\u1ec7 \u0111\u1ec3 \u0111\u01b0\u1ee3c \u0110\u00e0 L\u1ea1t Review t\u01b0 v\u1ea5n.<\/p>\n<h2 id=\"5-lien-he\"><span style=\"color: #008000;\">5. Li\u00ean h\u1ec7<\/span><\/h2>\n<p>Fanpage:\u00a0<a href=\"https:\/\/www.facebook.com\/booking.dalatreview.vn\/\">Booking \u0110\u00e0 L\u1ea1t \u2013 www.dalatreview.vn<\/a><\/p>\n<p>S\u0110T\/Zalo: 0988 249 297<\/p>\n<\/article>\n<\/div>\n<\/div>\n<\/article>\n<article class=\"post-content xemthem\"><\/article>\n<div id=\"comments\" class=\"comments-area\"><\/div>\n<\/div>\n<\/div>\n<\/article>\n<article class=\"post-content xemthem\"><\/article>\n<div id=\"comments\" class=\"comments-area\"><\/div>\n<\/div>\n<\/div>\n<\/article>\n<article class=\"post-content xemthem\"><\/article>\n<div id=\"comments\" class=\"comments-area\"><\/div>\n<\/div>\n<\/div>\n<\/article>\n<article class=\"post-content xemthem\"><\/article>\n<div id=\"comments\" class=\"comments-area\"><\/div>\n<\/div>\n<\/div>\n<\/article>\n<article class=\"post-content xemthem\"><\/article>\n<div id=\"comments\" class=\"comments-area\"><\/div>\n<\/div>\n<\/div>\n<\/div>\n<\/article>\n<article class=\"post-content xemthem\"><\/article>\n<div id=\"comments\" class=\"comments-area\"><\/div>\n<\/div>\n<\/div>\n<\/div>\n<\/article>\n<article class=\"post-content xemthem\"><\/article>\n<div id=\"comments\" class=\"comments-area\"><\/div>\n<\/div>","protected":false},"excerpt":{"rendered":"<p>Villa \u0110\u00e0 L\u1ea1t Tr\u1ea7n \u0110\u1ea1i Ngh\u0129a 8 Ph\u00f2ng Danh m\u1ee5c ch\u00ednh 1. V\u1ecb tr\u00ed 3. D\u1ecbch v\u1ee5 &amp; Ti\u1ec7n nghi 4.\u00a0Gi\u00e1 ph\u00f2ng 5. Li\u00ean h\u1ec7 1. V\u1ecb tr\u00ed Villa Tr\u1ea7n \u0110\u1ea1i Ngh\u0129a n\u1eb1m \u1edf khu v\u1ef1c trung t\u00e2m, t\u1ecda l\u1ea1c t\u1ea1i ph\u01b0\u1eddng 8, TP \u0110\u00e0 L\u1ea1t. Giao th\u00f4ng thu\u1eadn ti\u1ec7n, ch\u1ec9 c\u00e1ch ch\u1ee3 5 ph\u00fat [&hellip;]<\/p>","protected":false},"featured_media":16167,"comment_status":"open","ping_status":"closed","template":"","meta":{"_acf_changed":false,"rank_math_lock_modified_date":false},"product_cat":[29,2265,45],"product_tag":[],"acf":[],"_links":{"self":[{"href":"https:\/\/dalatreview.vn\/en\/wp-json\/wp\/v2\/product\/16166"}],"collection":[{"href":"https:\/\/dalatreview.vn\/en\/wp-json\/wp\/v2\/product"}],"about":[{"href":"https:\/\/dalatreview.vn\/en\/wp-json\/wp\/v2\/types\/product"}],"replies":[{"embeddable":true,"href":"https:\/\/dalatreview.vn\/en\/wp-json\/wp\/v2\/comments?post=16166"}],"wp:featuredmedia":[{"embeddable":true,"href":"https:\/\/dalatreview.vn\/en\/wp-json\/wp\/v2\/media\/16167"}],"wp:attachment":[{"href":"https:\/\/dalatreview.vn\/en\/wp-json\/wp\/v2\/media?parent=16166"}],"wp:term":[{"taxonomy":"product_cat","embeddable":true,"href":"https:\/\/dalatreview.vn\/en\/wp-json\/wp\/v2\/product_cat?post=16166"},{"taxonomy":"product_tag","embeddable":true,"href":"https:\/\/dalatreview.vn\/en\/wp-json\/wp\/v2\/product_tag?post=16166"}],"curies":[{"name":"wp","href":"https:\/\/api.w.org\/{rel}","templated":true}]}}