
{"id":16118,"date":"2022-02-26T10:56:21","date_gmt":"2022-02-26T03:56:21","guid":{"rendered":"https:\/\/dalatreview.vn\/?p=16118"},"modified":"2024-07-11T10:50:38","modified_gmt":"2024-07-11T03:50:38","slug":"villa-da-lat-mai-anh-dao-9-phong-2","status":"publish","type":"product","link":"https:\/\/dalatreview.vn\/en\/villa-da-lat-mai-anh-dao-9-phong-2.html","title":{"rendered":"Villa \u0110\u00e0 L\u1ea1t Mai Anh \u0110\u00e0o 9 Ph\u00f2ng"},"content":{"rendered":"<p style=\"text-align: center;\"><span style=\"color: #008000;\"><strong><span style=\"font-size: 24px;\">Villa \u0110\u00e0 L\u1ea1t Mai Anh \u0110\u00e0o 9 Ph\u00f2ng <\/span><\/strong><\/span><\/p>\n<nav class=\"vietrick-auto-toc\">\n<div class=\"box-title\">\n<h3 class=\"toc-title\" id=\"select-menu\">Danh m\u1ee5c ch\u00ednh<\/h3>\n<div><ion-icon name=\"chevron-up-outline\"><\/ion-icon><\/div>\n<\/div>\n<ul class=\"toc-list\">\n<li><a href='https:\/\/dalatreview.vn\/en#1-vi-tri' class='heading-h2 toc-link smooth-scroll'>1. V\u1ecb tr\u00ed<\/a>\n<li><a href='https:\/\/dalatreview.vn\/en#2-decor' class='heading-h2 toc-link smooth-scroll'>2. Decor<\/a>\n<li><a href='https:\/\/dalatreview.vn\/en#3-dich-vu-tien-nghi' class='heading-h2 toc-link smooth-scroll'>3. D\u1ecbch v\u1ee5 &amp; Ti\u1ec7n nghi<\/a>\n<li><a href='https:\/\/dalatreview.vn\/en#4-gia-phong' class='heading-h2 toc-link smooth-scroll'>4.\u00a0Gi\u00e1 ph\u00f2ng<\/a>\n<li><a href='https:\/\/dalatreview.vn\/en#5-lien-he' class='heading-h2 toc-link smooth-scroll'>5. Li\u00ean h\u1ec7<\/a><\/ul>\n<\/ul>\n<\/li>\n<\/ul>\n<\/nav>\n<h2 id=\"1-vi-tri\"><span style=\"color: #008000;\"><strong><span style=\"font-size: 24px;\">1. V\u1ecb tr\u00ed<\/span><\/strong><\/span><\/h2>\n<p>Villa t\u1ecda l\u1ea1c t\u1ea1i \u0111\u01b0\u1eddng Mai Anh \u0110\u00e0o, ph\u01b0\u1eddng 8, TP \u0110\u00e0 L\u1ea1t. Ch\u1ec9 c\u00e1ch ch\u1ee3 5 ph\u00fat ch\u1ea1y xe, c\u00e1ch thung l\u0169ng t\u00ecnh y\u00eau ch\u1ec9 300m. Ngo\u00e0i ra, villa c\u0169ng r\u1ea5t g\u1ea7n nh\u1eefng \u0111\u1ecba \u0111i\u1ec3m vui ch\u01a1i v\u00e0 tham quan du l\u1ecbch n\u1ed5i ti\u1ebfng nh\u01b0: \u0110\u00e0 L\u1ea1t S\u1eed Qu\u00e1n, \u0110\u1ed3i M\u1ed9ng M\u01a1, Thi\u1ec1n Vi\u1ec7n V\u1ea1n H\u1ea1nh, V\u01b0\u1eddn D\u00e2u 88 c\u0169ng n\u1eb1m trong b\u00e1n k\u00ednh 3km m\u00e0 th\u00f4i.<\/p>\n<p>B\u1ea1n mu\u1ed1n \u0111i du l\u1ecbch v\u00e0 l\u01b0u tr\u00fa t\u1ea1i 1 c\u0103n villa \u0111\u1ea7y \u0111\u1ee7 ti\u1ec7n nghi v\u00e0 l\u00e3ng m\u1ea1n th\u00ec \u0111\u1eebng \u0111i \u0111\u00e2u xa m\u00e0 \u0111\u1ebfn ngay Villa \u0110\u00e0 L\u1ea1t Mai Anh \u0110\u00e0o nh\u00e9 !<\/p>\n<p><img decoding=\"async\" class=\"aligncenter wp-image-16143 size-full\" src=\"https:\/\/dalatreview.vn\/wp-content\/uploads\/2022\/02\/villa-9-phong-mai-anh-dao-15-e1645848578753.jpg\" alt=\"villa 9 phong mai anh dao\" width=\"1365\" height=\"1443\" \/><\/p>\n<h2 id=\"2-decor\"><span style=\"color: #008000;\"><strong><span style=\"font-size: 24px;\"><span class=\"_4yxo _4yxp\">2. Decor<\/span><\/span><\/strong><\/span><\/h2>\n<p>Villa x\u00e2y d\u1ef1ng theo ki\u1ebfn tr\u00fac Ph\u00e1p c\u00f3 s\u00e2n kh\u00e1 r\u1ed9ng tho\u1ea3i m\u00e1i \u0111\u1ec3 xe 7-9 ch\u1ed7. N\u1ed9i th\u1ea5t cao c\u1ea5p, \u0111\u1ea7y \u0111\u1ee7 ti\u1ec7n nghi \u0111\u01b0\u1ee3c s\u1eafp x\u1ebfp g\u1ecdn g\u00e0ng ng\u1eafn n\u1eafp.<\/p>\n<p>V\u1edbi l\u1ee3i th\u1ebf view cao, thi\u1ebft k\u1ebf kh\u00f4ng gian m\u1edf \u0111\u00f3n n\u1eafng v\u00e0 gi\u00f3 t\u1ef1 nhi\u00ean trong l\u00e0nh t\u1ea1o c\u1ea3m gi\u00e1c tho\u1ea3i m\u00e1i cho b\u1ea1n.<\/p>\n<p>Kh\u00f4ng nh\u1eefng th\u1ebf m\u00e0 t\u1eeb ch\u00ednh nh\u1eefng c\u0103n ph\u00f2ng nh\u1ecf b\u00e9 b\u1ea1n c\u0169ng c\u00f3 th\u1ec3 ng\u1eafm nh\u00ecn c\u1ea3nh qun xung quanh qua c\u00e1c khung c\u1eeda k\u00ednh g\u1eedi g\u1eafm t\u1ea5t c\u1ea3 v\u00e0o b\u1ea7u tr\u1eddi xanh ng\u00e1t khi b\u1ea1n ng\u1eafm nh\u00ecn n\u00f3.<\/p>\n<p><img decoding=\"async\" class=\"aligncenter wp-image-16140 size-full\" src=\"https:\/\/dalatreview.vn\/wp-content\/uploads\/2022\/02\/villa-9-phong-mai-anh-dao.jpg\" alt=\"villa 9 phong mai anh dao\" width=\"1200\" height=\"900\" \/><\/p>\n<h2 id=\"3-dich-vu-tien-nghi\"><span style=\"color: #008000;\"><strong><span style=\"font-size: 24px;\">3. D\u1ecbch v\u1ee5 &amp; Ti\u1ec7n nghi<\/span><\/strong><\/span><\/h2>\n<div class=\"pt-2\">\n<p>G\u1ed3m 9 ph\u00f2ng ng\u1ee7 sang tr\u1ecdng, kh\u00e9p k\u00edn, c\u00f3 n\u00f3ng l\u1ea1nh, b\u1ed3n t\u1eafm &amp;\u00a0\u0111\u1ea7y \u0111\u1ee7 \u0111\u1ed3 d\u00f9ng c\u00e1 nh\u00e2n. Tivi m\u1ed7i ph\u00f2ng.<br \/>\n6 ph\u00f2ng 1 gi\u01b0\u1eddng 2\u00a0ng\u01b0\u1eddi<br \/>\n1 ph\u00f2ng 2 gi\u01b0\u1eddng 4\u00a0ng\u01b0\u1eddi<br \/>\n2 ph\u00f2ng 3\u00a0gi\u01b0\u1eddng n\u1ec7m 6\u00a0ng\u01b0\u1eddi<\/p>\n<p>S\u1ee9c ch\u1ee9a 24-26 kh\u00e1ch<\/p>\n<p>&#8212;&#8212;&#8212;&#8212;&#8212;&#8212;&#8212;&#8212;&#8212;&#8212;&#8212;&#8212;&#8212;&#8212;&#8212;&#8212;&#8212;&#8212;&#8211;<\/p>\n<p>&#8211; \u0110\u1ea7y \u0111\u1ee7 ti\u1ec7n nghi nh\u01b0 \u1edf nh\u00e0.<\/p>\n<p>&#8211; C\u00f3 di\u1ec7n t\u00edch \u0111\u1ec3 n\u01b0\u1edbng BBQ ngo\u00e0i tr\u1eddi.<\/p>\n<p>&#8211; C\u00f3 ch\u1ed7 \u0111\u1eadu xe m\u00e1y, xe h\u01a1i an to\u00e0n.<\/p>\n<p>&#8211; Y\u00ean t\u0129nh, an ninh 24\/24, s\u1ea1ch s\u1ebd, tho\u00e1ng m\u00e1t, view thi\u00ean nhi\u00ean si\u00eau \u0111\u1eb9p.<\/p>\n<p>&#8211; B\u1ebfp t\u1ef1 do n\u1ea5u n\u01b0\u1edbng c\u00f3 \u0111\u1ea7y \u0111\u1ee7 d\u1ee5ng c\u1ee5, t\u1ee7 l\u1ea1nh, b\u1ebfp t\u1eeb v\u00e0 gia v\u1ecb \u0111\u1ec3 ch\u1ebf bi\u1ebfn c\u00e1c m\u00f3n \u0103n theo s\u1edf th\u00edch.<\/p>\n<p>&#8211; Ch\u00eca kho\u00e1 trao tay tha h\u1ed3 ri\u00eang t\u01b0.<\/p>\n<p><img decoding=\"async\" class=\"aligncenter wp-image-16141 size-full\" src=\"https:\/\/dalatreview.vn\/wp-content\/uploads\/2022\/02\/villa-9-phong-mai-anh-dao-25.jpg\" alt=\"villa 9 phong mai anh dao\" width=\"1200\" height=\"900\" \/><\/p>\n<\/div>\n<article class=\"post-content\">\n<div class=\"anh_wtm_m\">\n<div class=\"mws_content\">\n<div class=\"pt-2\">\n<article class=\"post-content\">\n<div class=\"anh_wtm_m\">\n<div class=\"mws_content\">\n<article class=\"post-content\">\n<h2 id=\"4-gia-phong\"><span style=\"color: #008000;\"><strong><span style=\"font-size: 24px;\"><span class=\"_4yxo\">4.<\/span>\u00a0Gi\u00e1 ph\u00f2ng<\/span><\/strong><\/span><\/h2>\n<p>Li\u00ean h\u1ec7 \u0111\u1ec3 \u0111\u01b0\u1ee3c \u0110\u00e0 L\u1ea1t Review t\u01b0 v\u1ea5n.<\/p>\n<h2 id=\"5-lien-he\"><span style=\"color: #008000;\">5. Li\u00ean h\u1ec7<\/span><\/h2>\n<p>Fanpage:\u00a0<a href=\"https:\/\/www.facebook.com\/booking.dalatreview.vn\/\">Booking \u0110\u00e0 L\u1ea1t \u2013 www.dalatreview.vn<\/a><\/p>\n<p>S\u0110T\/Zalo: 0988 249 297<\/p>\n<\/article>\n<\/div>\n<\/div>\n<\/article>\n<article class=\"post-content xemthem\"><\/article>\n<div id=\"comments\" class=\"comments-area\"><\/div>\n<\/div>\n<\/div>\n<\/div>\n<\/article>\n<article class=\"post-content xemthem\"><\/article>\n<div id=\"comments\" class=\"comments-area\"><\/div>","protected":false},"excerpt":{"rendered":"<p>Villa \u0110\u00e0 L\u1ea1t Mai Anh \u0110\u00e0o 9 Ph\u00f2ng Danh m\u1ee5c ch\u00ednh 1. V\u1ecb tr\u00ed 2. Decor 3. D\u1ecbch v\u1ee5 &amp; Ti\u1ec7n nghi 4.\u00a0Gi\u00e1 ph\u00f2ng 5. Li\u00ean h\u1ec7 1. V\u1ecb tr\u00ed Villa t\u1ecda l\u1ea1c t\u1ea1i \u0111\u01b0\u1eddng Mai Anh \u0110\u00e0o, ph\u01b0\u1eddng 8, TP \u0110\u00e0 L\u1ea1t. Ch\u1ec9 c\u00e1ch ch\u1ee3 5 ph\u00fat ch\u1ea1y xe, c\u00e1ch thung l\u0169ng t\u00ecnh y\u00eau [&hellip;]<\/p>","protected":false},"featured_media":16119,"comment_status":"open","ping_status":"closed","template":"","meta":{"_acf_changed":false,"rank_math_lock_modified_date":false},"product_cat":[29,2265,45],"product_tag":[],"acf":[],"_links":{"self":[{"href":"https:\/\/dalatreview.vn\/en\/wp-json\/wp\/v2\/product\/16118"}],"collection":[{"href":"https:\/\/dalatreview.vn\/en\/wp-json\/wp\/v2\/product"}],"about":[{"href":"https:\/\/dalatreview.vn\/en\/wp-json\/wp\/v2\/types\/product"}],"replies":[{"embeddable":true,"href":"https:\/\/dalatreview.vn\/en\/wp-json\/wp\/v2\/comments?post=16118"}],"wp:featuredmedia":[{"embeddable":true,"href":"https:\/\/dalatreview.vn\/en\/wp-json\/wp\/v2\/media\/16119"}],"wp:attachment":[{"href":"https:\/\/dalatreview.vn\/en\/wp-json\/wp\/v2\/media?parent=16118"}],"wp:term":[{"taxonomy":"product_cat","embeddable":true,"href":"https:\/\/dalatreview.vn\/en\/wp-json\/wp\/v2\/product_cat?post=16118"},{"taxonomy":"product_tag","embeddable":true,"href":"https:\/\/dalatreview.vn\/en\/wp-json\/wp\/v2\/product_tag?post=16118"}],"curies":[{"name":"wp","href":"https:\/\/api.w.org\/{rel}","templated":true}]}}