
{"id":16082,"date":"2022-02-26T10:10:15","date_gmt":"2022-02-26T03:10:15","guid":{"rendered":"https:\/\/dalatreview.vn\/?p=16082"},"modified":"2024-07-11T10:50:49","modified_gmt":"2024-07-11T03:50:49","slug":"villa-vip-nam-ho-8-phong","status":"publish","type":"product","link":"https:\/\/dalatreview.vn\/en\/villa-vip-nam-ho-8-phong.html","title":{"rendered":"Villa \u0110\u00e0 L\u1ea1t Vip Nam H\u1ed3 8 Ph\u00f2ng"},"content":{"rendered":"<p style=\"text-align: center;\"><span style=\"color: #008000;\"><strong><span style=\"font-size: 24px;\">Villa \u0110\u00e0 L\u1ea1t Vip Nam H\u1ed3 8 Ph\u00f2ng <\/span><\/strong><\/span><\/p>\n<nav class=\"vietrick-auto-toc\">\n<div class=\"box-title\">\n<h3 class=\"toc-title\" id=\"select-menu\">Danh m\u1ee5c ch\u00ednh<\/h3>\n<div><ion-icon name=\"chevron-up-outline\"><\/ion-icon><\/div>\n<\/div>\n<ul class=\"toc-list\">\n<li><a href='https:\/\/dalatreview.vn\/en#1-vi-tri' class='heading-h2 toc-link smooth-scroll'>1. V\u1ecb tr\u00ed<\/a>\n<li><a href='https:\/\/dalatreview.vn\/en#2-decor' class='heading-h2 toc-link smooth-scroll'>2. Decor<\/a>\n<li><a href='https:\/\/dalatreview.vn\/en#3-dich-vu-tien-nghi' class='heading-h2 toc-link smooth-scroll'>3. D\u1ecbch v\u1ee5 &amp; Ti\u1ec7n nghi<\/a>\n<li><a href='https:\/\/dalatreview.vn\/en#4-gia-phong' class='heading-h2 toc-link smooth-scroll'>4.\u00a0Gi\u00e1 ph\u00f2ng<\/a>\n<li><a href='https:\/\/dalatreview.vn\/en#5-lien-he' class='heading-h2 toc-link smooth-scroll'>5. Li\u00ean h\u1ec7<\/a><\/ul>\n<\/ul>\n<\/li>\n<\/ul>\n<\/nav>\n<h2 id=\"1-vi-tri\"><span style=\"color: #008000;\"><strong><span style=\"font-size: 24px;\">1. V\u1ecb tr\u00ed<\/span><\/strong><\/span><\/h2>\n<p>Villa Nam H\u1ed3 t\u1ecda l\u1ea1c t\u1ea1i \u0110\u01b0\u1eddng Nam H\u1ed3, ph\u01b0\u1eddng 11, n\u1eb1m ngay g\u1ea7n trung t\u00e2m th\u00e0nh ph\u1ed1 \u0110\u00e0 L\u1ea1t. Ch\u1ec9 c\u00e1ch ch\u1ee3 6 ph\u00fat ch\u1ea1y xe n\u00ean giao th\u00f4ng r\u1ea5t thu\u1eadn ti\u1ec7n cho vi\u1ec7c \u0111i l\u1ea1i mua s\u1eafm, \u0103n u\u1ed1ng v\u00e0 vui ch\u01a1i.<\/p>\n<p>Villa c\u00f3 v\u1ecb tr\u00ed n\u1eb1m \u1edf view cao n\u00ean \u0111\u01b0\u1ee3c bao b\u1ecdc b\u1edfi s\u1ef1 xanh m\u00e1t c\u1ee7a thi\u00ean nhi\u00ean, ch\u00ednh v\u00ec v\u1eady m\u00e0 c\u0103n nh\u00e0 n\u00e0y s\u1ebd tr\u1edf th\u00e0nh 1 l\u1ef1a ch\u1ecdn r\u1ea5t ho\u00e0n h\u1ea3o khi b\u1ea1n \u0111\u1ebfn x\u1ee9 s\u1edf s\u01b0\u01a1ng m\u00f9 du l\u1ecbch \u0111\u1ea5y \u1ea1 !<\/p>\n<p><img decoding=\"async\" class=\"aligncenter wp-image-16112 size-full\" src=\"https:\/\/dalatreview.vn\/wp-content\/uploads\/2022\/02\/villa-8-phong-nam-ho-27-Copy.jpg\" alt=\"villa 8 phong nam ho\" width=\"1280\" height=\"853\" \/><\/p>\n<h2 id=\"2-decor\"><span style=\"color: #008000;\"><strong><span style=\"font-size: 24px;\"><span class=\"_4yxo _4yxp\">2. Decor<\/span><\/span><\/strong><\/span><\/h2>\n<p>Villa 4 t\u1ea7ng r\u1ed9ng r\u00e3i tho\u00e1ng m\u00e1t. \u0110\u01b0\u1ee3c ch\u0103m ch\u00fat t\u1eeb s\u00e2n v\u01b0\u1eddn cho \u0111\u1ebfn b\u00ean trong nh\u00e0 r\u1ea5t \u0111\u1eb9p v\u00e0 \u0111\u1ed9c \u0111\u00e1o. Kh\u00f4ng gian m\u1edf \u0111\u00f3n \u00e1nh s\u00e1ng t\u1ef1 nhi\u00ean \u1ea5m \u00e1p v\u00e0 trong l\u00e0nh.<\/p>\n<p>V\u1edbi l\u1ee3i th\u1ebf \u1edf cao, view thi\u00ean nhi\u00ean c\u1ef1c \u0111\u1eb9p n\u00ean s\u00e2n v\u01b0\u1eddn \u0111\u01b0\u1ee3c decor v\u1edbi 1 nh\u00e0 u\u1ed1ng c\u00e0 ph\u00ea t\u00e2m s\u1ef1 bao quanh l\u00e0 c\u00e2y c\u1ed1i xanh m\u00e1t, c\u00f3 b\u00e0n gh\u1ebf v\u00e0 \u0111\u00e8n. k\u1ebf \u0111\u1ebfn l\u00e0 khu v\u1ef1c d\u00e0nh cho \u0103n u\u1ed1ng ngo\u00e0i tr\u1eddi r\u1ea5t tho\u00e1ng \u0111\u00e1ng c\u0169ng \u0111\u1ea7y \u0111\u1ee7 \u0111\u1ed3 d\u00f9ng v\u00e0 v\u1eadt d\u1ee5ng c\u1ea7n thi\u1ebft.<\/p>\n<p>B\u01b0\u1edbc ch\u00e2n v\u00e0o b\u00ean trong b\u1ea1n s\u1ebd c\u1ea3m nh\u1eadn \u0111\u01b0\u1ee3c s\u1ef1 trang ho\u00e0ng v\u00e0 l\u1ed9ng l\u1eaby nh\u1edd n\u1ed9i th\u1ea5t cao c\u1ea5p, \u0111\u00e8n tr\u1ea7n, b\u00e0n gh\u1ebf t\u1ea5t c\u1ea3 \u0111\u1ec1u \u0111\u01b0\u1ee3c ch\u00fa tr\u1ecdng khi l\u1ef1a ch\u1ecdn v\u00e0 s\u1eafp x\u1ebfp r\u1ea5t \u0111\u1eb9p. Ph\u00f2ng ng\u1ee7 kh\u00e9p k\u00edn d\u00e0nh kho\u1ea3ng kh\u00f4ng gian ri\u00eang t\u01b0 cho b\u1ea1n v\u00e0 c\u00e1c th\u00e0nh vi\u00ean kh\u00e1c trong \u0111o\u00e0n.<\/p>\n<p><img decoding=\"async\" class=\"aligncenter wp-image-16113 size-full\" src=\"https:\/\/dalatreview.vn\/wp-content\/uploads\/2022\/02\/villa-8-phong-nam-ho.jpg\" alt=\"villa 8 phong nam ho\" width=\"1200\" height=\"900\" \/><\/p>\n<h2 id=\"3-dich-vu-tien-nghi\"><span style=\"color: #008000;\"><strong><span style=\"font-size: 24px;\">3. D\u1ecbch v\u1ee5 &amp; Ti\u1ec7n nghi<\/span><\/strong><\/span><\/h2>\n<p>G\u1ed3m 8 ( 2 ph\u00f2ng ng\u1ee7 sang tr\u1ecdng ) t\u1ea5t c\u1ea3 \u0111\u1ec1u\u00a0kh\u00e9p k\u00edn, c\u00f3 \u0111\u1ea7y \u0111\u1ee7 n\u00f3ng l\u1ea1nh, c\u00e1c d\u1ee5ng c\u1ee5 c\u00e1 nh\u00e2n c\u1ea7n thi\u1ebft.<br \/>\n8 ph\u00f2ng 1 gi\u01b0\u1eddng 2 ng\u01b0\u1eddi<br \/>\n2 ph\u00f2ng ng\u1ee7 ph\u1ee5<\/p>\n<p>S\u1ee9c ch\u1ee9a 16-22\u00a0kh\u00e1ch<\/p>\n<p>&#8212;&#8212;&#8212;&#8212;&#8212;&#8212;&#8212;&#8212;&#8212;&#8212;&#8212;&#8212;&#8212;&#8212;&#8212;&#8212;&#8212;&#8212;&#8211;<\/p>\n<p>&#8211; \u0110\u1ea7y \u0111\u1ee7 ti\u1ec7n nghi nh\u01b0 \u1edf nh\u00e0. Ph\u00f2ng kh\u00e1ch r\u1ed9ng r\u00e3i tho\u1ea3i m\u00e1i, c\u00f3 tivi. Ph\u00f2ng ng\u1ee7 c\u00f3 ban c\u00f4ng, view cao.<\/p>\n<p>&#8211; C\u00f3 di\u1ec7n t\u00edch \u0111\u1ec3 n\u01b0\u1edbng BBQ ngo\u00e0i tr\u1eddi tho\u00e1ng \u0111\u00e3ng.<\/p>\n<p>&#8211; C\u00f3 ch\u1ed7 \u0111\u1eadu xe m\u00e1y, xe h\u01a1i an to\u00e0n mi\u1ec5n ph\u00ed.<\/p>\n<p>&#8211; Y\u00ean t\u0129nh, an ninh 24\/24, s\u1ea1ch s\u1ebd, tho\u00e1ng m\u00e1t, view thi\u00ean nhi\u00ean si\u00eau \u0111\u1eb9p.<\/p>\n<p>&#8211; B\u1ebfp t\u1ef1 do n\u1ea5u n\u01b0\u1edbng c\u00f3 b\u1ebfp t\u1eeb, t\u1ee7 l\u1ea1nh, \u0111\u1ea7y \u0111\u1ee7 d\u1ee5ng c\u1ee5 v\u00e0 gia v\u1ecb.<\/p>\n<p>&#8211; Ch\u00eca kho\u00e1 trao tay tha h\u1ed3 ri\u00eang t\u01b0.<\/p>\n<p><img decoding=\"async\" class=\"aligncenter wp-image-16114 size-full\" src=\"https:\/\/dalatreview.vn\/wp-content\/uploads\/2022\/02\/villa-8-phong-nam-ho-34.jpg\" alt=\"villa 8 phong nam ho\" width=\"1200\" height=\"900\" \/><\/p>\n<article class=\"post-content\">\n<div class=\"anh_wtm_m\">\n<div class=\"mws_content\">\n<article class=\"post-content\">\n<div class=\"anh_wtm_m\">\n<div class=\"mws_content\">\n<article class=\"post-content\">\n<div class=\"anh_wtm_m\">\n<div class=\"mws_content\">\n<div class=\"pt-2\">\n<article class=\"post-content\">\n<div class=\"anh_wtm_m\">\n<div class=\"mws_content\">\n<article class=\"post-content\">\n<h2 id=\"4-gia-phong\"><span style=\"color: #008000;\"><strong><span style=\"font-size: 24px;\"><span class=\"_4yxo\">4.<\/span>\u00a0Gi\u00e1 ph\u00f2ng<\/span><\/strong><\/span><\/h2>\n<p>Li\u00ean h\u1ec7 \u0111\u1ec3 \u0111\u01b0\u1ee3c \u0110\u00e0 L\u1ea1t Review t\u01b0 v\u1ea5n.<\/p>\n<h2 id=\"5-lien-he\"><span style=\"color: #008000;\">5. Li\u00ean h\u1ec7<\/span><\/h2>\n<p>Fanpage:\u00a0<a href=\"https:\/\/www.facebook.com\/booking.dalatreview.vn\/\">Booking \u0110\u00e0 L\u1ea1t \u2013 www.dalatreview.vn<\/a><\/p>\n<p>S\u0110T\/Zalo: 0988 249 297<\/p>\n<\/article>\n<\/div>\n<\/div>\n<\/article>\n<article class=\"post-content xemthem\"><\/article>\n<div id=\"comments\" class=\"comments-area\"><\/div>\n<\/div>\n<\/div>\n<\/div>\n<\/article>\n<article class=\"post-content xemthem\"><\/article>\n<div id=\"comments\" class=\"comments-area\"><\/div>\n<\/div>\n<\/div>\n<\/article>\n<article class=\"post-content xemthem\"><\/article>\n<div id=\"comments\" class=\"comments-area\"><\/div>\n<\/div>\n<\/div>\n<\/article>\n<article class=\"post-content xemthem\"><\/article>\n<div id=\"comments\" class=\"comments-area\"><\/div>","protected":false},"excerpt":{"rendered":"<p>Villa \u0110\u00e0 L\u1ea1t Vip Nam H\u1ed3 8 Ph\u00f2ng Danh m\u1ee5c ch\u00ednh 1. V\u1ecb tr\u00ed 2. Decor 3. D\u1ecbch v\u1ee5 &amp; Ti\u1ec7n nghi 4.\u00a0Gi\u00e1 ph\u00f2ng 5. Li\u00ean h\u1ec7 1. V\u1ecb tr\u00ed Villa Nam H\u1ed3 t\u1ecda l\u1ea1c t\u1ea1i \u0110\u01b0\u1eddng Nam H\u1ed3, ph\u01b0\u1eddng 11, n\u1eb1m ngay g\u1ea7n trung t\u00e2m th\u00e0nh ph\u1ed1 \u0110\u00e0 L\u1ea1t. Ch\u1ec9 c\u00e1ch ch\u1ee3 6 ph\u00fat [&hellip;]<\/p>","protected":false},"featured_media":16083,"comment_status":"open","ping_status":"closed","template":"","meta":{"_acf_changed":false,"rank_math_lock_modified_date":false},"product_cat":[29,2265,45],"product_tag":[],"acf":[],"_links":{"self":[{"href":"https:\/\/dalatreview.vn\/en\/wp-json\/wp\/v2\/product\/16082"}],"collection":[{"href":"https:\/\/dalatreview.vn\/en\/wp-json\/wp\/v2\/product"}],"about":[{"href":"https:\/\/dalatreview.vn\/en\/wp-json\/wp\/v2\/types\/product"}],"replies":[{"embeddable":true,"href":"https:\/\/dalatreview.vn\/en\/wp-json\/wp\/v2\/comments?post=16082"}],"wp:featuredmedia":[{"embeddable":true,"href":"https:\/\/dalatreview.vn\/en\/wp-json\/wp\/v2\/media\/16083"}],"wp:attachment":[{"href":"https:\/\/dalatreview.vn\/en\/wp-json\/wp\/v2\/media?parent=16082"}],"wp:term":[{"taxonomy":"product_cat","embeddable":true,"href":"https:\/\/dalatreview.vn\/en\/wp-json\/wp\/v2\/product_cat?post=16082"},{"taxonomy":"product_tag","embeddable":true,"href":"https:\/\/dalatreview.vn\/en\/wp-json\/wp\/v2\/product_tag?post=16082"}],"curies":[{"name":"wp","href":"https:\/\/api.w.org\/{rel}","templated":true}]}}