
{"id":16058,"date":"2022-02-26T09:24:02","date_gmt":"2022-02-26T02:24:02","guid":{"rendered":"https:\/\/dalatreview.vn\/?p=16058"},"modified":"2024-07-11T10:56:46","modified_gmt":"2024-07-11T03:56:46","slug":"villa-da-lat-nam-ho-7-phong-2","status":"publish","type":"product","link":"https:\/\/dalatreview.vn\/en\/villa-da-lat-nam-ho-7-phong-2.html","title":{"rendered":"Villa \u0110\u00e0 L\u1ea1t Nam H\u1ed3 7 Ph\u00f2ng"},"content":{"rendered":"<p style=\"text-align: center;\"><span style=\"font-size: 24px; color: #008000;\"><strong>Villa \u0110\u00e0 L\u1ea1t Nam H\u1ed3 7 Ph\u00f2ng<\/strong><\/span><\/p>\n<nav class=\"vietrick-auto-toc\">\n<div class=\"box-title\">\n<h3 class=\"toc-title\" id=\"select-menu\">Danh m\u1ee5c ch\u00ednh<\/h3>\n<div><ion-icon name=\"chevron-up-outline\"><\/ion-icon><\/div>\n<\/div>\n<ul class=\"toc-list\">\n<li><a href='https:\/\/dalatreview.vn\/en#1-vi-tri' class='heading-h2 toc-link smooth-scroll'>1. V\u1ecb tr\u00ed<\/a>\n<li><a href='https:\/\/dalatreview.vn\/en#2-decor' class='heading-h2 toc-link smooth-scroll'>2. Decor<\/a>\n<li><a href='https:\/\/dalatreview.vn\/en#3-dich-vu-tien-nghi' class='heading-h2 toc-link smooth-scroll'>3. D\u1ecbch v\u1ee5 &amp; Ti\u1ec7n nghi<\/a>\n<li><a href='https:\/\/dalatreview.vn\/en#4-gia-phong' class='heading-h2 toc-link smooth-scroll'>4.\u00a0Gi\u00e1 ph\u00f2ng<\/a>\n<li><a href='https:\/\/dalatreview.vn\/en#5-lien-he' class='heading-h2 toc-link smooth-scroll'>5. Li\u00ean h\u1ec7<\/a><\/ul>\n<\/ul>\n<\/li>\n<\/ul>\n<\/nav>\n<h2 id=\"1-vi-tri\"><span style=\"font-size: 24px; color: #008000;\"><strong>1. V\u1ecb tr\u00ed<\/strong><\/span><\/h2>\n<p>T\u1ecda l\u1ea1c t\u1ea1i \u0111\u01b0\u1eddng Nam H\u1ed3, Ph\u01b0\u1eddng 11, TP \u0110\u00e0 L\u1ea1t. Ch\u1ec9 c\u00e1ch ch\u1ee3 5 ph\u00fat ch\u1ea1y xe, g\u1ea7n qu\u1ea3ng tr\u01b0\u1eddng, g\u1ea7n c\u00e1c trung t\u00e2m mua s\u1eafm, \u0103n u\u1ed1ng v\u00e0 vui ch\u01a1i. Giao th\u00f4ng thu\u1eadn ti\u1ec7n cho vi\u1ec7c \u0111i l\u1ea1i.<\/p>\n<p>M\u00f4i tr\u01b0\u1eddng trong l\u00e0nh s\u1ea1ch s\u1ebd, an ninh \u0111\u1ea3m b\u1ea3o, thi\u00ean nhi\u00ean t\u01b0\u01a1i m\u00e1t,&#8230; h\u1ee9a h\u1eb9n \u0111\u00e2y s\u1ebd l\u00e0 \u0111i\u1ec3m l\u01b0u tr\u00fa tuy\u1ec7t v\u1eddi nh\u1ea5t chi b\u1ea1n v\u00e0 gia \u0111\u00ecnh ng\u01b0\u1eddi th\u00e2n.<\/p>\n<p><img decoding=\"async\" class=\"aligncenter wp-image-16075 size-full\" src=\"https:\/\/dalatreview.vn\/wp-content\/uploads\/2022\/02\/villa-7-phong-nam-ho-14-1.jpg\" alt=\"villa 7 phong nam ho\" width=\"1600\" height=\"895\" \/><\/p>\n<h2 id=\"2-decor\"><span style=\"font-size: 24px; color: #008000;\"><strong><span class=\"_4yxo _4yxp\">2. Decor<\/span><\/strong><\/span><\/h2>\n<p>Villa n\u1eb1m \u1edf v\u1ecb tr\u00ed cao \u0111\u01b0\u1ee3c bao b\u1ecdc b\u1edfi nh\u1eefng h\u00e0ng th\u00f4ng xanh ng\u00e1t, view thi\u00ean nhi\u00ean c\u1ef1c \u0111\u1eb9p. \u0110\u01b0\u1ee3c thi\u1ebft k\u1ebf theo kh\u00f4ng gian m\u1edf \u0111\u00f3n \u00e1nh s\u00e1ng t\u01b0 nhi\u00ean v\u1eeba trong l\u00e0nh v\u1eeba \u1ea5m \u00e1p. T\u1eeb trong nh\u00e0 b\u1ea1n c\u00f3 th\u1ec3 ng\u1eafm b\u00ecnh minh v\u00e0 ho\u00e0ng h\u00f4n m\u1ed7i ng\u00e0y qua c\u00e1c khung c\u1eeda k\u00ednh. \u0110\u1eb7c bi\u1ec7t v\u1ec1 \u0111\u00eam b\u1ea1n c\u00f2n \u0111\u01b0\u1ee3c chi\u00eam ng\u01b0\u1ee1ng s\u1ef1 lung linh c\u1ee7a nh\u00e0 l\u1ed3ng \u0111\u00e8n t\u1eeb tr\u00ean cao r\u1ea5t l\u00e3ng m\u1ea1n n\u1eefa.<\/p>\n<p>Nh\u00e0 tuy decor \u0111\u01a1n gi\u1ea3n nh\u01b0ng l\u1ea1i r\u1ea5t \u0111\u1ea7y \u0111\u1ee7 ti\u1ec7n nghi, \u0111\u1ea3m b\u1ea3o \u0111\u00e1p \u1ee9ng\u00a0\u0111\u01b0\u1ee3c m\u1ecdi nhu c\u1ea7u m\u00e0 b\u1ea1n v\u00e0 c\u00e1c th\u00e0nh vi\u00ean trong \u0111o\u00e0n y\u00eau c\u1ea7u. C\u00f3 kh\u00f4ng gian sinh ho\u1ea1t chung l\u00e0 s\u00e2n v\u01b0\u1eddn v\u00e0 ph\u00f2ng kh\u00e1ch, c\u00f2n ph\u00f2ng ng\u1ee7 ch\u00ednh l\u00e0 khu v\u1ef1c kh\u00e9p k\u00edn cho s\u1ef1 ri\u00eang t\u01b0 c\u1ee7a m\u1ed7i ng\u01b0\u1eddi.<\/p>\n<p>Ch\u00e0o m\u1eebng b\u1ea1n \u0111\u1ebfn v\u1edbi villa Nam H\u1ed3, h\u00e3y c\u00f9ng nhau t\u1eadn h\u01b0\u1edfng k\u1ef3 ngh\u1ec9 tuy\u1ec7t v\u1eddi t\u1ea1i \u0111\u00e2y nh\u00e9 !<\/p>\n<p><img decoding=\"async\" class=\"aligncenter wp-image-16077 size-full\" src=\"https:\/\/dalatreview.vn\/wp-content\/uploads\/2022\/02\/villa-7-phong-nam-ho-26.jpg\" alt=\"villa 7 phong nam ho\" width=\"1200\" height=\"900\" \/><\/p>\n<h2 id=\"3-dich-vu-tien-nghi\"><span style=\"font-size: 24px; color: #008000;\"><strong>3. D\u1ecbch v\u1ee5 &amp; Ti\u1ec7n nghi<\/strong><\/span><\/h2>\n<p>G\u1ed3m 7 ph\u00f2ng ng\u1ee7 sang tr\u1ecdng kh\u00e9p k\u00edn ho\u00e0n to\u00e0n, \u0111\u1ea7y \u0111\u1ee7 c\u00e1c d\u1ee5ng c\u1ee5 c\u00e1 nh\u00e2n, n\u00f3ng l\u1ea1nh.<br \/>\n1 ph\u00f2ng 1 gi\u01b0\u1eddng 1 ng\u01b0\u1eddi<br \/>\n3 ph\u00f2ng 1 gi\u01b0\u1eddng 2\u00a0ng\u01b0\u1eddi<br \/>\n3 ph\u00f2ng 2 gi\u01b0\u1eddng 4\u00a0ng\u01b0\u1eddi<\/p>\n<p>S\u1ee9c ch\u1ee9a 22- 24 kh\u00e1ch<\/p>\n<p>&#8212;&#8212;&#8212;&#8212;&#8212;&#8212;&#8212;&#8212;&#8212;&#8212;&#8212;&#8212;&#8212;&#8212;&#8212;&#8212;&#8212;&#8212;&#8211;<\/p>\n<p>&#8211; \u0110\u1ea7y \u0111\u1ee7 ti\u1ec7n nghi nh\u01b0 \u1edf nh\u00e0. Ph\u00f2ng kh\u00e1ch c\u00f3 tivi r\u1ed9ng r\u00e3i.<\/p>\n<p>&#8211; C\u00f3 di\u1ec7n t\u00edch \u0111\u1ec3 n\u01b0\u1edbng BBQ ngo\u00e0i tr\u1eddi.<\/p>\n<p>&#8211; C\u00f3 ch\u1ed7 \u0111\u1eadu xe m\u00e1y, xe h\u01a1i an to\u00e0n mi\u1ec5n ph\u00ed.<\/p>\n<p>&#8211; Y\u00ean t\u0129nh, an ninh 24\/24, s\u1ea1ch s\u1ebd, tho\u00e1ng m\u00e1t, view thi\u00ean nhi\u00ean si\u00eau \u0111\u1eb9p.<\/p>\n<p>&#8211; B\u1ebfp t\u1ef1 do n\u1ea5u n\u01b0\u1edbng \u0111\u1ea7y \u0111\u1ee7 t\u1ee7 l\u1ea1nh, b\u1ebfp t\u1eeb, c\u00e1c d\u1ee5ng c\u1ee5 v\u00e0 gia v\u1ecb.<\/p>\n<p>&#8211; Ch\u00eca kho\u00e1 trao tay tha h\u1ed3 ri\u00eang t\u01b0.<\/p>\n<p><img decoding=\"async\" class=\"aligncenter wp-image-16078 size-full\" src=\"https:\/\/dalatreview.vn\/wp-content\/uploads\/2022\/02\/villa-7-phong-nam-ho-23-1.jpg\" alt=\"villa 7 phong nam ho\" width=\"1200\" height=\"900\" \/><\/p>\n<article class=\"post-content\">\n<div class=\"anh_wtm_m\">\n<div class=\"mws_content\">\n<article class=\"post-content\">\n<div class=\"anh_wtm_m\">\n<div class=\"mws_content\">\n<div class=\"pt-2\">\n<article class=\"post-content\">\n<div class=\"anh_wtm_m\">\n<div class=\"mws_content\">\n<article class=\"post-content\">\n<h2 id=\"4-gia-phong\"><span style=\"font-size: 24px; color: #008000;\"><strong><span class=\"_4yxo\">4.<\/span>\u00a0Gi\u00e1 ph\u00f2ng<\/strong><\/span><\/h2>\n<p>Li\u00ean h\u1ec7 \u0111\u1ec3 \u0111\u01b0\u1ee3c \u0110\u00e0 L\u1ea1t Review t\u01b0 v\u1ea5n.<\/p>\n<h2 id=\"5-lien-he\"><span style=\"color: #008000;\">5. Li\u00ean h\u1ec7<\/span><\/h2>\n<p>Fanpage:\u00a0<a href=\"https:\/\/www.facebook.com\/booking.dalatreview.vn\/\">Booking \u0110\u00e0 L\u1ea1t \u2013 www.dalatreview.vn<\/a><\/p>\n<p>S\u0110T\/Zalo: 0988 249 297<\/p>\n<\/article>\n<\/div>\n<\/div>\n<\/article>\n<article class=\"post-content xemthem\"><\/article>\n<div id=\"comments\" class=\"comments-area\"><\/div>\n<\/div>\n<\/div>\n<\/div>\n<\/article>\n<article class=\"post-content xemthem\"><\/article>\n<div id=\"comments\" class=\"comments-area\"><\/div>\n<\/div>\n<\/div>\n<\/article>\n<article class=\"post-content xemthem\"><\/article>\n<div id=\"comments\" class=\"comments-area\"><\/div>","protected":false},"excerpt":{"rendered":"<p>Villa \u0110\u00e0 L\u1ea1t Nam H\u1ed3 7 Ph\u00f2ng Danh m\u1ee5c ch\u00ednh 1. V\u1ecb tr\u00ed 2. Decor 3. D\u1ecbch v\u1ee5 &amp; Ti\u1ec7n nghi 4.\u00a0Gi\u00e1 ph\u00f2ng 5. Li\u00ean h\u1ec7 1. V\u1ecb tr\u00ed T\u1ecda l\u1ea1c t\u1ea1i \u0111\u01b0\u1eddng Nam H\u1ed3, Ph\u01b0\u1eddng 11, TP \u0110\u00e0 L\u1ea1t. Ch\u1ec9 c\u00e1ch ch\u1ee3 5 ph\u00fat ch\u1ea1y xe, g\u1ea7n qu\u1ea3ng tr\u01b0\u1eddng, g\u1ea7n c\u00e1c trung t\u00e2m mua [&hellip;]<\/p>","protected":false},"featured_media":16059,"comment_status":"open","ping_status":"closed","template":"","meta":{"_acf_changed":false,"rank_math_lock_modified_date":false},"product_cat":[29,2263,45],"product_tag":[],"acf":[],"_links":{"self":[{"href":"https:\/\/dalatreview.vn\/en\/wp-json\/wp\/v2\/product\/16058"}],"collection":[{"href":"https:\/\/dalatreview.vn\/en\/wp-json\/wp\/v2\/product"}],"about":[{"href":"https:\/\/dalatreview.vn\/en\/wp-json\/wp\/v2\/types\/product"}],"replies":[{"embeddable":true,"href":"https:\/\/dalatreview.vn\/en\/wp-json\/wp\/v2\/comments?post=16058"}],"wp:featuredmedia":[{"embeddable":true,"href":"https:\/\/dalatreview.vn\/en\/wp-json\/wp\/v2\/media\/16059"}],"wp:attachment":[{"href":"https:\/\/dalatreview.vn\/en\/wp-json\/wp\/v2\/media?parent=16058"}],"wp:term":[{"taxonomy":"product_cat","embeddable":true,"href":"https:\/\/dalatreview.vn\/en\/wp-json\/wp\/v2\/product_cat?post=16058"},{"taxonomy":"product_tag","embeddable":true,"href":"https:\/\/dalatreview.vn\/en\/wp-json\/wp\/v2\/product_tag?post=16058"}],"curies":[{"name":"wp","href":"https:\/\/api.w.org\/{rel}","templated":true}]}}