
{"id":16028,"date":"2022-02-26T08:55:20","date_gmt":"2022-02-26T01:55:20","guid":{"rendered":"https:\/\/dalatreview.vn\/?p=16028"},"modified":"2024-07-11T10:56:47","modified_gmt":"2024-07-11T03:56:47","slug":"villa-da-lat-mai-xuan-thuong-7-phong","status":"publish","type":"product","link":"https:\/\/dalatreview.vn\/en\/villa-da-lat-mai-xuan-thuong-7-phong.html","title":{"rendered":"Villa \u0110\u00e0 L\u1ea1t Mai Xu\u00e2n Th\u01b0\u1edfng 7 Ph\u00f2ng"},"content":{"rendered":"<p style=\"text-align: center;\"><span style=\"color: #008000;\"><strong><span style=\"font-size: 24px;\">Villa \u0110\u00e0 L\u1ea1t Mai Xu\u00e2n Th\u01b0\u1edfng 7 Ph\u00f2ng<\/span><\/strong><\/span><\/p>\n<nav class=\"vietrick-auto-toc\">\n<div class=\"box-title\">\n<h3 class=\"toc-title\" id=\"select-menu\">Danh m\u1ee5c ch\u00ednh<\/h3>\n<div><ion-icon name=\"chevron-up-outline\"><\/ion-icon><\/div>\n<\/div>\n<ul class=\"toc-list\">\n<li><a href='https:\/\/dalatreview.vn\/en#1-vi-tri' class='heading-h2 toc-link smooth-scroll'>1. V\u1ecb tr\u00ed<\/a>\n<li><a href='https:\/\/dalatreview.vn\/en#2-decor' class='heading-h2 toc-link smooth-scroll'>2. Decor<\/a>\n<li><a href='https:\/\/dalatreview.vn\/en#3-dich-vu-tien-nghi' class='heading-h2 toc-link smooth-scroll'>3. D\u1ecbch v\u1ee5 &amp; Ti\u1ec7n nghi<\/a>\n<li><a href='https:\/\/dalatreview.vn\/en#4-gia-phong' class='heading-h2 toc-link smooth-scroll'>4.\u00a0Gi\u00e1 ph\u00f2ng<\/a>\n<li><a href='https:\/\/dalatreview.vn\/en#5-lien-he' class='heading-h2 toc-link smooth-scroll'>5. Li\u00ean h\u1ec7<\/a><\/ul>\n<\/ul>\n<\/li>\n<\/ul>\n<\/nav>\n<h2 id=\"1-vi-tri\"><span style=\"color: #008000;\"><strong><span style=\"font-size: 24px;\">1. V\u1ecb tr\u00ed<\/span><\/strong><\/span><\/h2>\n<p>T\u1ecda l\u1ea1c ngay v\u1ecb tr\u00ed trung t\u00e2m n\u1eb1m tr\u00ean tr\u1ee5c \u0111\u01b0\u1eddng l\u1edbn Mai Xu\u00e2n Th\u01b0\u1edfng, ph\u01b0\u1eddng 8, TP \u0110\u00e0 L\u1ea1t, v\u1edbi c\u1ea3nh \u0111\u1eb9p m\u1ed9ng m\u01a1 m\u00e0 g\u1ea7n g\u0169i, hi\u1ec7n \u0111\u1ea1i m\u00e0 c\u1ed5 k\u00ednh, con ng\u01b0\u1eddi th\u00e2n thi\u1ec7n v\u00e0 hi\u1ebfu kh\u00e1ch.<\/p>\n<p>G\u1ea7n c\u00e1c \u0111i\u1ec3m du l\u1ecbch n\u1ed5i ti\u1ebfng nh\u01b0: \u0110\u1ed3i M\u1ed9ng M\u01a1, Thung L\u0169ng T\u00ecnh Y\u00eau, V\u01b0\u1eddn D\u00e2u \u0110\u00e0 L\u1ea1t,\u2026 giao th\u00f4ng thu\u1eadn ti\u1ec7n cho vi\u1ec7c \u0111i l\u1ea1i mua s\u1eafm, \u0103n u\u1ed1ng v\u00e0 vui ch\u01a1i.<\/p>\n<p><img decoding=\"async\" class=\"aligncenter wp-image-16052 size-full\" src=\"https:\/\/dalatreview.vn\/wp-content\/uploads\/2022\/02\/villa-7-phong-mai-xuan-thuong-15-1.jpg\" alt=\"villa 7 phong mai xuan thuong\" width=\"1600\" height=\"1066\" \/><\/p>\n<h2 id=\"2-decor\"><span style=\"color: #008000;\"><strong><span style=\"font-size: 24px;\"><span class=\"_4yxo _4yxp\">2. Decor<\/span><\/span><\/strong><\/span><\/h2>\n<p>Villa 3 t\u1ea7ng tho\u00e1ng m\u00e1t v\u00e0 s\u1ea1ch s\u1ebd. Thi\u1ebft k\u1ebf theo kh\u00f4ng gian m\u1edf \u0111\u00f3n \u00e1nh s\u00e1ng t\u1ef1 nhi\u00ean + m\u00e0u g\u1ed7 c\u1ee7a n\u1ed9i th\u1ea5t mang l\u1ea1i c\u1ea3m gi\u00e1c \u1ea5m \u00e1p th\u00e2n quen nh\u01b0 ch\u00ednh ng\u1ed3i nh\u00e0 c\u1ee7a ch\u00ednh b\u1ea1n.<\/p>\n<p>S\u00e2n v\u01b0\u1eddn r\u1ed9ng r\u00e3i, c\u00f3 1 nh\u00e0 ch\u00f2i \u0111\u1ec3 u\u1ed1ng c\u00e0 ph\u00ea tr\u00f2 chuy\u1ec7n ngo\u00e0i tr\u1eddi view \u0111\u1eb9p r\u1ea5t th\u01b0 gi\u00e3n v\u00e0 tho\u1ea3i m\u00e1i c\u00f3 th\u1ec3\u00a0xua tan m\u1ecdi \u01b0u phi\u1ec1n m\u1ec7t m\u1ecfi trong cu\u1ed9c s\u1ed1ng.<\/p>\n<p>B\u01b0\u1edbc v\u00e0o nh\u00e0 b\u1ea1n s\u1ebd th\u1ea5y s\u1ef1 sang tr\u1ecdng, \u0111\u1ea7y \u0111\u1ee7 ti\u1ec7n nghi c\u1ee7a n\u00f3 c\u00f3 th\u1ec3 \u0111\u00e1p \u1ee9ng \u0111\u01b0\u1ee3c m\u1ecdi nhu c\u1ea7u c\u1ee7a b\u1ea1n c\u0169ng nh\u01b0 gia \u0111\u00ecnh mong mu\u1ed1n khi \u0111i ngh\u1ec9 d\u01b0\u1ee1ng. Decor \u0111\u01a1n gi\u1ea3n nh\u00e3 nh\u1eb7n v\u1edbi 2 gam m\u00e0u ch\u00ednh l\u00e0 tr\u1eafng v\u00e0 ghi x\u00e1m mang l\u1ea1i c\u1ea3m gi\u00e1c\u00a0 nh\u1eb9 nh\u00e0ng cho m\u1ecdi ng\u01b0\u1eddi.<\/p>\n<p><img decoding=\"async\" class=\"aligncenter wp-image-16053 size-full\" src=\"https:\/\/dalatreview.vn\/wp-content\/uploads\/2022\/02\/villa-7-phong-mai-xuan-thuong.jpg\" alt=\"villa 7 phong mai xuan thuong\" width=\"1200\" height=\"900\" \/><\/p>\n<h2 id=\"3-dich-vu-tien-nghi\"><span style=\"color: #008000;\"><strong><span style=\"font-size: 24px;\">3. D\u1ecbch v\u1ee5 &amp; Ti\u1ec7n nghi<\/span><\/strong><\/span><\/h2>\n<p>G\u1ed3m 7 ph\u00f2ng ng\u1ee7 sang tr\u1ecdng kh\u00e9p k\u00edn ho\u00e0n to\u00e0n, c\u00f3 n\u00f3ng l\u1ea1nh, \u0111\u1ea7y \u0111\u1ee7 \u0111\u1ed3 d\u00f9ng c\u00e1 nh\u00e2n c\u1ea7n thi\u1ebft.<br \/>\n1 ph\u00f2ng 1\u00a0gi\u01b0\u1eddng 2 ng\u01b0\u1eddi<br \/>\n6 ph\u00f2ng 2\u00a0gi\u01b0\u1eddng 4\u00a0ng\u01b0\u1eddi<\/p>\n<p>S\u1ee9c ch\u1ee9a 26-28 kh\u00e1ch<\/p>\n<p>&#8212;&#8212;&#8212;&#8212;&#8212;&#8212;&#8212;&#8212;&#8212;&#8212;&#8212;&#8212;&#8212;&#8212;&#8212;&#8212;&#8212;&#8212;&#8211;<\/p>\n<p>&#8211; \u0110\u1ea7y \u0111\u1ee7 ti\u1ec7n nghi nh\u01b0 \u1edf nh\u00e0. Ph\u00f2ng kh\u00e1ch c\u00f3 tivi, t\u1ee7 l\u1ea1nh, s\u00e2n v\u01b0\u1eddn r\u1ed9ng tha h\u1ed3 sinh ho\u1ea1t chung v\u1edbi nhau.<\/p>\n<p>&#8211; C\u00f3 di\u1ec7n t\u00edch \u0111\u1ec3 n\u01b0\u1edbng BBQ ngo\u00e0i tr\u1eddi tho\u00e1ng m\u00e1t.<\/p>\n<p>&#8211; C\u00f3 ch\u1ed7 \u0111\u1eadu xe m\u00e1y, xe h\u01a1i an to\u00e0n mi\u1ec5n ph\u00ed.<\/p>\n<p>&#8211; Y\u00ean t\u0129nh, an ninh 24\/24, s\u1ea1ch s\u1ebd, tho\u00e1ng m\u00e1t, view thi\u00ean nhi\u00ean si\u00eau \u0111\u1eb9p.<\/p>\n<p>&#8211; B\u1ebfp t\u1ef1 do n\u1ea5u n\u01b0\u1edbng \u0111\u1ea7y \u0111\u1ee7 d\u1ee5ng c\u1ee5 nh\u01b0 b\u1ebfp ga, l\u00f2 vi s\u00f3ng, gia v\u1ecb,&#8230;<\/p>\n<p>&#8211; Ch\u00eca kho\u00e1 trao tay tha h\u1ed3 ri\u00eang t\u01b0.<\/p>\n<p><img decoding=\"async\" class=\"aligncenter wp-image-16054 size-full\" src=\"https:\/\/dalatreview.vn\/wp-content\/uploads\/2022\/02\/villa-7-phong-mai-xuan-thuong-24.jpg\" alt=\"villa 7 phong mai xuan thuong\" width=\"1200\" height=\"900\" \/><\/p>\n<article class=\"post-content\">\n<div class=\"anh_wtm_m\">\n<div class=\"mws_content\">\n<div class=\"pt-2\">\n<article class=\"post-content\">\n<div class=\"anh_wtm_m\">\n<div class=\"mws_content\">\n<article class=\"post-content\">\n<h2 id=\"4-gia-phong\"><span style=\"color: #008000;\"><strong><span style=\"font-size: 24px;\"><span class=\"_4yxo\">4.<\/span>\u00a0Gi\u00e1 ph\u00f2ng<\/span><\/strong><\/span><\/h2>\n<p>Li\u00ean h\u1ec7 \u0111\u1ec3 \u0111\u01b0\u1ee3c \u0110\u00e0 L\u1ea1t Review t\u01b0 v\u1ea5n.<\/p>\n<h2 id=\"5-lien-he\"><span style=\"color: #008000;\">5. Li\u00ean h\u1ec7<\/span><\/h2>\n<p>Fanpage:\u00a0<a href=\"https:\/\/www.facebook.com\/booking.dalatreview.vn\/\">Booking \u0110\u00e0 L\u1ea1t \u2013 www.dalatreview.vn<\/a><\/p>\n<p>S\u0110T\/Zalo: 0988 249 297<\/p>\n<\/article>\n<\/div>\n<\/div>\n<\/article>\n<article class=\"post-content xemthem\"><\/article>\n<div id=\"comments\" class=\"comments-area\"><\/div>\n<\/div>\n<\/div>\n<\/div>\n<\/article>\n<article class=\"post-content xemthem\"><\/article>\n<div id=\"comments\" class=\"comments-area\"><\/div>","protected":false},"excerpt":{"rendered":"<p>Villa \u0110\u00e0 L\u1ea1t Mai Xu\u00e2n Th\u01b0\u1edfng 7 Ph\u00f2ng Danh m\u1ee5c ch\u00ednh 1. V\u1ecb tr\u00ed 2. Decor 3. D\u1ecbch v\u1ee5 &amp; Ti\u1ec7n nghi 4.\u00a0Gi\u00e1 ph\u00f2ng 5. Li\u00ean h\u1ec7 1. V\u1ecb tr\u00ed T\u1ecda l\u1ea1c ngay v\u1ecb tr\u00ed trung t\u00e2m n\u1eb1m tr\u00ean tr\u1ee5c \u0111\u01b0\u1eddng l\u1edbn Mai Xu\u00e2n Th\u01b0\u1edfng, ph\u01b0\u1eddng 8, TP \u0110\u00e0 L\u1ea1t, v\u1edbi c\u1ea3nh \u0111\u1eb9p m\u1ed9ng m\u01a1 [&hellip;]<\/p>","protected":false},"featured_media":16029,"comment_status":"open","ping_status":"closed","template":"","meta":{"_acf_changed":false,"rank_math_lock_modified_date":false},"product_cat":[29,2263,45],"product_tag":[],"acf":[],"_links":{"self":[{"href":"https:\/\/dalatreview.vn\/en\/wp-json\/wp\/v2\/product\/16028"}],"collection":[{"href":"https:\/\/dalatreview.vn\/en\/wp-json\/wp\/v2\/product"}],"about":[{"href":"https:\/\/dalatreview.vn\/en\/wp-json\/wp\/v2\/types\/product"}],"replies":[{"embeddable":true,"href":"https:\/\/dalatreview.vn\/en\/wp-json\/wp\/v2\/comments?post=16028"}],"wp:featuredmedia":[{"embeddable":true,"href":"https:\/\/dalatreview.vn\/en\/wp-json\/wp\/v2\/media\/16029"}],"wp:attachment":[{"href":"https:\/\/dalatreview.vn\/en\/wp-json\/wp\/v2\/media?parent=16028"}],"wp:term":[{"taxonomy":"product_cat","embeddable":true,"href":"https:\/\/dalatreview.vn\/en\/wp-json\/wp\/v2\/product_cat?post=16028"},{"taxonomy":"product_tag","embeddable":true,"href":"https:\/\/dalatreview.vn\/en\/wp-json\/wp\/v2\/product_tag?post=16028"}],"curies":[{"name":"wp","href":"https:\/\/api.w.org\/{rel}","templated":true}]}}