
{"id":16004,"date":"2022-02-25T17:18:19","date_gmt":"2022-02-25T10:18:19","guid":{"rendered":"https:\/\/dalatreview.vn\/?p=16004"},"modified":"2024-07-11T10:56:48","modified_gmt":"2024-07-11T03:56:48","slug":"villa-da-lat-ha-huy-tap-7-phong","status":"publish","type":"product","link":"https:\/\/dalatreview.vn\/en\/villa-da-lat-ha-huy-tap-7-phong.html","title":{"rendered":"Villa \u0110\u00e0 L\u1ea1t H\u00e0 Huy T\u1eadp 7 Ph\u00f2ng"},"content":{"rendered":"<p style=\"text-align: center;\"><span style=\"color: #008000;\"><strong><span style=\"font-size: 24px;\">Villa \u0110\u00e0 L\u1ea1t H\u00e0 Huy T\u1eadp 7 Ph\u00f2ng <\/span><\/strong><\/span><\/p>\n<nav class=\"vietrick-auto-toc\">\n<div class=\"box-title\">\n<h3 class=\"toc-title\" id=\"select-menu\">Danh m\u1ee5c ch\u00ednh<\/h3>\n<div><ion-icon name=\"chevron-up-outline\"><\/ion-icon><\/div>\n<\/div>\n<ul class=\"toc-list\">\n<li><a href='https:\/\/dalatreview.vn\/en#1-vi-tri' class='heading-h2 toc-link smooth-scroll'>1. V\u1ecb tr\u00ed<\/a>\n<li><a href='https:\/\/dalatreview.vn\/en#2-decor' class='heading-h2 toc-link smooth-scroll'>2. Decor<\/a>\n<li><a href='https:\/\/dalatreview.vn\/en#3-dich-vu-tien-nghi' class='heading-h2 toc-link smooth-scroll'>3. D\u1ecbch v\u1ee5 &amp; Ti\u1ec7n nghi<\/a>\n<li><a href='https:\/\/dalatreview.vn\/en#4-gia-phong' class='heading-h2 toc-link smooth-scroll'>4.\u00a0Gi\u00e1 ph\u00f2ng<\/a>\n<li><a href='https:\/\/dalatreview.vn\/en#5-lien-he' class='heading-h2 toc-link smooth-scroll'>5. Li\u00ean h\u1ec7<\/a><\/ul>\n<\/ul>\n<\/li>\n<\/ul>\n<\/nav>\n<h2 id=\"1-vi-tri\"><span style=\"color: #008000;\"><strong><span style=\"font-size: 24px;\">1. V\u1ecb tr\u00ed<\/span><\/strong><\/span><\/h2>\n<p>Villa n\u1eb1m \u1edf \u0111\u01b0\u1eddng H\u00e0 Huy T\u1eadp, Ph\u01b0\u1eddng 3, TP \u0110\u00e0 L\u1ea1t.Ch\u1ec9 c\u00e1ch ch\u1ee3 5 ph\u00fat ch\u1ea1y xe.\u00a0L\u00e0 \u0111i\u1ec3m g\u1eafn li\u1ec1n v\u1edbi du kh\u00e1ch khi tham quan du l\u1ecbch \u1edf x\u1ee9 s\u1edf s\u01b0\u01a1ng m\u00f9\u00a0nh\u1edd giao th\u00f4ng thu\u1eadn ti\u1ec7n v\u00e0 h\u1ed9i t\u1ee5 \u0111\u1ee7 c\u00e1c y\u1ebfu t\u1ed1 t\u1ef1 nhi\u00ean c\u00f9ng\u00a0nhu c\u1ea7u v\u1ec1 \u0103n u\u1ed1ng, mua s\u1eafm c\u1ee7a c\u00e1c b\u1ea1n.<\/p>\n<p><img decoding=\"async\" class=\"alignnone wp-image-16022 size-full\" src=\"https:\/\/dalatreview.vn\/wp-content\/uploads\/2022\/02\/villa-7-phong-ha-huy-tap-25.jpg\" alt=\"villa 7 phong ha huy tap\" width=\"1600\" height=\"1200\" \/><\/p>\n<h2 id=\"2-decor\"><span style=\"color: #008000;\"><strong><span style=\"font-size: 24px;\"><span class=\"_4yxo _4yxp\">2. Decor<\/span><\/span><\/strong><\/span><\/h2>\n<p>Villa 2 t\u1ea7ng r\u1ed9ng l\u1edbn m\u1edbi toanh, nh\u00ecn r\u1ea5t sang tr\u1ecdng l\u1ecbch s\u1ef1 v\u00e0 m\u00e1t m\u1ebb.<\/p>\n<p>S\u00e2n v\u01b0\u1eddn kh\u00e1 r\u1ed9ng, n\u1ed9i th\u1ea5t cao c\u1ea5p \u0111\u1ea7y \u0111\u1ee7 ti\u1ec7n nghi, m\u1ed7i ph\u00f2ng s\u1ebd \u0111\u01b0\u1ee3c decor 1 tone m\u00e0u kh\u00e1c nhau: h\u1ed3ng, xanh, \u0111en, ghi x\u00e1m,&#8230;\u00a0mang l\u1ea1i nhi\u1ec1u cung b\u1eadc c\u1ea3m x\u00fac v\u00e0 nhi\u1ec1u s\u1ef1 m\u1edbi m\u1ebb h\u01a1n cho ng\u00f4i nh\u00e0.<\/p>\n<p>C\u00f3 khu v\u1ef1c sinh ho\u1ea1t chung v\u00e0 ri\u00eang t\u01b0 cho t\u1ea5t c\u1ea3 c\u00e1c th\u00e0nh vi\u00ean.<\/p>\n<p><img decoding=\"async\" class=\"aligncenter wp-image-16023 size-full\" src=\"https:\/\/dalatreview.vn\/wp-content\/uploads\/2022\/02\/villa-7-phong-ha-huy-tap.jpg\" alt=\"villa 7 phong ha huy tap\" width=\"1200\" height=\"900\" \/><\/p>\n<h2 id=\"3-dich-vu-tien-nghi\"><span style=\"color: #008000;\"><strong><span style=\"font-size: 24px;\">3. D\u1ecbch v\u1ee5 &amp; Ti\u1ec7n nghi<\/span><\/strong><\/span><\/h2>\n<p>G\u1ed3m 7 ph\u00f2ng ng\u1ee7 sang tr\u1ecdng kh\u00e9p k\u00edn, c\u00f3 n\u00f3ng l\u1ea1nh v\u00e0 \u0111\u1ea7y \u0111\u1ee7 \u0111\u1ed3 d\u00f9ng c\u00e1 nh\u00e2n.<br \/>\n5 ph\u00f2ng 1\u00a0gi\u01b0\u1eddng 2 ng\u01b0\u1eddi<br \/>\n2 ph\u00f2ng 2\u00a0gi\u01b0\u1eddng 4\u00a0ng\u01b0\u1eddi<\/p>\n<p>S\u1ee9c ch\u1ee9a 18-20\u00a0kh\u00e1ch<\/p>\n<p>&#8212;&#8212;&#8212;&#8212;&#8212;&#8212;&#8212;&#8212;&#8212;&#8212;&#8212;&#8212;&#8212;&#8212;&#8212;&#8212;&#8212;&#8212;&#8211;<\/p>\n<p>&#8211; \u0110\u1ea7y \u0111\u1ee7 ti\u1ec7n nghi nh\u01b0 \u1edf nh\u00e0. Ph\u00f2ng kh\u00e1ch c\u00f3 tivi, t\u1ee7 l\u1ea1nh, b\u00e0n gh\u1ebf cao c\u1ea5p.<\/p>\n<p>&#8211; C\u00f3 di\u1ec7n t\u00edch \u0111\u1ec3 n\u01b0\u1edbng BBQ ngo\u00e0i tr\u1eddi.<\/p>\n<p>&#8211; C\u00f3 ch\u1ed7 \u0111\u1eadu xe m\u00e1y, xe h\u01a1i an to\u00e0n.<\/p>\n<p>&#8211; Y\u00ean t\u0129nh, an ninh 24\/24, s\u1ea1ch s\u1ebd, tho\u00e1ng m\u00e1t, view thi\u00ean nhi\u00ean si\u00eau \u0111\u1eb9p.<\/p>\n<p>&#8211; B\u1ebfp t\u1ef1 do n\u1ea5u n\u01b0\u1edbng d\u1ea7y \u0111\u1ee7 d\u1ee5ng c\u1ee5 v\u00e0 gia v\u1ecb n\u1ea5u \u0103n.<\/p>\n<p>&#8211; Ch\u00eca kho\u00e1 trao tay tha h\u1ed3 ri\u00eang t\u01b0.<\/p>\n<p><img decoding=\"async\" class=\"aligncenter wp-image-16024 size-full\" src=\"https:\/\/dalatreview.vn\/wp-content\/uploads\/2022\/02\/villa-7-phong-ha-huy-tap-30.jpg\" alt=\"villa 7 phong ha huy tap\" width=\"1200\" height=\"900\" \/><\/p>\n<div class=\"pt-2\">\n<article class=\"post-content\">\n<div class=\"anh_wtm_m\">\n<div class=\"mws_content\">\n<article class=\"post-content\">\n<div class=\"anh_wtm_m\">\n<div class=\"mws_content\">\n<article class=\"post-content\">\n<div class=\"anh_wtm_m\">\n<div class=\"mws_content\">\n<article class=\"post-content\">\n<div class=\"anh_wtm_m\">\n<div class=\"mws_content\">\n<article class=\"post-content\">\n<h2 id=\"4-gia-phong\"><span style=\"color: #008000;\"><strong><span style=\"font-size: 24px;\"><span class=\"_4yxo\">4.<\/span>\u00a0Gi\u00e1 ph\u00f2ng<\/span><\/strong><\/span><\/h2>\n<p>Li\u00ean h\u1ec7 \u0111\u1ec3 \u0111\u01b0\u1ee3c \u0110\u00e0 L\u1ea1t Review t\u01b0 v\u1ea5n.<\/p>\n<h2 id=\"5-lien-he\"><span style=\"color: #008000;\">5. Li\u00ean h\u1ec7<\/span><\/h2>\n<p>Fanpage:\u00a0<a href=\"https:\/\/www.facebook.com\/booking.dalatreview.vn\/\">Booking \u0110\u00e0 L\u1ea1t \u2013 www.dalatreview.vn<\/a><\/p>\n<p>S\u0110T\/Zalo: 0988 249 297<\/p>\n<\/article>\n<\/div>\n<\/div>\n<\/article>\n<article class=\"post-content xemthem\"><\/article>\n<div id=\"comments\" class=\"comments-area\"><\/div>\n<\/div>\n<\/div>\n<\/article>\n<article class=\"post-content xemthem\"><\/article>\n<div id=\"comments\" class=\"comments-area\"><\/div>\n<\/div>\n<\/div>\n<\/article>\n<article class=\"post-content xemthem\"><\/article>\n<div id=\"comments\" class=\"comments-area\"><\/div>\n<\/div>\n<\/div>\n<\/article>\n<article class=\"post-content xemthem\"><\/article>\n<div id=\"comments\" class=\"comments-area\"><\/div>\n<\/div>","protected":false},"excerpt":{"rendered":"<p>Villa \u0110\u00e0 L\u1ea1t H\u00e0 Huy T\u1eadp 7 Ph\u00f2ng Danh m\u1ee5c ch\u00ednh 1. V\u1ecb tr\u00ed 2. Decor 3. D\u1ecbch v\u1ee5 &amp; Ti\u1ec7n nghi 4.\u00a0Gi\u00e1 ph\u00f2ng 5. Li\u00ean h\u1ec7 1. V\u1ecb tr\u00ed Villa n\u1eb1m \u1edf \u0111\u01b0\u1eddng H\u00e0 Huy T\u1eadp, Ph\u01b0\u1eddng 3, TP \u0110\u00e0 L\u1ea1t.Ch\u1ec9 c\u00e1ch ch\u1ee3 5 ph\u00fat ch\u1ea1y xe.\u00a0L\u00e0 \u0111i\u1ec3m g\u1eafn li\u1ec1n v\u1edbi du kh\u00e1ch khi [&hellip;]<\/p>","protected":false},"featured_media":16005,"comment_status":"open","ping_status":"closed","template":"","meta":{"_acf_changed":false,"rank_math_lock_modified_date":false},"product_cat":[29,2263,45],"product_tag":[],"acf":[],"_links":{"self":[{"href":"https:\/\/dalatreview.vn\/en\/wp-json\/wp\/v2\/product\/16004"}],"collection":[{"href":"https:\/\/dalatreview.vn\/en\/wp-json\/wp\/v2\/product"}],"about":[{"href":"https:\/\/dalatreview.vn\/en\/wp-json\/wp\/v2\/types\/product"}],"replies":[{"embeddable":true,"href":"https:\/\/dalatreview.vn\/en\/wp-json\/wp\/v2\/comments?post=16004"}],"wp:featuredmedia":[{"embeddable":true,"href":"https:\/\/dalatreview.vn\/en\/wp-json\/wp\/v2\/media\/16005"}],"wp:attachment":[{"href":"https:\/\/dalatreview.vn\/en\/wp-json\/wp\/v2\/media?parent=16004"}],"wp:term":[{"taxonomy":"product_cat","embeddable":true,"href":"https:\/\/dalatreview.vn\/en\/wp-json\/wp\/v2\/product_cat?post=16004"},{"taxonomy":"product_tag","embeddable":true,"href":"https:\/\/dalatreview.vn\/en\/wp-json\/wp\/v2\/product_tag?post=16004"}],"curies":[{"name":"wp","href":"https:\/\/api.w.org\/{rel}","templated":true}]}}