
{"id":15939,"date":"2022-02-25T16:15:38","date_gmt":"2022-02-25T09:15:38","guid":{"rendered":"https:\/\/dalatreview.vn\/?p=15939"},"modified":"2024-07-11T10:56:50","modified_gmt":"2024-07-11T03:56:50","slug":"villa-da-lat-tran-dai-nghia-7-phong-4","status":"publish","type":"product","link":"https:\/\/dalatreview.vn\/en\/villa-da-lat-tran-dai-nghia-7-phong-4.html","title":{"rendered":"Villa \u0110\u00e0 L\u1ea1t Tr\u1ea7n \u0110\u1ea1i Ngh\u0129a 7 Ph\u00f2ng"},"content":{"rendered":"<p style=\"text-align: center;\"><span style=\"font-size: 24px; color: #008000;\"><strong>Villa \u0110\u00e0 L\u1ea1t Tr\u1ea7n \u0110\u1ea1i Ngh\u0129a 7 Ph\u00f2ng<\/strong><\/span><\/p>\n<nav class=\"vietrick-auto-toc\">\n<div class=\"box-title\">\n<h3 class=\"toc-title\" id=\"select-menu\">Danh m\u1ee5c ch\u00ednh<\/h3>\n<div><ion-icon name=\"chevron-up-outline\"><\/ion-icon><\/div>\n<\/div>\n<ul class=\"toc-list\">\n<li><a href='https:\/\/dalatreview.vn\/en#1-vi-tri' class='heading-h2 toc-link smooth-scroll'>1. V\u1ecb tr\u00ed<\/a>\n<li><a href='https:\/\/dalatreview.vn\/en#4-gia-phong' class='heading-h2 toc-link smooth-scroll'>4.\u00a0Gi\u00e1 ph\u00f2ng<\/a>\n<li><a href='https:\/\/dalatreview.vn\/en#5-lien-he' class='heading-h2 toc-link smooth-scroll'>5. Li\u00ean h\u1ec7<\/a><\/ul>\n<\/ul>\n<\/li>\n<\/ul>\n<\/nav>\n<h2 id=\"1-vi-tri\"><span style=\"font-size: 24px; color: #008000;\"><strong>1. V\u1ecb tr\u00ed<\/strong><\/span><\/h2>\n<p>Villa Tr\u1ea7n \u0110\u1ea1i Ngh\u0129a n\u1eb1m \u1edf khu v\u1ef1c trung t\u00e2m, t\u1ecda l\u1ea1c t\u1ea1i ph\u01b0\u1eddng 8, TP \u0110\u00e0 L\u1ea1t. Giao th\u00f4ng thu\u1eadn ti\u1ec7n, ch\u1ec9 c\u00e1ch ch\u1ee3 5 ph\u00fat ch\u1ea1y xe, c\u00e1ch v\u01b0\u1eddn hoa th\u00e0nh ph\u1ed1 1,5km v\u00e0 g\u1ea7n v\u1edbi qu\u1ea3ng tr\u01b0\u1eddng. N\u01a1i \u0111\u00e2y t\u1eadp h\u1ee3p nhi\u1ec1u \u0111i\u1ec3m \u0103n u\u1ed1ng ngon, mua s\u1eafm r\u1ebb \u0111\u1eb9p v\u00e0 c\u00e1c \u0111i\u1ec3m tham quan g\u00fat ch\u00f3p\u2026 lu\u00f4n \u0111\u1ea5y nh\u00e9 !<\/p>\n<p><img decoding=\"async\" class=\"aligncenter wp-image-15952 size-full\" src=\"https:\/\/dalatreview.vn\/wp-content\/uploads\/2022\/02\/villa-7-phong-tran-dai-nghia-18-3.jpg\" alt=\"villa 7 phong tran dai nghia\" width=\"1080\" height=\"1349\" \/><\/p>\n<p><span style=\"font-size: 24px; color: #008000;\"><strong><span class=\"_4yxo _4yxp\">2. Decor<\/span><\/strong><\/span><\/p>\n<p>Villa thi\u1ebft k\u1ebf x\u00e2y d\u1ef1ng theo phong c\u00e1ch Ch\u00e2u \u00c2u c\u1ef1c k\u1ef3 sang ch\u1ea3nh v\u1edbi 2 tone m\u00e0u tr\u1eafng \u0111en. Kh\u00f4ng gian m\u1edf v\u1edbi khung c\u1eeda k\u00ednh \u0111\u00f3n \u00e1nh s\u00e1ng t\u1ef1 nhi\u00ean trong l\u00e0nh, tho\u00e1ng m\u00e1t. N\u1ed9i th\u1ea5t cao c\u1ea5p v\u00e0 \u0111\u1ea7y \u0111\u1ee7 ti\u1ec7n nghi \u0111\u00e1p \u1ee9ng \u0111\u1ee7 m\u1ecdi nhu c\u1ea7u m\u00e0 b\u1ea1n c\u1ea7n. C\u00f3 khu v\u1ef1c sinh ho\u1ea1t chung v\u00e0 ri\u00eang d\u00e0nh cho t\u1ea5t c\u1ea3 c\u00e1c th\u00e0nh vi\u00ean trong \u0111o\u00e0n v\u00ec v\u1eady \u0111\u00e2y ch\u00ednh l\u00e0 l\u1ef1a ch\u1ecdn tuy\u1ec7t v\u1eddi nh\u1ea5t khi \u0111\u1ebfn \u0110\u00e0 L\u1ea1t du l\u1ecbch \u0111\u1ea5y nh\u00e9 !<\/p>\n<p><img decoding=\"async\" class=\"aligncenter wp-image-15962 size-full\" src=\"https:\/\/dalatreview.vn\/wp-content\/uploads\/2022\/02\/villa-6-phong-tran-dai-nghia-1.jpg\" alt=\"villa 7 phong tran dai nghia\" width=\"1200\" height=\"900\" \/><\/p>\n<p><span style=\"font-size: 24px; color: #008000;\"><strong>3. D\u1ecbch v\u1ee5 &amp; Ti\u1ec7n nghi<\/strong><\/span><\/p>\n<div class=\"pt-2\">\n<p>G\u1ed3m 7 ph\u00f2ng ng\u1ee7 sang tr\u1ecdng kh\u00e9p k\u00edn, c\u00f3 n\u00f3ng l\u1ea1nh, ph\u00f2ng t\u1eafm, wc, \u0111\u1ea7y \u0111\u1ee7 \u0111\u1ed3 d\u00f9ng c\u00e1 nh\u00e2n c\u1ea7n thi\u1ebft.<br \/>\n3 ph\u00f2ng 1 gi\u01b0\u1eddng 2\u00a0ng\u01b0\u1eddi<br \/>\n2 ph\u00f2ng 2 gi\u01b0\u1eddng 4\u00a0ng\u01b0\u1eddi<br \/>\n2 ph\u00f2ng gia \u0111\u00ecnh 6-8 ng\u01b0\u1eddi<\/p>\n<p>S\u1ee9c ch\u1ee9a 20- 24 kh\u00e1ch<\/p>\n<p>&#8212;&#8212;&#8212;&#8212;&#8212;&#8212;&#8212;&#8212;&#8212;&#8212;&#8212;&#8212;&#8212;&#8212;&#8212;&#8212;&#8212;&#8212;&#8211;<\/p>\n<p>&#8211; \u0110\u1ea7y \u0111\u1ee7 ti\u1ec7n nghi nh\u01b0 \u1edf nh\u00e0. Ph\u00f2ng kh\u00e1ch r\u1ed9ng r\u00e3i, c\u00f3 l\u00f2 s\u01b0\u1edfi, n\u1ed9i th\u1ea5t cao c\u1ea5p, tivi, internet, wifi mi\u1ec5n ph\u00ed.<\/p>\n<p>&#8211; C\u00f3 di\u1ec7n t\u00edch \u0111\u1ec3 n\u01b0\u1edbng BBQ.<\/p>\n<p>&#8211; C\u00f3 ch\u1ed7 \u0111\u1eadu xe m\u00e1y, xe h\u01a1i an to\u00e0n.<\/p>\n<p>&#8211; Y\u00ean t\u0129nh, an ninh 24\/24, s\u1ea1ch s\u1ebd, tho\u00e1ng m\u00e1t, view thi\u00ean nhi\u00ean si\u00eau \u0111\u1eb9p.<\/p>\n<p>&#8211; B\u1ebfp t\u1ef1 do n\u1ea5u n\u01b0\u1edbng \u0111\u1ea7y \u0111\u1ee7 \u0111\u1ed3 d\u00f9ng, d\u1ee5ng c\u1ee5 n\u1ea5u \u0103n.<\/p>\n<p>&#8211; Ch\u00eca kho\u00e1 trao tay tha h\u1ed3 ri\u00eang t\u01b0.<\/p>\n<p><img decoding=\"async\" class=\"aligncenter wp-image-15960 size-full\" src=\"https:\/\/dalatreview.vn\/wp-content\/uploads\/2022\/02\/villa-7-phong-tran-dai-nghia-1-8.jpg\" alt=\"villa 7 phong tran dai nghia\" width=\"1200\" height=\"900\" \/><\/p>\n<\/div>\n<article class=\"post-content\">\n<div class=\"anh_wtm_m\">\n<div class=\"mws_content\">\n<div class=\"pt-2\">\n<article class=\"post-content\">\n<div class=\"anh_wtm_m\">\n<div class=\"mws_content\">\n<div class=\"pt-2\">\n<article class=\"post-content\">\n<div class=\"anh_wtm_m\">\n<div class=\"mws_content\">\n<div class=\"pt-2\">\n<article class=\"post-content\">\n<div class=\"anh_wtm_m\">\n<div class=\"mws_content\">\n<div class=\"pt-2\">\n<article class=\"post-content\">\n<div class=\"anh_wtm_m\">\n<div class=\"mws_content\">\n<div class=\"wpb_column vc_column_container vc_col-sm-12 vc_column\">\n<div class=\"vc_column-inner\">\n<div class=\"wpb_wrapper\">\n<div class=\"wpb_text_column wpb_content_element vc_column_text\">\n<div class=\"wpb_wrapper\">\n<div class=\"pt-2\">\n<article class=\"post-content\">\n<div class=\"anh_wtm_m\">\n<div class=\"mws_content\">\n<article class=\"post-content\">\n<div class=\"anh_wtm_m\">\n<div class=\"mws_content\">\n<div class=\"pt-2\">\n<article class=\"post-content\">\n<div class=\"anh_wtm_m\">\n<div class=\"mws_content\">\n<article class=\"post-content\">\n<h2 id=\"4-gia-phong\"><span style=\"font-size: 24px; color: #008000;\"><strong><span class=\"_4yxo\">4.<\/span>\u00a0Gi\u00e1 ph\u00f2ng<\/strong><\/span><\/h2>\n<p>Li\u00ean h\u1ec7 \u0111\u1ec3 \u0111\u01b0\u1ee3c \u0110\u00e0 L\u1ea1t Review t\u01b0 v\u1ea5n.<\/p>\n<h2 id=\"5-lien-he\"><span style=\"color: #008000;\">5. Li\u00ean h\u1ec7<\/span><\/h2>\n<p>Fanpage:\u00a0<a href=\"https:\/\/www.facebook.com\/booking.dalatreview.vn\/\">Booking \u0110\u00e0 L\u1ea1t \u2013 www.dalatreview.vn<\/a><\/p>\n<p>S\u0110T\/Zalo: 0988 249 297<\/p>\n<\/article>\n<\/div>\n<\/div>\n<\/article>\n<article class=\"post-content xemthem\"><\/article>\n<div id=\"comments\" class=\"comments-area\"><\/div>\n<\/div>\n<\/div>\n<\/div>\n<\/article>\n<article class=\"post-content xemthem\"><\/article>\n<div id=\"comments\" class=\"comments-area\"><\/div>\n<\/div>\n<\/div>\n<\/article>\n<article class=\"post-content xemthem\"><\/article>\n<div id=\"comments\" class=\"comments-area\"><\/div>\n<\/div>\n<\/div>\n<\/div>\n<\/div>\n<\/div>\n<\/div>\n<\/div>\n<\/div>\n<\/article>\n<article class=\"post-content xemthem\"><\/article>\n<div id=\"comments\" class=\"comments-area\"><\/div>\n<\/div>\n<\/div>\n<\/div>\n<\/article>\n<article class=\"post-content xemthem\"><\/article>\n<div id=\"comments\" class=\"comments-area\"><\/div>\n<\/div>\n<\/div>\n<\/div>\n<\/article>\n<article class=\"post-content xemthem\"><\/article>\n<div id=\"comments\" class=\"comments-area\"><\/div>\n<\/div>\n<\/div>\n<\/div>\n<\/article>\n<article class=\"post-content xemthem\"><\/article>\n<div id=\"comments\" class=\"comments-area\"><\/div>\n<\/div>\n<\/div>\n<\/div>\n<\/article>\n<article class=\"post-content xemthem\"><\/article>\n<div id=\"comments\" class=\"comments-area\"><\/div>","protected":false},"excerpt":{"rendered":"<p>Villa \u0110\u00e0 L\u1ea1t Tr\u1ea7n \u0110\u1ea1i Ngh\u0129a 7 Ph\u00f2ng Danh m\u1ee5c ch\u00ednh 1. V\u1ecb tr\u00ed 4.\u00a0Gi\u00e1 ph\u00f2ng 5. Li\u00ean h\u1ec7 1. V\u1ecb tr\u00ed Villa Tr\u1ea7n \u0110\u1ea1i Ngh\u0129a n\u1eb1m \u1edf khu v\u1ef1c trung t\u00e2m, t\u1ecda l\u1ea1c t\u1ea1i ph\u01b0\u1eddng 8, TP \u0110\u00e0 L\u1ea1t. Giao th\u00f4ng thu\u1eadn ti\u1ec7n, ch\u1ec9 c\u00e1ch ch\u1ee3 5 ph\u00fat ch\u1ea1y xe, c\u00e1ch v\u01b0\u1eddn hoa th\u00e0nh [&hellip;]<\/p>","protected":false},"featured_media":15951,"comment_status":"open","ping_status":"closed","template":"","meta":{"_acf_changed":false,"rank_math_lock_modified_date":false},"product_cat":[29,2263,45],"product_tag":[],"acf":[],"_links":{"self":[{"href":"https:\/\/dalatreview.vn\/en\/wp-json\/wp\/v2\/product\/15939"}],"collection":[{"href":"https:\/\/dalatreview.vn\/en\/wp-json\/wp\/v2\/product"}],"about":[{"href":"https:\/\/dalatreview.vn\/en\/wp-json\/wp\/v2\/types\/product"}],"replies":[{"embeddable":true,"href":"https:\/\/dalatreview.vn\/en\/wp-json\/wp\/v2\/comments?post=15939"}],"wp:featuredmedia":[{"embeddable":true,"href":"https:\/\/dalatreview.vn\/en\/wp-json\/wp\/v2\/media\/15951"}],"wp:attachment":[{"href":"https:\/\/dalatreview.vn\/en\/wp-json\/wp\/v2\/media?parent=15939"}],"wp:term":[{"taxonomy":"product_cat","embeddable":true,"href":"https:\/\/dalatreview.vn\/en\/wp-json\/wp\/v2\/product_cat?post=15939"},{"taxonomy":"product_tag","embeddable":true,"href":"https:\/\/dalatreview.vn\/en\/wp-json\/wp\/v2\/product_tag?post=15939"}],"curies":[{"name":"wp","href":"https:\/\/api.w.org\/{rel}","templated":true}]}}