
{"id":15861,"date":"2022-02-25T11:04:34","date_gmt":"2022-02-25T04:04:34","guid":{"rendered":"https:\/\/dalatreview.vn\/?p=15861"},"modified":"2024-07-11T10:56:54","modified_gmt":"2024-07-11T03:56:54","slug":"villa-vip-da-lat-van-hanh-7-phong","status":"publish","type":"product","link":"https:\/\/dalatreview.vn\/en\/villa-vip-da-lat-van-hanh-7-phong.html","title":{"rendered":"Villa Vip \u0110\u00e0 L\u1ea1t V\u1ea1n H\u1ea1nh 7 Ph\u00f2ng"},"content":{"rendered":"<p style=\"text-align: center;\"><span style=\"color: #008000;\"><strong><span style=\"font-size: 24px;\">Villa Vip \u0110\u00e0 L\u1ea1t V\u1ea1n H\u1ea1nh 7 Ph\u00f2ng <\/span><\/strong><\/span><\/p>\n<nav class=\"vietrick-auto-toc\">\n<div class=\"box-title\">\n<h3 class=\"toc-title\" id=\"select-menu\">Danh m\u1ee5c ch\u00ednh<\/h3>\n<div><ion-icon name=\"chevron-up-outline\"><\/ion-icon><\/div>\n<\/div>\n<ul class=\"toc-list\">\n<li><a href='https:\/\/dalatreview.vn\/en#1-vi-tri' class='heading-h2 toc-link smooth-scroll'>1. V\u1ecb tr\u00ed<\/a>\n<li><a href='https:\/\/dalatreview.vn\/en#2-decor' class='heading-h2 toc-link smooth-scroll'>2. Decor<\/a>\n<li><a href='https:\/\/dalatreview.vn\/en#4-gia-phong' class='heading-h2 toc-link smooth-scroll'>4.\u00a0Gi\u00e1 ph\u00f2ng<\/a>\n<li><a href='https:\/\/dalatreview.vn\/en#5-lien-he' class='heading-h2 toc-link smooth-scroll'>5. Li\u00ean h\u1ec7<\/a><\/ul>\n<\/ul>\n<\/li>\n<\/ul>\n<\/nav>\n<h2 id=\"1-vi-tri\"><span style=\"color: #008000;\"><strong><span style=\"font-size: 24px;\">1. V\u1ecb tr\u00ed<\/span><\/strong><\/span><\/h2>\n<p><strong>Villa vip V\u1ea1n H\u1ea1nh<\/strong> t\u1ecda l\u1ea1c t\u1ea1i <strong>ph\u01b0\u1eddng 8, TP \u0110\u00e0 L\u1ea1t<\/strong>. N\u1eb1m g\u1ea7n khu v\u1ef1c trung t\u00e2m, c\u00e1ch ch\u1ee3 v\u00e0 qu\u1ea3ng tr\u01b0\u1eddng r\u1ea5t g\u1ea7n.<\/p>\n<p>N\u01a1i \u0111\u00e2y h\u1ed9i t\u1ee5 r\u1ea5t nhi\u1ec1u \u01b0u \u0111i\u1ec3m tuy\u1ec7t v\u1eddi \u0111\u1ec3 b\u1ea1n l\u1ef1a ch\u1ecdn nh\u01b0 g\u1ea7n c\u00e1c \u0111i\u1ec3m mua s\u1eafm, \u0103n u\u1ed1ng, vui ch\u01a1i v\u00e0 tham quan du l\u1ecbch. H\u01a1n h\u1ebft giao th\u00f4ng l\u1ea1i v\u00f4 c\u00f9ng thu\u1eadn ti\u1ec7n cho vi\u1ec7c di chuy\u1ec3n n\u1eefa \u0111\u1ea5y.<\/p>\n<p><img decoding=\"async\" class=\"aligncenter wp-image-15878 size-full\" src=\"https:\/\/dalatreview.vn\/wp-content\/uploads\/2022\/02\/villa-7-phong-van-hanh-14-1.jpg\" alt=\"villa 7 phong van hanh\" width=\"960\" height=\"720\" \/><\/p>\n<h2 id=\"2-decor\"><span style=\"color: #008000;\"><strong><span style=\"font-size: 24px;\"><span class=\"_4yxo _4yxp\">2. Decor<\/span><\/span><\/strong><\/span><\/h2>\n<p>Villa c\u00f3 thi\u1ebft k\u1ebf c\u1ef1c k\u00ec \u0111\u1eb7c bi\u1ec7t, ph\u1ed1i h\u1ee3p gi\u1eefa Ch\u00e2u \u00c2u v\u00e0 Ch\u00e2u \u00c1 t\u1ea1o n\u00ean s\u1ef1 m\u1edbi m\u1ebb, l\u1ea1 l\u00f9ng cho du kh\u00e1ch khi l\u1ea7n \u0111\u1ea7u \u0111\u1ebfn \u0111\u00e2y.<\/p>\n<p>M\u1ed7i ph\u00f2ng s\u1ebd c\u00f3 1 decor kh\u00e1c nhau, c\u00f3 r\u1ea5t r\u1ea5t nhi\u1ec1u g\u00f3c checkin s\u1ed1ng \u1ea3o m\u00e0 kh\u00f4ng ph\u1ea3i \u0111i \u0111\u00e2u xa.<\/p>\n<p>\u0110\u01b0\u1ee3c x\u00e2y d\u1ef1ng theo kh\u00f4ng gian m\u1edf khi\u1ebfn ng\u00f4i nh\u00e0 lu\u00f4n tho\u00e1ng m\u00e1t, s\u1ea1ch s\u1ebd v\u00e0 g\u1ecdn g\u00e0ng. N\u1ed9i th\u1ea5t cao c\u1ea5p \u0111\u00e1p \u1ee9ng \u0111\u1ee7 m\u1ecdi nhu c\u1ea7u m\u00e0 b\u1ea1n mong mu\u1ed1n. C\u00f3 khu v\u1ef1c sinh ho\u1ea1t chung v\u00e0 ri\u00eang d\u00e0nh cho t\u1ea5t c\u1ea3 c\u00e1c th\u00e0nh vi\u00ean.<\/p>\n<p><img decoding=\"async\" class=\"aligncenter wp-image-15879 size-full\" src=\"https:\/\/dalatreview.vn\/wp-content\/uploads\/2022\/02\/villa-7-phong-van-hanh.jpg\" alt=\"villa 7 phong van hanh\" width=\"1200\" height=\"900\" \/><\/p>\n<p><span style=\"color: #008000;\"><strong><span style=\"font-size: 24px;\">3. D\u1ecbch v\u1ee5 &amp; Ti\u1ec7n nghi<\/span><\/strong><\/span><\/p>\n<p>G\u1ed3m 7 ph\u00f2ng ng\u1ee7 sang tr\u1ecdng kh\u00e9p k\u00edn.<br \/>\n7 ph\u00f2ng 1\u00a0gi\u01b0\u1eddng 2 ng\u01b0\u1eddi<\/p>\n<p>S\u1ee9c ch\u1ee9a 14-16 kh\u00e1ch<\/p>\n<p>&nbsp;<\/p>\n<p>&#8211; \u0110\u1ea7y \u0111\u1ee7 ti\u1ec7n nghi nh\u01b0 \u1edf nh\u00e0.<\/p>\n<p>&#8211; C\u00f3 di\u1ec7n t\u00edch \u0111\u1ec3 n\u01b0\u1edbng BBQ.<\/p>\n<p>&#8211; C\u00f3 ch\u1ed7 \u0111\u1eadu xe m\u00e1y, xe h\u01a1i an to\u00e0n.<\/p>\n<p>&#8211; Y\u00ean t\u0129nh, an ninh 24\/24, s\u1ea1ch s\u1ebd, tho\u00e1ng m\u00e1t, view thi\u00ean nhi\u00ean si\u00eau \u0111\u1eb9p.<\/p>\n<p>&#8211; B\u1ebfp t\u1ef1 do n\u1ea5u n\u01b0\u1edbng \u0111\u1ea7y \u0111\u1ee7 d\u1ee5ng c\u1ee5 v\u00e0 gia v\u1ecb.<\/p>\n<p>&#8211; Ch\u00eca kho\u00e1 trao tay tha h\u1ed3 ri\u00eang t\u01b0 .<\/p>\n<p><img decoding=\"async\" class=\"aligncenter wp-image-15880 size-full\" src=\"https:\/\/dalatreview.vn\/wp-content\/uploads\/2022\/02\/villa-7-phong-van-hanh-25.jpg\" alt=\"villa 7 phong van hanh\" width=\"1200\" height=\"900\" \/><\/p>\n<article class=\"post-content\">\n<div class=\"anh_wtm_m\">\n<div class=\"mws_content\">\n<div class=\"pt-2\">\n<article class=\"post-content\">\n<div class=\"anh_wtm_m\">\n<div class=\"mws_content\">\n<article class=\"post-content\">\n<div class=\"anh_wtm_m\">\n<div class=\"mws_content\">\n<article class=\"post-content\">\n<div class=\"anh_wtm_m\">\n<div class=\"mws_content\">\n<article class=\"post-content\">\n<div class=\"anh_wtm_m\">\n<div class=\"mws_content\">\n<article class=\"post-content\">\n<div class=\"anh_wtm_m\">\n<div class=\"mws_content\">\n<div class=\"wpb_column vc_column_container vc_col-sm-6 vc_column\">\n<div class=\"vc_column-inner\">\n<div class=\"wpb_wrapper\">\n<div class=\"wpb_text_column wpb_content_element vc_column_text\">\n<div class=\"wpb_wrapper\">\n<h2 id=\"4-gia-phong\"><span style=\"color: #008000;\"><strong><span style=\"font-size: 24px;\"><span class=\"_4yxo\">4.<\/span>\u00a0Gi\u00e1 ph\u00f2ng<\/span><\/strong><\/span><\/h2>\n<p>Li\u00ean h\u1ec7 \u0111\u1ec3 \u0111\u01b0\u1ee3c \u0110\u00e0 L\u1ea1t Review t\u01b0 v\u1ea5n.<\/p>\n<h2 id=\"5-lien-he\"><span style=\"color: #008000;\">5. Li\u00ean h\u1ec7<\/span><\/h2>\n<p>Fanpage:\u00a0<a href=\"https:\/\/www.facebook.com\/booking.dalatreview.vn\/\">Booking \u0110\u00e0 L\u1ea1t \u2013 www.dalatreview.vn<\/a><\/p>\n<p>S\u0110T\/Zalo: 0988 249 297<\/p>\n<\/div>\n<\/div>\n<\/div>\n<\/div>\n<\/div>\n<\/div>\n<\/div>\n<\/article>\n<article class=\"post-content xemthem\"><\/article>\n<div id=\"comments\" class=\"comments-area\"><\/div>\n<\/div>\n<\/div>\n<\/article>\n<article class=\"post-content xemthem\"><\/article>\n<div id=\"comments\" class=\"comments-area\"><\/div>\n<\/div>\n<\/div>\n<\/article>\n<article class=\"post-content xemthem\"><\/article>\n<div id=\"comments\" class=\"comments-area\"><\/div>\n<\/div>\n<\/div>\n<\/article>\n<article class=\"post-content xemthem\"><\/article>\n<div id=\"comments\" class=\"comments-area\"><\/div>\n<\/div>\n<\/div>\n<\/article>\n<article class=\"post-content xemthem\"><\/article>\n<div id=\"comments\" class=\"comments-area\"><\/div>\n<\/div>\n<\/div>\n<\/div>\n<\/article>\n<article class=\"post-content xemthem\"><\/article>\n<div id=\"comments\" class=\"comments-area\"><\/div>","protected":false},"excerpt":{"rendered":"<p>Villa Vip \u0110\u00e0 L\u1ea1t V\u1ea1n H\u1ea1nh 7 Ph\u00f2ng Danh m\u1ee5c ch\u00ednh 1. V\u1ecb tr\u00ed 2. Decor 4.\u00a0Gi\u00e1 ph\u00f2ng 5. Li\u00ean h\u1ec7 1. V\u1ecb tr\u00ed Villa vip V\u1ea1n H\u1ea1nh t\u1ecda l\u1ea1c t\u1ea1i ph\u01b0\u1eddng 8, TP \u0110\u00e0 L\u1ea1t. N\u1eb1m g\u1ea7n khu v\u1ef1c trung t\u00e2m, c\u00e1ch ch\u1ee3 v\u00e0 qu\u1ea3ng tr\u01b0\u1eddng r\u1ea5t g\u1ea7n. N\u01a1i \u0111\u00e2y h\u1ed9i t\u1ee5 r\u1ea5t nhi\u1ec1u [&hellip;]<\/p>","protected":false},"featured_media":15862,"comment_status":"open","ping_status":"closed","template":"","meta":{"_acf_changed":false,"rank_math_lock_modified_date":false},"product_cat":[29,2263,45],"product_tag":[],"acf":[],"_links":{"self":[{"href":"https:\/\/dalatreview.vn\/en\/wp-json\/wp\/v2\/product\/15861"}],"collection":[{"href":"https:\/\/dalatreview.vn\/en\/wp-json\/wp\/v2\/product"}],"about":[{"href":"https:\/\/dalatreview.vn\/en\/wp-json\/wp\/v2\/types\/product"}],"replies":[{"embeddable":true,"href":"https:\/\/dalatreview.vn\/en\/wp-json\/wp\/v2\/comments?post=15861"}],"wp:featuredmedia":[{"embeddable":true,"href":"https:\/\/dalatreview.vn\/en\/wp-json\/wp\/v2\/media\/15862"}],"wp:attachment":[{"href":"https:\/\/dalatreview.vn\/en\/wp-json\/wp\/v2\/media?parent=15861"}],"wp:term":[{"taxonomy":"product_cat","embeddable":true,"href":"https:\/\/dalatreview.vn\/en\/wp-json\/wp\/v2\/product_cat?post=15861"},{"taxonomy":"product_tag","embeddable":true,"href":"https:\/\/dalatreview.vn\/en\/wp-json\/wp\/v2\/product_tag?post=15861"}],"curies":[{"name":"wp","href":"https:\/\/api.w.org\/{rel}","templated":true}]}}