
{"id":15830,"date":"2022-02-25T10:21:31","date_gmt":"2022-02-25T03:21:31","guid":{"rendered":"https:\/\/dalatreview.vn\/?p=15830"},"modified":"2024-07-11T10:56:56","modified_gmt":"2024-07-11T03:56:56","slug":"villa-da-lat-tran-dai-nghia-7-phong-2","status":"publish","type":"product","link":"https:\/\/dalatreview.vn\/en\/villa-da-lat-tran-dai-nghia-7-phong-2.html","title":{"rendered":"Villa \u0110\u00e0 L\u1ea1t Tr\u1ea7n \u0110\u1ea1i Ngh\u0129a 7 Ph\u00f2ng"},"content":{"rendered":"<p style=\"text-align: center;\"><span style=\"color: #008000;\"><strong><span style=\"font-size: 24px;\">Villa \u0110\u00e0 L\u1ea1t Tr\u1ea7n \u0110\u1ea1i Ngh\u0129a 7 Ph\u00f2ng <\/span><\/strong><\/span><\/p>\n<nav class=\"vietrick-auto-toc\">\n<div class=\"box-title\">\n<h3 class=\"toc-title\" id=\"select-menu\">Danh m\u1ee5c ch\u00ednh<\/h3>\n<div><ion-icon name=\"chevron-up-outline\"><\/ion-icon><\/div>\n<\/div>\n<ul class=\"toc-list\">\n<li><a href='https:\/\/dalatreview.vn\/en#1-vi-tri' class='heading-h2 toc-link smooth-scroll'>1. V\u1ecb tr\u00ed<\/a>\n<li><a href='https:\/\/dalatreview.vn\/en#2-decor' class='heading-h2 toc-link smooth-scroll'>2. Decor<\/a>\n<li><a href='https:\/\/dalatreview.vn\/en#4-gia-phong' class='heading-h2 toc-link smooth-scroll'>4.\u00a0Gi\u00e1 ph\u00f2ng<\/a>\n<li><a href='https:\/\/dalatreview.vn\/en#5-lien-he' class='heading-h2 toc-link smooth-scroll'>5. Li\u00ean h\u1ec7<\/a><\/ul>\n<\/ul>\n<\/li>\n<\/ul>\n<\/nav>\n<h2 id=\"1-vi-tri\"><span style=\"color: #008000;\"><strong><span style=\"font-size: 24px;\">1. V\u1ecb tr\u00ed<\/span><\/strong><\/span><\/h2>\n<p>T\u1ecda l\u1ea1c t\u1ea1i<strong> \u0111\u01b0\u1eddng Tr\u1ea7n \u0110\u1ea1i Ngh\u0129a, Ph\u01b0\u1eddng 8, TP \u0110\u00e0 L\u1ea1t<\/strong>, c\u00e1ch ch\u1ee3 v\u00e0 qu\u1ea3ng tr\u01b0\u1eddng 5-7 ph\u00fat ch\u1ea1y xe. Tr\u1ea7n \u0110\u1ea1i Ngh\u0129a c\u00f3 ch\u1ed7 ngh\u1ec9 v\u1edbi WiFi mi\u1ec5n ph\u00ed, m\u00e1y \u0111i\u1ec1u h\u00f2a, s\u00e2n hi\u00ean v\u00e0 khu v\u01b0\u1eddn.<\/p>\n<p>N\u01a1i \u0111\u00e2y h\u1ed9i t\u1ee5 g\u1ea7n nh\u01b0 tr\u1ecdn v\u1eb9n c\u00e1c y\u1ebfu t\u1ed1 \u0111\u1ec3 tr\u1edf th\u00e0nh \u201cmi\u1ec1n \u0111\u1ea5t h\u1ee9a\u201d, \u201cmi\u1ec1n \u0111\u1ea5t \u0111\u00e1ng \u0111\u1ec3 kh\u00e1m ph\u00e1\u201d v\u1edbi c\u1ea3nh \u0111\u1eb9p m\u1ed9ng m\u01a1 m\u00e0 g\u1ea7n g\u0169i, hi\u1ec7n \u0111\u1ea1i m\u00e0 c\u1ed5 k\u00ednh, con ng\u01b0\u1eddi th\u00e2n thi\u1ec7n v\u00e0 hi\u1ebfu kh\u00e1ch.<\/p>\n<p><img decoding=\"async\" class=\"aligncenter wp-image-15854 size-full\" src=\"https:\/\/dalatreview.vn\/wp-content\/uploads\/2022\/02\/villa-7-phong-tran-dai-nghia-18-2.jpg\" alt=\"villa 7 phong tran dai nghia\" width=\"1600\" height=\"1067\" \/><\/p>\n<h2 id=\"2-decor\"><span style=\"color: #008000;\"><strong><span style=\"font-size: 24px;\"><span class=\"_4yxo _4yxp\">2. Decor<\/span><\/span><\/strong><\/span><\/h2>\n<p>Villa\u00a0 3 t\u1ea7ng tr\u1eafng tinh kh\u00f4i, g\u1ecdn g\u00e0ng, s\u1ea1ch s\u1ebd v\u00e0 cao c\u1ea5p.<\/p>\n<p>S\u00e2n v\u01b0\u1eddn kh\u00e1 r\u1ed9ng r\u00e3i, c\u00f3 th\u00eam 1 c\u0103n nh\u00e0 nh\u1ecf \u0111\u1ec3 u\u1ed1ng c\u00e0 ph\u00ea tr\u00f2 chuy\u1ec7n r\u1ea5t \u0111\u1eb9p v\u1edbi d\u00e0n hoa mu\u00f4n m\u00e0u th\u01a1m ng\u00e1t \u0111\u01b0\u1ee3c treo tr\u01b0\u1edbc gi\u00f3 xua tan m\u1ecdi \u01b0u phi\u1ec1n c\u1ee7a cu\u1ed9c s\u1ed1ng.<\/p>\n<p>B\u01b0\u1edbc v\u00e0o nh\u00e0 th\u00ec b\u1ea1n l\u1ea1i c\u00f3 1 c\u1ea3m gi\u00e1c \u1ea5m \u00e1p v\u00f4 c\u00f9ng nh\u1edd s\u1ef1 \u0111\u00e0y \u0111\u1ee7 ti\u1ec7n nghi v\u00e0 c\u00e1ch s\u1eafp x\u1ebfp \u0111\u1ed3 d\u00f9ng n\u1ed9i th\u1ea5t quen thu\u1ed9c nh\u01b0 ch\u00ednh gia \u0111\u00ecnh b\u1ea1n. H\u1ee9a h\u1eb9n \u0111\u00e2y s\u1ebd l\u00e0 1 l\u1ef1a ch\u1ecdn tuy\u1ec7t v\u1eddi khi \u0111\u1ebfn \u0110\u00e0 L\u1ea1t ngh\u1ec9 d\u01b0\u1ee1ng.<\/p>\n<p><img decoding=\"async\" class=\"aligncenter wp-image-15858 size-full\" src=\"https:\/\/dalatreview.vn\/wp-content\/uploads\/2022\/02\/villa-7-phong-tran-dai-nghia.jpg\" alt=\"villa 7 phong tran dai nghia\" width=\"1200\" height=\"900\" \/><\/p>\n<p>&nbsp;<\/p>\n<p><span style=\"color: #008000;\"><strong><span style=\"font-size: 24px;\">3. D\u1ecbch v\u1ee5 &amp; Ti\u1ec7n nghi<\/span><\/strong><\/span><\/p>\n<div class=\"pt-2\">\n<p>G\u1ed3m 7 ph\u00f2ng ng\u1ee7 sang tr\u1ecdng, kh\u00e9p k\u00edn ho\u00e0n to\u00e0n.<br \/>\n5 ph\u00f2ng 1\u00a0gi\u01b0\u1eddng 2 ng\u01b0\u1eddi<br \/>\n1 ph\u00f2ng 2\u00a0gi\u01b0\u1eddng 4\u00a0ng\u01b0\u1eddi<br \/>\n1 ph\u00f2ng 5 gi\u01b0\u1eddng n\u1ec7m 10 ng\u01b0\u1eddi<\/p>\n<p>S\u1ee9c ch\u1ee9a 24-26 kh\u00e1ch<\/p>\n<p>&#8211; \u0110\u1ea7y \u0111\u1ee7 ti\u1ec7n nghi nh\u01b0 \u1edf nh\u00e0. C\u00f3 tivi, t\u1ee7 l\u1ea1nh, m\u00e1y gi\u1eb7t, n\u00f3ng l\u1ea1nh,&#8230;<\/p>\n<p>&#8211; C\u00f3 di\u1ec7n t\u00edch \u0111\u1ec3 n\u01b0\u1edbng BBQ ngo\u00e0i tr\u1eddi.<\/p>\n<p>&#8211; C\u00f3 ch\u1ed7 \u0111\u1eadu xe m\u00e1y, xe h\u01a1i an to\u00e0n.<\/p>\n<p>&#8211; Y\u00ean t\u0129nh, an ninh 24\/24, s\u1ea1ch s\u1ebd, tho\u00e1ng m\u00e1t, view thi\u00ean nhi\u00ean si\u00eau \u0111\u1eb9p.<\/p>\n<p>&#8211; B\u1ebfp t\u1ef1 do n\u1ea5u n\u01b0\u1edbng \u0111\u1ea7y \u0111\u1ee7 d\u1ee5ng c\u1ee5 vag gia v\u1ecb.<\/p>\n<p>&#8211; Ch\u00eca kho\u00e1 trao tay tha h\u1ed3 ri\u00eang t\u01b0 .<\/p>\n<p>&nbsp;<\/p>\n<\/div>\n<div class=\"clear\"><\/div>\n<div class=\"row\">\n<div class=\"tuongtu-title pt-3 m-3\"><img decoding=\"async\" class=\"aligncenter wp-image-15859 size-full\" src=\"https:\/\/dalatreview.vn\/wp-content\/uploads\/2022\/02\/villa-7-phong-tran-dai-nghia-26.jpg\" alt=\"villa 7 phong tran dai nghia\" width=\"1200\" height=\"900\" \/><\/div>\n<\/div>\n<div class=\"pt-2\">\n<article class=\"post-content\">\n<div class=\"anh_wtm_m\">\n<div class=\"mws_content\">\n<article class=\"post-content\">\n<div class=\"anh_wtm_m\">\n<div class=\"mws_content\">\n<article class=\"post-content\">\n<div class=\"anh_wtm_m\">\n<div class=\"mws_content\">\n<article class=\"post-content\">\n<div class=\"anh_wtm_m\">\n<div class=\"mws_content\">\n<article class=\"post-content\">\n<div class=\"anh_wtm_m\">\n<div class=\"mws_content\">\n<div class=\"wpb_column vc_column_container vc_col-sm-6 vc_column\">\n<div class=\"vc_column-inner\">\n<div class=\"wpb_wrapper\">\n<div class=\"wpb_text_column wpb_content_element vc_column_text\">\n<div class=\"wpb_wrapper\">\n<h2 id=\"4-gia-phong\"><span style=\"color: #008000;\"><strong><span style=\"font-size: 24px;\"><span class=\"_4yxo\">4.<\/span>\u00a0Gi\u00e1 ph\u00f2ng<\/span><\/strong><\/span><\/h2>\n<p>Li\u00ean h\u1ec7 \u0111\u1ec3 \u0111\u01b0\u1ee3c \u0110\u00e0 L\u1ea1t Review t\u01b0 v\u1ea5n.<\/p>\n<h2 id=\"5-lien-he\"><span style=\"color: #008000;\">5. Li\u00ean h\u1ec7<\/span><\/h2>\n<p>Fanpage:\u00a0<a href=\"https:\/\/www.facebook.com\/booking.dalatreview.vn\/\">Booking \u0110\u00e0 L\u1ea1t \u2013 www.dalatreview.vn<\/a><\/p>\n<p>S\u0110T\/Zalo: 0988 249 297<\/p>\n<\/div>\n<\/div>\n<\/div>\n<\/div>\n<\/div>\n<\/div>\n<\/div>\n<\/article>\n<article class=\"post-content xemthem\"><\/article>\n<div id=\"comments\" class=\"comments-area\"><\/div>\n<\/div>\n<\/div>\n<\/article>\n<article class=\"post-content xemthem\"><\/article>\n<div id=\"comments\" class=\"comments-area\"><\/div>\n<\/div>\n<\/div>\n<\/article>\n<article class=\"post-content xemthem\"><\/article>\n<div id=\"comments\" class=\"comments-area\"><\/div>\n<\/div>\n<\/div>\n<\/article>\n<article class=\"post-content xemthem\"><\/article>\n<div id=\"comments\" class=\"comments-area\"><\/div>\n<\/div>\n<\/div>\n<\/article>\n<article class=\"post-content xemthem\"><\/article>\n<div id=\"comments\" class=\"comments-area\"><\/div>\n<\/div>","protected":false},"excerpt":{"rendered":"<p>Villa \u0110\u00e0 L\u1ea1t Tr\u1ea7n \u0110\u1ea1i Ngh\u0129a 7 Ph\u00f2ng Danh m\u1ee5c ch\u00ednh 1. V\u1ecb tr\u00ed 2. Decor 4.\u00a0Gi\u00e1 ph\u00f2ng 5. Li\u00ean h\u1ec7 1. V\u1ecb tr\u00ed T\u1ecda l\u1ea1c t\u1ea1i \u0111\u01b0\u1eddng Tr\u1ea7n \u0110\u1ea1i Ngh\u0129a, Ph\u01b0\u1eddng 8, TP \u0110\u00e0 L\u1ea1t, c\u00e1ch ch\u1ee3 v\u00e0 qu\u1ea3ng tr\u01b0\u1eddng 5-7 ph\u00fat ch\u1ea1y xe. Tr\u1ea7n \u0110\u1ea1i Ngh\u0129a c\u00f3 ch\u1ed7 ngh\u1ec9 v\u1edbi WiFi mi\u1ec5n ph\u00ed, [&hellip;]<\/p>","protected":false},"featured_media":15831,"comment_status":"open","ping_status":"closed","template":"","meta":{"_acf_changed":false,"rank_math_lock_modified_date":false},"product_cat":[29,2263,45],"product_tag":[],"acf":[],"_links":{"self":[{"href":"https:\/\/dalatreview.vn\/en\/wp-json\/wp\/v2\/product\/15830"}],"collection":[{"href":"https:\/\/dalatreview.vn\/en\/wp-json\/wp\/v2\/product"}],"about":[{"href":"https:\/\/dalatreview.vn\/en\/wp-json\/wp\/v2\/types\/product"}],"replies":[{"embeddable":true,"href":"https:\/\/dalatreview.vn\/en\/wp-json\/wp\/v2\/comments?post=15830"}],"wp:featuredmedia":[{"embeddable":true,"href":"https:\/\/dalatreview.vn\/en\/wp-json\/wp\/v2\/media\/15831"}],"wp:attachment":[{"href":"https:\/\/dalatreview.vn\/en\/wp-json\/wp\/v2\/media?parent=15830"}],"wp:term":[{"taxonomy":"product_cat","embeddable":true,"href":"https:\/\/dalatreview.vn\/en\/wp-json\/wp\/v2\/product_cat?post=15830"},{"taxonomy":"product_tag","embeddable":true,"href":"https:\/\/dalatreview.vn\/en\/wp-json\/wp\/v2\/product_tag?post=15830"}],"curies":[{"name":"wp","href":"https:\/\/api.w.org\/{rel}","templated":true}]}}