
{"id":15807,"date":"2022-02-25T09:58:42","date_gmt":"2022-02-25T02:58:42","guid":{"rendered":"https:\/\/dalatreview.vn\/?p=15807"},"modified":"2024-07-11T10:56:57","modified_gmt":"2024-07-11T03:56:57","slug":"villa-da-lat-dang-thai-than-7-phong","status":"publish","type":"product","link":"https:\/\/dalatreview.vn\/en\/villa-da-lat-dang-thai-than-7-phong.html","title":{"rendered":"Villa \u0110\u00e0 L\u1ea1t \u0110\u1eb7ng Th\u00e1i Th\u00e2n 7 Ph\u00f2ng"},"content":{"rendered":"<p style=\"text-align: center;\"><span style=\"color: #008000;\"><strong><span style=\"font-size: 24px;\">Villa \u0110\u00e0 L\u1ea1t \u0110\u1eb7ng Th\u00e1i Th\u00e2n 7 Ph\u00f2ng <\/span><\/strong><\/span><\/p>\n<nav class=\"vietrick-auto-toc\">\n<div class=\"box-title\">\n<h3 class=\"toc-title\" id=\"select-menu\">Danh m\u1ee5c ch\u00ednh<\/h3>\n<div><ion-icon name=\"chevron-up-outline\"><\/ion-icon><\/div>\n<\/div>\n<ul class=\"toc-list\">\n<li><a href='https:\/\/dalatreview.vn\/en#1-vi-tri' class='heading-h2 toc-link smooth-scroll'>1. V\u1ecb tr\u00ed<\/a>\n<li><a href='https:\/\/dalatreview.vn\/en#2-decor' class='heading-h2 toc-link smooth-scroll'>2. Decor<\/a>\n<li><a href='https:\/\/dalatreview.vn\/en#' class='heading-h2 toc-link smooth-scroll'><\/a>\n<li><a href='https:\/\/dalatreview.vn\/en#4-gia-phong' class='heading-h2 toc-link smooth-scroll'>4.\u00a0Gi\u00e1 ph\u00f2ng<\/a>\n<li><a href='https:\/\/dalatreview.vn\/en#5-lien-he' class='heading-h2 toc-link smooth-scroll'>5. Li\u00ean h\u1ec7<\/a><\/ul>\n<\/ul>\n<\/li>\n<\/ul>\n<\/nav>\n<h2 id=\"1-vi-tri\"><span style=\"color: #008000;\"><strong><span style=\"font-size: 24px;\">1. V\u1ecb tr\u00ed<\/span><\/strong><\/span><\/h2>\n<p class=\"main-intro detail-intro\">T\u1ecda l\u1ea1c t\u1ea1i <strong>\u0111\u01b0\u1eddng \u0110\u1eb7ng Th\u00e1i Th\u00e2n, Ph\u01b0\u1eddng 3, TP \u0110\u00e0 L\u1ea1t<\/strong>, villa n\u1eb1m ngay khu v\u1ef1c trung t\u00e2m, ch\u1ec9 c\u00e1ch ch\u1ee3 5 ph\u00fat ch\u1ea1y xe.<\/p>\n<p class=\"main-intro detail-intro\">\u0110\u00e2y l\u00e0 con \u0111\u01b0\u1eddng th\u01a1 m\u1ed9ng v\u1edbi view thung l\u0169ng, n\u00fai \u0111\u1ed3i xanh ng\u00e1t, \u0110\u1eb7ng Th\u00e1i Th\u00e2n h\u1ed9i t\u1ee5 r\u1ea5t nhi\u1ec1u homestay xinh x\u1eafn, ch\u1ec9 c\u1ea7n nh\u00ecn th\u00f4i b\u1ea1n \u0111\u00e3 mu\u1ed1n \u1edf ngay.<\/p>\n<p><img decoding=\"async\" class=\"aligncenter wp-image-15823 size-full\" src=\"https:\/\/dalatreview.vn\/wp-content\/uploads\/2022\/02\/villa-7-phong-dang-thai-than-30-1.jpg\" alt=\"villa 7 phong dang thai than\" width=\"960\" height=\"640\" \/><\/p>\n<h2 id=\"2-decor\"><span style=\"color: #008000;\"><strong><span style=\"font-size: 24px;\"><span class=\"_4yxo _4yxp\">2. Decor<\/span><\/span><\/strong><\/span><\/h2>\n<p>Villa y\u00ean t\u0129nh, tho\u1ea3i m\u00e1i, s\u1ea1ch s\u1ebd v\u00e0 chu \u0111\u00e1o. \u0110\u01b0\u1ee3c trang b\u1ecb n\u1ed9i th\u1ea5t g\u1ed7 sang tr\u1ecdng mang l\u1ea1i c\u1ea3m gi\u00e1c \u1ea5m \u00e1p nh\u01b0 ch\u00ednh ng\u00f4i nh\u00e0 c\u1ee7a b\u1ea1n.<\/p>\n<p>Ph\u00f2ng kh\u00e1ch, ph\u00f2ng b\u1ebfp \u0111\u1ea7y \u0111\u1ee7 ti\u1ec7n nghi. S\u00e2n r\u1ed9ng th\u00edch h\u1ee3p cho tr\u1ebb em vui ch\u01a1i. Ti\u1ec7c BBQ v\u00e0 teambuilding, view r\u1eebng th\u00f4ng, ph\u00f2ng ng\u1ee7 kh\u00e9p k\u00edn nh\u01b0ng c\u00f3 c\u1eeda k\u00ednh r\u1ed9ng tho\u00e1ng.<\/p>\n<p><img decoding=\"async\" class=\"aligncenter wp-image-15827 size-full\" src=\"https:\/\/dalatreview.vn\/wp-content\/uploads\/2022\/02\/villa-7-phong-dang-thai-than.jpg\" alt=\"villa 7 phong dang thai than\" width=\"1200\" height=\"900\" \/><\/p>\n<p>&nbsp;<\/p>\n<p><span style=\"color: #008000;\"><strong><span style=\"font-size: 24px;\">3. D\u1ecbch v\u1ee5 &amp; Ti\u1ec7n nghi<\/span><\/strong><\/span><\/p>\n<div class=\"pt-2\">\n<p>G\u1ed3m 7 ph\u00f2ng ng\u1ee7 sang tr\u1ecdng, kh\u00e9p k\u00edn, c\u00f3 n\u00f3ng l\u1ea1nh, ph\u00f2ng t\u1eafm, wc v\u00e0 \u0111\u1ed3 d\u00f9ng c\u00e1 nh\u00e2n c\u1ea7n thi\u1ebft.<br \/>\n3 ph\u00f2ng 1\u00a0gi\u01b0\u1eddng 2 ng\u01b0\u1eddi<br \/>\n4 ph\u00f2ng 2\u00a0gi\u01b0\u1eddng 4\u00a0ng\u01b0\u1eddi<\/p>\n<p>S\u1ee9c ch\u1ee9a 22-24 kh\u00e1ch<\/p>\n<p>V\u1edbi c\u00e1c ti\u1ec7n \u00edch:<\/p>\n<p>&#8211; \u0110\u1ea7y \u0111\u1ee7 ti\u1ec7n nghi nh\u01b0 \u1edf nh\u00e0.<\/p>\n<p>&#8211; C\u00f3 di\u1ec7n t\u00edch \u0111\u1ec3 n\u01b0\u1edbng BBQ.<\/p>\n<p>&#8211; C\u00f3 ch\u1ed7 \u0111\u1eadu xe m\u00e1y, xe h\u01a1i an to\u00e0n.<\/p>\n<p>&#8211; Y\u00ean t\u0129nh, an ninh 24\/24, s\u1ea1ch s\u1ebd, tho\u00e1ng m\u00e1t, view thi\u00ean nhi\u00ean si\u00eau \u0111\u1eb9p.<\/p>\n<p>&#8211; B\u1ebfp t\u1ef1 do n\u1ea5u n\u01b0\u1edbng<\/p>\n<p>&#8211; Ch\u00eca kho\u00e1 trao tay tha h\u1ed3 ri\u00eang t\u01b0 .<\/p>\n<p>&nbsp;<\/p>\n<\/div>\n<div class=\"clear\"><img decoding=\"async\" class=\"aligncenter wp-image-15828 size-full\" src=\"https:\/\/dalatreview.vn\/wp-content\/uploads\/2022\/02\/villa-7-phong-dang-thai-than-1.jpg\" alt=\"villa 7 phong dang thai than\" width=\"1200\" height=\"900\" \/><\/div>\n<div class=\"row\">\n<div class=\"tuongtu-title pt-3 m-3\"><\/div>\n<\/div>\n<article class=\"post-content\">\n<div class=\"anh_wtm_m\">\n<div class=\"mws_content\">\n<article class=\"post-content\">\n<div class=\"anh_wtm_m\">\n<div class=\"mws_content\">\n<article class=\"post-content\">\n<div class=\"anh_wtm_m\">\n<div class=\"mws_content\">\n<article class=\"post-content\">\n<div class=\"anh_wtm_m\">\n<div class=\"mws_content\">\n<div class=\"wpb_column vc_column_container vc_col-sm-6 vc_column\">\n<div class=\"vc_column-inner\">\n<div class=\"wpb_wrapper\">\n<div class=\"wpb_text_column wpb_content_element vc_column_text\">\n<div class=\"wpb_wrapper\">\n<h2 id=\"\"><\/h2>\n<h2 id=\"4-gia-phong\"><span style=\"color: #008000;\"><strong><span style=\"font-size: 24px;\"><span class=\"_4yxo\">4.<\/span>\u00a0Gi\u00e1 ph\u00f2ng<\/span><\/strong><\/span><\/h2>\n<p>Li\u00ean h\u1ec7 \u0111\u1ec3 \u0111\u01b0\u1ee3c \u0110\u00e0 L\u1ea1t Review t\u01b0 v\u1ea5n.<\/p>\n<h2 id=\"5-lien-he\"><span style=\"color: #008000;\">5. Li\u00ean h\u1ec7<\/span><\/h2>\n<p>Fanpage:\u00a0<a href=\"https:\/\/www.facebook.com\/booking.dalatreview.vn\/\">Booking \u0110\u00e0 L\u1ea1t \u2013 www.dalatreview.vn<\/a><\/p>\n<p>S\u0110T\/Zalo: 0988 249 297<\/p>\n<\/div>\n<\/div>\n<\/div>\n<\/div>\n<\/div>\n<\/div>\n<\/div>\n<\/article>\n<article class=\"post-content xemthem\"><\/article>\n<div id=\"comments\" class=\"comments-area\"><\/div>\n<\/div>\n<\/div>\n<\/article>\n<article class=\"post-content xemthem\"><\/article>\n<div id=\"comments\" class=\"comments-area\"><\/div>\n<\/div>\n<\/div>\n<\/article>\n<article class=\"post-content xemthem\"><\/article>\n<div id=\"comments\" class=\"comments-area\"><\/div>\n<\/div>\n<\/div>\n<\/article>\n<article class=\"post-content xemthem\"><\/article>\n<div id=\"comments\" class=\"comments-area\"><\/div>","protected":false},"excerpt":{"rendered":"<p>Villa \u0110\u00e0 L\u1ea1t \u0110\u1eb7ng Th\u00e1i Th\u00e2n 7 Ph\u00f2ng Danh m\u1ee5c ch\u00ednh 1. V\u1ecb tr\u00ed 2. Decor 4.\u00a0Gi\u00e1 ph\u00f2ng 5. Li\u00ean h\u1ec7 1. V\u1ecb tr\u00ed T\u1ecda l\u1ea1c t\u1ea1i \u0111\u01b0\u1eddng \u0110\u1eb7ng Th\u00e1i Th\u00e2n, Ph\u01b0\u1eddng 3, TP \u0110\u00e0 L\u1ea1t, villa n\u1eb1m ngay khu v\u1ef1c trung t\u00e2m, ch\u1ec9 c\u00e1ch ch\u1ee3 5 ph\u00fat ch\u1ea1y xe. \u0110\u00e2y l\u00e0 con \u0111\u01b0\u1eddng th\u01a1 [&hellip;]<\/p>","protected":false},"featured_media":15808,"comment_status":"open","ping_status":"closed","template":"","meta":{"_acf_changed":false,"rank_math_lock_modified_date":false},"product_cat":[29,2263,45],"product_tag":[],"acf":[],"_links":{"self":[{"href":"https:\/\/dalatreview.vn\/en\/wp-json\/wp\/v2\/product\/15807"}],"collection":[{"href":"https:\/\/dalatreview.vn\/en\/wp-json\/wp\/v2\/product"}],"about":[{"href":"https:\/\/dalatreview.vn\/en\/wp-json\/wp\/v2\/types\/product"}],"replies":[{"embeddable":true,"href":"https:\/\/dalatreview.vn\/en\/wp-json\/wp\/v2\/comments?post=15807"}],"wp:featuredmedia":[{"embeddable":true,"href":"https:\/\/dalatreview.vn\/en\/wp-json\/wp\/v2\/media\/15808"}],"wp:attachment":[{"href":"https:\/\/dalatreview.vn\/en\/wp-json\/wp\/v2\/media?parent=15807"}],"wp:term":[{"taxonomy":"product_cat","embeddable":true,"href":"https:\/\/dalatreview.vn\/en\/wp-json\/wp\/v2\/product_cat?post=15807"},{"taxonomy":"product_tag","embeddable":true,"href":"https:\/\/dalatreview.vn\/en\/wp-json\/wp\/v2\/product_tag?post=15807"}],"curies":[{"name":"wp","href":"https:\/\/api.w.org\/{rel}","templated":true}]}}