
{"id":15789,"date":"2022-02-25T09:27:49","date_gmt":"2022-02-25T02:27:49","guid":{"rendered":"https:\/\/dalatreview.vn\/?p=15789"},"modified":"2024-07-11T10:56:58","modified_gmt":"2024-07-11T03:56:58","slug":"villa-da-lat-suong-nguyet-anh-7-phong","status":"publish","type":"product","link":"https:\/\/dalatreview.vn\/en\/villa-da-lat-suong-nguyet-anh-7-phong.html","title":{"rendered":"Villa \u0110\u00e0 L\u1ea1t S\u01b0\u01a1ng Nguy\u1ec7t \u00c1nh 7 Ph\u00f2ng"},"content":{"rendered":"<p style=\"text-align: center;\">\u00a0<strong><span style=\"font-size: 24px; color: #008000;\">Villa \u0110\u00e0 L\u1ea1t S\u01b0\u01a1ng Nguy\u1ec7t \u00c1nh 7 Ph\u00f2ng <\/span><\/strong><\/p>\n<nav class=\"vietrick-auto-toc\">\n<div class=\"box-title\">\n<h3 class=\"toc-title\" id=\"select-menu\">Danh m\u1ee5c ch\u00ednh<\/h3>\n<div><ion-icon name=\"chevron-up-outline\"><\/ion-icon><\/div>\n<\/div>\n<ul class=\"toc-list\">\n<li><a href='https:\/\/dalatreview.vn\/en#1-vi-tri' class='heading-h2 toc-link smooth-scroll'>1. V\u1ecb tr\u00ed<\/a>\n<li><a href='https:\/\/dalatreview.vn\/en#2-decor' class='heading-h2 toc-link smooth-scroll'>2. Decor<\/a>\n<li><a href='https:\/\/dalatreview.vn\/en#' class='heading-h2 toc-link smooth-scroll'><\/a>\n<li><a href='https:\/\/dalatreview.vn\/en#4-gia-phong' class='heading-h2 toc-link smooth-scroll'>4.\u00a0Gi\u00e1 ph\u00f2ng<\/a>\n<li><a href='https:\/\/dalatreview.vn\/en#' class='heading-h2 toc-link smooth-scroll'><\/a>\n<li><a href='https:\/\/dalatreview.vn\/en#5-lien-he' class='heading-h2 toc-link smooth-scroll'>5. Li\u00ean h\u1ec7<\/a><\/ul>\n<\/ul>\n<\/li>\n<\/ul>\n<\/nav>\n<h2 id=\"1-vi-tri\"><strong><span style=\"font-size: 24px; color: #008000;\">1. V\u1ecb tr\u00ed<\/span><\/strong><\/h2>\n<p>Villa t\u1ecda l\u1ea1c ngay khu v\u1ef1c trung t\u00e2m<strong> \u0111\u01b0\u1eddng S\u01b0\u01a1ng Nguy\u1ec7t \u00c1nh, ph\u01b0\u1eddng 9, TP \u0110\u00e0 L\u1ea1t<\/strong>. N\u01a1i \u0111\u00e2y thi\u00ean th\u1eddi \u0111\u1ecba l\u1ee3i nh\u00e2n h\u00f2a, giao th\u00f4ng thu\u1eadn ti\u1ec7n cho vi\u1ec7c \u0111i l\u1ea1i, thi\u00ean nhi\u00ean th\u00ec trong l\u00e0nh t\u01b0\u01a1i m\u00e1t, con ng\u01b0\u1eddi l\u1ea1i v\u00f4 c\u00f9ng d\u1ec5 m\u1ebfn. H\u01a1n th\u1ebf, \u0111\u00e2y l\u1ea1i l\u00e0 cung \u0111\u01b0\u1eddng h\u1ed9i t\u1ee5 r\u1ea5t nhi\u1ec1u \u0111i\u1ec3m \u0103n u\u1ed1ng, mua s\u1eafm v\u00e0 vui ch\u01a1i tha h\u1ed3 cho b\u1ea1n c\u00f9ng gia \u0111\u00ecnh ng\u01b0\u1eddi th\u00e2n kh\u00e1m ph\u00e1 \u0111\u1ea5y nh\u00e9 !<\/p>\n<p><img decoding=\"async\" class=\"aligncenter wp-image-15800 size-full\" src=\"https:\/\/dalatreview.vn\/wp-content\/uploads\/2022\/02\/villa-7-phong-suong-nguyet-anh-10-1.jpg\" alt=\"villa 7 phong suong nguyet anh\" width=\"960\" height=\"720\" \/><\/p>\n<h2 id=\"2-decor\"><strong><span style=\"font-size: 24px; color: #008000;\"><span class=\"_4yxo _4yxp\">2. Decor<\/span><\/span><\/strong><\/h2>\n<p>Villa thi\u1ebft k\u1ebf theo kh\u00f4ng gian m\u1edf r\u1ed9ng r\u00e3i tho\u00e1ng m\u00e1t. C\u00f3 kh\u00f4ng gian sinh ho\u1ea1t chung l\u00e0 s\u00e2n v\u01b0\u1eddn v\u00e0 ph\u00f2ng kh\u00e1ch, \u0111\u1ea7y \u0111\u1ee7 ti\u1ec7n nghi. Ph\u00f2ng ng\u1ee7 l\u00e0 khu v\u1ef1c ri\u00eang t\u01b0 c\u1ee7a m\u1ed7i ng\u01b0\u1eddi m\u00e0 kh\u00f4ng s\u1ee3 l\u00e0m phi\u1ec1n hay \u1ea3nh h\u01b0\u1edfng \u0111\u1ebfn ng\u01b0\u1eddi kh\u00e1c do thi\u1ebft k\u1ebf kh\u00e9p k\u00edn ho\u00e0n to\u00e0n.<\/p>\n<p>Ngo\u00e0i ra, t\u1eeb ban c\u00f4ng b\u1ea1n c\u00f3 th\u1ec3 ng\u1eafm nh\u00ecn c\u1ea3nh quan thi\u00ean nhi\u00ean nh\u1edd view cao c\u1ef1c \u0111\u1eb9p. Tuy c\u0103n nh\u00e0 decor r\u1ea5t\u00a0\u0111\u01a1n gi\u1ea3n nh\u01b0ng l\u1ea1i to\u00e1t l\u00ean \u0111\u01b0\u1ee3c v\u1ebb sang tr\u1ecdng, l\u1ecbch s\u1ef1. H\u1ee9a h\u1eb9n \u0111\u00e2y s\u1ebd l\u00e0 \u0111i\u1ec3m ngh\u1ec9 d\u01b0\u1ee1ng l\u00e0m h\u00e0i l\u00f2ng t\u1ea5t c\u1ea3 c\u00e1c du kh\u00e1ch.<\/p>\n<p><img decoding=\"async\" class=\"aligncenter wp-image-15804 size-full\" src=\"https:\/\/dalatreview.vn\/wp-content\/uploads\/2022\/02\/villa-7-phong-suong-nguyet-anh-14.jpg\" alt=\"villa 7 phong suong nguyet anh\" width=\"1200\" height=\"900\" \/><\/p>\n<p>&nbsp;<\/p>\n<p><strong><span style=\"font-size: 24px; color: #008000;\">3. D\u1ecbch v\u1ee5 &amp; Ti\u1ec7n nghi<\/span><\/strong><\/p>\n<p>G\u1ed3m 7 ph\u00f2ng ng\u1ee7 sang tr\u1ecdng, c\u00f3 n\u00f3ng l\u1ea1nh, nh\u00e0 t\u1eafm v\u00e0 wc ho\u00e0n to\u00e0n kh\u00e9p k\u00edn.<br \/>\n7 ph\u00f2ng 1\u00a0gi\u01b0\u1eddng 2 ng\u01b0\u1eddi<\/p>\n<p>S\u1ee9c ch\u1ee9a 14-16 kh\u00e1ch<\/p>\n<p>&#8211; \u0110\u1ea7y \u0111\u1ee7 ti\u1ec7n nghi nh\u01b0 \u1edf nh\u00e0. Ph\u00f2ng kh\u00e1ch c\u00f3 l\u00f2 s\u01b0\u1edfi b\u1eb1ng c\u1ee7i, tivi, d\u00e0n karaoke cao c\u1ea5p,&#8230;<\/p>\n<p>&#8211; C\u00f3 di\u1ec7n t\u00edch \u0111\u1ec3 n\u01b0\u1edbng BBQ ngo\u00e0i tr\u1eddi.<\/p>\n<p>&#8211; C\u00f3 ch\u1ed7 \u0111\u1eadu xe m\u00e1y, xe h\u01a1i an to\u00e0n.<\/p>\n<p>&#8211; Y\u00ean t\u0129nh, an ninh 24\/24, s\u1ea1ch s\u1ebd, tho\u00e1ng m\u00e1t, view thi\u00ean nhi\u00ean si\u00eau \u0111\u1eb9p.<\/p>\n<p>&#8211; B\u1ebfp t\u1ef1 do n\u1ea5u n\u01b0\u1edbng \u0111\u1ea7y \u0111\u1ee7 d\u1ee5ng c\u1ee5, gia v\u1ecb, t\u1ee7 l\u1ea1nh, b\u1ebfp ga, l\u00f2 vi s\u00f3ng.<\/p>\n<p>&#8211; Ch\u00eca kho\u00e1 trao tay tha h\u1ed3 ri\u00eang t\u01b0.<\/p>\n<p>&nbsp;<\/p>\n<p><img decoding=\"async\" class=\"aligncenter wp-image-15805 size-full\" src=\"https:\/\/dalatreview.vn\/wp-content\/uploads\/2022\/02\/villa-7-phong-suong-nguyet-anh.jpg\" alt=\"villa 7 phong suong nguyet anh\" width=\"1200\" height=\"900\" \/><\/p>\n<article class=\"post-content\">\n<div class=\"anh_wtm_m\">\n<div class=\"mws_content\">\n<article class=\"post-content\">\n<div class=\"anh_wtm_m\">\n<div class=\"mws_content\">\n<article class=\"post-content\">\n<div class=\"anh_wtm_m\">\n<div class=\"mws_content\">\n<div class=\"wpb_column vc_column_container vc_col-sm-6 vc_column\">\n<div class=\"vc_column-inner\">\n<div class=\"wpb_wrapper\">\n<div class=\"wpb_text_column wpb_content_element vc_column_text\">\n<div class=\"wpb_wrapper\">\n<h2 id=\"\"><\/h2>\n<h2 id=\"4-gia-phong\"><strong><span style=\"font-size: 24px; color: #008000;\"><span class=\"_4yxo\">4.<\/span>\u00a0Gi\u00e1 ph\u00f2ng<\/span><\/strong><\/h2>\n<p>Li\u00ean h\u1ec7 \u0111\u1ec3 \u0111\u01b0\u1ee3c \u0110\u00e0 L\u1ea1t Review t\u01b0 v\u1ea5n.<\/p>\n<h2 id=\"\"><\/h2>\n<h2 id=\"5-lien-he\"><span style=\"color: #008000;\">5. Li\u00ean h\u1ec7<\/span><\/h2>\n<p>Fanpage:\u00a0<a href=\"https:\/\/www.facebook.com\/booking.dalatreview.vn\/\">Booking \u0110\u00e0 L\u1ea1t \u2013 www.dalatreview.vn<\/a><\/p>\n<p>S\u0110T\/Zalo: 0988 249 297<\/p>\n<\/div>\n<\/div>\n<\/div>\n<\/div>\n<\/div>\n<\/div>\n<\/div>\n<\/article>\n<article class=\"post-content xemthem\"><\/article>\n<div id=\"comments\" class=\"comments-area\"><\/div>\n<\/div>\n<\/div>\n<\/article>\n<article class=\"post-content xemthem\"><\/article>\n<div id=\"comments\" class=\"comments-area\"><\/div>\n<\/div>\n<\/div>\n<\/article>\n<article class=\"post-content xemthem\"><\/article>\n<div id=\"comments\" class=\"comments-area\"><\/div>","protected":false},"excerpt":{"rendered":"<p>\u00a0Villa \u0110\u00e0 L\u1ea1t S\u01b0\u01a1ng Nguy\u1ec7t \u00c1nh 7 Ph\u00f2ng Danh m\u1ee5c ch\u00ednh 1. V\u1ecb tr\u00ed 2. Decor 4.\u00a0Gi\u00e1 ph\u00f2ng 5. Li\u00ean h\u1ec7 1. V\u1ecb tr\u00ed Villa t\u1ecda l\u1ea1c ngay khu v\u1ef1c trung t\u00e2m \u0111\u01b0\u1eddng S\u01b0\u01a1ng Nguy\u1ec7t \u00c1nh, ph\u01b0\u1eddng 9, TP \u0110\u00e0 L\u1ea1t. N\u01a1i \u0111\u00e2y thi\u00ean th\u1eddi \u0111\u1ecba l\u1ee3i nh\u00e2n h\u00f2a, giao th\u00f4ng thu\u1eadn ti\u1ec7n cho vi\u1ec7c [&hellip;]<\/p>","protected":false},"featured_media":15790,"comment_status":"open","ping_status":"closed","template":"","meta":{"_acf_changed":false,"rank_math_lock_modified_date":false},"product_cat":[29,2263,45],"product_tag":[],"acf":[],"_links":{"self":[{"href":"https:\/\/dalatreview.vn\/en\/wp-json\/wp\/v2\/product\/15789"}],"collection":[{"href":"https:\/\/dalatreview.vn\/en\/wp-json\/wp\/v2\/product"}],"about":[{"href":"https:\/\/dalatreview.vn\/en\/wp-json\/wp\/v2\/types\/product"}],"replies":[{"embeddable":true,"href":"https:\/\/dalatreview.vn\/en\/wp-json\/wp\/v2\/comments?post=15789"}],"wp:featuredmedia":[{"embeddable":true,"href":"https:\/\/dalatreview.vn\/en\/wp-json\/wp\/v2\/media\/15790"}],"wp:attachment":[{"href":"https:\/\/dalatreview.vn\/en\/wp-json\/wp\/v2\/media?parent=15789"}],"wp:term":[{"taxonomy":"product_cat","embeddable":true,"href":"https:\/\/dalatreview.vn\/en\/wp-json\/wp\/v2\/product_cat?post=15789"},{"taxonomy":"product_tag","embeddable":true,"href":"https:\/\/dalatreview.vn\/en\/wp-json\/wp\/v2\/product_tag?post=15789"}],"curies":[{"name":"wp","href":"https:\/\/api.w.org\/{rel}","templated":true}]}}