
{"id":15742,"date":"2022-02-24T16:55:32","date_gmt":"2022-02-24T09:55:32","guid":{"rendered":"https:\/\/dalatreview.vn\/?p=15742"},"modified":"2024-07-11T10:57:00","modified_gmt":"2024-07-11T03:57:00","slug":"villa-da-lat-hung-vuong-7-phong","status":"publish","type":"product","link":"https:\/\/dalatreview.vn\/en\/villa-da-lat-hung-vuong-7-phong.html","title":{"rendered":"Villa \u0110\u00e0 L\u1ea1t H\u00f9ng V\u01b0\u01a1ng 7 Ph\u00f2ng"},"content":{"rendered":"<p style=\"text-align: center;\"><span style=\"color: #008000;\"><strong><span style=\"font-size: 24px;\">Villa \u0110\u00e0 L\u1ea1t H\u00f9ng V\u01b0\u01a1ng 7 Ph\u00f2ng<\/span><\/strong><\/span><\/p>\n<nav class=\"vietrick-auto-toc\">\n<div class=\"box-title\">\n<h3 class=\"toc-title\" id=\"select-menu\">Danh m\u1ee5c ch\u00ednh<\/h3>\n<div><ion-icon name=\"chevron-up-outline\"><\/ion-icon><\/div>\n<\/div>\n<ul class=\"toc-list\">\n<li><a href='https:\/\/dalatreview.vn\/en#1-vi-tri' class='heading-h2 toc-link smooth-scroll'>1. V\u1ecb tr\u00ed<\/a>\n<li><a href='https:\/\/dalatreview.vn\/en#2-decor' class='heading-h2 toc-link smooth-scroll'>2. Decor<\/a>\n<li><a href='https:\/\/dalatreview.vn\/en#3-dich-vu-tien-nghi' class='heading-h2 toc-link smooth-scroll'>3. D\u1ecbch v\u1ee5 &amp; Ti\u1ec7n nghi<\/a>\n<li><a href='https:\/\/dalatreview.vn\/en#4-gia-phong' class='heading-h2 toc-link smooth-scroll'>4.\u00a0Gi\u00e1 ph\u00f2ng<\/a>\n<li><a href='https:\/\/dalatreview.vn\/en#5-lien-he' class='heading-h2 toc-link smooth-scroll'>5. Li\u00ean h\u1ec7<\/a><\/ul>\n<\/ul>\n<\/li>\n<\/ul>\n<\/nav>\n<h2 id=\"1-vi-tri\"><span style=\"color: #008000;\"><strong><span style=\"font-size: 24px;\">1. V\u1ecb tr\u00ed<\/span><\/strong><\/span><\/h2>\n<p>Villa t\u1ecda l\u1ea1c ngay khu v\u1ef1c trung t\u00e2m, <strong>\u0111\u01b0\u1eddng H\u00f9ng V\u01b0\u01a1ng, ph\u01b0\u1eddng 11, TP \u0110\u00e0 L\u1ea1t<\/strong>. N\u01a1i \u0111\u00e2y thu\u1eadn ti\u1ec7n cho vi\u1ec7c \u0111i l\u1ea1i mua s\u1eafm, \u0103n u\u1ed1ng v\u00e0 vui ch\u01a1i. Villa n\u1eb1m \u1edf v\u1ecb tr\u00ed cao, c\u00f3 view thi\u00ean nhi\u00ean c\u1ef1c k\u00ec \u0111\u1eb9p v\u00e0 th\u01a1 m\u1ed9ng cho du kh\u00e1ch ngh\u1ec9 d\u01b0\u1ee1ng.<\/p>\n<p>H\u00e3y c\u00f9ng kh\u00e1m ph\u00e1 n\u01a1i \u0111\u00e2y c\u00f9ng gia \u0111\u00ecnh, b\u1ea1n b\u00e8 v\u00e0 ng\u01b0\u1eddi th\u00e2n nh\u00e9 !<\/p>\n<p><img decoding=\"async\" class=\"aligncenter wp-image-15752 size-full\" src=\"https:\/\/dalatreview.vn\/wp-content\/uploads\/2022\/02\/villa-7-phong-hung-vuong-9-1.jpg\" alt=\"villa 7 phong hung vuong\" width=\"1600\" height=\"1076\" \/><\/p>\n<h2 id=\"2-decor\"><span style=\"color: #008000;\"><strong><span style=\"font-size: 24px;\"><span class=\"_4yxo _4yxp\">2. Decor<\/span><\/span><\/strong><\/span><\/h2>\n<p>Villa n\u1eb1m \u00e9p m\u00ecnh trong 1 th\u00e0nh ph\u1ed1 l\u00e3ng m\u1ea1n nh\u1ea5t c\u1ee7a Vi\u1ec7t Nam. C\u00e1c ph\u00f2ng \u0111\u1ec1u c\u00f3 c\u1eeda s\u1ed5 nh\u00ecn ra s\u00e2n v\u01b0\u1eddn xanh m\u00e1t, \u0111an xen ti\u1ebfng th\u00e1c n\u01b0\u1edbc ch\u1ea3y r\u00f3c r\u00e1ch nh\u01b0 \u0111\u01b0\u1ee3c th\u01b0 gi\u00e3n sau nh\u1eefng b\u1ed9n b\u1ec1 c\u1ee7a cu\u1ed9c s\u1ed1ng.<\/p>\n<p>Villa \u0111\u01b0\u1ee3c thi\u1ebft k\u1ebf l\u1ea5y t\u00f4ng tr\u1eafng l\u00e0m ch\u1ee7 \u0111\u1ea1o, t\u1ea1o c\u1ea3m gi\u00e1c thanh s\u1ea1ch t\u01b0\u01a1i\u00a0m\u00e1t, c\u00f3 v\u1ea1n khu\u00ea l\u1ea7u n\u1eb1m tr\u00ean b\u1ec3 c\u00e1 \u0111\u1ec3 u\u1ed1ng tr\u00e0 t\u00e2m s\u1ef1 t\u1ea1o cho b\u1ea1n v\u00e0 gia \u0111\u00ecnh m\u1ed9t kh\u00f4ng gian ngh\u1ec9 c\u1ef1c k\u00ec tuy\u1ec7t v\u1eddi v\u00e0 tho\u1ea3i m\u00e1i.<\/p>\n<p>S\u00e2n v\u01b0\u1eddn r\u1ea5t r\u1ed9ng r\u00e3i, c\u00f3 nhi\u1ec1u c\u00e2y xanh trong l\u00e0nh, b\u00ean trong l\u1ea1i \u0111\u1ea7y \u0111\u1ee7 ti\u1ec7n nghi.<\/p>\n<p><img decoding=\"async\" class=\"aligncenter wp-image-15754 size-full\" src=\"https:\/\/dalatreview.vn\/wp-content\/uploads\/2022\/02\/villa-7-phong-hung-vuong.jpg\" alt=\"villa 7 phong hung vuong\" width=\"1200\" height=\"900\" \/><\/p>\n<h2 id=\"3-dich-vu-tien-nghi\"><span style=\"color: #008000;\"><strong><span style=\"font-size: 24px;\">3. D\u1ecbch v\u1ee5 &amp; Ti\u1ec7n nghi<\/span><\/strong><\/span><\/h2>\n<div class=\"pt-2\">\n<p>G\u1ed3m 7 ph\u00f2ng ng\u1ee7 sang tr\u1ecdng kh\u00e9p k\u00edn, c\u00f3 n\u00f3ng l\u1ea1nh, ph\u00f2ng t\u1eafm, wc, \u0111\u1ed3 d\u00f9ng c\u00e1 nh\u00e2n.<br \/>\n1 ph\u00f2ng 1\u00a0gi\u01b0\u1eddng 2 ng\u01b0\u1eddi<br \/>\n4 ph\u00f2ng 2\u00a0gi\u01b0\u1eddng 4\u00a0ng\u01b0\u1eddi<br \/>\n2 ph\u00f2ng 5 gi\u01b0\u1eddng n\u1ec7m 10 ng\u01b0\u1eddi<br \/>\n2 ph\u00f2ng sinh ho\u1ea1t chung<\/p>\n<p>S\u1ee9c ch\u1ee9a 26-45 kh\u00e1ch<\/p>\n<p>&#8212;&#8212;&#8212;&#8212;&#8212;&#8212;&#8212;&#8212;&#8212;&#8212;&#8212;&#8212;&#8212;&#8212;&#8212;&#8212;&#8212;&#8212;&#8211;<\/p>\n<p>&#8211; \u0110\u1ea7y \u0111\u1ee7 ti\u1ec7n nghi nh\u01b0 \u1edf nh\u00e0. C\u00f3 tivi, t\u1ee7 l\u1ea1nh, m\u00e1y gi\u1eb7t,&#8230;<\/p>\n<p>&#8211; C\u00f3 di\u1ec7n t\u00edch \u0111\u1ec3 n\u01b0\u1edbng BBQ ngo\u00e0i tr\u1eddi.<\/p>\n<p>&#8211; C\u00f3 ch\u1ed7 \u0111\u1eadu xe m\u00e1y, xe h\u01a1i an to\u00e0n. C\u00f3 d\u1ecbch v\u1ee5 thu\u00ea xe,&#8230;<\/p>\n<p>&#8211; Y\u00ean t\u0129nh, an ninh 24\/24, s\u1ea1ch s\u1ebd, tho\u00e1ng m\u00e1t, view thi\u00ean nhi\u00ean si\u00eau \u0111\u1eb9p.<\/p>\n<p>&#8211; B\u1ebfp t\u1ef1 do n\u1ea5u n\u01b0\u1edbng \u0111\u1ea7y \u0111\u1ee7 c\u00e1c d\u1ee5ng c\u1ee5 v\u00e0 gia v\u1ecb th\u1ecfa s\u1ee9c n\u1ea5u n\u01b0\u01a1ng.<\/p>\n<p>&#8211; Ch\u00eca kho\u00e1 trao tay tha h\u1ed3 ri\u00eang t\u01b0.<\/p>\n<p><img decoding=\"async\" class=\"aligncenter wp-image-15755 size-full\" src=\"https:\/\/dalatreview.vn\/wp-content\/uploads\/2022\/02\/villa-7-phong-hung-vuong-30.jpg\" alt=\"villa 7 phong hung vuong\" width=\"1200\" height=\"900\" \/><\/p>\n<\/div>\n<div class=\"pt-2\">\n<article class=\"post-content\">\n<div class=\"anh_wtm_m\">\n<div class=\"mws_content\">\n<article class=\"post-content\">\n<div class=\"anh_wtm_m\">\n<div class=\"mws_content\">\n<article class=\"post-content\">\n<div class=\"anh_wtm_m\">\n<div class=\"mws_content\">\n<article class=\"post-content\">\n<div class=\"anh_wtm_m\">\n<div class=\"mws_content\">\n<article class=\"post-content\">\n<div class=\"anh_wtm_m\">\n<div class=\"mws_content\">\n<article class=\"post-content\">\n<div class=\"anh_wtm_m\">\n<div class=\"mws_content\">\n<h2 id=\"4-gia-phong\"><span style=\"color: #008000;\"><strong><span style=\"font-size: 24px;\"><span class=\"_4yxo\">4.<\/span>\u00a0Gi\u00e1 ph\u00f2ng<\/span><\/strong><\/span><\/h2>\n<p>Li\u00ean h\u1ec7 \u0111\u1ec3 \u0111\u01b0\u1ee3c \u0110\u00e0 L\u1ea1t Review t\u01b0 v\u1ea5n.<\/p>\n<h2 id=\"5-lien-he\"><span style=\"color: #008000;\">5. Li\u00ean h\u1ec7<\/span><\/h2>\n<p>Fanpage:\u00a0<a href=\"https:\/\/www.facebook.com\/booking.dalatreview.vn\/\">Booking \u0110\u00e0 L\u1ea1t \u2013 www.dalatreview.vn<\/a><\/p>\n<p>S\u0110T\/Zalo: 0988 249 297<\/p>\n<\/div>\n<\/div>\n<\/article>\n<article class=\"post-content xemthem\"><\/article>\n<div id=\"comments\" class=\"comments-area\"><\/div>\n<\/div>\n<\/div>\n<\/article>\n<article class=\"post-content xemthem\"><\/article>\n<div id=\"comments\" class=\"comments-area\"><\/div>\n<\/div>\n<\/div>\n<\/article>\n<article class=\"post-content xemthem\"><\/article>\n<div id=\"comments\" class=\"comments-area\"><\/div>\n<\/div>\n<\/div>\n<\/article>\n<article class=\"post-content xemthem\"><\/article>\n<div id=\"comments\" class=\"comments-area\"><\/div>\n<\/div>\n<\/div>\n<\/article>\n<article class=\"post-content xemthem\"><\/article>\n<div id=\"comments\" class=\"comments-area\"><\/div>\n<\/div>\n<\/div>\n<\/article>\n<article class=\"post-content xemthem\"><\/article>\n<div id=\"comments\" class=\"comments-area\"><\/div>\n<\/div>","protected":false},"excerpt":{"rendered":"<p>Villa \u0110\u00e0 L\u1ea1t H\u00f9ng V\u01b0\u01a1ng 7 Ph\u00f2ng Danh m\u1ee5c ch\u00ednh 1. V\u1ecb tr\u00ed 2. Decor 3. D\u1ecbch v\u1ee5 &amp; Ti\u1ec7n nghi 4.\u00a0Gi\u00e1 ph\u00f2ng 5. Li\u00ean h\u1ec7 1. V\u1ecb tr\u00ed Villa t\u1ecda l\u1ea1c ngay khu v\u1ef1c trung t\u00e2m, \u0111\u01b0\u1eddng H\u00f9ng V\u01b0\u01a1ng, ph\u01b0\u1eddng 11, TP \u0110\u00e0 L\u1ea1t. N\u01a1i \u0111\u00e2y thu\u1eadn ti\u1ec7n cho vi\u1ec7c \u0111i l\u1ea1i mua s\u1eafm, [&hellip;]<\/p>","protected":false},"featured_media":15751,"comment_status":"open","ping_status":"closed","template":"","meta":{"_acf_changed":false,"rank_math_lock_modified_date":false},"product_cat":[29,2263,45],"product_tag":[],"acf":[],"_links":{"self":[{"href":"https:\/\/dalatreview.vn\/en\/wp-json\/wp\/v2\/product\/15742"}],"collection":[{"href":"https:\/\/dalatreview.vn\/en\/wp-json\/wp\/v2\/product"}],"about":[{"href":"https:\/\/dalatreview.vn\/en\/wp-json\/wp\/v2\/types\/product"}],"replies":[{"embeddable":true,"href":"https:\/\/dalatreview.vn\/en\/wp-json\/wp\/v2\/comments?post=15742"}],"wp:featuredmedia":[{"embeddable":true,"href":"https:\/\/dalatreview.vn\/en\/wp-json\/wp\/v2\/media\/15751"}],"wp:attachment":[{"href":"https:\/\/dalatreview.vn\/en\/wp-json\/wp\/v2\/media?parent=15742"}],"wp:term":[{"taxonomy":"product_cat","embeddable":true,"href":"https:\/\/dalatreview.vn\/en\/wp-json\/wp\/v2\/product_cat?post=15742"},{"taxonomy":"product_tag","embeddable":true,"href":"https:\/\/dalatreview.vn\/en\/wp-json\/wp\/v2\/product_tag?post=15742"}],"curies":[{"name":"wp","href":"https:\/\/api.w.org\/{rel}","templated":true}]}}