
{"id":15705,"date":"2022-02-24T15:42:28","date_gmt":"2022-02-24T08:42:28","guid":{"rendered":"https:\/\/dalatreview.vn\/?p=15705"},"modified":"2024-07-11T10:57:02","modified_gmt":"2024-07-11T03:57:02","slug":"villa-vip-da-lat-ngo-tat-to-7-phong","status":"publish","type":"product","link":"https:\/\/dalatreview.vn\/en\/villa-vip-da-lat-ngo-tat-to-7-phong.html","title":{"rendered":"Villa Vip \u0110\u00e0 L\u1ea1t Ng\u00f4 T\u1ea5t T\u1ed1 7 Ph\u00f2ng"},"content":{"rendered":"<p style=\"text-align: center;\"><span style=\"color: #008000;\"><strong><span style=\"font-size: 24px;\">Villa Vip \u0110\u00e0 L\u1ea1t Ng\u00f4 T\u1ea5t T\u1ed1 7 Ph\u00f2ng<\/span><\/strong><\/span><\/p>\n<nav class=\"vietrick-auto-toc\">\n<div class=\"box-title\">\n<h3 class=\"toc-title\" id=\"select-menu\">Danh m\u1ee5c ch\u00ednh<\/h3>\n<div><ion-icon name=\"chevron-up-outline\"><\/ion-icon><\/div>\n<\/div>\n<ul class=\"toc-list\">\n<li><a href='https:\/\/dalatreview.vn\/en#1-vi-tri' class='heading-h2 toc-link smooth-scroll'>1. V\u1ecb tr\u00ed<\/a>\n<li><a href='https:\/\/dalatreview.vn\/en#2-decor' class='heading-h2 toc-link smooth-scroll'>2. Decor<\/a>\n<li><a href='https:\/\/dalatreview.vn\/en#3-dich-vu-tien-nghi' class='heading-h2 toc-link smooth-scroll'>3. D\u1ecbch v\u1ee5 &amp; Ti\u1ec7n nghi<\/a>\n<li><a href='https:\/\/dalatreview.vn\/en#4-gia-phong' class='heading-h2 toc-link smooth-scroll'>4.\u00a0Gi\u00e1 ph\u00f2ng<\/a>\n<li><a href='https:\/\/dalatreview.vn\/en#5-lien-he' class='heading-h2 toc-link smooth-scroll'>5. Li\u00ean h\u1ec7<\/a><\/ul>\n<\/ul>\n<\/li>\n<\/ul>\n<\/nav>\n<h2 id=\"1-vi-tri\"><span style=\"color: #008000;\"><strong><span style=\"font-size: 24px;\">1. V\u1ecb tr\u00ed<\/span><\/strong><\/span><\/h2>\n<p>C\u0103n nh\u00e0 t\u1ecda l\u1ea1c g\u1ea7n v\u1ecb tr\u00ed trung t\u00e2m, n\u1eb1m \u1edf <strong>\u0111\u01b0\u1eddng Ng\u00f4 T\u1ea5t T\u1ed1, Ph\u01b0\u1eddng 8, TP \u0110\u00e0 L\u1ea1t<\/strong>. Ch\u1ec9 c\u00e1ch ch\u1ee3 6 ph\u00fat ch\u1ea1y xe. Giao th\u00f4ng thu\u1eadn ti\u1ec7n, c\u1ea3nh quan thi\u00ean nhi\u00ean t\u01b0\u01a1i \u0111\u1eb9p, con ng\u01b0\u1eddi l\u1ea1i d\u1ec5 g\u1ea7n, d\u1ec5 m\u1ebfn + nhi\u1ec1u n\u00e9t v\u0103n h\u00f3a \u0111\u1eb7c s\u1eafc thu h\u00fat kh\u00e1ch du l\u1ecbch.<\/p>\n<p>\u0110\u1ebfn v\u1edbi th\u00e0nh ph\u1ed1 th\u00ec n\u01a1i \u0111\u00e2y l\u00e0\u00a0l\u1ef1a ch\u1ecdn l\u00fd t\u01b0\u1edfng, b\u1edfi \u0111\u00e2y l\u00e0 1 trong nh\u1eefng \u0111\u1ecba ch\u1ec9 h\u1ed9i t\u1ee5 nhi\u1ec1u \u0111i\u1ec3m \u0111\u1ebfn h\u1ea5p d\u1eabn nh\u1ea5t c\u1ee7a x\u1ee9 s\u1edf s\u01b0\u01a1ng m\u00f9.<\/p>\n<p><img decoding=\"async\" class=\"aligncenter wp-image-15716 size-full\" src=\"https:\/\/dalatreview.vn\/wp-content\/uploads\/2022\/02\/villa-7-phong-ngo-tat-to-12-1.jpg\" alt=\"villa 7 phong ngo tat to\" width=\"1280\" height=\"960\" \/><\/p>\n<h2 id=\"2-decor\"><span style=\"color: #008000;\"><strong><span style=\"font-size: 24px;\"><span class=\"_4yxo _4yxp\">2. Decor<\/span><\/span><\/strong><\/span><\/h2>\n<p>Villa c\u1ef1c k\u00ec r\u1ed9ng r\u00e3i, tho\u00e1ng m\u00e1t v\u00e0 s\u1ea1ch s\u1ebd. S\u00e2n v\u01b0\u1eddn c\u00f3 th\u1ea3m c\u1ecf xanh m\u01b0\u1edbt + decor th\u00eam 1 b\u1ec3 c\u00e1 r\u1ea5t \u0111\u1eb9p, t\u1ea1o c\u1ea3m gi\u00e1c r\u1ea5t y\u00ean b\u00ecnh cho du kh\u00e1ch.<\/p>\n<p>B\u00ean trong n\u1ed9i th\u1ea5t cao c\u1ea5p, \u0111\u1ea7y \u0111\u1ee7 ti\u1ec7n nghi \u0111\u00e1p \u01b0ng \u0111\u01b0\u1ee3c m\u1ecdi nhu c\u1ea7u c\u1ee7a b\u1ea1n v\u00e0 gia \u0111\u00ecnh khi \u1edf \u0111\u00e2y. V\u1eeba c\u00f3 khu v\u1ef1c sinh ho\u1ea1t chung, v\u1eeba c\u00f3 khu v\u1ef1c ri\u00eang t\u01b0 d\u00e0nh cho m\u1ecdi ng\u01b0\u1eddi n\u00ean c\u1ee9 y\u00ean t\u00e2m l\u1ef1a ch\u1ecdn villa n\u00e0y l\u00e0m \u0111i\u1ec3m d\u1eebng ch\u00e2n nh\u00e9 !<\/p>\n<p><img decoding=\"async\" class=\"aligncenter wp-image-15720 size-full\" src=\"https:\/\/dalatreview.vn\/wp-content\/uploads\/2022\/02\/villa-7-phong-ngo-tat-to.jpg\" alt=\"villa 7 phong ngo tat to\" width=\"1200\" height=\"900\" \/><\/p>\n<h2 id=\"3-dich-vu-tien-nghi\"><span style=\"color: #008000;\"><strong><span style=\"font-size: 24px;\">3. D\u1ecbch v\u1ee5 &amp; Ti\u1ec7n nghi<\/span><\/strong><\/span><\/h2>\n<p>G\u1ed3m 7 ph\u00f2ng ng\u1ee7 sang tr\u1ecdng, c\u00f3 ph\u00f2ng t\u1eafm &amp; wc kh\u00e9p k\u00edn. \u0110\u1ea7y \u0111\u1ee7 n\u00f3ng l\u1ea1nh, \u0111\u1ed3 d\u00f9ng c\u00e1 nh\u00e2n c\u1ea7n thi\u1ebft.<br \/>\n1 ph\u00f2ng 1\u00a0gi\u01b0\u1eddng 2 ng\u01b0\u1eddi<br \/>\n6 ph\u00f2ng 2\u00a0gi\u01b0\u1eddng 4\u00a0ng\u01b0\u1eddi<\/p>\n<p>S\u1ee9c ch\u1ee9a 26-28 kh\u00e1ch<\/p>\n<p>&#8211; \u0110\u1ea7y \u0111\u1ee7 ti\u1ec7n nghi nh\u01b0 \u1edf nh\u00e0 nh\u01b0 tivi, t\u1ee7 l\u1ea1nh, m\u00e1y gi\u1eb7t, m\u00e1y s\u1ea5y, &#8230; c\u00f3 2 ph\u00f2ng kh\u00e1ch, c\u00f3 d\u00e0n karaoke cao c\u1ea5p \u0111\u1ec3 h\u00e1t cho nhau nghe.<\/p>\n<p>&#8211; C\u00f3 di\u1ec7n t\u00edch \u0111\u1ec3 n\u01b0\u1edbng BBQ ngo\u00e0i tr\u1eddi.<\/p>\n<p>&#8211; C\u00f3 ch\u1ed7 \u0111\u1eadu xe m\u00e1y, xe h\u01a1i an to\u00e0n.<\/p>\n<p>&#8211; Y\u00ean t\u0129nh, an ninh 24\/24, s\u1ea1ch s\u1ebd, tho\u00e1ng m\u00e1t, view thi\u00ean nhi\u00ean si\u00eau \u0111\u1eb9p.<\/p>\n<p>&#8211; B\u1ebfp t\u1ef1 do n\u1ea5u n\u01b0\u1edbng \u0111\u1ea7y \u0111\u1ee7 d\u1ee5ng c\u1ee5 v\u00e0 gia v\u1ecb tha h\u1ed3 n\u1ea5u n\u01b0\u1edbng.<\/p>\n<p>&#8211; Ch\u00eca kho\u00e1 trao tay tha h\u1ed3 ri\u00eang t\u01b0.<\/p>\n<p><img decoding=\"async\" class=\"aligncenter wp-image-15721 size-full\" src=\"https:\/\/dalatreview.vn\/wp-content\/uploads\/2022\/02\/villa-7-phong-ngo-tat-to-24.jpg\" alt=\"villa 7 phong ngo tat to\" width=\"1200\" height=\"900\" \/><\/p>\n<article class=\"post-content\">\n<div class=\"anh_wtm_m\">\n<div class=\"mws_content\">\n<article class=\"post-content\">\n<div class=\"anh_wtm_m\">\n<div class=\"mws_content\">\n<article class=\"post-content\">\n<div class=\"anh_wtm_m\">\n<div class=\"mws_content\">\n<article class=\"post-content\">\n<div class=\"anh_wtm_m\">\n<div class=\"mws_content\">\n<h2 id=\"4-gia-phong\"><span style=\"color: #008000;\"><strong><span style=\"font-size: 24px;\"><span class=\"_4yxo\">4.<\/span>\u00a0Gi\u00e1 ph\u00f2ng<\/span><\/strong><\/span><\/h2>\n<p>Li\u00ean h\u1ec7 \u0111\u1ec3 \u0111\u01b0\u1ee3c \u0110\u00e0 L\u1ea1t Review t\u01b0 v\u1ea5n.<\/p>\n<h2 id=\"5-lien-he\"><span style=\"color: #008000;\">5. Li\u00ean h\u1ec7<\/span><\/h2>\n<p>Fanpage:\u00a0<a href=\"https:\/\/www.facebook.com\/booking.dalatreview.vn\/\">Booking \u0110\u00e0 L\u1ea1t \u2013 www.dalatreview.vn<\/a><\/p>\n<p>S\u0110T\/Zalo: 0988 249 297<\/p>\n<\/div>\n<\/div>\n<\/article>\n<article class=\"post-content xemthem\"><\/article>\n<div id=\"comments\" class=\"comments-area\"><\/div>\n<\/div>\n<\/div>\n<\/article>\n<article class=\"post-content xemthem\"><\/article>\n<div id=\"comments\" class=\"comments-area\"><\/div>\n<\/div>\n<\/div>\n<\/article>\n<article class=\"post-content xemthem\"><\/article>\n<div id=\"comments\" class=\"comments-area\"><\/div>\n<\/div>\n<\/div>\n<\/article>\n<article class=\"post-content xemthem\"><\/article>\n<div id=\"comments\" class=\"comments-area\"><\/div>","protected":false},"excerpt":{"rendered":"<p>Villa Vip \u0110\u00e0 L\u1ea1t Ng\u00f4 T\u1ea5t T\u1ed1 7 Ph\u00f2ng Danh m\u1ee5c ch\u00ednh 1. V\u1ecb tr\u00ed 2. Decor 3. D\u1ecbch v\u1ee5 &amp; Ti\u1ec7n nghi 4.\u00a0Gi\u00e1 ph\u00f2ng 5. Li\u00ean h\u1ec7 1. V\u1ecb tr\u00ed C\u0103n nh\u00e0 t\u1ecda l\u1ea1c g\u1ea7n v\u1ecb tr\u00ed trung t\u00e2m, n\u1eb1m \u1edf \u0111\u01b0\u1eddng Ng\u00f4 T\u1ea5t T\u1ed1, Ph\u01b0\u1eddng 8, TP \u0110\u00e0 L\u1ea1t. Ch\u1ec9 c\u00e1ch ch\u1ee3 6 [&hellip;]<\/p>","protected":false},"featured_media":15706,"comment_status":"open","ping_status":"closed","template":"","meta":{"_acf_changed":false,"rank_math_lock_modified_date":false},"product_cat":[29,2263,45],"product_tag":[],"acf":[],"_links":{"self":[{"href":"https:\/\/dalatreview.vn\/en\/wp-json\/wp\/v2\/product\/15705"}],"collection":[{"href":"https:\/\/dalatreview.vn\/en\/wp-json\/wp\/v2\/product"}],"about":[{"href":"https:\/\/dalatreview.vn\/en\/wp-json\/wp\/v2\/types\/product"}],"replies":[{"embeddable":true,"href":"https:\/\/dalatreview.vn\/en\/wp-json\/wp\/v2\/comments?post=15705"}],"wp:featuredmedia":[{"embeddable":true,"href":"https:\/\/dalatreview.vn\/en\/wp-json\/wp\/v2\/media\/15706"}],"wp:attachment":[{"href":"https:\/\/dalatreview.vn\/en\/wp-json\/wp\/v2\/media?parent=15705"}],"wp:term":[{"taxonomy":"product_cat","embeddable":true,"href":"https:\/\/dalatreview.vn\/en\/wp-json\/wp\/v2\/product_cat?post=15705"},{"taxonomy":"product_tag","embeddable":true,"href":"https:\/\/dalatreview.vn\/en\/wp-json\/wp\/v2\/product_tag?post=15705"}],"curies":[{"name":"wp","href":"https:\/\/api.w.org\/{rel}","templated":true}]}}