
{"id":15683,"date":"2022-02-24T15:05:04","date_gmt":"2022-02-24T08:05:04","guid":{"rendered":"https:\/\/dalatreview.vn\/?p=15683"},"modified":"2024-07-11T10:58:35","modified_gmt":"2024-07-11T03:58:35","slug":"villa-da-lat-han-thuyen-6-phong","status":"publish","type":"product","link":"https:\/\/dalatreview.vn\/en\/villa-da-lat-han-thuyen-6-phong.html","title":{"rendered":"Villa \u0110\u00e0 L\u1ea1t H\u00e0n Thuy\u00ean 6 Ph\u00f2ng"},"content":{"rendered":"<p style=\"text-align: center;\"><span style=\"color: #008000;\"><strong><span style=\"font-size: 24px;\">Villa \u0110\u00e0 L\u1ea1t H\u00e0n Thuy\u00ean 6 Ph\u00f2ng<\/span><\/strong><\/span><\/p>\n<nav class=\"vietrick-auto-toc\">\n<div class=\"box-title\">\n<h3 class=\"toc-title\" id=\"select-menu\">Danh m\u1ee5c ch\u00ednh<\/h3>\n<div><ion-icon name=\"chevron-up-outline\"><\/ion-icon><\/div>\n<\/div>\n<ul class=\"toc-list\">\n<li><a href='https:\/\/dalatreview.vn\/en#1-vi-tri' class='heading-h2 toc-link smooth-scroll'>1. V\u1ecb tr\u00ed<\/a>\n<li><a href='https:\/\/dalatreview.vn\/en#2-decor' class='heading-h2 toc-link smooth-scroll'>2. Decor<\/a>\n<li><a href='https:\/\/dalatreview.vn\/en#' class='heading-h2 toc-link smooth-scroll'><\/a>\n<li><a href='https:\/\/dalatreview.vn\/en#3-dich-vu-tien-nghi' class='heading-h2 toc-link smooth-scroll'>3. D\u1ecbch v\u1ee5 &amp; Ti\u1ec7n nghi<\/a>\n<li><a href='https:\/\/dalatreview.vn\/en#' class='heading-h2 toc-link smooth-scroll'><\/a>\n<li><a href='https:\/\/dalatreview.vn\/en#4-gia-phong' class='heading-h2 toc-link smooth-scroll'>4.\u00a0Gi\u00e1 ph\u00f2ng<\/a>\n<li><a href='https:\/\/dalatreview.vn\/en#5-lien-he' class='heading-h2 toc-link smooth-scroll'>5. Li\u00ean h\u1ec7<\/a><\/ul>\n<\/ul>\n<\/li>\n<\/ul>\n<\/nav>\n<h2 id=\"1-vi-tri\"><span style=\"color: #008000;\"><strong><span style=\"font-size: 24px;\">1. V\u1ecb tr\u00ed<\/span><\/strong><\/span><\/h2>\n<p>Villa n\u1eb1m tr\u00ean con<strong> \u0111\u01b0\u1eddng H\u00e0n Thuy\u00ean, ph\u01b0\u1eddng 5, TP \u0110\u00e0 L\u1ea1t<\/strong>. Con \u0111\u01b0\u1eddng g\u1ea7n c\u00e1c khu \u0103n u\u1ed1ng, \u0111\u1eb7c bi\u1ec7t c\u00e1ch ch\u1ee3 1,3km r\u1ea5t thu\u1eadn l\u1ee3i cho vi\u1ec7c tham quan di chuy\u1ec3n t\u1edbi c\u00e1c \u0111\u1ecba \u0111i\u1ec3m tham quan \u1edf \u0110\u00e0 L\u1ea1t.<\/p>\n<p><img decoding=\"async\" class=\"aligncenter wp-image-15698 size-full\" src=\"https:\/\/dalatreview.vn\/wp-content\/uploads\/2022\/02\/villa-6-phong-han-thuyen-9-1.jpg\" alt=\"villa 6 phong han thuyen \" width=\"960\" height=\"640\" \/><\/p>\n<h2 id=\"2-decor\"><span style=\"color: #008000;\"><strong><span style=\"font-size: 24px;\"><span class=\"_4yxo _4yxp\">2. Decor<\/span><\/span><\/strong><\/span><\/h2>\n<p>Villa c\u00f3 s\u00e2n v\u01b0\u1eddn v\u00e0 v\u01b0\u1eddn hoa bao quanh nh\u00e0, t\u1ea1o n\u00ean m\u1ed9t kh\u00f4ng gian c\u1ef1c tho\u00e1ng \u0111\u00e3ng, qu\u00fd kh\u00e1ch c\u00f3 th\u1ec3 th\u1ecfa m\u00e1i t\u1eadn h\u01b0\u1edfng kh\u00f4ng kh\u00ed trong l\u00e0nh c\u1ee7a \u0110\u00e0 L\u1ea1t. \u0110\u00e2y l\u00e0 m\u1ed9t trong nh\u1eefng c\u0103n bi\u1ec7t th\u1ef1 s\u1edf h\u1eefu kh\u00f4ng gian y\u00ean t\u0129nh, tho\u00e1ng \u0111\u00e3ng. B\u00ean c\u1ea1nh \u0111\u00f3, Villa c\u00f2n thu\u1ed9c khu v\u1ef1c c\u00f3 an ninh t\u1ed1t, \u0111\u01b0\u1eddng \u0111i, s\u00e2n v\u01b0\u1eddn r\u1ed9ng r\u00e3i. C\u00f3 thi\u1ebft k\u1ebf hi\u1ec7n \u0111\u1ea1i, tho\u00e1ng m\u00e1t v\u1edbi nhi\u1ec1u c\u1eeda s\u1ed5, h\u1ee9a h\u1eb9n s\u1ebd l\u00e0 m\u1ed9t s\u1ef1 l\u1ef1a ch\u1ecdn tuy\u1ec7t v\u1eddi c\u1ee7a\u00a0chuy\u1ebfn ngh\u1ec9 d\u01b0\u1ee1ng cho gia \u0111\u00ecnh b\u1ea1n.<\/p>\n<p><img decoding=\"async\" class=\"aligncenter wp-image-15702 size-full\" src=\"https:\/\/dalatreview.vn\/wp-content\/uploads\/2022\/02\/villa-6-phong-han-thuyen-.jpg\" alt=\"villa 6 phong han thuyen \" width=\"1200\" height=\"900\" \/><\/p>\n<h2 id=\"\"><\/h2>\n<h2 id=\"3-dich-vu-tien-nghi\"><span style=\"color: #008000;\"><strong><span style=\"font-size: 24px;\">3. D\u1ecbch v\u1ee5 &amp; Ti\u1ec7n nghi<\/span><\/strong><\/span><\/h2>\n<p>G\u1ed3m 6 ph\u00f2ng ng\u1ee7 sang tr\u1ecdng, kh\u00e9p k\u00edn, c\u00f3 ph\u00f2ng t\u1eafm, n\u00f3ng l\u1ea1nh v\u00e0 \u0111\u1ed3 d\u00f9ng c\u00e1 nh\u00e2n c\u1ea7n thi\u1ebft.<br \/>\n5 ph\u00f2ng 1 gi\u01b0\u1eddng 2 ng\u01b0\u1eddi<br \/>\n1 ph\u00f2ng 2 gi\u01b0\u1eddng 4 ng\u01b0\u1eddi<\/p>\n<p>S\u1ee9c ch\u1ee9a 14-16\u00a0kh\u00e1ch<\/p>\n<p>&#8211; \u0110\u1ea7y \u0111\u1ee7 ti\u1ec7n nghi nh\u01b0 \u1edf nh\u00e0. Di\u1ec7n t\u00edch g\u1ea7n 500m2 v\u00e0 s\u00e2n v\u01b0\u1eddn r\u1ed9ng r\u00e3i.<\/p>\n<p>&#8211; C\u00f3 di\u1ec7n t\u00edch \u0111\u1ec3 n\u01b0\u1edbng BBQ ngo\u00e0i tr\u1eddi.<\/p>\n<p>&#8211; C\u00f3 ch\u1ed7 \u0111\u1eadu xe m\u00e1y, xe h\u01a1i an to\u00e0n t\u1eeb 4-16 ch\u1ed7.<\/p>\n<p>&#8211; Y\u00ean t\u0129nh, an ninh 24\/24, s\u1ea1ch s\u1ebd, tho\u00e1ng m\u00e1t, view thi\u00ean nhi\u00ean si\u00eau \u0111\u1eb9p.<\/p>\n<p>&#8211; B\u1ebfp t\u1ef1 do n\u1ea5u n\u01b0\u1edbng \u0111\u1ea7y \u0111\u1ee7 d\u1ee5ng c\u1ee5 v\u00e0 gia v\u1ecb.<\/p>\n<p>&#8211; Ch\u00eca kho\u00e1 trao tay tha h\u1ed3 ri\u00eang t\u01b0<\/p>\n<p>&nbsp;<\/p>\n<p><img decoding=\"async\" class=\"aligncenter wp-image-15703 size-full\" src=\"https:\/\/dalatreview.vn\/wp-content\/uploads\/2022\/02\/villa-6-phong-han-thuyen-1-1.jpg\" alt=\"villa 6 phong han thuyen \" width=\"1200\" height=\"900\" \/><\/p>\n<article class=\"post-content\">\n<div class=\"anh_wtm_m\">\n<div class=\"mws_content\">\n<article class=\"post-content\">\n<div class=\"anh_wtm_m\">\n<div class=\"mws_content\">\n<article class=\"post-content\">\n<div class=\"anh_wtm_m\">\n<div class=\"mws_content\">\n<h2 id=\"\"><\/h2>\n<h2 id=\"4-gia-phong\"><span style=\"color: #008000;\"><strong><span style=\"font-size: 24px;\"><span class=\"_4yxo\">4.<\/span>\u00a0Gi\u00e1 ph\u00f2ng<\/span><\/strong><\/span><\/h2>\n<p>Li\u00ean h\u1ec7 \u0111\u1ec3 \u0111\u01b0\u1ee3c \u0110\u00e0 L\u1ea1t Review t\u01b0 v\u1ea5n.<\/p>\n<h2 id=\"5-lien-he\"><span style=\"color: #008000;\">5. Li\u00ean h\u1ec7<\/span><\/h2>\n<p>Fanpage:\u00a0<a href=\"https:\/\/www.facebook.com\/booking.dalatreview.vn\/\">Booking \u0110\u00e0 L\u1ea1t \u2013 www.dalatreview.vn<\/a><\/p>\n<p>S\u0110T\/Zalo: 0988 249 297<\/p>\n<\/div>\n<\/div>\n<\/article>\n<article class=\"post-content xemthem\"><\/article>\n<div id=\"comments\" class=\"comments-area\"><\/div>\n<\/div>\n<\/div>\n<\/article>\n<article class=\"post-content xemthem\"><\/article>\n<div id=\"comments\" class=\"comments-area\"><\/div>\n<\/div>\n<\/div>\n<\/article>\n<article class=\"post-content xemthem\"><\/article>\n<div id=\"comments\" class=\"comments-area\"><\/div>","protected":false},"excerpt":{"rendered":"<p>Villa \u0110\u00e0 L\u1ea1t H\u00e0n Thuy\u00ean 6 Ph\u00f2ng Danh m\u1ee5c ch\u00ednh 1. V\u1ecb tr\u00ed 2. Decor 3. D\u1ecbch v\u1ee5 &amp; Ti\u1ec7n nghi 4.\u00a0Gi\u00e1 ph\u00f2ng 5. Li\u00ean h\u1ec7 1. V\u1ecb tr\u00ed Villa n\u1eb1m tr\u00ean con \u0111\u01b0\u1eddng H\u00e0n Thuy\u00ean, ph\u01b0\u1eddng 5, TP \u0110\u00e0 L\u1ea1t. Con \u0111\u01b0\u1eddng g\u1ea7n c\u00e1c khu \u0103n u\u1ed1ng, \u0111\u1eb7c bi\u1ec7t c\u00e1ch ch\u1ee3 1,3km r\u1ea5t thu\u1eadn [&hellip;]<\/p>","protected":false},"featured_media":15684,"comment_status":"open","ping_status":"closed","template":"","meta":{"_acf_changed":false,"rank_math_lock_modified_date":false},"product_cat":[29,2262,45],"product_tag":[],"acf":[],"_links":{"self":[{"href":"https:\/\/dalatreview.vn\/en\/wp-json\/wp\/v2\/product\/15683"}],"collection":[{"href":"https:\/\/dalatreview.vn\/en\/wp-json\/wp\/v2\/product"}],"about":[{"href":"https:\/\/dalatreview.vn\/en\/wp-json\/wp\/v2\/types\/product"}],"replies":[{"embeddable":true,"href":"https:\/\/dalatreview.vn\/en\/wp-json\/wp\/v2\/comments?post=15683"}],"wp:featuredmedia":[{"embeddable":true,"href":"https:\/\/dalatreview.vn\/en\/wp-json\/wp\/v2\/media\/15684"}],"wp:attachment":[{"href":"https:\/\/dalatreview.vn\/en\/wp-json\/wp\/v2\/media?parent=15683"}],"wp:term":[{"taxonomy":"product_cat","embeddable":true,"href":"https:\/\/dalatreview.vn\/en\/wp-json\/wp\/v2\/product_cat?post=15683"},{"taxonomy":"product_tag","embeddable":true,"href":"https:\/\/dalatreview.vn\/en\/wp-json\/wp\/v2\/product_tag?post=15683"}],"curies":[{"name":"wp","href":"https:\/\/api.w.org\/{rel}","templated":true}]}}