
{"id":15664,"date":"2022-02-24T14:37:50","date_gmt":"2022-02-24T07:37:50","guid":{"rendered":"https:\/\/dalatreview.vn\/?p=15664"},"modified":"2024-07-11T10:58:36","modified_gmt":"2024-07-11T03:58:36","slug":"villa-da-lat-phan-dinh-phung-6-phong","status":"publish","type":"product","link":"https:\/\/dalatreview.vn\/en\/villa-da-lat-phan-dinh-phung-6-phong.html","title":{"rendered":"Villa \u0110\u00e0 L\u1ea1t Phan \u0110\u00ecnh Ph\u00f9ng 6 Ph\u00f2ng"},"content":{"rendered":"<p style=\"text-align: center;\"><span style=\"color: #008000;\"><strong><span style=\"font-size: 24px;\">Villa \u0110\u00e0 L\u1ea1t Phan \u0110\u00ecnh Ph\u00f9ng 6 Ph\u00f2ng<\/span><\/strong><\/span><\/p>\n<nav class=\"vietrick-auto-toc\">\n<div class=\"box-title\">\n<h3 class=\"toc-title\" id=\"select-menu\">Danh m\u1ee5c ch\u00ednh<\/h3>\n<div><ion-icon name=\"chevron-up-outline\"><\/ion-icon><\/div>\n<\/div>\n<ul class=\"toc-list\">\n<li><a href='https:\/\/dalatreview.vn\/en#1-vi-tri' class='heading-h2 toc-link smooth-scroll'>1. V\u1ecb tr\u00ed<\/a>\n<li><a href='https:\/\/dalatreview.vn\/en#2-decor' class='heading-h2 toc-link smooth-scroll'>2. Decor<\/a>\n<li><a href='https:\/\/dalatreview.vn\/en#3-dich-vu-tien-nghi' class='heading-h2 toc-link smooth-scroll'>3. D\u1ecbch v\u1ee5 &amp; Ti\u1ec7n nghi<\/a>\n<li><a href='https:\/\/dalatreview.vn\/en#4-gia-phong' class='heading-h2 toc-link smooth-scroll'>4.\u00a0Gi\u00e1 ph\u00f2ng<\/a>\n<li><a href='https:\/\/dalatreview.vn\/en#5-lien-he' class='heading-h2 toc-link smooth-scroll'>5. Li\u00ean h\u1ec7<\/a><\/ul>\n<\/ul>\n<\/li>\n<\/ul>\n<\/nav>\n<h2 id=\"1-vi-tri\"><span style=\"color: #008000;\"><strong><span style=\"font-size: 24px;\">1. V\u1ecb tr\u00ed<\/span><\/strong><\/span><\/h2>\n<p>Villa Phan \u0110\u00ecnh Ph\u00f9ng, t\u1ecda l\u1ea1c ngay v\u1ecb tr\u00ed trung t\u00e2m <strong>\u0111\u01b0\u1eddng Phan \u0110\u00ecnh Ph\u00f9ng, ph\u01b0\u1eddng 2, TP \u0110\u00e0 L\u1ea1t<\/strong>. Ch\u1ec9 c\u00e1ch ch\u1ee3 5 ph\u00fat ch\u1ea1y xe. \u0110\u00e2y lu\u00f4n l\u00e0 n\u01a1i khi\u1ebfn ng\u01b0\u1eddi ta l\u01b0u luy\u1ebfn v\u00e0 kh\u00f3 qu\u00ean v\u1edbi nh\u1eefng khung c\u1ea3nh thi\u00ean nhi\u00ean th\u01a1 m\u1ed9ng, nh\u1eefng m\u00f3n \u0103n ngon v\u00e0 h\u1ea5p d\u1eabn, v\u00e0 \u0111\u1eb7c bi\u1ec7t l\u00e0 ng\u01b0\u1eddi d\u00e2n th\u00e2n thi\u1ec7n \u0111\u00e1ng y\u00eau.<\/p>\n<p><img decoding=\"async\" class=\"aligncenter wp-image-15675 size-full\" src=\"https:\/\/dalatreview.vn\/wp-content\/uploads\/2022\/02\/villa-6-phong-phan-dinh-phung-5-1.jpg\" alt=\"villa 6 phong phan dinh phung \" width=\"1600\" height=\"1200\" \/><\/p>\n<h2 id=\"2-decor\"><span style=\"color: #008000;\"><strong><span style=\"font-size: 24px;\"><span class=\"_4yxo _4yxp\">2. Decor<\/span><\/span><\/strong><\/span><\/h2>\n<p>Villa 2 t\u1ea7ng ki\u00ean c\u1ed1 v\u00e0 c\u1ef1c k\u00ec r\u1ed9ng r\u00e3i. N\u1ed9i th\u1ea5t cao c\u1ea5p v\u00e0 \u0111\u1ea7y \u0111\u1ee7 ti\u1ec7n nghi, decor \u0111\u01a1n gi\u1ea3n nh\u00e3 nh\u1eb7n nh\u01b0ng l\u1ea1i to\u00e1t l\u00ean v\u1ebb sang tr\u1ecdng, l\u1ecbch s\u1ef1. Nh\u00e0 n\u1eb1m \u1edf view cao n\u00ean t\u1eeb ban c\u00f4ng c\u00f3 th\u1ec3 ng\u1eafm nh\u00ecn \u0111\u01b0\u1ee3c c\u1ea3nh quan xung quanh r\u1ea5t \u0111\u1eb9p.<\/p>\n<p>C\u00f3 ph\u00f2ng kh\u00e1ch &amp; s\u00e2n v\u01b0\u1eddn sinh ho\u1ea1t chung gi\u1eefa m\u1ecdi ng\u01b0\u1eddi, khu v\u1ef1c sinh ho\u1ea1t ri\u00eang t\u01b0 ch\u00ednh l\u00e0 ph\u00f2ng ng\u1ee7 kh\u00e9p k\u00edn. T\u1ea5t c\u1ea3 \u0111\u1ec1u \u0111\u01b0\u1ee3c x\u1ebfp \u0111\u1eb7t g\u1ecdn g\u00e0ng, s\u1ea1ch s\u1ebd \u0111\u00e1p \u1ee9ng \u0111\u01b0\u1ee3c m\u1ecdi nhu c\u1ea7u m\u00e0 b\u1ea1n mong mu\u1ed1n. H\u1ee9a h\u1eb9n mang \u0111\u1ebfn s\u1ef1 tho\u1ea3i m\u00e1i nh\u1ea5t khi b\u1ea1n b\u01b0\u1edbc ch\u00e2n \u0111\u1ebfn \u0111\u00e2y !<\/p>\n<p><img decoding=\"async\" class=\"aligncenter wp-image-15680 size-full\" src=\"https:\/\/dalatreview.vn\/wp-content\/uploads\/2022\/02\/villa-6-phong-phan-dinh-phung.jpg\" alt=\"villa 6 phong phan dinh phung\" width=\"1200\" height=\"900\" \/><\/p>\n<h2 id=\"3-dich-vu-tien-nghi\"><span style=\"color: #008000;\"><strong><span style=\"font-size: 24px;\">3. D\u1ecbch v\u1ee5 &amp; Ti\u1ec7n nghi<\/span><\/strong><\/span><\/h2>\n<p>G\u1ed3m 6 ph\u00f2ng ng\u1ee7 sang tr\u1ecdng kh\u00e9p k\u00edn, c\u00f3 ph\u00f2ng t\u1eafm, n\u00f3ng l\u1ea1nh, wc v\u00e0 \u0111\u1ea7y \u0111\u1ee7 \u0111\u1ed3 d\u00f9ng c\u00e1 nh\u00e2n.<br \/>\n2 ph\u00f2ng 1 gi\u01b0\u1eddng 2 ng\u01b0\u1eddi<br \/>\n3 ph\u00f2ng 2 gi\u01b0\u1eddng 4 ng\u01b0\u1eddi<br \/>\n1 ph\u00f2ng 4\u00a0gi\u01b0\u1eddng n\u1ec7m\u00a08\u00a0ng\u01b0\u1eddi<\/p>\n<p>S\u1ee9c ch\u1ee9a 22-24\u00a0 kh\u00e1ch<\/p>\n<p>&nbsp;<\/p>\n<p>&#8211; \u0110\u1ea7y \u0111\u1ee7 ti\u1ec7n nghi nh\u01b0 \u1edf nh\u00e0. Tivi, t\u1ee7 l\u1ea1nh, internet,&#8230;<\/p>\n<p>&#8211; C\u00f3 di\u1ec7n t\u00edch \u0111\u1ec3 n\u01b0\u1edbng BBQ ngo\u00e0i tr\u1eddi.<\/p>\n<p>&#8211; C\u00f3 ch\u1ed7 \u0111\u1eadu xe m\u00e1y, xe h\u01a1i an to\u00e0n mi\u1ec5n ph\u00ed.<\/p>\n<p>&#8211; Y\u00ean t\u0129nh, an ninh 24\/24, s\u1ea1ch s\u1ebd, tho\u00e1ng m\u00e1t, view thi\u00ean nhi\u00ean si\u00eau \u0111\u1eb9p.<\/p>\n<p>&#8211; B\u1ebfp t\u1ef1 do n\u1ea5u n\u01b0\u1edbng c\u00f3 \u0111\u1ea7y \u0111\u1ee7 d\u1ee5ng c\u1ee5 v\u00e0 gia v\u1ecb.<\/p>\n<p>&#8211; Ch\u00eca kho\u00e1 trao tay tha h\u1ed3 ri\u00eang t\u01b0<\/p>\n<p><img decoding=\"async\" class=\"aligncenter wp-image-15681 size-full\" src=\"https:\/\/dalatreview.vn\/wp-content\/uploads\/2022\/02\/villa-6-phong-phan-dinh-phung-16.jpg\" alt=\"villa 6 phong phan dinh phung\" width=\"1200\" height=\"900\" \/><\/p>\n<article class=\"post-content\">\n<div class=\"anh_wtm_m\">\n<div class=\"mws_content\">\n<article class=\"post-content\">\n<div class=\"anh_wtm_m\">\n<div class=\"mws_content\">\n<h2 id=\"4-gia-phong\"><span style=\"color: #008000;\"><strong><span style=\"font-size: 24px;\"><span class=\"_4yxo\">4.<\/span>\u00a0Gi\u00e1 ph\u00f2ng<\/span><\/strong><\/span><\/h2>\n<p>Li\u00ean h\u1ec7 \u0111\u1ec3 \u0111\u01b0\u1ee3c \u0110\u00e0 L\u1ea1t Review t\u01b0 v\u1ea5n.<\/p>\n<h2 id=\"5-lien-he\"><span style=\"color: #008000;\">5. Li\u00ean h\u1ec7<\/span><\/h2>\n<p>Fanpage:\u00a0<a href=\"https:\/\/www.facebook.com\/booking.dalatreview.vn\/\">Booking \u0110\u00e0 L\u1ea1t \u2013 www.dalatreview.vn<\/a><\/p>\n<p>S\u0110T\/Zalo: 0988 249 297<\/p>\n<\/div>\n<\/div>\n<\/article>\n<article class=\"post-content xemthem\"><\/article>\n<div id=\"comments\" class=\"comments-area\"><\/div>\n<\/div>\n<\/div>\n<\/article>\n<article class=\"post-content xemthem\"><\/article>\n<div id=\"comments\" class=\"comments-area\"><\/div>","protected":false},"excerpt":{"rendered":"<p>Villa \u0110\u00e0 L\u1ea1t Phan \u0110\u00ecnh Ph\u00f9ng 6 Ph\u00f2ng Danh m\u1ee5c ch\u00ednh 1. V\u1ecb tr\u00ed 2. Decor 3. D\u1ecbch v\u1ee5 &amp; Ti\u1ec7n nghi 4.\u00a0Gi\u00e1 ph\u00f2ng 5. Li\u00ean h\u1ec7 1. V\u1ecb tr\u00ed Villa Phan \u0110\u00ecnh Ph\u00f9ng, t\u1ecda l\u1ea1c ngay v\u1ecb tr\u00ed trung t\u00e2m \u0111\u01b0\u1eddng Phan \u0110\u00ecnh Ph\u00f9ng, ph\u01b0\u1eddng 2, TP \u0110\u00e0 L\u1ea1t. Ch\u1ec9 c\u00e1ch ch\u1ee3 5 ph\u00fat [&hellip;]<\/p>","protected":false},"featured_media":15665,"comment_status":"open","ping_status":"closed","template":"","meta":{"_acf_changed":false,"rank_math_lock_modified_date":false},"product_cat":[29,2262,45],"product_tag":[],"acf":[],"_links":{"self":[{"href":"https:\/\/dalatreview.vn\/en\/wp-json\/wp\/v2\/product\/15664"}],"collection":[{"href":"https:\/\/dalatreview.vn\/en\/wp-json\/wp\/v2\/product"}],"about":[{"href":"https:\/\/dalatreview.vn\/en\/wp-json\/wp\/v2\/types\/product"}],"replies":[{"embeddable":true,"href":"https:\/\/dalatreview.vn\/en\/wp-json\/wp\/v2\/comments?post=15664"}],"wp:featuredmedia":[{"embeddable":true,"href":"https:\/\/dalatreview.vn\/en\/wp-json\/wp\/v2\/media\/15665"}],"wp:attachment":[{"href":"https:\/\/dalatreview.vn\/en\/wp-json\/wp\/v2\/media?parent=15664"}],"wp:term":[{"taxonomy":"product_cat","embeddable":true,"href":"https:\/\/dalatreview.vn\/en\/wp-json\/wp\/v2\/product_cat?post=15664"},{"taxonomy":"product_tag","embeddable":true,"href":"https:\/\/dalatreview.vn\/en\/wp-json\/wp\/v2\/product_tag?post=15664"}],"curies":[{"name":"wp","href":"https:\/\/api.w.org\/{rel}","templated":true}]}}