
{"id":15622,"date":"2022-02-24T10:19:25","date_gmt":"2022-02-24T03:19:25","guid":{"rendered":"https:\/\/dalatreview.vn\/?p=15622"},"modified":"2024-07-11T10:58:38","modified_gmt":"2024-07-11T03:58:38","slug":"villa-da-lat-nguyen-van-troi-6-phong","status":"publish","type":"product","link":"https:\/\/dalatreview.vn\/en\/villa-da-lat-nguyen-van-troi-6-phong.html","title":{"rendered":"Villa \u0110\u00e0 L\u1ea1t Nguy\u1ec5n V\u0103n Tr\u1ed7i 6 Ph\u00f2ng"},"content":{"rendered":"<p style=\"text-align: center;\"><span style=\"color: #008000;\"><strong><span style=\"font-size: 24px;\">Villa \u0110\u00e0 L\u1ea1t Nguy\u1ec5n V\u0103n Tr\u1ed7i 6 Ph\u00f2ng<\/span><\/strong><\/span><\/p>\n<nav class=\"vietrick-auto-toc\">\n<div class=\"box-title\">\n<h3 class=\"toc-title\" id=\"select-menu\">Danh m\u1ee5c ch\u00ednh<\/h3>\n<div><ion-icon name=\"chevron-up-outline\"><\/ion-icon><\/div>\n<\/div>\n<ul class=\"toc-list\">\n<li><a href='https:\/\/dalatreview.vn\/en#1-vi-tri' class='heading-h2 toc-link smooth-scroll'>1. V\u1ecb tr\u00ed<\/a>\n<li><a href='https:\/\/dalatreview.vn\/en#2-decor' class='heading-h2 toc-link smooth-scroll'>2. Decor<\/a>\n<li><a href='https:\/\/dalatreview.vn\/en#5-lien-he' class='heading-h2 toc-link smooth-scroll'>5. Li\u00ean h\u1ec7<\/a><\/ul>\n<\/ul>\n<\/li>\n<\/ul>\n<\/nav>\n<h2 id=\"1-vi-tri\"><span style=\"color: #008000;\"><strong><span style=\"font-size: 24px;\">1. V\u1ecb tr\u00ed<\/span><\/strong><\/span><\/h2>\n<p>Villa t\u1ecda l\u1ea1c t\u1ea1i \u0111\u01b0\u1eddng Nguy\u1ec5n V\u0103n Tr\u1ed7i l\u00e0 con \u0111\u01b0\u1eddng n\u1ed5i ti\u1ebfng huy\u1ebft m\u1ea1ch c\u1ee7a th\u00e0nh ph\u1ed1. L\u00e0 m\u1ed9t trong nh\u1eefng tuy\u1ebfn \u0111\u01b0\u1eddng \u0111\u1ed5 ra ch\u1ee3 \u0110\u00e0 L\u1ea1t. Con \u0111\u01b0\u1eddng n\u00e0y n\u1eb1m \u1edf ph\u01b0\u1eddng 2 c\u1ee7a th\u00e0nh ph\u1ed1 \u0110\u00e0 L\u1ea1t.\u00a0 \u0110\u01b0\u1eddng Nguy\u1ec5n V\u0103n Tr\u1ed7i ti\u1ebfp gi\u00e1p v\u1edbi nh\u1eefng con \u0111\u01b0\u1eddng l\u1edbn. Nh\u01b0 \u0111\u01b0\u1eddng Phan \u0110\u00ecnh Ph\u00f9ng, Mai Hoa Th\u00f4n, B\u00f9i Th\u1ecb Xu\u00e2n. \u0110\u01b0\u1eddng Phan B\u1ed9i Ch\u00e2u, Khu H\u00f2a B\u00ecnh\u2026Kh\u00f4ng nh\u1eefng th\u1ebf, \u0111\u00e2y c\u00f2n l\u00e0 cung \u0111\u01b0\u1eddng h\u1ed9i t\u1ee5 r\u1ea5t nhi\u1ec1u \u0111i\u1ec3m \u0103n u\u1ed1ng, mua s\u1eafm v\u00e0 checkin n\u1eefa \u0111\u1ea5y !<\/p>\n<p><img decoding=\"async\" class=\"aligncenter wp-image-15644 size-full\" src=\"https:\/\/dalatreview.vn\/wp-content\/uploads\/2022\/02\/villa-6-phong-nguyen-van-troi-10-1.jpg\" alt=\"villa 6 phong nguyen van troi\" width=\"362\" height=\"270\" \/><\/p>\n<h2 id=\"2-decor\"><span style=\"color: #008000;\"><strong><span style=\"font-size: 24px;\"><span class=\"_4yxo _4yxp\">2. Decor<\/span><\/span><\/strong><\/span><\/h2>\n<p>Villa c\u1ef1c l\u1edbn, nhi\u1ec1u t\u1ea7ng, nhi\u1ec1u ph\u00f2ng v\u1edbi thi\u1ebft k\u1ebf r\u1ea5t \u0111\u1ed9c \u0111\u00e1o v\u00e0 kh\u00f4ng gian m\u1edf khi\u1ebfn ai c\u0169ng ph\u1ea3i \u1ea5n t\u01b0\u1ee3ng lu\u00f4n t\u1eeb c\u00e1i nh\u00ecn \u0111\u1ea7u ti\u00ean. N\u1ed9i th\u1ea5t cao c\u1ea5p, \u0111\u1ea7y \u0111\u1ee7 v\u00e0 ti\u1ec7n nghi c\u00f3 th\u1ec3 \u0111\u00e1p \u1ee9ng \u0111\u01b0\u1ee3c m\u1ecdi nhu c\u1ea7u c\u1ee7a kh\u00e1ch h\u00e0ng.<\/p>\n<p>Ngo\u00e0i ra, villa c\u00f2n \u0111\u01b0\u1ee3c decor th\u00eam nh\u01b0ng b\u1ee9c tranh s\u01a1n d\u1ea7u v\u1ebd tr\u1ef1c ti\u1ebfp l\u00ean t\u01b0\u1eddng t\u1ea1o c\u1ea3m gi\u00e1c th\u00fa v\u1ecb\u00a0 v\u00e0 r\u1ea5t b\u1eaft m\u1eaft. T\u00f4i tin ch\u1eafc r\u1eb1ng \u0111\u00e2y s\u1ebd l\u00e0 l\u1ef1a ch\u1ecdn tuy\u1ec7t v\u1eddi nh\u1ea5t cho b\u1ea1n v\u00e0 gia \u0111\u00ecnh ng\u01b0\u1eddi th\u00e2n \u0111\u1ea5y nh\u00e9 !<\/p>\n<p><img decoding=\"async\" class=\"aligncenter wp-image-15647 size-full\" src=\"https:\/\/dalatreview.vn\/wp-content\/uploads\/2022\/02\/villa-6-phong-nguyen-van-troi.jpg\" alt=\"villa 6 phong nguyen van troi\" width=\"1200\" height=\"900\" \/><\/p>\n<p><span style=\"color: #008000;\"><strong><span style=\"font-size: 24px;\">3. D\u1ecbch v\u1ee5 &amp; Ti\u1ec7n nghi<\/span><\/strong><\/span><\/p>\n<div class=\"pt-2\">\n<p>G\u1ed3m 6 ph\u00f2ng ng\u1ee7 sang tr\u1ecdng, c\u00f3 tivi ri\u00eang, ph\u00f2ng t\u1eafm &amp; wc kh\u00e9p k\u00edn t\u1eebng ph\u00f2ng. C\u00f3 n\u00f3ng l\u1ea1nh, \u0111\u1ed3 d\u00f9ng c\u00e1 nh\u00e2n mi\u1ec5n ph\u00ed v\u00e0 ti\u1ec7n \u00edch.<br \/>\n3 ph\u00f2ng 1 gi\u01b0\u1eddng 2 ng\u01b0\u1eddi<br \/>\n3 ph\u00f2ng 2 gi\u01b0\u1eddng 4\u00a0ng\u01b0\u1eddi<\/p>\n<p>S\u1ee9c ch\u1ee9a 18-20 kh\u00e1ch<\/p>\n<p>&nbsp;<\/p>\n<p>&#8211; \u0110\u1ea7y \u0111\u1ee7 ti\u1ec7n nghi nh\u01b0 \u1edf nh\u00e0. Ph\u00f2ng kh\u00e1ch + l\u00f2 s\u01b0\u1edfi b\u1eb1ng c\u1ee7i,\u00a0s\u00e2n v\u01b0\u1eddn v\u00e0 ban c\u00f4ng r\u1ed9ng r\u00e3i, tho\u00e1ng m\u00e1t, view l\u1ea1i r\u1ea5t \u0111\u1eb9p.<\/p>\n<p>&#8211; C\u00f3 di\u1ec7n t\u00edch \u0111\u1ec3 n\u01b0\u1edbng BBQ ngo\u00e0i tr\u1eddi.<\/p>\n<p>&#8211; C\u00f3 ch\u1ed7 \u0111\u1eadu xe m\u00e1y, xe h\u01a1i an to\u00e0n.<\/p>\n<p>&#8211; Y\u00ean t\u0129nh, an ninh 24\/24, s\u1ea1ch s\u1ebd, tho\u00e1ng m\u00e1t, view thi\u00ean nhi\u00ean si\u00eau \u0111\u1eb9p.<\/p>\n<p>&#8211; B\u1ebfp t\u1ef1 do n\u1ea5u n\u01b0\u1edbng c\u00f3 t\u1ee7 l\u1ea1nh, l\u00f2 vi s\u00f3ng, \u0111\u1ea7y \u0111\u1ee7 d\u1ee5ng c\u1ee5 v\u00e0 gia v\u1ecb.<\/p>\n<p>&#8211; Ch\u00eca kho\u00e1 trao tay tha h\u1ed3 ri\u00eang t\u01b0.<\/p>\n<p><img decoding=\"async\" class=\"aligncenter wp-image-15649 size-full\" src=\"https:\/\/dalatreview.vn\/wp-content\/uploads\/2022\/02\/villa-6-phong-nguyen-van-troi-24.jpg\" alt=\"villa 6 phong nguyen van troi\" width=\"1200\" height=\"900\" \/><\/p>\n<\/div>\n<div class=\"clear\"><\/div>\n<div class=\"row\">\n<div class=\"tuongtu-title pt-3 m-3\"><span style=\"color: #008000;\"><strong><span style=\"font-size: 24px;\"><span class=\"_4yxo\">4.<\/span>\u00a0Gi\u00e1 ph\u00f2ng<\/span><\/strong><\/span><\/div>\n<\/div>\n<article class=\"post-content\">\n<div class=\"anh_wtm_m\">\n<div class=\"mws_content\">\n<article class=\"post-content\">\n<div class=\"anh_wtm_m\">\n<div class=\"mws_content\">\n<div class=\"wpb_column vc_column_container vc_col-sm-6 vc_column\">\n<div class=\"vc_column-inner\">\n<div class=\"wpb_wrapper\">\n<div class=\"wpb_text_column wpb_content_element vc_column_text\">\n<div class=\"wpb_wrapper\">\n<p>Li\u00ean h\u1ec7 \u0111\u1ec3 \u0111\u01b0\u1ee3c \u0110\u00e0 L\u1ea1t Review t\u01b0 v\u1ea5n.<\/p>\n<h2 id=\"5-lien-he\"><span style=\"color: #008000;\">5. Li\u00ean h\u1ec7<\/span><\/h2>\n<p>Fanpage:\u00a0<a href=\"https:\/\/www.facebook.com\/booking.dalatreview.vn\/\">Booking \u0110\u00e0 L\u1ea1t \u2013 www.dalatreview.vn<\/a><\/p>\n<p>S\u0110T\/Zalo: 0988 249 297<\/p>\n<\/div>\n<\/div>\n<\/div>\n<\/div>\n<\/div>\n<\/div>\n<\/div>\n<\/article>\n<\/div>\n<\/div>\n<\/article>","protected":false},"excerpt":{"rendered":"<p>Villa \u0110\u00e0 L\u1ea1t Nguy\u1ec5n V\u0103n Tr\u1ed7i 6 Ph\u00f2ng Danh m\u1ee5c ch\u00ednh 1. V\u1ecb tr\u00ed 2. Decor 5. Li\u00ean h\u1ec7 1. V\u1ecb tr\u00ed Villa t\u1ecda l\u1ea1c t\u1ea1i \u0111\u01b0\u1eddng Nguy\u1ec5n V\u0103n Tr\u1ed7i l\u00e0 con \u0111\u01b0\u1eddng n\u1ed5i ti\u1ebfng huy\u1ebft m\u1ea1ch c\u1ee7a th\u00e0nh ph\u1ed1. L\u00e0 m\u1ed9t trong nh\u1eefng tuy\u1ebfn \u0111\u01b0\u1eddng \u0111\u1ed5 ra ch\u1ee3 \u0110\u00e0 L\u1ea1t. Con \u0111\u01b0\u1eddng n\u00e0y n\u1eb1m [&hellip;]<\/p>","protected":false},"featured_media":15628,"comment_status":"open","ping_status":"closed","template":"","meta":{"_acf_changed":false,"rank_math_lock_modified_date":false},"product_cat":[29,2262,45],"product_tag":[],"acf":[],"_links":{"self":[{"href":"https:\/\/dalatreview.vn\/en\/wp-json\/wp\/v2\/product\/15622"}],"collection":[{"href":"https:\/\/dalatreview.vn\/en\/wp-json\/wp\/v2\/product"}],"about":[{"href":"https:\/\/dalatreview.vn\/en\/wp-json\/wp\/v2\/types\/product"}],"replies":[{"embeddable":true,"href":"https:\/\/dalatreview.vn\/en\/wp-json\/wp\/v2\/comments?post=15622"}],"wp:featuredmedia":[{"embeddable":true,"href":"https:\/\/dalatreview.vn\/en\/wp-json\/wp\/v2\/media\/15628"}],"wp:attachment":[{"href":"https:\/\/dalatreview.vn\/en\/wp-json\/wp\/v2\/media?parent=15622"}],"wp:term":[{"taxonomy":"product_cat","embeddable":true,"href":"https:\/\/dalatreview.vn\/en\/wp-json\/wp\/v2\/product_cat?post=15622"},{"taxonomy":"product_tag","embeddable":true,"href":"https:\/\/dalatreview.vn\/en\/wp-json\/wp\/v2\/product_tag?post=15622"}],"curies":[{"name":"wp","href":"https:\/\/api.w.org\/{rel}","templated":true}]}}