
{"id":15585,"date":"2022-02-24T09:49:06","date_gmt":"2022-02-24T02:49:06","guid":{"rendered":"https:\/\/dalatreview.vn\/?p=15585"},"modified":"2024-07-11T10:58:39","modified_gmt":"2024-07-11T03:58:39","slug":"villa-da-lat-phu-dong-thien-vuong-6-phong","status":"publish","type":"product","link":"https:\/\/dalatreview.vn\/en\/villa-da-lat-phu-dong-thien-vuong-6-phong.html","title":{"rendered":"Villa \u0110\u00e0 L\u1ea1t Ph\u00f9 \u0110\u1ed5ng Thi\u00ean V\u01b0\u01a1ng 6 Ph\u00f2ng"},"content":{"rendered":"<p style=\"text-align: center;\"><span style=\"color: #008000;\"><strong><span style=\"font-size: 24px;\">Villa \u0110\u00e0 L\u1ea1t Ph\u00f9 \u0110\u1ed5ng Thi\u00ean V\u01b0\u01a1ng 6 Ph\u00f2ng<\/span><\/strong><\/span><\/p>\n<nav class=\"vietrick-auto-toc\">\n<div class=\"box-title\">\n<h3 class=\"toc-title\" id=\"select-menu\">Danh m\u1ee5c ch\u00ednh<\/h3>\n<div><ion-icon name=\"chevron-up-outline\"><\/ion-icon><\/div>\n<\/div>\n<ul class=\"toc-list\">\n<li><a href='https:\/\/dalatreview.vn\/en#1-vi-tri' class='heading-h2 toc-link smooth-scroll'>1. V\u1ecb tr\u00ed<\/a>\n<li><a href='https:\/\/dalatreview.vn\/en#2-decor' class='heading-h2 toc-link smooth-scroll'>2. Decor<\/a>\n<li><a href='https:\/\/dalatreview.vn\/en#5-lien-he' class='heading-h2 toc-link smooth-scroll'>5. Li\u00ean h\u1ec7<\/a><\/ul>\n<\/ul>\n<\/li>\n<\/ul>\n<\/nav>\n<h2 id=\"1-vi-tri\"><span style=\"color: #008000;\"><strong><span style=\"font-size: 24px;\">1. V\u1ecb tr\u00ed<\/span><\/strong><\/span><\/h2>\n<p>Th\u00e0nh ph\u1ed1 du l\u1ecbch \u0110\u00e0 L\u1ea1t lu\u00f4n l\u00e0 n\u01a1i khi\u1ebfn nhi\u1ec1u du kh\u00e1ch y\u00eau m\u1ebfn m\u1ed7i khi \u0111\u1ebfn v\u00e0 v\u00e0 l\u01b0u luy\u1ebfn m\u1ed7i khi chia xa. N\u01a1i \u0111\u00e2y h\u1ed9i t\u1ee5 g\u1ea7n nh\u01b0 tr\u1ecdn v\u1eb9n c\u00e1c y\u1ebfu t\u1ed1 \u0111\u1ec3 tr\u1edf th\u00e0nh \u201cmi\u1ec1n \u0111\u1ea5t h\u1ee9a\u201d, \u201cmi\u1ec1n \u0111\u1ea5t \u0111\u00e1ng \u0111\u1ec3 kh\u00e1m ph\u00e1\u201d v\u1edbi c\u1ea3nh \u0111\u1eb9p m\u1ed9ng m\u01a1 m\u00e0 g\u1ea7n g\u0169i, hi\u1ec7n \u0111\u1ea1i m\u00e0 c\u1ed5 k\u00ednh, con ng\u01b0\u1eddi th\u00e2n thi\u1ec7n v\u00e0 hi\u1ebfu kh\u00e1ch.<\/p>\n<p><img decoding=\"async\" class=\"aligncenter wp-image-15614 size-full\" src=\"https:\/\/dalatreview.vn\/wp-content\/uploads\/2022\/02\/villa-6-phong-phu-dong-thien-vuong-4.jpg\" alt=\"villa 6 phong phu dong thien vuong\" width=\"1600\" height=\"1066\" \/><\/p>\n<p>Villa t\u1ecda l\u1ea1c ngay v\u1ecb tr\u00ed trung t\u00e2m c\u1ee7a \u0111\u01b0\u1eddng Ph\u00f9 \u0110\u1ed5ng Thi\u00ean V\u01b0\u01a1ng, Ph\u01b0\u1eddng 8, TP \u0110\u00e0 L\u1ea1t. Ch\u1ec9 c\u00e1ch ch\u1ee3 5 ph\u00fat ch\u1ea1y xe v\u00e0 g\u1ea7n c\u00e1c \u0111\u1ecba \u0111i\u1ec3m vui ch\u01a1i \u0103n u\u1ed1ng c\u0169ng nh\u01b0 c\u00e1c \u0111i\u1ec3m du l\u1ecbch n\u1ed5i ti\u1ebfng nh\u01b0:<\/p>\n<ol>\n<li><span style=\"font-size: 14px;\">\u0110\u1ed3i M\u1ed9ng M\u01a1<\/span><\/li>\n<li value=\"2\"><span style=\"font-size: 14px;\">Thung L\u0169ng T\u00ecnh Y\u00eau<\/span><\/li>\n<li value=\"3\"><span style=\"font-size: 14px;\">XQ S\u1eed Qu\u00e1n\u00a0\u0110\u00e0 L\u1ea1t<\/span><\/li>\n<li value=\"4\"><span style=\"font-size: 14px;\">V\u01b0\u1eddn d\u00e2u Hi\u1ec7p L\u1ef1c \u0110\u00e0 L\u1ea1t<\/span><\/li>\n<li value=\"5\"><span style=\"font-size: 14px;\">V\u01b0\u1eddn hoa th\u00e0nh ph\u1ed1 \u0110\u00e0 L\u1ea1t<\/span><\/li>\n<\/ol>\n<h2 id=\"2-decor\"><span style=\"color: #008000;\"><strong><span style=\"font-size: 24px;\"><span class=\"_4yxo _4yxp\">2. Decor<\/span><\/span><\/strong><\/span><\/h2>\n<p>Villa c\u00f3 2 t\u1ea7ng c\u1ef1c k\u1ef3 r\u1ed9ng r\u00e3i v\u00e0 tho\u00e1ng m\u00e1t. Thi\u1ebft k\u1ebf theo kh\u00f4ng gian m\u1edf v\u1edbi 6 ph\u00f2ng ng\u1ee7 ri\u00eang bi\u1ec7t, \u0111\u00f3n \u00e1nh s\u00e1ng v\u00e0 h\u00f2a m\u00ecnh v\u1edbi thi\u00ean nhi\u00ean t\u1ea1o ra b\u1ea7u kh\u00f4ng kh\u00ed trong l\u00e0nh r\u1ea5t tho\u1ea3i m\u00e1i.<\/p>\n<p>V\u1edbi 2 tone m\u00e0u ch\u00ednh l\u00e0 tr\u1eafng v\u00e0 m\u00e0u v\u00e0ng g\u1ed7, c\u0103n nh\u00e0 mang l\u1ea1i c\u1ea3m gi\u00e1c v\u1eeba sang tr\u1ecdng l\u1ecbch s\u1ef1 v\u1eeba g\u1ea7n g\u0169i \u1ea5m \u00e1p nh\u01b0 ch\u00ednh c\u0103n nh\u00e0 c\u1ee7a m\u00ecnh v\u1eady. Ngo\u00e0i ra c\u00f9ng v\u1edbi d\u00e0n n\u1ed9i th\u1ea5t cao c\u1ea5p ti\u1ec7n nghi h\u1ee9a h\u1eb9n \u0111\u00e1p \u1ee9ng \u0111\u00fang &amp; \u0111\u1ee7 m\u1ecdi nhu c\u1ea7u m\u00e0 b\u1ea1n \u0111ang mu\u1ed1n th\u00ec\u00a0\u0111\u00e2y s\u1ebd l\u00e0 l\u1ef1a ch\u1ecdn t\u1ed1t nh\u1ea5t cho m\u1ecdi ng\u01b0\u1eddi khi \u0111\u1ebfn \u0111\u00e2y tham quan du l\u1ecbch nh\u00e9 !<\/p>\n<p><img decoding=\"async\" class=\"aligncenter wp-image-15617 size-full\" src=\"https:\/\/dalatreview.vn\/wp-content\/uploads\/2022\/02\/villa-6-phong-phu-dong-thien-vuong.jpg\" alt=\"villa 6 phong phu dong thien vuong\" width=\"1200\" height=\"900\" \/><\/p>\n<p><span style=\"color: #008000;\"><strong><span style=\"font-size: 24px;\">3. D\u1ecbch v\u1ee5 &amp; Ti\u1ec7n nghi<\/span><\/strong><\/span><\/p>\n<p>G\u1ed3m 6 ph\u00f2ng ng\u1ee7 sang tr\u1ecdng kh\u00e9p k\u00edn ri\u00eang t\u01b0. \u0110\u1ea7y \u0111\u1ee7 n\u00f3ng l\u1ea1nh &amp; \u0111\u1ed3 d\u00f9ng c\u00e1 nh\u00e2n.<br \/>\n6 ph\u00f2ng 1 gi\u01b0\u1eddng 2 ng\u01b0\u1eddi<\/p>\n<p>S\u1ee9c ch\u1ee9a 12-14 kh\u00e1ch<\/p>\n<p>&#8212;&#8212;&#8212;&#8212;&#8212;&#8212;&#8212;&#8212;&#8212;&#8212;&#8212;&#8212;&#8212;&#8212;&#8212;&#8212;&#8212;&#8212;&#8211;<\/p>\n<p>&#8211; \u0110\u1ea7y \u0111\u1ee7 ti\u1ec7n nghi nh\u01b0 \u1edf nh\u00e0. tivi, t\u1ee7 l\u1ea1nh, internet, wifi mi\u1ec5n ph\u00ed.<\/p>\n<p>&#8211; C\u00f3 di\u1ec7n t\u00edch \u0111\u1ec3 n\u01b0\u1edbng BBQ.<\/p>\n<p>&#8211; C\u00f3 ch\u1ed7 \u0111\u1eadu xe m\u00e1y, xe h\u01a1i an to\u00e0n.<\/p>\n<p>&#8211; Y\u00ean t\u0129nh, an ninh 24\/24, s\u1ea1ch s\u1ebd, tho\u00e1ng m\u00e1t, view thi\u00ean nhi\u00ean si\u00eau \u0111\u1eb9p.<\/p>\n<p>&#8211; B\u1ebfp t\u1ef1 do n\u1ea5u n\u01b0\u1edbng c\u00f3 c\u00e1c d\u1ee5ng c\u1ee5 cao c\u1ea5p v\u00e0 gia v\u1ecb \u0111\u1ec3 ch\u1ebf bi\u1ebfn.<\/p>\n<p>&#8211; Ch\u00eca kho\u00e1 trao tay tha h\u1ed3 ri\u00eang t\u01b0.<\/p>\n<p><img decoding=\"async\" class=\"aligncenter wp-image-15618 size-full\" src=\"https:\/\/dalatreview.vn\/wp-content\/uploads\/2022\/02\/villa-6-phong-phu-dong-thien-vuong-24.jpg\" alt=\"villa 6 phong phu dong thien vuong\" width=\"1200\" height=\"900\" \/><\/p>\n<p><strong style=\"color: #008000;\"><span style=\"font-size: 24px;\"><span class=\"_4yxo\">4.<\/span>\u00a0Gi\u00e1 ph\u00f2ng<\/span><\/strong><\/p>\n<div class=\"pt-2\">\n<article class=\"post-content\">\n<div class=\"anh_wtm_m\">\n<div class=\"mws_content\">\n<article class=\"post-content\">\n<div class=\"anh_wtm_m\">\n<div class=\"mws_content\">\n<article class=\"post-content\">\n<div class=\"anh_wtm_m\">\n<div class=\"mws_content\">\n<div class=\"wpb_column vc_column_container vc_col-sm-6 vc_column\">\n<div class=\"vc_column-inner\">\n<div class=\"wpb_wrapper\">\n<div class=\"wpb_text_column wpb_content_element vc_column_text\">\n<div class=\"wpb_wrapper\">\n<p>Li\u00ean h\u1ec7 \u0111\u1ec3 \u0111\u01b0\u1ee3c \u0110\u00e0 L\u1ea1t Review t\u01b0 v\u1ea5n.<\/p>\n<h2 id=\"5-lien-he\"><span style=\"color: #008000;\">5. Li\u00ean h\u1ec7<\/span><\/h2>\n<p>Fanpage:\u00a0<a href=\"https:\/\/www.facebook.com\/booking.dalatreview.vn\/\">Booking \u0110\u00e0 L\u1ea1t \u2013 www.dalatreview.vn<\/a><\/p>\n<p>S\u0110T\/Zalo: 0988 249 297<\/p>\n<\/div>\n<\/div>\n<\/div>\n<\/div>\n<\/div>\n<\/div>\n<\/div>\n<\/article>\n<article class=\"post-content xemthem\"><\/article>\n<div id=\"comments\" class=\"comments-area\"><\/div>\n<\/div>\n<\/div>\n<\/article>\n<article class=\"post-content xemthem\"><\/article>\n<div id=\"comments\" class=\"comments-area\"><\/div>\n<\/div>\n<\/div>\n<\/article>\n<article class=\"post-content xemthem\"><\/article>\n<div id=\"comments\" class=\"comments-area\"><\/div>\n<\/div>","protected":false},"excerpt":{"rendered":"<p>Villa \u0110\u00e0 L\u1ea1t Ph\u00f9 \u0110\u1ed5ng Thi\u00ean V\u01b0\u01a1ng 6 Ph\u00f2ng Danh m\u1ee5c ch\u00ednh 1. V\u1ecb tr\u00ed 2. Decor 5. Li\u00ean h\u1ec7 1. V\u1ecb tr\u00ed Th\u00e0nh ph\u1ed1 du l\u1ecbch \u0110\u00e0 L\u1ea1t lu\u00f4n l\u00e0 n\u01a1i khi\u1ebfn nhi\u1ec1u du kh\u00e1ch y\u00eau m\u1ebfn m\u1ed7i khi \u0111\u1ebfn v\u00e0 v\u00e0 l\u01b0u luy\u1ebfn m\u1ed7i khi chia xa. N\u01a1i \u0111\u00e2y h\u1ed9i t\u1ee5 g\u1ea7n nh\u01b0 [&hellip;]<\/p>","protected":false},"featured_media":15590,"comment_status":"open","ping_status":"closed","template":"","meta":{"_acf_changed":false,"rank_math_lock_modified_date":false},"product_cat":[29,2262,45],"product_tag":[],"acf":[],"_links":{"self":[{"href":"https:\/\/dalatreview.vn\/en\/wp-json\/wp\/v2\/product\/15585"}],"collection":[{"href":"https:\/\/dalatreview.vn\/en\/wp-json\/wp\/v2\/product"}],"about":[{"href":"https:\/\/dalatreview.vn\/en\/wp-json\/wp\/v2\/types\/product"}],"replies":[{"embeddable":true,"href":"https:\/\/dalatreview.vn\/en\/wp-json\/wp\/v2\/comments?post=15585"}],"wp:featuredmedia":[{"embeddable":true,"href":"https:\/\/dalatreview.vn\/en\/wp-json\/wp\/v2\/media\/15590"}],"wp:attachment":[{"href":"https:\/\/dalatreview.vn\/en\/wp-json\/wp\/v2\/media?parent=15585"}],"wp:term":[{"taxonomy":"product_cat","embeddable":true,"href":"https:\/\/dalatreview.vn\/en\/wp-json\/wp\/v2\/product_cat?post=15585"},{"taxonomy":"product_tag","embeddable":true,"href":"https:\/\/dalatreview.vn\/en\/wp-json\/wp\/v2\/product_tag?post=15585"}],"curies":[{"name":"wp","href":"https:\/\/api.w.org\/{rel}","templated":true}]}}