
{"id":15556,"date":"2022-02-24T09:40:06","date_gmt":"2022-02-24T02:40:06","guid":{"rendered":"https:\/\/dalatreview.vn\/?p=15556"},"modified":"2024-07-11T10:58:40","modified_gmt":"2024-07-11T03:58:40","slug":"villa-da-lat-nguyen-sieu-6-phong","status":"publish","type":"product","link":"https:\/\/dalatreview.vn\/en\/villa-da-lat-nguyen-sieu-6-phong.html","title":{"rendered":"Villa \u0110\u00e0 L\u1ea1t Nguy\u1ec5n Si\u00eau 6 Ph\u00f2ng"},"content":{"rendered":"<p style=\"text-align: center;\"><span style=\"color: #008000;\"><strong><span style=\"font-size: 24px;\">Villa \u0110\u00e0 L\u1ea1t Nguy\u1ec5n Si\u00eau 6 Ph\u00f2ng<\/span><\/strong><\/span><\/p>\n<nav class=\"vietrick-auto-toc\">\n<div class=\"box-title\">\n<h3 class=\"toc-title\" id=\"select-menu\">Danh m\u1ee5c ch\u00ednh<\/h3>\n<div><ion-icon name=\"chevron-up-outline\"><\/ion-icon><\/div>\n<\/div>\n<ul class=\"toc-list\">\n<li><a href='https:\/\/dalatreview.vn\/en#1-vi-tri' class='heading-h2 toc-link smooth-scroll'>1. V\u1ecb tr\u00ed<\/a>\n<li><a href='https:\/\/dalatreview.vn\/en#2-decor' class='heading-h2 toc-link smooth-scroll'>2. Decor<\/a>\n<li><a href='https:\/\/dalatreview.vn\/en#5-lien-he' class='heading-h2 toc-link smooth-scroll'>5. Li\u00ean h\u1ec7<\/a><\/ul>\n<\/ul>\n<\/li>\n<\/ul>\n<\/nav>\n<h2 id=\"1-vi-tri\"><span style=\"color: #008000;\"><strong><span style=\"font-size: 24px;\">1. V\u1ecb tr\u00ed<\/span><\/strong><\/span><\/h2>\n<p>T\u1ecda l\u1ea1c t\u1ea1i v\u1ecb tr\u00ed trung t\u00e2m c\u1ee7a \u0111\u01b0\u1eddng Nguy\u1ec5n Si\u00eau, Ph\u01b0\u1eddng 7, TP \u0110\u00e0 L\u1ea1t. Ch\u1ec9 c\u00e1ch ch\u1ee3 6 ph\u00fat ch\u1ea1y xe.\u00a0N\u01a1i \u0111\u00e2y v\u1eeba thu\u1eadn ti\u1ec7n cho vi\u1ec7c \u0111i l\u1ea1i, v\u1eeba h\u1ed9i t\u1ee5 r\u1ea5t nhi\u1ec1u \u0111i\u1ec3m du l\u1ecbch h\u1ea5p d\u1eabn v\u00e0 n\u1ed5i ti\u1ebfng tha h\u1ed3 cho b\u1ea1n c\u00f9ng gia \u0111\u00ecnh ng\u01b0\u1eddi th\u00e2n kh\u00e1m ph\u00e1.<\/p>\n<p>B\u00ean c\u1ea1nh \u0111\u00f3, \u1edf \u0111\u00e2y c\u0169ng c\u00f3 r\u1ea5t nhi\u1ec1u n\u00e9t v\u0103n h\u00f3a \u0111\u1eb7c s\u1eafc c\u00f9ng v\u1edbi s\u1ef1 th\u00e2n thi\u1ec7n, d\u1ec5 g\u1ea7n c\u1ee7a con ng\u01b0\u1eddi s\u1ebd khi\u1ebfn b\u1ea1n c\u1ea3m th\u1ea5y h\u00e0i l\u00f2ng v\u00e0 y\u00eau m\u1ebfn lu\u00f4n n\u01a1i n\u00e0y\u00a0! H\u00e3y c\u00f9ng nhau l\u1ef1a ch\u1ecdn \u0111i\u1ec3m ngh\u1ec9 d\u01b0\u1ee1ng t\u1ea1i \u0111\u00e2y \u0111\u1ec3 kh\u00e1m ph\u00e1 nh\u1eefng \u0111i\u1ec1u tuy\u1ec7t v\u1eddi nh\u1ea5t nh\u00e9 c\u00e1c t\u00ecnh y\u00eau !<\/p>\n<p><img decoding=\"async\" class=\"aligncenter wp-image-15580 size-full\" src=\"https:\/\/dalatreview.vn\/wp-content\/uploads\/2022\/02\/villa-6-phong-nguyen-sieu-2-1.jpg\" alt=\"villa 6 phong nguyen sieu\" width=\"1280\" height=\"960\" \/><\/p>\n<h2 id=\"2-decor\"><span style=\"color: #008000;\"><strong><span style=\"font-size: 24px;\"><span class=\"_4yxo _4yxp\">2. Decor<\/span><\/span><\/strong><\/span><\/h2>\n<p>Villa n\u1eb1m \u1edf view cao, \u0111\u01b0\u1ee3c thi\u1ebft k\u1ebf theo kh\u00f4ng gian m\u1edf \u0111\u00f3n \u00e1nh s\u00e1ng t\u1ef1 nhi\u00ean khi\u1ebfn ng\u00f4i nh\u00e0 tr\u1edf n\u00ean c\u1ef1c k\u00ec r\u1ed9ng r\u00e3i v\u00e0 v\u00f4 c\u00f9ng m\u00e1t m\u1ebb.<\/p>\n<p>S\u00e2n v\u01b0\u1eddn \u0111\u01b0\u1ee3c tr\u1ea3i th\u1ea3m c\u1ecf nh\u00e2n t\u1ea1o xanh m\u01b0\u1edbt, h\u00f2a c\u00f9ng c\u1ea3nh quan thi\u00ean nhi\u00ean c\u0169ng nh\u01b0 c\u00e2y\u00a0xanh trong v\u01b0\u1eddn v\u00e0 mu\u00f4n hoa s\u1eafc m\u00e0u \u0111\u00e3 t\u1ea1o ra 1 kho\u1ea3ng kh\u00f4ng gian r\u1ea5t \u0111\u1eb9p \u0111\u1ec3 vui ch\u01a1i r\u1ed3i \u0111\u1ea5y.<\/p>\n<p>B\u01b0\u1edbc v\u00e0o nh\u00e0 b\u1ea1n s\u1ebd th\u1ea5y villa r\u1ea5t \u0111\u1ea7y \u0111\u1ee7 ti\u1ec7n nghi, \u0111\u00e1p \u1ee9ng \u0111\u1ee7 m\u1ecdi nhu c\u1ea7u c\u1ee7a b\u1ea1n trong nh\u1eefng ng\u00e0y ngh\u1ec9. V\u1eady n\u00ean b\u1ea1n s\u1ebd kh\u00f4ng c\u1ea7n ph\u1ea3i lo l\u1eafng, \u0111\u1eafn \u0111o khi l\u1ef1a ch\u1ecdn n\u01a1i \u0111\u00e2y l\u00e0m \u0111i\u1ec3m l\u01b0u tr\u00fa n\u1eefa \u0111\u00e2u nh\u00e9 !<\/p>\n<p><img decoding=\"async\" class=\"aligncenter wp-image-15581 size-full\" src=\"https:\/\/dalatreview.vn\/wp-content\/uploads\/2022\/02\/villa-6-phong-nguyen-sieu.jpg\" alt=\"villa 6 phong nguyen sieu\" width=\"1200\" height=\"900\" \/><\/p>\n<p><span style=\"color: #008000;\"><strong><span style=\"font-size: 24px;\">3. D\u1ecbch v\u1ee5 &amp; Ti\u1ec7n nghi<\/span><\/strong><\/span><\/p>\n<div class=\"pt-2\">\n<p>G\u1ed3m 6 ph\u00f2ng ng\u1ee7 sang tr\u1ecdng &amp; kh\u00e9p k\u00edn. Kh\u00f4ng gian ri\u00eang t\u01b0, kh\u00f4ng \u1ea3nh h\u01b0\u1edfng t\u1edbi ng\u01b0\u1eddi kh\u00e1c.<br \/>\n5 ph\u00f2ng 1 gi\u01b0\u1eddng 2 ng\u01b0\u1eddi<br \/>\n1 ph\u00f2ng 2 gi\u01b0\u1eddng 4 ng\u01b0\u1eddi<\/p>\n<p>S\u1ee9c ch\u1ee9a 14-16 kh\u00e1ch<\/p>\n<p>&#8211; \u0110\u1ea7y \u0111\u1ee7 ti\u1ec7n nghi nh\u01b0 \u1edf nh\u00e0. C\u00f3 t\u1ee7 l\u1ea1nh, tivi, m\u00e1y n\u01b0\u1edbc n\u00f3ng, wifi, internet mi\u1ec5n ph\u00ed,&#8230;<\/p>\n<p>&#8211; C\u00f3 di\u1ec7n t\u00edch \u0111\u1ec3 n\u01b0\u1edbng BBQ ngo\u00e0i tr\u1eddi.<\/p>\n<p>&#8211; C\u00f3 ch\u1ed7 \u0111\u1eadu xe m\u00e1y, xe h\u01a1i an to\u00e0n.<\/p>\n<p>&#8211; Y\u00ean t\u0129nh, an ninh 24\/24, s\u1ea1ch s\u1ebd, tho\u00e1ng m\u00e1t, view thi\u00ean nhi\u00ean si\u00eau \u0111\u1eb9p.<\/p>\n<p>&#8211; B\u1ebfp t\u1ef1 do n\u1ea5u n\u01b0\u1edbng \u0111\u1ea7y \u0111\u1ee7 d\u1ee5ng v\u00e0 gia v\u1ecb.<\/p>\n<p>&#8211; Ch\u00eca kho\u00e1 trao tay tha h\u1ed3 ri\u00eang t\u01b0.<\/p>\n<p><img decoding=\"async\" class=\"aligncenter wp-image-15582 size-full\" src=\"https:\/\/dalatreview.vn\/wp-content\/uploads\/2022\/02\/villa-6-phong-nguyen-sieu-40.jpg\" alt=\"villa 6 phong nguyen sieu\" width=\"1200\" height=\"900\" \/><\/p>\n<\/div>\n<div><\/div>\n<div class=\"clear\"><strong style=\"color: #008000;\"><span style=\"font-size: 24px;\"><span class=\"_4yxo\">4.<\/span>\u00a0Gi\u00e1 ph\u00f2ng<\/span><\/strong><\/div>\n<article class=\"post-content\">\n<div class=\"anh_wtm_m\">\n<div class=\"mws_content\">\n<article class=\"post-content\">\n<div class=\"anh_wtm_m\">\n<div class=\"mws_content\">\n<div class=\"wpb_column vc_column_container vc_col-sm-6 vc_column\">\n<div class=\"vc_column-inner\">\n<div class=\"wpb_wrapper\">\n<div class=\"wpb_text_column wpb_content_element vc_column_text\">\n<div class=\"wpb_wrapper\">\n<p>Li\u00ean h\u1ec7 \u0111\u1ec3 \u0111\u01b0\u1ee3c \u0110\u00e0 L\u1ea1t Review t\u01b0 v\u1ea5n.<\/p>\n<h2 id=\"5-lien-he\"><span style=\"color: #008000;\">5. Li\u00ean h\u1ec7<\/span><\/h2>\n<p>Fanpage:\u00a0<a href=\"https:\/\/www.facebook.com\/booking.dalatreview.vn\/\">Booking \u0110\u00e0 L\u1ea1t \u2013 www.dalatreview.vn<\/a><\/p>\n<p>S\u0110T\/Zalo: 0988 249 297<\/p>\n<\/div>\n<\/div>\n<\/div>\n<\/div>\n<\/div>\n<\/div>\n<\/div>\n<\/article>\n<article class=\"post-content xemthem\"><\/article>\n<div id=\"comments\" class=\"comments-area\"><\/div>\n<\/div>\n<\/div>\n<\/article>\n<article class=\"post-content xemthem\"><\/article>\n<div id=\"comments\" class=\"comments-area\"><\/div>","protected":false},"excerpt":{"rendered":"<p>Villa \u0110\u00e0 L\u1ea1t Nguy\u1ec5n Si\u00eau 6 Ph\u00f2ng Danh m\u1ee5c ch\u00ednh 1. V\u1ecb tr\u00ed 2. Decor 5. Li\u00ean h\u1ec7 1. V\u1ecb tr\u00ed T\u1ecda l\u1ea1c t\u1ea1i v\u1ecb tr\u00ed trung t\u00e2m c\u1ee7a \u0111\u01b0\u1eddng Nguy\u1ec5n Si\u00eau, Ph\u01b0\u1eddng 7, TP \u0110\u00e0 L\u1ea1t. Ch\u1ec9 c\u00e1ch ch\u1ee3 6 ph\u00fat ch\u1ea1y xe.\u00a0N\u01a1i \u0111\u00e2y v\u1eeba thu\u1eadn ti\u1ec7n cho vi\u1ec7c \u0111i l\u1ea1i, v\u1eeba h\u1ed9i t\u1ee5 [&hellip;]<\/p>","protected":false},"featured_media":15557,"comment_status":"open","ping_status":"closed","template":"","meta":{"_acf_changed":false,"rank_math_lock_modified_date":false},"product_cat":[29,2262,45],"product_tag":[],"acf":[],"_links":{"self":[{"href":"https:\/\/dalatreview.vn\/en\/wp-json\/wp\/v2\/product\/15556"}],"collection":[{"href":"https:\/\/dalatreview.vn\/en\/wp-json\/wp\/v2\/product"}],"about":[{"href":"https:\/\/dalatreview.vn\/en\/wp-json\/wp\/v2\/types\/product"}],"replies":[{"embeddable":true,"href":"https:\/\/dalatreview.vn\/en\/wp-json\/wp\/v2\/comments?post=15556"}],"wp:featuredmedia":[{"embeddable":true,"href":"https:\/\/dalatreview.vn\/en\/wp-json\/wp\/v2\/media\/15557"}],"wp:attachment":[{"href":"https:\/\/dalatreview.vn\/en\/wp-json\/wp\/v2\/media?parent=15556"}],"wp:term":[{"taxonomy":"product_cat","embeddable":true,"href":"https:\/\/dalatreview.vn\/en\/wp-json\/wp\/v2\/product_cat?post=15556"},{"taxonomy":"product_tag","embeddable":true,"href":"https:\/\/dalatreview.vn\/en\/wp-json\/wp\/v2\/product_tag?post=15556"}],"curies":[{"name":"wp","href":"https:\/\/api.w.org\/{rel}","templated":true}]}}