
{"id":15533,"date":"2022-02-24T08:54:21","date_gmt":"2022-02-24T01:54:21","guid":{"rendered":"https:\/\/dalatreview.vn\/?p=15533"},"modified":"2024-07-11T11:00:07","modified_gmt":"2024-07-11T04:00:07","slug":"villa-vip-da-lat-nam-ho-6-phong-2","status":"publish","type":"product","link":"https:\/\/dalatreview.vn\/en\/villa-vip-da-lat-nam-ho-6-phong-2.html","title":{"rendered":"Villa Vip \u0110\u00e0 L\u1ea1t Nam H\u1ed3 6 Ph\u00f2ng"},"content":{"rendered":"<p style=\"text-align: center;\"><span style=\"color: #008000;\"><strong><span style=\"font-size: 24px;\">Villa Vip \u0110\u00e0 L\u1ea1t Nam H\u1ed3 6 Ph\u00f2ng<\/span><\/strong><\/span><\/p>\n<nav class=\"vietrick-auto-toc\">\n<div class=\"box-title\">\n<h3 class=\"toc-title\" id=\"select-menu\">Danh m\u1ee5c ch\u00ednh<\/h3>\n<div><ion-icon name=\"chevron-up-outline\"><\/ion-icon><\/div>\n<\/div>\n<ul class=\"toc-list\">\n<li><a href='https:\/\/dalatreview.vn\/en#1-vi-tri' class='heading-h2 toc-link smooth-scroll'>1. V\u1ecb tr\u00ed<\/a>\n<li><a href='https:\/\/dalatreview.vn\/en#2-decor' class='heading-h2 toc-link smooth-scroll'>2. Decor<\/a>\n<li><a href='https:\/\/dalatreview.vn\/en#4-gia-phong' class='heading-h2 toc-link smooth-scroll'>4.\u00a0Gi\u00e1 ph\u00f2ng<\/a>\n<li><a href='https:\/\/dalatreview.vn\/en#5-lien-he' class='heading-h2 toc-link smooth-scroll'>5. Li\u00ean h\u1ec7<\/a><\/ul>\n<\/ul>\n<\/li>\n<\/ul>\n<\/nav>\n<h2 id=\"1-vi-tri\"><span style=\"color: #008000;\"><strong><span style=\"font-size: 24px;\">1. V\u1ecb tr\u00ed<\/span><\/strong><\/span><\/h2>\n<p>Villa Vip Nam H\u1ed3 t\u1ecda l\u1ea1c t\u1ea1i \u0110\u01b0\u1eddng Nam H\u1ed3, ph\u01b0\u1eddng 11, n\u1eb1m ngay g\u1ea7n trung t\u00e2m th\u00e0nh ph\u1ed1 \u0110\u00e0 L\u1ea1t. Ch\u1ec9 c\u00e1ch ch\u1ee3 6 ph\u00fat ch\u1ea1y xe n\u00ean giao th\u00f4ng r\u1ea5t\u00a0thu\u1eadn ti\u1ec7n cho vi\u1ec7c \u0111i l\u1ea1i mua s\u1eafm, \u0103n u\u1ed1ng v\u00e0 vui ch\u01a1i.<\/p>\n<p>Villa c\u00f3 v\u1ecb tr\u00ed n\u1eb1m \u1edf view cao n\u00ean \u0111\u01b0\u1ee3c bao b\u1ecdc b\u1edfi s\u1ef1 xanh m\u00e1t c\u1ee7a thi\u00ean nhi\u00ean n\u01a1i \u0111\u00e2y, ch\u00ednh v\u00ec v\u1eady m\u00e0 c\u0103n nh\u00e0 n\u00e0y s\u1ebd tr\u1edf th\u00e0nh 1 l\u1ef1a ch\u1ecdn r\u1ea5t ho\u00e0n h\u1ea3o khi b\u1ea1n \u0111\u1ebfn x\u1ee9 s\u1edf s\u01b0\u01a1ng m\u00f9 du l\u1ecbch \u0111\u1ea5y \u1ea1 !<\/p>\n<p><img decoding=\"async\" class=\"aligncenter wp-image-15552 size-full\" src=\"https:\/\/dalatreview.vn\/wp-content\/uploads\/2022\/02\/villa-6-phong-nam-ho-21-2.jpg\" alt=\"villa 6 phong nam ho\" width=\"1280\" height=\"960\" \/><\/p>\n<h2 id=\"2-decor\"><span style=\"color: #008000;\"><strong><span style=\"font-size: 24px;\"><span class=\"_4yxo _4yxp\">2. Decor<\/span><\/span><\/strong><\/span><\/h2>\n<p>Villa \u0111\u01b0\u1ee3c x\u00e2y d\u1ef1ng theo phong c\u00e1ch Ch\u00e2u \u00c2u, thi\u1ebft k\u1ebf t\u1ed1i gi\u1ea3n nh\u01b0ng l\u1ea1i r\u1ea5t \u0111\u1ea7y \u0111\u1ee7 v\u00e0 ti\u1ec7n nghi. 2 gam m\u00e0u ch\u00ednh c\u1ee7a c\u0103n nh\u00e0 ch\u00ednh l\u00e0 tr\u1eafng v\u00e0 x\u00e1m r\u1ea5t nh\u00e3 nh\u1eb7n nh\u01b0ng l\u1ea1i to\u00e1t l\u00ean v\u1ebb sang tr\u1ecdng, l\u1ecbch s\u1ef1 khi b\u1ea1n b\u01b0\u1edbc ch\u00e2n v\u00e0o.<\/p>\n<p>\u0110i\u1ec3m 10 cho villa ch\u00ednh l\u00e0 ban c\u00f4ng c\u1ef1c r\u1ed9ng, view cao + th\u00eam b\u00e0n gh\u1ebf \u0111\u1ec3 ng\u1ed3i \u0103n u\u1ed1ng, chuy\u1ec7n tr\u00f2 r\u1ea5t l\u00e0 chill v\u00e0 tho\u00e1ng m\u00e1t. Ngo\u00e0i ra, villa Nam H\u1ed3 c\u00f2n \u0111\u01b0\u1ee3c decor r\u1ea5t nhi\u1ec1u c\u00e2y xanh gi\u00fap b\u1ea7u kh\u00f4ng kh\u00ed tr\u1edf n\u00ean trong l\u00e0nh, th\u01b0 gi\u00e3n h\u01a1n\u00a0 n\u1eefa \u0111\u1ea5y !<\/p>\n<p><img decoding=\"async\" class=\"aligncenter wp-image-15553 size-full\" src=\"https:\/\/dalatreview.vn\/wp-content\/uploads\/2022\/02\/villa-6-phong-nam-ho-3.jpg\" alt=\"villa 6 phong nam ho\" width=\"1200\" height=\"900\" \/><\/p>\n<p><span style=\"color: #008000;\"><strong><span style=\"font-size: 24px;\">3. D\u1ecbch v\u1ee5 &amp; Ti\u1ec7n nghi<\/span><\/strong><\/span><\/p>\n<p>G\u1ed3m 6 ph\u00f2ng ng\u1ee7 sang tr\u1ecdng, ph\u00f2ng t\u1eafm &amp; WC kh\u00e9p k\u00edn, c\u00f3 n\u00f3ng l\u1ea1nh v\u00e0 \u0111\u1ea7y \u0111\u1ee7 \u0111\u1ed3 d\u00f9ng c\u00e1 nh\u00e2n mi\u1ec5n ph\u00ed.<br \/>\n5 ph\u00f2ng 1 gi\u01b0\u1eddng 2 ng\u01b0\u1eddi<br \/>\n1 ph\u00f2ng 2 gi\u01b0\u1eddng\u00a04\u00a0ng\u01b0\u1eddi<\/p>\n<p>S\u1ee9c ch\u1ee9a 14-16\u00a0kh\u00e1ch<\/p>\n<p>&#8212;&#8212;&#8212;&#8212;&#8212;&#8212;&#8212;&#8212;&#8212;&#8212;&#8212;&#8212;&#8212;&#8212;&#8212;&#8212;&#8212;&#8212;&#8211;<\/p>\n<p>&#8211; \u0110\u1ea7y \u0111\u1ee7 ti\u1ec7n nghi nh\u01b0 \u1edf nh\u00e0. C\u00f3 tivi, t\u1ee7 l\u1ea1nh,.. khu v\u1ef1c sinh ho\u1ea1t chung nh\u01b0 ban c\u00f4ng, ph\u00f2ng kh\u00e1ch r\u1ea5t r\u1ed9ng r\u00e3i.<\/p>\n<p>&#8211; C\u00f3 di\u1ec7n t\u00edch \u0111\u1ec3 n\u01b0\u1edbng BBQ ngo\u00e0i tr\u1eddi.<\/p>\n<p>&#8211; C\u00f3 ch\u1ed7 \u0111\u1eadu xe m\u00e1y, xe h\u01a1i an to\u00e0n.<\/p>\n<p>&#8211; Y\u00ean t\u0129nh, an ninh 24\/24, s\u1ea1ch s\u1ebd, tho\u00e1ng m\u00e1t, view thi\u00ean nhi\u00ean si\u00eau \u0111\u1eb9p.<\/p>\n<p>&#8211; B\u1ebfp t\u1ef1 do n\u1ea5u n\u01b0\u1edbng \u0111\u1ea7y \u0111\u1ee7 gia v\u1ecb &amp; d\u1ee5ng c\u1ee5 tha h\u1ed3 ch\u1ebf bi\u1ec3n c\u00e1c m\u00f3n \u0103n m\u00e0 b\u1ea1n y\u00eau th\u00edch.<\/p>\n<p>&#8211; Ch\u00eca kho\u00e1 trao tay tha h\u1ed3 ri\u00eang t\u01b0.<\/p>\n<p><img decoding=\"async\" class=\"aligncenter wp-image-15554 size-full\" src=\"https:\/\/dalatreview.vn\/wp-content\/uploads\/2022\/02\/villa-6-phong-nam-ho-24-1.jpg\" alt=\"villa 6 phong nam ho\" width=\"1200\" height=\"900\" \/><\/p>\n<article class=\"post-content\">\n<div class=\"anh_wtm_m\">\n<div class=\"mws_content\">\n<div class=\"wpb_column vc_column_container vc_col-sm-6 vc_column\">\n<div class=\"vc_column-inner\">\n<div class=\"wpb_wrapper\">\n<div class=\"wpb_text_column wpb_content_element vc_column_text\">\n<div class=\"wpb_wrapper\">\n<h2 id=\"4-gia-phong\"><span style=\"color: #008000;\"><strong><span style=\"font-size: 24px;\"><span class=\"_4yxo\">4.<\/span>\u00a0Gi\u00e1 ph\u00f2ng<\/span><\/strong><\/span><\/h2>\n<p>Li\u00ean h\u1ec7 \u0111\u1ec3 \u0111\u01b0\u1ee3c \u0110\u00e0 L\u1ea1t Review t\u01b0 v\u1ea5n.<\/p>\n<h2 id=\"5-lien-he\"><span style=\"color: #008000;\">5. Li\u00ean h\u1ec7<\/span><\/h2>\n<p>Fanpage:\u00a0<a href=\"https:\/\/www.facebook.com\/booking.dalatreview.vn\/\">Booking \u0110\u00e0 L\u1ea1t \u2013 www.dalatreview.vn<\/a><\/p>\n<p>S\u0110T\/Zalo: 0988 249 297<\/p>\n<\/div>\n<\/div>\n<\/div>\n<\/div>\n<\/div>\n<\/div>\n<\/div>\n<\/article>\n<article class=\"post-content xemthem\"><\/article>\n<div id=\"comments\" class=\"comments-area\"><\/div>","protected":false},"excerpt":{"rendered":"<p>Villa Vip \u0110\u00e0 L\u1ea1t Nam H\u1ed3 6 Ph\u00f2ng Danh m\u1ee5c ch\u00ednh 1. V\u1ecb tr\u00ed 2. Decor 4.\u00a0Gi\u00e1 ph\u00f2ng 5. Li\u00ean h\u1ec7 1. V\u1ecb tr\u00ed Villa Vip Nam H\u1ed3 t\u1ecda l\u1ea1c t\u1ea1i \u0110\u01b0\u1eddng Nam H\u1ed3, ph\u01b0\u1eddng 11, n\u1eb1m ngay g\u1ea7n trung t\u00e2m th\u00e0nh ph\u1ed1 \u0110\u00e0 L\u1ea1t. Ch\u1ec9 c\u00e1ch ch\u1ee3 6 ph\u00fat ch\u1ea1y xe n\u00ean giao th\u00f4ng [&hellip;]<\/p>","protected":false},"featured_media":15536,"comment_status":"open","ping_status":"closed","template":"","meta":{"_acf_changed":false,"rank_math_lock_modified_date":false},"product_cat":[29,2262,45],"product_tag":[],"acf":[],"_links":{"self":[{"href":"https:\/\/dalatreview.vn\/en\/wp-json\/wp\/v2\/product\/15533"}],"collection":[{"href":"https:\/\/dalatreview.vn\/en\/wp-json\/wp\/v2\/product"}],"about":[{"href":"https:\/\/dalatreview.vn\/en\/wp-json\/wp\/v2\/types\/product"}],"replies":[{"embeddable":true,"href":"https:\/\/dalatreview.vn\/en\/wp-json\/wp\/v2\/comments?post=15533"}],"wp:featuredmedia":[{"embeddable":true,"href":"https:\/\/dalatreview.vn\/en\/wp-json\/wp\/v2\/media\/15536"}],"wp:attachment":[{"href":"https:\/\/dalatreview.vn\/en\/wp-json\/wp\/v2\/media?parent=15533"}],"wp:term":[{"taxonomy":"product_cat","embeddable":true,"href":"https:\/\/dalatreview.vn\/en\/wp-json\/wp\/v2\/product_cat?post=15533"},{"taxonomy":"product_tag","embeddable":true,"href":"https:\/\/dalatreview.vn\/en\/wp-json\/wp\/v2\/product_tag?post=15533"}],"curies":[{"name":"wp","href":"https:\/\/api.w.org\/{rel}","templated":true}]}}