
{"id":15508,"date":"2022-02-23T17:36:44","date_gmt":"2022-02-23T10:36:44","guid":{"rendered":"https:\/\/dalatreview.vn\/?p=15508"},"modified":"2024-07-11T11:00:08","modified_gmt":"2024-07-11T04:00:08","slug":"villa-da-lat-ngo-tat-to-6-phong-2","status":"publish","type":"product","link":"https:\/\/dalatreview.vn\/en\/villa-da-lat-ngo-tat-to-6-phong-2.html","title":{"rendered":"Villa \u0110\u00e0 L\u1ea1t Ng\u00f4 T\u1ea5t T\u1ed1 6 Ph\u00f2ng"},"content":{"rendered":"<p style=\"text-align: center;\"><span style=\"color: #008000;\"><strong><span style=\"font-size: 24px;\">Villa \u0110\u00e0 L\u1ea1t Ng\u00f4 T\u1ea5t T\u1ed1 6 Ph\u00f2ng<\/span><\/strong><\/span><\/p>\n<nav class=\"vietrick-auto-toc\">\n<div class=\"box-title\">\n<h3 class=\"toc-title\" id=\"select-menu\">Danh m\u1ee5c ch\u00ednh<\/h3>\n<div><ion-icon name=\"chevron-up-outline\"><\/ion-icon><\/div>\n<\/div>\n<ul class=\"toc-list\">\n<li><a href='https:\/\/dalatreview.vn\/en#1-vi-tri' class='heading-h2 toc-link smooth-scroll'>1. V\u1ecb tr\u00ed<\/a>\n<li><a href='https:\/\/dalatreview.vn\/en#2-decor' class='heading-h2 toc-link smooth-scroll'>2. Decor<\/a>\n<li><a href='https:\/\/dalatreview.vn\/en#3-dich-vu-tien-nghi' class='heading-h2 toc-link smooth-scroll'>3. D\u1ecbch v\u1ee5 &amp; Ti\u1ec7n nghi<\/a>\n<li><a href='https:\/\/dalatreview.vn\/en#4-gia-phong' class='heading-h2 toc-link smooth-scroll'>4.\u00a0Gi\u00e1 ph\u00f2ng<\/a>\n<li><a href='https:\/\/dalatreview.vn\/en#5-lien-he' class='heading-h2 toc-link smooth-scroll'>5. Li\u00ean h\u1ec7<\/a><\/ul>\n<\/ul>\n<\/li>\n<\/ul>\n<\/nav>\n<h2 id=\"1-vi-tri\"><span style=\"color: #008000;\"><strong><span style=\"font-size: 24px;\">1. V\u1ecb tr\u00ed<\/span><\/strong><\/span><\/h2>\n<p>C\u0103n nh\u00e0 t\u1ecda l\u1ea1c g\u1ea7n v\u1ecb tr\u00ed trung t\u00e2m, n\u1eb1m \u1edf \u0111\u01b0\u1eddng Ng\u00f4 T\u1ea5t T\u1ed1, Ph\u01b0\u1eddng 8, TP \u0110\u00e0 L\u1ea1t. Ch\u1ec9 c\u00e1ch ch\u1ee3 6 ph\u00fat ch\u1ea1y xe, giao th\u1ed9ng thu\u1eadn ti\u1ec7n, c\u1ea3nh quan thi\u00ean nhi\u00ean th\u00ec y\u00ean b\u00ecnh tr\u00e0n \u0111\u1ea7y s\u1ee9c s\u1ed1ng. Con ng\u01b0\u1eddi l\u1ea1i v\u00f4 c\u00f9ng th\u00e2n thi\u1ec7n, d\u1ec5 g\u1ea7n, d\u1ec5 m\u1ebfn.<\/p>\n<p>H\u01a1n n\u1eefa \u0111\u00e2y c\u0169ng l\u00e0 khu v\u1ef1c h\u1ed9i t\u1ee5 r\u1ea5t nhi\u1ec1u \u0111i\u1ec3m \u0103n u\u1ed1ng, mua s\u1eafm v\u00e0 vui ch\u01a1i c\u1ee7a x\u1ee9 s\u1edf s\u01b0\u01a1ng m\u00f9 v\u00ec v\u1eady \u0111\u00e2y s\u1ebd l\u00e0 1 l\u1ef1a ch\u1ecdn tuy\u1ec7t v\u1eddi \u0111\u1ec3 l\u01b0u tr\u00fa khi \u0111i du l\u1ecbch \u1edf \u0110\u00e0 L\u1ea1t \u0111\u00e1y nh\u00e9 !<\/p>\n<p><img decoding=\"async\" class=\"aligncenter wp-image-15527 size-full\" src=\"https:\/\/dalatreview.vn\/wp-content\/uploads\/2022\/02\/villa-6-phong-ngo-tat-to-3-2.jpg\" alt=\"villa 6 phong ngo tat to\" width=\"1280\" height=\"853\" \/><\/p>\n<h2 id=\"2-decor\"><span style=\"color: #008000;\"><strong><span style=\"font-size: 24px;\"><span class=\"_4yxo _4yxp\">2. Decor<\/span><\/span><\/strong><\/span><\/h2>\n<p>Villa thi\u1ebft k\u1ebf c\u1ef1c k\u1ef3 \u0111\u1eb7c bi\u1ec7t ho\u00e0n to\u00e0n b\u1eb1ng g\u1ed7 theo phong c\u00e1ch T\u00e2y Nguy\u00ean nh\u01b0ng l\u1ea1i r\u1ea5t hi\u1ec7n \u0111\u1ea1i v\u00e0 m\u1edbi m\u1ebb mang l\u1ea1i 1 c\u1ea3m gi\u00e1c m\u00e0 b\u1ea1n ch\u01b0a t\u1eebng \u0111\u01b0\u1ee3c tr\u1ea3i nghi\u1ec7m bao gi\u1edd.<\/p>\n<p>N\u00f3 gi\u1ed1ng nh\u01b0 1 ng\u00f4i nh\u00e0 s\u00e0n th\u1eddi k\u1ef3 m\u1edbi \u0111\u1ea7y \u0111\u1ee7 ti\u1ec7n nghi v\u00e0 r\u1ea5t ph\u00f3ng kho\u00e1ng nh\u1edd thi\u1ebft k\u1ebf kh\u00f4ng gian m\u1edf h\u00f2a m\u00ecnh v\u00e0o thi\u00ean nhi\u00ean xua tan m\u1ecdi mu\u1ed9n phi\u1ec1n h\u1eb1ng ng\u00e0y. B\u00ean ngo\u00e0i m\u00e1t l\u1ea1nh nh\u1edd c\u00e2y c\u1ed1i t\u01b0\u01a1i xanh, b\u00ean trong l\u1ea1i \u1ea5m \u00e1p th\u00e2n quen. \u0110\u01b0\u1ee3c decor nh\u1eefng b\u1ed9 b\u00e0n gh\u1ebf g\u1ed7 t\u1ef1 nhi\u00ean v\u00e0 nh\u1eefng d\u00e0n hoa lan mang gi\u00e1 tr\u1ecb cao.<\/p>\n<p>\u0110\u1eb7c bi\u1ec7t v\u1ec1 \u0111\u00eam villa tr\u1edf n\u00ean lung linh l\u1ea5p l\u00e1nh v\u00f4 c\u00f9ng r\u1ea5t chill lu\u00f4n n\u00e8 !<\/p>\n<p><img decoding=\"async\" class=\"aligncenter wp-image-15528 size-full\" src=\"https:\/\/dalatreview.vn\/wp-content\/uploads\/2022\/02\/villa-6-phong-ngo-tat-to-16.jpg\" alt=\"villa 6 phong ngo tat to\" width=\"1200\" height=\"900\" \/><\/p>\n<h2 id=\"3-dich-vu-tien-nghi\"><span style=\"color: #008000;\"><strong><span style=\"font-size: 24px;\">3. D\u1ecbch v\u1ee5 &amp; Ti\u1ec7n nghi<\/span><\/strong><\/span><\/h2>\n<p>G\u1ed3m 6 ph\u00f2ng ng\u1ee7 sang tr\u1ecdng \u0111\u1ea7y \u0111\u1ee7 ti\u1ec7n nghi:<br \/>\n4 ph\u00f2ng 1 gi\u01b0\u1eddng 2 ng\u01b0\u1eddi<br \/>\n1 ph\u00f2ng 4\u00a0gi\u01b0\u1eddng n\u1ec7m\u00a08\u00a0ng\u01b0\u1eddi<\/p>\n<p>S\u1ee9c ch\u1ee9a 22-24 kh\u00e1ch.<\/p>\n<p>&#8211; \u0110\u1ea7y \u0111\u1ee7 ti\u1ec7n nghi nh\u01b0 \u1edf nh\u00e0. S\u00e2n v\u01b0\u1eddn r\u1ed9ng r\u00e3i, xanh m\u00e1t, c\u00f3 x\u00edch \u0111u &amp; b\u00e0n gh\u1ebf u\u1ed1ng c\u00e0 ph\u00ea t\u00e2m s\u1ef1. C\u00f3 khu v\u1ef1c pha ch\u1ebf ri\u00eang v\u00e0 n\u1ea5u \u0103n ri\u00eang. C\u00f3 tivi, t\u1ee7 l\u1ea1nh, m\u00e1y gi\u1eb7t,&#8230;<\/p>\n<p>&#8211; C\u00f3 di\u1ec7n t\u00edch \u0111\u1ec3 n\u01b0\u1edbng BBQ ngo\u00e0i tr\u1eddi.<\/p>\n<p>&#8211; C\u00f3 ch\u1ed7 \u0111\u1eadu xe m\u00e1y, xe h\u01a1i an to\u00e0n mi\u1ec5n ph\u00ed.<\/p>\n<p>&#8211; Y\u00ean t\u0129nh, an ninh 24\/24, s\u1ea1ch s\u1ebd, tho\u00e1ng m\u00e1t, view thi\u00ean nhi\u00ean si\u00eau \u0111\u1eb9p.<\/p>\n<p>&#8211; B\u1ebfp t\u1ef1 do n\u1ea5u n\u01b0\u1edbng \u0111\u1ea7y \u0111\u1ee7 d\u1ee5ng c\u1ee5 v\u00e0 gia v\u1ecb.<\/p>\n<p>&#8211; Ch\u00eca kho\u00e1 trao tay tha h\u1ed3 ri\u00eang t\u01b0<\/p>\n<p><img decoding=\"async\" class=\"aligncenter wp-image-15529 size-full\" src=\"https:\/\/dalatreview.vn\/wp-content\/uploads\/2022\/02\/villa-6-phong-ngo-tat-to-27.jpg\" alt=\"villa 6 phong ngo tat to\" width=\"1200\" height=\"900\" \/><\/p>\n<article class=\"post-content\">\n<div class=\"anh_wtm_m\">\n<div class=\"mws_content\">\n<article class=\"post-content\">\n<div class=\"anh_wtm_m\">\n<div class=\"mws_content\">\n<h2 id=\"4-gia-phong\"><span style=\"color: #008000;\"><strong><span style=\"font-size: 24px;\"><span class=\"_4yxo\">4.<\/span>\u00a0Gi\u00e1 ph\u00f2ng<\/span><\/strong><\/span><\/h2>\n<p>Li\u00ean h\u1ec7 \u0111\u1ec3 \u0111\u01b0\u1ee3c \u0110\u00e0 L\u1ea1t Review t\u01b0 v\u1ea5n.<\/p>\n<h2 id=\"5-lien-he\"><span style=\"color: #008000;\">5. Li\u00ean h\u1ec7<\/span><\/h2>\n<p>Fanpage:\u00a0<a href=\"https:\/\/www.facebook.com\/booking.dalatreview.vn\/\">Booking \u0110\u00e0 L\u1ea1t \u2013 www.dalatreview.vn<\/a><\/p>\n<p>S\u0110T\/Zalo: 0988 249 297<\/p>\n<\/div>\n<\/div>\n<\/article>\n<article class=\"post-content xemthem\"><\/article>\n<div id=\"comments\" class=\"comments-area\"><\/div>\n<\/div>\n<\/div>\n<\/article>\n<article class=\"post-content xemthem\"><\/article>\n<div id=\"comments\" class=\"comments-area\"><\/div>","protected":false},"excerpt":{"rendered":"<p>Villa \u0110\u00e0 L\u1ea1t Ng\u00f4 T\u1ea5t T\u1ed1 6 Ph\u00f2ng Danh m\u1ee5c ch\u00ednh 1. V\u1ecb tr\u00ed 2. Decor 3. D\u1ecbch v\u1ee5 &amp; Ti\u1ec7n nghi 4.\u00a0Gi\u00e1 ph\u00f2ng 5. Li\u00ean h\u1ec7 1. V\u1ecb tr\u00ed C\u0103n nh\u00e0 t\u1ecda l\u1ea1c g\u1ea7n v\u1ecb tr\u00ed trung t\u00e2m, n\u1eb1m \u1edf \u0111\u01b0\u1eddng Ng\u00f4 T\u1ea5t T\u1ed1, Ph\u01b0\u1eddng 8, TP \u0110\u00e0 L\u1ea1t. Ch\u1ec9 c\u00e1ch ch\u1ee3 6 ph\u00fat [&hellip;]<\/p>","protected":false},"featured_media":15509,"comment_status":"open","ping_status":"closed","template":"","meta":{"_acf_changed":false,"rank_math_lock_modified_date":false},"product_cat":[29,2262,45],"product_tag":[],"acf":[],"_links":{"self":[{"href":"https:\/\/dalatreview.vn\/en\/wp-json\/wp\/v2\/product\/15508"}],"collection":[{"href":"https:\/\/dalatreview.vn\/en\/wp-json\/wp\/v2\/product"}],"about":[{"href":"https:\/\/dalatreview.vn\/en\/wp-json\/wp\/v2\/types\/product"}],"replies":[{"embeddable":true,"href":"https:\/\/dalatreview.vn\/en\/wp-json\/wp\/v2\/comments?post=15508"}],"wp:featuredmedia":[{"embeddable":true,"href":"https:\/\/dalatreview.vn\/en\/wp-json\/wp\/v2\/media\/15509"}],"wp:attachment":[{"href":"https:\/\/dalatreview.vn\/en\/wp-json\/wp\/v2\/media?parent=15508"}],"wp:term":[{"taxonomy":"product_cat","embeddable":true,"href":"https:\/\/dalatreview.vn\/en\/wp-json\/wp\/v2\/product_cat?post=15508"},{"taxonomy":"product_tag","embeddable":true,"href":"https:\/\/dalatreview.vn\/en\/wp-json\/wp\/v2\/product_tag?post=15508"}],"curies":[{"name":"wp","href":"https:\/\/api.w.org\/{rel}","templated":true}]}}