
{"id":15475,"date":"2022-02-23T16:42:44","date_gmt":"2022-02-23T09:42:44","guid":{"rendered":"https:\/\/dalatreview.vn\/?p=15475"},"modified":"2024-07-11T11:00:09","modified_gmt":"2024-07-11T04:00:09","slug":"villa-da-lat-ho-tuyen-lam-6-phong","status":"publish","type":"product","link":"https:\/\/dalatreview.vn\/en\/villa-da-lat-ho-tuyen-lam-6-phong.html","title":{"rendered":"Villa \u0110\u00e0 L\u1ea1t H\u1ed3 Tuy\u1ec1n L\u00e2m 6 Ph\u00f2ng"},"content":{"rendered":"<p style=\"text-align: center;\"><span style=\"color: #008000;\"><strong><span style=\"font-size: 24px;\">Villa \u0110\u00e0 L\u1ea1t H\u1ed3 Tuy\u1ec1n L\u00e2m 6 Ph\u00f2ng <\/span><\/strong><\/span><\/p>\n<nav class=\"vietrick-auto-toc\">\n<div class=\"box-title\">\n<h3 class=\"toc-title\" id=\"select-menu\">Danh m\u1ee5c ch\u00ednh<\/h3>\n<div><ion-icon name=\"chevron-up-outline\"><\/ion-icon><\/div>\n<\/div>\n<ul class=\"toc-list\">\n<li><a href='https:\/\/dalatreview.vn\/en#1-vi-tri' class='heading-h2 toc-link smooth-scroll'>1. V\u1ecb tr\u00ed<\/a>\n<li><a href='https:\/\/dalatreview.vn\/en#2-decor' class='heading-h2 toc-link smooth-scroll'>2. Decor<\/a>\n<li><a href='https:\/\/dalatreview.vn\/en#3-dich-vu-tien-nghi' class='heading-h2 toc-link smooth-scroll'>3. D\u1ecbch v\u1ee5 &amp; Ti\u1ec7n nghi<\/a>\n<li><a href='https:\/\/dalatreview.vn\/en#4-gia-phong' class='heading-h2 toc-link smooth-scroll'>4.\u00a0Gi\u00e1 ph\u00f2ng<\/a>\n<li><a href='https:\/\/dalatreview.vn\/en#5-lien-he' class='heading-h2 toc-link smooth-scroll'>5. Li\u00ean h\u1ec7<\/a><\/ul>\n<\/ul>\n<\/li>\n<\/ul>\n<\/nav>\n<h2 id=\"1-vi-tri\"><span style=\"color: #008000;\"><strong><span style=\"font-size: 24px;\">1. V\u1ecb tr\u00ed<\/span><\/strong><\/span><\/h2>\n<p>T\u1ecda l\u1ea1c t\u1ea1i v\u1ecb tr\u00ed trung t\u00e2m H\u1ed3 Tuy\u1ec1n L\u00e2m thu\u1ed9c ph\u01b0\u1eddng 4, TP \u0110\u00e0 L\u1ea1t. C\u00e1ch trung t\u00e2m Th\u00e0nh ph\u1ed1 kho\u1ea3ng 7km, c\u00e1ch khu du l\u1ecbch th\u00e1c Datanla kho\u1ea3ng 2 km.<\/p>\n<p>Villa H\u1ed3 Tuy\u1ec1n L\u00e2m n\u1eb1m g\u1ea7n ngay t\u1ea1i n\u00fai Ph\u1ee5ng Ho\u00e0ng. N\u01a1i c\u00f3 <a href=\"https:\/\/vietsovpetrohotel.vn\/thien-vien-truc-lam\/\" target=\"_blank\" rel=\"noreferrer noopener\">Thi\u1ec1n Vi\u1ec7n Tr\u00fac L\u00e2m thanh t\u1ecbnh v\u00e0 y\u00ean b\u00ecnh<\/a>. \u0110\u00e2y \u0111\u01b0\u1ee3c xem nh\u01b0 l\u00e0 m\u1ed9t trong nh\u1eefng khu ph\u1ee9c h\u1ee3p. T\u1eadp trung r\u1ea5t nhi\u1ec1u c\u1ea3nh quan thi\u00ean nhi\u00ean \u0111\u1eb9p, \u0111\u1eb7c tr\u01b0ng v\u00e0 nh\u1eefng d\u1ecbch v\u1ee5 du l\u1ecbch c\u1ee7a \u0110\u00e0 L\u1ea1t<\/p>\n<p>\u0110\u00e2y c\u0169ng l\u00e0 m\u1ed9t trong nh\u1eefng h\u1ed3 n\u01b0\u1edbc ng\u1ecdt nh\u00e2n t\u1ea1o l\u1edbn nh\u1ea5t t\u1ea1i \u0110\u00e0 L\u1ea1t. H\u1ed3 n\u01b0\u1edbc g\u1ed3m nhi\u1ec1u \u1ed1c \u0111\u1ea3o nh\u1ecf, xung quanh h\u1ed3 l\u00e0 nh\u1eefng c\u00e1nh r\u1eebng th\u00f4ng xanh bi\u1ebfc, b\u1ea1t ng\u00e0n.<\/p>\n<p>Tuy \u0111\u00e2y l\u00e0 m\u1ed9t h\u1ed3 n\u01b0\u1edbc nh\u00e2n t\u1ea1o nh\u01b0ng nh\u1eefng c\u1ea3nh v\u1eadt xung quanh. Nh\u1eefng c\u1ea3nh v\u1eadt thi\u00ean nhi\u00ean th\u01a1 m\u1ed9ng v\u00e0 h\u00f9ng v\u0129. Mang \u0111\u1eadm n\u00e9t \u0111\u1eb7c tr\u01b0ng ri\u00eang c\u1ee7a \u0110\u00e0 L\u1ea1t c\u00e0ng l\u00e0m cho c\u1ea3nh v\u1eadt t\u1ea1i \u0111\u00e2y tr\u1edf n\u00ean \u0111\u1eb9p v\u00e0 th\u01a1 m\u1ed9ng nh\u1ea5t.<\/p>\n<p>Khi \u0111\u1ebfn v\u1edbi n\u01a1i \u0111\u00e2y qu\u00fd du kh\u00e1ch s\u1ebd \u0111\u01b0\u1ee3c ng\u1eafm nh\u00ecn nh\u1eefng c\u1ea3nh v\u1eadt thi\u00ean nhi\u00ean r\u1ea5t th\u01a1 m\u1ed9ng v\u00e0 tr\u1eef t\u00ecnh. Kh\u00f4ng nh\u1eefng v\u1eady c\u00e1c b\u1ea1n c\u00f2n \u0111\u01b0\u1ee3c th\u1ea3 h\u1ed3n m\u00ecnh v\u00e0 m\u00e2y gi\u00f3, \u0111\u1ea5t tr\u1eddi, thi\u00ean nhi\u00ean \u0110\u00e0 L\u1ea1t. C\u00f9ng v\u1edbi \u0111\u00f3 l\u00e0 nh\u1eefng c\u00e1nh r\u1eebng th\u00f4ng xanh b\u1ea1t ng\u00e0n,\u2026 T\u1ea5t c\u1ea3 nh\u1eefng \u0111i\u1ec1u n\u00e0y h\u1ee9a h\u1eb9n s\u1ebd c\u00e0ng l\u00e0m cho qu\u00fd du kh\u00e1ch s\u1ebd c\u00f3 \u0111\u01b0\u1ee3c cho m\u00ecnh nh\u1eefng c\u1ea3m nh\u1eadn tuy\u1ec7t v\u1eddi nh\u1ea5t v\u1ec1 v\u00f9ng \u0111\u1ea5t n\u00e0y.<\/p>\n<p><img decoding=\"async\" class=\"aligncenter wp-image-15499 size-full\" src=\"https:\/\/dalatreview.vn\/wp-content\/uploads\/2022\/02\/villa-6-phong-ho-tuyen-lam-2-1.png\" alt=\"villa 6 phong ho tuyen lam\" width=\"767\" height=\"567\" \/><\/p>\n<h2 id=\"2-decor\"><span style=\"color: #008000;\"><strong><span style=\"font-size: 24px;\"><span class=\"_4yxo _4yxp\">2. Decor<\/span><\/span><\/strong><\/span><\/h2>\n<p>Villa c\u00f3 ki\u1ebfn tr\u00fac \u0111\u1ed9c \u0111\u00e1o t\u1eeb ngo\u00e0i v\u00e0o trong v\u1edbi thi\u1ebft k\u1ebf theo kh\u00f4ng gian m\u1edf r\u1ed9ng r\u00e3i tho\u00e1ng m\u00e1t, \u0111\u00f3n \u00e1nh s\u00e1ng t\u1ef1 nhi\u00ean \u0111\u1ec3 qu\u00fd kh\u00e1ch c\u1ea3m nh\u1eadn \u0111\u01b0\u1ee3c r\u00f5 n\u00e9t nh\u1ea5t v\u1ec1 b\u1ea7u kh\u00f4ng kh\u00ed trong l\u00e0nh n\u01a1i \u0111\u00e2y.<\/p>\n<p>C\u00f3 kho\u1ea3ng s\u00e2n v\u01b0\u1eddn r\u1ed9ng r\u00e3i \u0111\u01b0\u1ee3c bao b\u1ecdc b\u1edfi nh\u1eefng h\u00e0ng th\u00f4ng xanh ng\u00e1t v\u00e0 nh\u1eefng b\u00f4ng hoa t\u01b0\u01a1i xinh tr\u00e0n \u0111\u1ea7y n\u0103ng l\u01b0\u1ee3ng t\u00edch c\u1ef1c tha h\u1ed3 vui ch\u01a1i. B\u00ean tr\u00ean s\u1ebd c\u00f3 1 kho\u1ea3ng ban c\u00f4ng r\u1ed9ng kh\u00f4ng k\u00e9m v\u1edbi view cao gi\u00fap b\u1ea1n ng\u1eafm nh\u00ecn \u0111\u01b0\u1ee3c c\u1ea3nh quan xung quanh \u1edf m\u1ecdi th\u1eddi \u0111i\u1ec3m trong ng\u00e0y. C\u0103n nh\u00e0 thi\u1ebft k\u1ebf v\u00e0 decor cho b\u1ea1n r\u1ea5t nhi\u1ec1u g\u00f3c checkin s\u1ed1ng \u1ea3o sang ch\u1ea3nh t\u1eeb ngo\u00e0i s\u00e2n v\u01b0\u1eddn cho \u0111\u1ebfn trong nh\u00e0.<\/p>\n<p>Ngo\u00e0i kh\u00f4ng gian sinh ho\u1ea1t chung th\u00ec ph\u00f2ng ng\u1ee7 ch\u00ednh l\u00e0 n\u01a1i ri\u00eang t\u01b0 d\u00e0nh cho b\u1ea1n c\u0169ng nh\u01b0 c\u00e1c th\u00e0nh vi\u00ean kh\u00e1c trong \u0111o\u00e0n, v\u1edbi trang b\u1ecb \u0111\u1ea7y \u0111\u1ee7 ti\u1ec7n nghi v\u00e0 r\u1ed9ng r\u00e3i b\u1ea1n c\u00f3 th\u1ec3 th\u1ecfa s\u1ee9c sinh ho\u1ea1t ri\u00eang t\u01b0 m\u00e0 kh\u00f4ng s\u1ee3 \u1ea3nh h\u01b0\u1edfng v\u00e0 l\u00e0m phi\u1ec1n ng\u01b0\u1eddi kh\u00e1c nh\u00e9 !<\/p>\n<p><img decoding=\"async\" class=\"aligncenter wp-image-15505 size-full\" src=\"https:\/\/dalatreview.vn\/wp-content\/uploads\/2022\/02\/villa-6-phong-ho-tuyen-lam.jpg\" alt=\"villa 6 phong ho tuyen lam\" width=\"1200\" height=\"900\" \/><\/p>\n<h2 id=\"3-dich-vu-tien-nghi\"><span style=\"color: #008000;\"><strong><span style=\"font-size: 24px;\">3. D\u1ecbch v\u1ee5 &amp; Ti\u1ec7n nghi<\/span><\/strong><\/span><\/h2>\n<p>G\u1ed3m 6 ph\u00f2ng ng\u1ee7 sang tr\u1ecdng, kh\u00e9p k\u00edn \u0111\u1ea7y \u0111\u1ee7 ti\u1ec7n nghi: n\u00f3ng l\u1ea1nh, \u0111\u1ed3 d\u00f9ng c\u00e1 nh\u00e2n, tivi, wifi internet&#8230;<br \/>\n6 ph\u00f2ng 2 gi\u01b0\u1eddng 2 ng\u01b0\u1eddi<\/p>\n<p>S\u1ee9c ch\u1ee9a 24-26 kh\u00e1ch<\/p>\n<p>&#8211; \u0110\u1ea7y \u0111\u1ee7 ti\u1ec7n nghi nh\u01b0 \u1edf nh\u00e0. C\u00f3 khu v\u1ef1c d\u00e0nh ri\u00eang \u0111\u1ec3 pha ch\u1ebf \u0111\u1ed3 u\u1ed1ng, n\u1ea5u \u0103n.<\/p>\n<p>&#8211; C\u00f3 di\u1ec7n t\u00edch \u0111\u1ec3 n\u01b0\u1edbng BBQ ngo\u00e0i tr\u1eddi r\u1ea5t chill.<\/p>\n<p>&#8211; C\u00f3 ch\u1ed7 \u0111\u1eadu xe m\u00e1y, xe h\u01a1i an to\u00e0n mi\u1ec5n ph\u00ed.<\/p>\n<p>&#8211; Y\u00ean t\u0129nh, an ninh 24\/24, s\u1ea1ch s\u1ebd, tho\u00e1ng m\u00e1t, view thi\u00ean nhi\u00ean si\u00eau \u0111\u1eb9p.<\/p>\n<p>&#8211; B\u1ebfp t\u1ef1 do n\u1ea5u n\u01b0\u1edbng \u0111\u1ea7y \u0111\u1ee7 d\u1ee5ng c\u1ee5 v\u00e0 gia v\u1ecb n\u1ea5u n\u01b0\u1edbng.<\/p>\n<p>&#8211; Ch\u00eca kho\u00e1 trao tay tha h\u1ed3 ri\u00eang t\u01b0.<\/p>\n<p><img decoding=\"async\" class=\"aligncenter wp-image-15506 size-full\" src=\"https:\/\/dalatreview.vn\/wp-content\/uploads\/2022\/02\/villa-6-phong-ho-tuyen-lam-14.jpg\" alt=\"villa 6 phong ho tuyen lam\" width=\"1200\" height=\"900\" \/><\/p>\n<article class=\"post-content\">\n<div class=\"anh_wtm_m\">\n<div class=\"mws_content\">\n<h2 id=\"4-gia-phong\"><span style=\"color: #008000;\"><strong><span style=\"font-size: 24px;\"><span class=\"_4yxo\">4.<\/span>\u00a0Gi\u00e1 ph\u00f2ng<\/span><\/strong><\/span><\/h2>\n<p>Li\u00ean h\u1ec7 \u0111\u1ec3 \u0111\u01b0\u1ee3c \u0110\u00e0 L\u1ea1t Review t\u01b0 v\u1ea5n.<\/p>\n<h2 id=\"5-lien-he\"><span style=\"color: #008000;\">5. Li\u00ean h\u1ec7<\/span><\/h2>\n<p>Fanpage:\u00a0<a href=\"https:\/\/www.facebook.com\/booking.dalatreview.vn\/\">Booking \u0110\u00e0 L\u1ea1t \u2013 www.dalatreview.vn<\/a><\/p>\n<p>S\u0110T\/Zalo: 0988 249 297<\/p>\n<\/div>\n<\/div>\n<\/article>\n<article class=\"post-content xemthem\"><\/article>\n<div id=\"comments\" class=\"comments-area\"><\/div>","protected":false},"excerpt":{"rendered":"<p>Villa \u0110\u00e0 L\u1ea1t H\u1ed3 Tuy\u1ec1n L\u00e2m 6 Ph\u00f2ng Danh m\u1ee5c ch\u00ednh 1. V\u1ecb tr\u00ed 2. Decor 3. D\u1ecbch v\u1ee5 &amp; Ti\u1ec7n nghi 4.\u00a0Gi\u00e1 ph\u00f2ng 5. Li\u00ean h\u1ec7 1. V\u1ecb tr\u00ed T\u1ecda l\u1ea1c t\u1ea1i v\u1ecb tr\u00ed trung t\u00e2m H\u1ed3 Tuy\u1ec1n L\u00e2m thu\u1ed9c ph\u01b0\u1eddng 4, TP \u0110\u00e0 L\u1ea1t. C\u00e1ch trung t\u00e2m Th\u00e0nh ph\u1ed1 kho\u1ea3ng 7km, c\u00e1ch khu [&hellip;]<\/p>","protected":false},"featured_media":15490,"comment_status":"open","ping_status":"closed","template":"","meta":{"_acf_changed":false,"rank_math_lock_modified_date":false},"product_cat":[29,2262,45],"product_tag":[],"acf":[],"_links":{"self":[{"href":"https:\/\/dalatreview.vn\/en\/wp-json\/wp\/v2\/product\/15475"}],"collection":[{"href":"https:\/\/dalatreview.vn\/en\/wp-json\/wp\/v2\/product"}],"about":[{"href":"https:\/\/dalatreview.vn\/en\/wp-json\/wp\/v2\/types\/product"}],"replies":[{"embeddable":true,"href":"https:\/\/dalatreview.vn\/en\/wp-json\/wp\/v2\/comments?post=15475"}],"wp:featuredmedia":[{"embeddable":true,"href":"https:\/\/dalatreview.vn\/en\/wp-json\/wp\/v2\/media\/15490"}],"wp:attachment":[{"href":"https:\/\/dalatreview.vn\/en\/wp-json\/wp\/v2\/media?parent=15475"}],"wp:term":[{"taxonomy":"product_cat","embeddable":true,"href":"https:\/\/dalatreview.vn\/en\/wp-json\/wp\/v2\/product_cat?post=15475"},{"taxonomy":"product_tag","embeddable":true,"href":"https:\/\/dalatreview.vn\/en\/wp-json\/wp\/v2\/product_tag?post=15475"}],"curies":[{"name":"wp","href":"https:\/\/api.w.org\/{rel}","templated":true}]}}