
{"id":15447,"date":"2022-02-23T16:02:36","date_gmt":"2022-02-23T09:02:36","guid":{"rendered":"https:\/\/dalatreview.vn\/?p=15447"},"modified":"2024-07-11T11:00:10","modified_gmt":"2024-07-11T04:00:10","slug":"villa-da-lat-dong-da-6-phong","status":"publish","type":"product","link":"https:\/\/dalatreview.vn\/en\/villa-da-lat-dong-da-6-phong.html","title":{"rendered":"Villa \u0110\u00e0 L\u1ea1t \u0110\u1ed1ng \u0110a 6 Ph\u00f2ng"},"content":{"rendered":"<p style=\"text-align: center;\"><span style=\"color: #008000;\"><strong><span style=\"font-size: 24px;\">Villa \u0110\u00e0 L\u1ea1t \u0110\u1ed1ng \u0110a 6 Ph\u00f2ng <\/span><\/strong><\/span><\/p>\n<nav class=\"vietrick-auto-toc\">\n<div class=\"box-title\">\n<h3 class=\"toc-title\" id=\"select-menu\">Danh m\u1ee5c ch\u00ednh<\/h3>\n<div><ion-icon name=\"chevron-up-outline\"><\/ion-icon><\/div>\n<\/div>\n<ul class=\"toc-list\">\n<li><a href='https:\/\/dalatreview.vn\/en#1-vi-tri' class='heading-h2 toc-link smooth-scroll'>1. V\u1ecb tr\u00ed<\/a>\n<li><a href='https:\/\/dalatreview.vn\/en#2-decor' class='heading-h2 toc-link smooth-scroll'>2. Decor<\/a>\n<li><a href='https:\/\/dalatreview.vn\/en#3-dich-vu-tien-nghi' class='heading-h2 toc-link smooth-scroll'>3. D\u1ecbch v\u1ee5 &amp; Ti\u1ec7n nghi<\/a>\n<li><a href='https:\/\/dalatreview.vn\/en#4-gia-phong' class='heading-h2 toc-link smooth-scroll'>4.\u00a0Gi\u00e1 ph\u00f2ng<\/a>\n<li><a href='https:\/\/dalatreview.vn\/en#5-lien-he' class='heading-h2 toc-link smooth-scroll'>5. Li\u00ean h\u1ec7<\/a><\/ul>\n<\/ul>\n<\/li>\n<\/ul>\n<\/nav>\n<h2 id=\"1-vi-tri\"><span style=\"color: #008000;\"><strong><span style=\"font-size: 24px;\">1. V\u1ecb tr\u00ed<\/span><\/strong><\/span><\/h2>\n<p>Villa t\u1ecda l\u1ea1c ngay v\u1ecb tr\u00ed trung t\u00e2m c\u1ee7a th\u00e0nh ph\u1ed1, n\u1eb1m \u1edf \u0111\u01b0\u1eddng \u0110\u1ed1ng \u0110a \u2013 ph\u01b0\u1eddng 3 \u2013 TP \u0110\u00e0 L\u1ea1t, g\u1ea7n b\u1ebfn xe. Ch\u1ec9 c\u00e1ch ch\u1ee3 v\u00e0 qu\u1ea3ng tr\u01b0\u1eddng L\u00e2m Vi\u00ean 5-7 ph\u00fat ch\u1ea1y xe, \u0111\u1ea3m b\u1ea3o thu\u1eadn ti\u1ec7n cho vi\u1ec7c di chuy\u1ec3n c\u1ee7a b\u1ea1n v\u00e0 gia \u0111\u00ecnh ng\u01b0\u1eddi th\u00e2n nh\u00e9 !<\/p>\n<p>N\u01a1i \u0111\u00e2y c\u0169ng h\u1ed9i t\u1ee5 r\u1ea5t nhi\u1ec1u \u0111\u1ecba \u0111i\u1ec3m ngh\u1ec9 d\u01b0\u1ee1ng, th\u01b0 gi\u00e3n v\u00e0 checkin\u2026 h\u1ee9a h\u1eb9n s\u1ebd mang l\u1ea1i cho m\u1ecdi ng\u01b0\u1eddi \u0111\u1ea7y \u0111\u1ee7 s\u1ef1 ti\u1ec7n \u00edch v\u00e0 tho\u1ea3i m\u00e1i nh\u1ea5t !<\/p>\n<p><img decoding=\"async\" class=\"aligncenter wp-image-15469 size-full\" src=\"https:\/\/dalatreview.vn\/wp-content\/uploads\/2022\/02\/villa-6-phong-dong-da-22.jpg\" alt=\"villa 6 phong dong da\" width=\"1152\" height=\"864\" \/><\/p>\n<h2 id=\"2-decor\"><span style=\"color: #008000;\"><strong><span style=\"font-size: 24px;\"><span class=\"_4yxo _4yxp\">2. Decor<\/span><\/span><\/strong><\/span><\/h2>\n<p>Villa 2 t\u1ea7ng r\u1ed9ng r\u00e3i, tho\u00e1ng m\u00e1t.<\/p>\n<p>C\u00f3 6 ph\u00f2ng ng\u1ee7 \u0111\u1ea7y \u0111\u1ee7 ti\u1ec7n nghi, \u0111\u01b0\u1ee3c trang b\u1ecb n\u1ed9i th\u1ea5t cao c\u1ea5p sang tr\u1ecdng.<\/p>\n<p>C\u00e1c ph\u00f2ng \u0111\u1ec1u kh\u00e9p k\u00edn nh\u01b0ng c\u00f3 kh\u00f4ng gian m\u1edf nh\u1edd c\u00e1c \u00f4 c\u1eeda k\u00ednh \u0111\u00f3n \u00e1nh s\u00e1ng t\u1ef1 nhi\u00ean gi\u00fap kh\u00f4ng kh\u00ed tr\u1edf n\u00ean trong l\u00e0nh h\u01a1n.<\/p>\n<p>H\u1ee9a h\u1eb9n s\u1ebd cho b\u1ea1n v\u00e0 gia \u0111\u00ecnh ng\u01b0\u1eddi th\u00e2n c\u1ea3m gi\u00e1c y\u00ean b\u00ecnh nh\u1ea5t khi \u0111\u1ebfn \u0111\u00e2y l\u01b0u tr\u00fa.<\/p>\n<p><img decoding=\"async\" class=\"aligncenter wp-image-15472 size-full\" src=\"https:\/\/dalatreview.vn\/wp-content\/uploads\/2022\/02\/villa-6-phong-dong-da.jpg\" alt=\"villa 6 phong dong da\" width=\"1200\" height=\"900\" \/><\/p>\n<h2 id=\"3-dich-vu-tien-nghi\"><span style=\"color: #008000;\"><strong><span style=\"font-size: 24px;\">3. D\u1ecbch v\u1ee5 &amp; Ti\u1ec7n nghi<\/span><\/strong><\/span><\/h2>\n<p>G\u1ed3m 6 ph\u00f2ng ng\u1ee7 sang tr\u1ecdng, c\u00f3 ph\u00f2ng t\u1eafm, wc kh\u00e9p k\u00edn trong ph\u00f2ng. \u0110\u1ea7y \u0111\u1ee7 \u0111\u1ed3 d\u00f9ng c\u00e1 nh\u00e2n c\u0169ng nh\u01b0 n\u00f3ng l\u1ea1nh, tivi, internet mi\u1ec5n ph\u00ed.<br \/>\n5 ph\u00f2ng 1\u00a0gi\u01b0\u1eddng 2 ng\u01b0\u1eddi<br \/>\n1 ph\u00f2ng 2\u00a0gi\u01b0\u1eddng 4 ng\u01b0\u1eddi<\/p>\n<p>S\u1ee9c ch\u1ee9a 14-16 kh\u00e1ch<\/p>\n<p>&#8211; \u0110\u1ea7y \u0111\u1ee7 ti\u1ec7n nghi nh\u01b0 \u1edf nh\u00e0.<\/p>\n<p>&#8211; C\u00f3 di\u1ec7n t\u00edch \u0111\u1ec3 n\u01b0\u1edbng BBQ ngo\u00e0i tr\u1eddi c\u1ef1c chill.<\/p>\n<p>&#8211; C\u00f3 ch\u1ed7 \u0111\u1eadu xe m\u00e1y, xe h\u01a1i an to\u00e0n.<\/p>\n<p>&#8211; Y\u00ean t\u0129nh, an ninh 24\/24, s\u1ea1ch s\u1ebd, tho\u00e1ng m\u00e1t, view thi\u00ean nhi\u00ean si\u00eau \u0111\u1eb9p.<\/p>\n<p>&#8211; B\u1ebfp t\u1ef1 do n\u1ea5u n\u01b0\u1edbng \u0111\u1ee7 d\u1ee5ng c\u1ee5 v\u00e0 gia v\u1ecb.<\/p>\n<p>&#8211; Ch\u00eca kho\u00e1 trao tay tha h\u1ed3 ri\u00eang t\u01b0.<\/p>\n<p><img decoding=\"async\" class=\"aligncenter wp-image-15473 size-full\" src=\"https:\/\/dalatreview.vn\/wp-content\/uploads\/2022\/02\/villa-6-phong-dong-da-25.jpg\" alt=\"villa 6 phong dong da\" width=\"1200\" height=\"900\" \/><\/p>\n<h2 id=\"4-gia-phong\"><span style=\"color: #008000;\"><strong><span style=\"font-size: 24px;\"><span class=\"_4yxo\">4.<\/span>\u00a0Gi\u00e1 ph\u00f2ng<\/span><\/strong><\/span><\/h2>\n<p>Li\u00ean h\u1ec7 \u0111\u1ec3 \u0111\u01b0\u1ee3c \u0110\u00e0 L\u1ea1t Review t\u01b0 v\u1ea5n.<\/p>\n<h2 id=\"5-lien-he\"><span style=\"color: #008000;\">5. Li\u00ean h\u1ec7<\/span><\/h2>\n<p>Fanpage:\u00a0<a href=\"https:\/\/www.facebook.com\/booking.dalatreview.vn\/\">Booking \u0110\u00e0 L\u1ea1t \u2013 www.dalatreview.vn<\/a><\/p>\n<p>S\u0110T\/Zalo: 0988 249 297<\/p>","protected":false},"excerpt":{"rendered":"<p>Villa \u0110\u00e0 L\u1ea1t \u0110\u1ed1ng \u0110a 6 Ph\u00f2ng Danh m\u1ee5c ch\u00ednh 1. V\u1ecb tr\u00ed 2. Decor 3. D\u1ecbch v\u1ee5 &amp; Ti\u1ec7n nghi 4.\u00a0Gi\u00e1 ph\u00f2ng 5. Li\u00ean h\u1ec7 1. V\u1ecb tr\u00ed Villa t\u1ecda l\u1ea1c ngay v\u1ecb tr\u00ed trung t\u00e2m c\u1ee7a th\u00e0nh ph\u1ed1, n\u1eb1m \u1edf \u0111\u01b0\u1eddng \u0110\u1ed1ng \u0110a \u2013 ph\u01b0\u1eddng 3 \u2013 TP \u0110\u00e0 L\u1ea1t, g\u1ea7n b\u1ebfn xe. [&hellip;]<\/p>","protected":false},"featured_media":15452,"comment_status":"open","ping_status":"closed","template":"","meta":{"_acf_changed":false,"rank_math_lock_modified_date":false},"product_cat":[29,2262,45],"product_tag":[],"acf":[],"_links":{"self":[{"href":"https:\/\/dalatreview.vn\/en\/wp-json\/wp\/v2\/product\/15447"}],"collection":[{"href":"https:\/\/dalatreview.vn\/en\/wp-json\/wp\/v2\/product"}],"about":[{"href":"https:\/\/dalatreview.vn\/en\/wp-json\/wp\/v2\/types\/product"}],"replies":[{"embeddable":true,"href":"https:\/\/dalatreview.vn\/en\/wp-json\/wp\/v2\/comments?post=15447"}],"wp:featuredmedia":[{"embeddable":true,"href":"https:\/\/dalatreview.vn\/en\/wp-json\/wp\/v2\/media\/15452"}],"wp:attachment":[{"href":"https:\/\/dalatreview.vn\/en\/wp-json\/wp\/v2\/media?parent=15447"}],"wp:term":[{"taxonomy":"product_cat","embeddable":true,"href":"https:\/\/dalatreview.vn\/en\/wp-json\/wp\/v2\/product_cat?post=15447"},{"taxonomy":"product_tag","embeddable":true,"href":"https:\/\/dalatreview.vn\/en\/wp-json\/wp\/v2\/product_tag?post=15447"}],"curies":[{"name":"wp","href":"https:\/\/api.w.org\/{rel}","templated":true}]}}