
{"id":15344,"date":"2022-02-23T11:18:23","date_gmt":"2022-02-23T04:18:23","guid":{"rendered":"https:\/\/dalatreview.vn\/?p=15344"},"modified":"2024-07-11T11:00:14","modified_gmt":"2024-07-11T04:00:14","slug":"villa-da-lat-ngo-tat-to-6-phong","status":"publish","type":"product","link":"https:\/\/dalatreview.vn\/en\/villa-da-lat-ngo-tat-to-6-phong.html","title":{"rendered":"Villa \u0110\u00e0 L\u1ea1t Ng\u00f4 T\u1ea5t T\u1ed1 6 Ph\u00f2ng"},"content":{"rendered":"<p style=\"text-align: center;\"><span style=\"font-size: 24px; color: #008000;\"><strong>Villa \u0110\u00e0 L\u1ea1t Ng\u00f4 T\u1ea5t T\u1ed1 6 Ph\u00f2ng <\/strong><\/span><\/p>\n<nav class=\"vietrick-auto-toc\">\n<div class=\"box-title\">\n<h3 class=\"toc-title\" id=\"select-menu\">Danh m\u1ee5c ch\u00ednh<\/h3>\n<div><ion-icon name=\"chevron-up-outline\"><\/ion-icon><\/div>\n<\/div>\n<ul class=\"toc-list\">\n<li><a href='https:\/\/dalatreview.vn\/en#1-vi-tri' class='heading-h2 toc-link smooth-scroll'>1. V\u1ecb tr\u00ed<\/a>\n<li><a href='https:\/\/dalatreview.vn\/en#4-gia-phong' class='heading-h2 toc-link smooth-scroll'>4.\u00a0Gi\u00e1 ph\u00f2ng<\/a>\n<li><a href='https:\/\/dalatreview.vn\/en#5-lien-he' class='heading-h2 toc-link smooth-scroll'>5. Li\u00ean h\u1ec7<\/a><\/ul>\n<\/ul>\n<\/li>\n<\/ul>\n<\/nav>\n<h2 id=\"1-vi-tri\"><span style=\"font-size: 24px; color: #008000;\"><strong>1. V\u1ecb tr\u00ed<\/strong><\/span><\/h2>\n<p><span style=\"font-size: 16px;\">C\u0103n nh\u00e0 t\u1ecda l\u1ea1c g\u1ea7n v\u1ecb tr\u00ed trung t\u00e2m, n\u1eb1m \u1edf \u0111\u01b0\u1eddng Ng\u00f4 T\u1ea5t T\u1ed1, Ph\u01b0\u1eddng 8, TP \u0110\u00e0 L\u1ea1t. Ch\u1ec9 c\u00e1ch ch\u1ee3 6 ph\u00fat ch\u1ea1y xe, giao th\u1ed9ng thu\u1eadn ti\u1ec7n, c\u1ea3nh quan thi\u00ean nhi\u00ean th\u00ec y\u00ean b\u00ecnh tr\u00e0n \u0111\u1ea7y s\u1ee9c s\u1ed1ng. Con ng\u01b0\u1eddi l\u1ea1i v\u00f4 c\u00f9ng th\u00e2n thi\u1ec7n, d\u1ec5 g\u1ea7n, d\u1ec5 m\u1ebfn.<\/span><\/p>\n<p><span style=\"font-size: 16px;\">N\u01a1i n\u00e0y ch\u1eafc h\u1eb3n l\u00e0 l\u1ef1a ch\u1ecdn l\u00fd t\u01b0\u1edfng cho b\u1ea1n v\u00e0 gia \u0111\u00ecnh khi \u0111\u1ebfn \u0110\u00e0 L\u1ea1t du l\u1ecbch, b\u1edfi \u0111\u00e2y l\u00e0 1 trong nh\u1eefng \u0111\u1ecba ch\u1ec9 h\u1ed9i t\u1ee5 nhi\u1ec1u \u0111i\u1ec3m \u0111\u1ebfn h\u1ea5p d\u1eabn nh\u1ea5t c\u1ee7a x\u1ee9 s\u1edf s\u01b0\u01a1ng m\u00f9.<\/span><\/p>\n<p><img decoding=\"async\" class=\"aligncenter wp-image-15363 size-full\" src=\"https:\/\/dalatreview.vn\/wp-content\/uploads\/2022\/02\/villa-6-phong-ngo-tat-to-5.jpg\" alt=\"villa 6 phong ngo tat to\" width=\"1600\" height=\"1231\" \/><\/p>\n<div class=\"wpb_wrapper\"><span style=\"font-size: 24px; color: #008000;\"><strong>2.<span class=\"_4yxo _4yxp\">\u00a0Decor<\/span><\/strong><\/span><\/div>\n<div><\/div>\n<div><span style=\"font-size: 16px;\">Toner m\u00e0u ch\u1ee7 \u0111\u1ea1o c\u1ee7a c\u0103n nh\u00e0 l\u00e0 tr\u1eafng \u0111en v\u00f4 c\u00f9ng h\u00e0i h\u00f2a\u00a0t\u1ea1o n\u00ean s\u1ef1 sang tr\u1ecdng l\u1ecbch s\u1ef1, k\u1ebft h\u1ee3p\u00a0c\u00f9ng l\u00e0 m\u00e0u g\u1ed7 mang l\u1ea1i h\u01a1i \u1ea5m cho gia \u0111\u00ecnh t\u1ea1o c\u1ea3m gi\u00e1c g\u1ea7n\u00a0g\u0169i th\u00e2n quen v\u00e0 tho\u1ea3i m\u00e1i nh\u1ea5t cho b\u1ea1n c\u0169ng nh\u01b0 gia \u0111\u00ecnh khi \u0111\u1ebfn \u0111\u00e2y.<\/span><\/div>\n<div><\/div>\n<div><span style=\"font-size: 16px;\">Thi\u1ebft k\u1ebf theo kh\u00f4ng gian m\u1edf, c\u00f3 c\u00e2y xanh, hoa th\u01a1m. N\u1ed9i th\u1ea5t l\u1ea1i r\u1ea5t \u0111\u1ea7y \u0111\u1ee7 ti\u1ec7n nghi mang l\u1ea1i s\u1ef1 ti\u1ec7n \u00edch v\u00e0 h\u00e0i l\u00f2ng nh\u1ea5t cho qu\u00fd kh\u00e1ch !<\/span><\/div>\n<div><\/div>\n<div><img decoding=\"async\" class=\"aligncenter wp-image-15367 size-full\" src=\"https:\/\/dalatreview.vn\/wp-content\/uploads\/2022\/02\/villa-6-phong-ngo-tat-to.jpg\" alt=\"villa 6 phong ngo tat to\" width=\"1200\" height=\"900\" \/><\/div>\n<div><\/div>\n<div>\n<div class=\"wpb_wrapper\"><span style=\"font-size: 24px; color: #008000;\"><strong>3. D\u1ecbch v\u1ee5 &amp; Ti\u1ec7n nghi<\/strong><\/span><\/div>\n<div>\n<div class=\"pt-2\">\n<p><span style=\"font-size: 16px;\">G\u1ed3m 6 ph\u00f2ng ng\u1ee7 sang tr\u1ecdng, nh\u00e0 t\u1eafm wc kh\u00e9p k\u00edn t\u1eebng ph\u00f2ng. C\u00f3 n\u00f3ng l\u1ea1nh, \u0111\u1ed3 d\u00f9ng c\u00e1 nh\u00e2n mi\u1ec5n ph\u00ed.<\/span><br \/>\n<span style=\"font-size: 16px;\">4 ph\u00f2ng 1\u00a0gi\u01b0\u1eddng 2 ng\u01b0\u1eddi<\/span><br \/>\n<span style=\"font-size: 16px;\">2 ph\u00f2ng 2\u00a0gi\u01b0\u1eddng \u00a04 ng\u01b0\u1eddi<\/span><\/p>\n<p><span style=\"font-size: 16px;\">S\u1ee9c ch\u1ee9a 16-18 kh\u00e1ch<\/span><\/p>\n<p><span style=\"font-size: 16px;\">&#8212;&#8212;&#8212;&#8212;&#8212;&#8212;&#8212;&#8212;&#8212;&#8212;&#8212;&#8212;&#8212;&#8212;&#8212;&#8212;&#8212;&#8212;&#8211;<\/span><\/p>\n<p><span style=\"font-size: 16px;\">&#8211; \u0110\u1ea7y \u0111\u1ee7 ti\u1ec7n nghi nh\u01b0 \u1edf nh\u00e0. Ph\u00f2ng kh\u00e1ch sinh ho\u1ea1t chung c\u00f3 tivi, internet.<\/span><\/p>\n<p><span style=\"font-size: 16px;\">&#8211; C\u00f3 di\u1ec7n t\u00edch \u0111\u1ec3 n\u01b0\u1edbng BBQ ngo\u00e0i tr\u1eddi.<\/span><\/p>\n<p><span style=\"font-size: 16px;\">&#8211; C\u00f3 ch\u1ed7 \u0111\u1eadu xe m\u00e1y, xe h\u01a1i an to\u00e0n.<\/span><\/p>\n<p><span style=\"font-size: 16px;\">&#8211; Y\u00ean t\u0129nh, an ninh 24\/24, s\u1ea1ch s\u1ebd, tho\u00e1ng m\u00e1t, view thi\u00ean nhi\u00ean si\u00eau \u0111\u1eb9p.<\/span><\/p>\n<p><span style=\"font-size: 16px;\">&#8211; B\u1ebfp t\u1ef1 do n\u1ea5u n\u01b0\u1edbng<\/span><\/p>\n<p><span style=\"font-size: 16px;\">&#8211; Ch\u00eca kho\u00e1 trao tay tha h\u1ed3 ri\u00eang t\u01b0 .<\/span><\/p>\n<\/div>\n<\/div>\n<div><img decoding=\"async\" class=\"aligncenter wp-image-15368 size-full\" src=\"https:\/\/dalatreview.vn\/wp-content\/uploads\/2022\/02\/villa-6-phong-ngo-tat-to-24.jpg\" alt=\"villa 6 phong ngo tat to\" width=\"1200\" height=\"900\" \/><\/div>\n<div>\n<div class=\"pt-2\">\n<article class=\"post-content\">\n<div class=\"anh_wtm_m\">\n<div class=\"mws_content\">\n<div>\n<div>\n<div class=\"pt-2\">\n<article class=\"post-content\">\n<div class=\"anh_wtm_m\">\n<div class=\"mws_content\">\n<div>\n<div>\n<div class=\"pt-2\">\n<article class=\"post-content\">\n<div class=\"anh_wtm_m\">\n<div class=\"mws_content\">\n<div>\n<div class=\"pt-2\"><\/div>\n<\/div>\n<\/div>\n<\/div>\n<\/article>\n<\/div>\n<\/div>\n<\/div>\n<\/div>\n<\/div>\n<\/article>\n<div id=\"comments\" class=\"comments-area\">\n<h2 id=\"4-gia-phong\"><span style=\"color: #008000;\"><strong><span class=\"_4yxo\">4.<\/span><\/strong>\u00a0Gi\u00e1 ph\u00f2ng<\/span><\/h2>\n<p><span style=\"font-size: 16px;\">Li\u00ean h\u1ec7 \u0111\u1ec3 \u0111\u01b0\u1ee3c \u0110\u00e0 L\u1ea1t Review t\u01b0 v\u1ea5n<\/span>.<\/p>\n<h2 id=\"5-lien-he\"><span style=\"color: #008000;\">5. Li\u00ean h\u1ec7<\/span><\/h2>\n<p><span style=\"font-size: 16px;\">Fanpage:\u00a0<a href=\"https:\/\/www.facebook.com\/booking.dalatreview.vn\/\">Booking \u0110\u00e0 L\u1ea1t \u2013 www.dalatreview.vn<\/a><\/span><\/p>\n<p><span style=\"font-size: 16px;\">S\u0110T\/Zalo: 0988 249 297<\/span><\/p>\n<\/div>\n<\/div>\n<\/div>\n<\/div>\n<\/div>\n<\/div>\n<\/article>\n<article class=\"post-content xemthem\"><\/article>\n<div id=\"comments\" class=\"comments-area\"><\/div>\n<\/div>\n<\/div>\n<\/div>","protected":false},"excerpt":{"rendered":"<p>Villa \u0110\u00e0 L\u1ea1t Ng\u00f4 T\u1ea5t T\u1ed1 6 Ph\u00f2ng Danh m\u1ee5c ch\u00ednh 1. V\u1ecb tr\u00ed 4.\u00a0Gi\u00e1 ph\u00f2ng 5. Li\u00ean h\u1ec7 1. V\u1ecb tr\u00ed C\u0103n nh\u00e0 t\u1ecda l\u1ea1c g\u1ea7n v\u1ecb tr\u00ed trung t\u00e2m, n\u1eb1m \u1edf \u0111\u01b0\u1eddng Ng\u00f4 T\u1ea5t T\u1ed1, Ph\u01b0\u1eddng 8, TP \u0110\u00e0 L\u1ea1t. Ch\u1ec9 c\u00e1ch ch\u1ee3 6 ph\u00fat ch\u1ea1y xe, giao th\u1ed9ng thu\u1eadn ti\u1ec7n, c\u1ea3nh quan [&hellip;]<\/p>","protected":false},"featured_media":15345,"comment_status":"open","ping_status":"closed","template":"","meta":{"_acf_changed":false,"rank_math_lock_modified_date":false},"product_cat":[29,2262,45],"product_tag":[],"acf":[],"_links":{"self":[{"href":"https:\/\/dalatreview.vn\/en\/wp-json\/wp\/v2\/product\/15344"}],"collection":[{"href":"https:\/\/dalatreview.vn\/en\/wp-json\/wp\/v2\/product"}],"about":[{"href":"https:\/\/dalatreview.vn\/en\/wp-json\/wp\/v2\/types\/product"}],"replies":[{"embeddable":true,"href":"https:\/\/dalatreview.vn\/en\/wp-json\/wp\/v2\/comments?post=15344"}],"wp:featuredmedia":[{"embeddable":true,"href":"https:\/\/dalatreview.vn\/en\/wp-json\/wp\/v2\/media\/15345"}],"wp:attachment":[{"href":"https:\/\/dalatreview.vn\/en\/wp-json\/wp\/v2\/media?parent=15344"}],"wp:term":[{"taxonomy":"product_cat","embeddable":true,"href":"https:\/\/dalatreview.vn\/en\/wp-json\/wp\/v2\/product_cat?post=15344"},{"taxonomy":"product_tag","embeddable":true,"href":"https:\/\/dalatreview.vn\/en\/wp-json\/wp\/v2\/product_tag?post=15344"}],"curies":[{"name":"wp","href":"https:\/\/api.w.org\/{rel}","templated":true}]}}