
{"id":15323,"date":"2022-02-23T10:49:43","date_gmt":"2022-02-23T03:49:43","guid":{"rendered":"https:\/\/dalatreview.vn\/?p=15323"},"modified":"2024-07-11T11:00:17","modified_gmt":"2024-07-11T04:00:17","slug":"villa-da-lat-ngo-thi-sy-6-phong","status":"publish","type":"product","link":"https:\/\/dalatreview.vn\/en\/villa-da-lat-ngo-thi-sy-6-phong.html","title":{"rendered":"Villa \u0110\u00e0 L\u1ea1t Ng\u00f4 Thi S\u1ef9 6 Ph\u00f2ng"},"content":{"rendered":"<p style=\"text-align: center;\"><span style=\"color: #008000;\"><strong><span style=\"font-size: 24px;\">Villa \u0110\u00e0 L\u1ea1t Ng\u00f4 Thi S\u1ef9 6 Ph\u00f2ng<\/span><\/strong><\/span><\/p>\n<nav class=\"vietrick-auto-toc\">\n<div class=\"box-title\">\n<h3 class=\"toc-title\" id=\"select-menu\">Danh m\u1ee5c ch\u00ednh<\/h3>\n<div><ion-icon name=\"chevron-up-outline\"><\/ion-icon><\/div>\n<\/div>\n<ul class=\"toc-list\">\n<li><a href='https:\/\/dalatreview.vn\/en#1-vi-tri' class='heading-h2 toc-link smooth-scroll'>1. V\u1ecb tr\u00ed<\/a>\n<li><a href='https:\/\/dalatreview.vn\/en#4-gia-phong' class='heading-h2 toc-link smooth-scroll'>4.\u00a0Gi\u00e1 ph\u00f2ng<\/a>\n<li><a href='https:\/\/dalatreview.vn\/en#5-lien-he' class='heading-h2 toc-link smooth-scroll'>5. Li\u00ean h\u1ec7<\/a><\/ul>\n<\/ul>\n<\/li>\n<\/ul>\n<\/nav>\n<h2 id=\"1-vi-tri\"><span style=\"color: #008000;\"><strong><span style=\"font-size: 24px;\">1. V\u1ecb tr\u00ed<\/span><\/strong><\/span><\/h2>\n<p><span style=\"font-size: 16px;\">N\u1eb1m \u1edf v\u1ecb tr\u00ed trung t\u00e2m \u0111\u01b0\u1eddng Ng\u00f4 Thi S\u1ef9, Ph\u01b0\u1eddng 4, TP \u0110\u00e0 L\u1ea1t. V\u1ecb tr\u00ed g\u1ea7n trung t\u00e2m, m\u00f4i tr\u01b0\u1eddng s\u1ed1ng trong l\u00e0nh, y\u00ean t\u0129nh v\u00e0 th\u00f4ng tho\u00e1ng.<\/span><\/p>\n<p><img decoding=\"async\" class=\"aligncenter wp-image-15339 size-full\" src=\"https:\/\/dalatreview.vn\/wp-content\/uploads\/2022\/02\/villa-6-phong-ngo-thi-sy-16-1.jpg\" alt=\"villa 6 phong ngo thi sy\" width=\"1280\" height=\"960\" \/><\/p>\n<div class=\"wpb_wrapper\"><span style=\"color: #008000;\"><strong><span style=\"font-size: 24px;\">2.<span class=\"_4yxo _4yxp\">\u00a0Decor<\/span><\/span><\/strong><\/span><\/div>\n<div>\n<p><span style=\"font-size: 16px;\">C\u00f3 th\u1ec3 n\u00f3i m\u00f4i tr\u01b0\u1eddng s\u1ed1ng t\u1ea1i villa n\u00e0y l\u00e0 v\u00f4 c\u00f9ng l\u00fd t\u01b0\u1edfng \u0111\u1ec3 ngh\u1ec9 d\u01b0\u1ee1ng. B\u1edfi n\u01a1i \u0111\u00e2y \u0111\u01b0\u1ee3c bao b\u1ecdc b\u1edfi nh\u1eefng c\u00e1nh r\u1eebng th\u00f4ng n\u00ean lu\u00f4n lu\u00f4n m\u00e1t m\u1ebb. V\u1ecb tr\u00ed thu\u1eadn l\u1ee3i, kh\u00f4ng kh\u00ed trong l\u00e0nh, m\u00f4i tr\u01b0\u1eddng an ninh, y\u00ean t\u0129nh v\u00e0 g\u00f3c view \u0111\u1eb9p \u0111\u00f3 l\u00e0 nh\u1eefng \u01b0u \u0111i\u1ec3m c\u1ee7a villa ng\u00f4 thi s\u1ef9.<\/span><\/p>\n<p><span style=\"font-size: 16px;\">C\u0103n nh\u00e0 nh\u01b0 1 t\u00f2a l\u00e2u \u0111\u00e0i nh\u1ecf gi\u1eefa 1 khu r\u1eebng xanh. B\u00ean ngo\u00e0i t\u01b0\u01a1i m\u00e1t b\u00ean trong \u1ea5m c\u00fang. N\u1ed9i th\u1ea5t \u0111\u1ea7y \u0111\u1ee7 ti\u1ec7n nghi, kh\u00f4ng gian m\u1edf tho\u00e1ng \u0111\u00e3ng ,mang l\u1ea1i c\u1ea3m gi\u00e1c t\u1ef1 do y\u00ean b\u00ecnh.<\/span><\/p>\n<p><span style=\"font-size: 16px;\">\u0110\u1ebfn \u0111\u00e2y m\u1ecdi \u01b0u t\u01b0 mu\u1ed9n phi\u1ec1n s\u1ebd \u0111\u01b0\u1ee3c xua tan \u0111i h\u1ebft v\u00e0 mang l\u1ea1i c\u1ea3m gi\u00e1c tho\u1ea3i m\u00e1i nh\u1ea5t cho b\u1ea1n v\u00e0 m\u1ecdi ng\u01b0\u1eddi. V\u1ec1 \u0111\u00eam ta s\u1ebd \u0111\u01b0\u1ee3c ng\u1eafm nh\u00ecn 1 th\u00e0nh ph\u1ed1 l\u1ea5p l\u00e1nh nh\u1edd n\u1eb1m \u1edf v\u1ecb tr\u00ed cao n\u1eefa \u0111\u1ea5y !<\/span><\/p>\n<p><img decoding=\"async\" class=\"aligncenter wp-image-15341 size-full\" src=\"https:\/\/dalatreview.vn\/wp-content\/uploads\/2022\/02\/villa-6-phong-ngo-thi-sy.jpg\" alt=\"villa 6 phong ngo thi sy\" width=\"1200\" height=\"900\" \/><\/p>\n<\/div>\n<div><\/div>\n<div>\n<div class=\"wpb_wrapper\"><span style=\"color: #008000;\"><strong><span style=\"font-size: 24px;\">3. D\u1ecbch v\u1ee5 &amp; Ti\u1ec7n nghi<\/span><\/strong><\/span><\/div>\n<div><\/div>\n<div>\n<div class=\"pt-2\">\n<nav><span style=\"font-size: 16px;\">G\u1ed3m 6 ph\u00f2ng ng\u1ee7 sang tr\u1ecdng, kh\u00e9p k\u00edn ri\u00eang t\u01b0 v\u00e0 \u0111\u1ea7y \u0111\u1ee7:<\/span><br \/>\n<span style=\"font-size: 16px;\">5 ph\u00f2ng 1 gi\u01b0\u1eddng 2 ng\u01b0\u1eddi<\/span><br \/>\n<span style=\"font-size: 16px;\">1 ph\u00f2ng gia \u0111\u00ecnh 4\u00a0ng\u01b0\u1eddi<\/span><\/nav>\n<nav><span style=\"font-size: 16px;\">S\u1ee9c ch\u1ee9a 14-16 kh\u00e1ch.<\/span><\/nav>\n<nav><\/nav>\n<nav><\/nav>\n<nav><\/nav>\n<nav><\/nav>\n<nav><\/nav>\n<nav><\/nav>\n<nav><span style=\"font-size: 16px;\">&#8211; \u0110\u1ea7y \u0111\u1ee7 ti\u1ec7n nghi nh\u01b0 \u1edf nh\u00e0. C\u00f3 ph\u00f2ng kh\u00e1ch v\u00e0 s\u00e2n v\u01b0\u1eddn r\u1ed9ng r\u00e3i \u0111\u1ec3 sinh ho\u1ea1t chung. Nhi\u1ec1u g\u00f3c chill chill cho b\u1ea1n s\u1ed1ng \u1ea3o.<\/span><\/nav>\n<nav><\/nav>\n<nav><\/nav>\n<nav><\/nav>\n<nav><span style=\"font-size: 16px;\">&#8211; C\u00f3 di\u1ec7n t\u00edch \u0111\u1ec3 n\u01b0\u1edbng BBQ ngo\u00e0i tr\u1eddi.<\/span><\/nav>\n<nav><\/nav>\n<nav><\/nav>\n<nav><span style=\"font-size: 16px;\">&#8211; C\u00f3 ch\u1ed7 \u0111\u1eadu xe m\u00e1y, xe h\u01a1i an to\u00e0n free.<\/span><\/nav>\n<nav><\/nav>\n<nav><span style=\"font-size: 16px;\">&#8211; Y\u00ean t\u0129nh, an ninh 24\/24, s\u1ea1ch s\u1ebd, tho\u00e1ng m\u00e1t, view thi\u00ean nhi\u00ean si\u00eau \u0111\u1eb9p.<\/span><\/nav>\n<nav><span style=\"font-size: 16px;\">&#8211; B\u1ebfp t\u1ef1 do n\u1ea5u n\u01b0\u1edbng \u0111\u1ea7y \u0111\u1ee7 d\u1ee5ng c\u1ee5 v\u00e0 gia v\u1ecb.<\/span><\/nav>\n<nav>&#8211; Ch\u00eca kho\u00e1 trao tay tha h\u1ed3 ri\u00eang t\u01b0.\u00a0<\/nav>\n<\/div>\n<div class=\"clear\"><img decoding=\"async\" class=\"aligncenter wp-image-15342 size-full\" src=\"https:\/\/dalatreview.vn\/wp-content\/uploads\/2022\/02\/villa-6-phong-ngo-thi-sy-18.jpg\" alt=\"villa 6 phong ngo thi sy\" width=\"1200\" height=\"900\" \/><\/div>\n<div class=\"row\">\n<div class=\"tuongtu-title pt-3 m-3\"><\/div>\n<\/div>\n<\/div>\n<div>\n<div class=\"pt-2\">\n<article class=\"post-content\">\n<div class=\"anh_wtm_m\">\n<div class=\"mws_content\">\n<div>\n<div>\n<div class=\"pt-2\">\n<article class=\"post-content\">\n<div class=\"anh_wtm_m\">\n<div class=\"mws_content\">\n<div>\n<div class=\"pt-2\"><\/div>\n<\/div>\n<\/div>\n<\/div>\n<\/article>\n<\/div>\n<\/div>\n<\/div>\n<\/div>\n<\/div>\n<\/article>\n<div id=\"comments\" class=\"comments-area\">\n<h2 id=\"4-gia-phong\"><span style=\"color: #008000;\"><strong><span class=\"_4yxo\">4.<\/span>\u00a0Gi\u00e1 ph\u00f2ng<\/strong><\/span><\/h2>\n<p><span style=\"font-size: 16px;\">Li\u00ean h\u1ec7 \u0111\u1ec3 \u0111\u01b0\u1ee3c \u0110\u00e0 L\u1ea1t Review t\u01b0 v\u1ea5n<\/span>.<\/p>\n<h2 id=\"5-lien-he\"><span style=\"color: #008000;\">5. Li\u00ean h\u1ec7<\/span><\/h2>\n<p><span style=\"font-size: 16px;\">Fanpage:\u00a0<a href=\"https:\/\/www.facebook.com\/booking.dalatreview.vn\/\">Booking \u0110\u00e0 L\u1ea1t \u2013 www.dalatreview.vn<\/a><\/span><\/p>\n<p><span style=\"font-size: 16px;\">S\u0110T\/Zalo: 0988 249 297<\/span><\/p>\n<\/div>\n<\/div>\n<\/div>\n<\/div>","protected":false},"excerpt":{"rendered":"<p>Villa \u0110\u00e0 L\u1ea1t Ng\u00f4 Thi S\u1ef9 6 Ph\u00f2ng Danh m\u1ee5c ch\u00ednh 1. V\u1ecb tr\u00ed 4.\u00a0Gi\u00e1 ph\u00f2ng 5. Li\u00ean h\u1ec7 1. V\u1ecb tr\u00ed N\u1eb1m \u1edf v\u1ecb tr\u00ed trung t\u00e2m \u0111\u01b0\u1eddng Ng\u00f4 Thi S\u1ef9, Ph\u01b0\u1eddng 4, TP \u0110\u00e0 L\u1ea1t. V\u1ecb tr\u00ed g\u1ea7n trung t\u00e2m, m\u00f4i tr\u01b0\u1eddng s\u1ed1ng trong l\u00e0nh, y\u00ean t\u0129nh v\u00e0 th\u00f4ng tho\u00e1ng. 2.\u00a0Decor C\u00f3 th\u1ec3 [&hellip;]<\/p>","protected":false},"featured_media":15324,"comment_status":"open","ping_status":"closed","template":"","meta":{"_acf_changed":false,"rank_math_lock_modified_date":false},"product_cat":[29,2262,45],"product_tag":[],"acf":[],"_links":{"self":[{"href":"https:\/\/dalatreview.vn\/en\/wp-json\/wp\/v2\/product\/15323"}],"collection":[{"href":"https:\/\/dalatreview.vn\/en\/wp-json\/wp\/v2\/product"}],"about":[{"href":"https:\/\/dalatreview.vn\/en\/wp-json\/wp\/v2\/types\/product"}],"replies":[{"embeddable":true,"href":"https:\/\/dalatreview.vn\/en\/wp-json\/wp\/v2\/comments?post=15323"}],"wp:featuredmedia":[{"embeddable":true,"href":"https:\/\/dalatreview.vn\/en\/wp-json\/wp\/v2\/media\/15324"}],"wp:attachment":[{"href":"https:\/\/dalatreview.vn\/en\/wp-json\/wp\/v2\/media?parent=15323"}],"wp:term":[{"taxonomy":"product_cat","embeddable":true,"href":"https:\/\/dalatreview.vn\/en\/wp-json\/wp\/v2\/product_cat?post=15323"},{"taxonomy":"product_tag","embeddable":true,"href":"https:\/\/dalatreview.vn\/en\/wp-json\/wp\/v2\/product_tag?post=15323"}],"curies":[{"name":"wp","href":"https:\/\/api.w.org\/{rel}","templated":true}]}}